{"id":9916,"date":"2026-02-04T10:12:24","date_gmt":"2026-02-04T09:12:24","guid":{"rendered":"https:\/\/www.futbalovedresysk.com\/?post_type=product&#038;p=9916"},"modified":"2026-02-04T10:12:25","modified_gmt":"2026-02-04T09:12:25","slug":"futbalove-dresy-newcastle-united-harvey-barnes-11-2025-26-tretina","status":"publish","type":"product","link":"https:\/\/www.drespredeti.com\/nl\/futbalove-dresy-newcastle-united-harvey-barnes-11-2025-26-tretina\/","title":{"rendered":"Voetbalshirts Newcastle United Harvey Barnes #11 2025-26 Derde"},"content":{"rendered":"<h2>Voetbalshirts Newcastle United Derde 2025-26 Harvey Barnes #11 Heren Korte Mouw<\/h2>\n<p>Futbalov\u00e9 Dresy Newcastle United Tretina 2025-26 v mu\u017eskom preveden\u00ed je ur\u010den\u00fd pre fan\u00fa\u0161ikov a hr\u00e1\u010dov, ktor\u00ed chc\u00fa nosi\u0165 tret\u00ed dizajn klubu a obdivuj\u00fa \u00fato\u010dn\u00edka . Modern\u00fd strih a dynamick\u00e9 farby tretieho dresu s\u00fa ide\u00e1lne na z\u00e1pasy, tr\u00e9ningy alebo ka\u017edodenn\u00e9 \u0161portov\u00e9 aktivity.<\/p>\n<h3>Functioneel materiaal en comfort<\/h3>\n<p>De heren voetbalshirt is gemaakt van ademende en lichte stof die zweet effectief afvoert, comfort bij beweging behoudt en maximale bewegingsvrijheid tijdens sport biedt.<\/p>\n<ul>\n<li>licht materiaal geschikt voor wedstrijd en training<\/li>\n<li>ademende stof voor actieve spelers<\/li>\n<li>comfort bij hoge tempo van het spel<\/li>\n<\/ul>\n<p>Het shirt geeft ook bij intensieve beweging en langdurig dragen op het veld of trainingsvlak een aangenaam gevoel.<\/p>\n<h3>Pasvorm en ontwerp<\/h3>\n<p>Het heren derde shirt van Newcastle United heeft een ergonomische pasvorm die natuurlijke bewegingen van armen en lichaam ondersteunt en is aangepast aan korte mouw voor grotere wendbaarheid tijdens het spel.<\/p>\n<h3>Spelerdetail<\/h3>\n<p>Het shirt bevat de naam en het nummer van aanvaller Harvey Barnes #11, wat een authentieke uitstraling en het gevoel geeft van het dragen van een professioneel voetbalshirt.<\/p>\n<h3>Praktische eigenschappen<\/h3>\n<ul>\n<li>sneldrogende en ademende stof<\/li>\n<li>ergonomische pasvorm voor maximale bewegingsvrijheid<\/li>\n<li>geschikt voor wedstrijden, trainingen en vrije tijd<\/li>\n<\/ul>\n<h3>Waarom dit shirt kiezen<\/h3>\n<p>Futbalov\u00e9 Dresy Newcastle United Tretina 2025-26 P\u00e1nsky Kr\u00e1tky Ruk\u00e1v s\u00fa ide\u00e1lnou vo\u013ebou pre mu\u017eov, ktor\u00ed chc\u00fa \u0161t\u00fdlov\u00fd, pohodln\u00fd a funk\u010dn\u00fd tret\u00ed dres s menom a pocitom autentickej futbalovej v\u00fdbavy.<\/p>","protected":false},"excerpt":{"rendered":"<p>Futbalov\u00e9 Dresy Newcastle United Tretina 2025-26 Harvey Barnes #11 P\u00e1nsky Kr\u00e1tky Ruk\u00e1v Futbalov\u00e9 Dresy Newcastle United Tretina 2025-26 v mu\u017eskom preveden\u00ed je ur\u010den\u00fd pre fan\u00fa\u0161ikov a hr\u00e1\u010dov, ktor\u00ed chc\u00fa nosi\u0165 tret\u00ed dizajn klubu a obdivuj\u00fa \u00fato\u010dn\u00edka Harvey Barnes #11. Modern\u00fd strih a dynamick\u00e9 farby tretieho dresu s\u00fa ide\u00e1lne na z\u00e1pasy, tr\u00e9ningy alebo ka\u017edodenn\u00e9 \u0161portov\u00e9 aktivity. [&hellip;]<\/p>","protected":false},"featured_media":9918,"comment_status":"open","ping_status":"closed","template":"","meta":{"site-sidebar-layout":"default","site-content-layout":"","ast-site-content-layout":"default","site-content-style":"default","site-sidebar-style":"default","ast-global-header-display":"","ast-banner-title-visibility":"","ast-main-header-display":"","ast-hfb-above-header-display":"","ast-hfb-below-header-display":"","ast-hfb-mobile-header-display":"","site-post-title":"","ast-breadcrumbs-content":"","ast-featured-img":"","footer-sml-layout":"","theme-transparent-header-meta":"default","adv-header-id-meta":"","stick-header-meta":"","header-above-stick-meta":"","header-main-stick-meta":"","header-below-stick-meta":"","astra-migrate-meta-layouts":"set","ast-page-background-enabled":"default","ast-page-background-meta":{"desktop":{"background-color":"var(--ast-global-color-4)","background-image":"","background-repeat":"repeat","background-position":"center center","background-size":"auto","background-attachment":"scroll","background-type":"","background-media":"","overlay-type":"","overlay-color":"","overlay-opacity":"","overlay-gradient":""},"tablet":{"background-color":"","background-image":"","background-repeat":"repeat","background-position":"center center","background-size":"auto","background-attachment":"scroll","background-type":"","background-media":"","overlay-type":"","overlay-color":"","overlay-opacity":"","overlay-gradient":""},"mobile":{"background-color":"","background-image":"","background-repeat":"repeat","background-position":"center center","background-size":"auto","background-attachment":"scroll","background-type":"","background-media":"","overlay-type":"","overlay-color":"","overlay-opacity":"","overlay-gradient":""}},"ast-content-background-meta":{"desktop":{"background-color":"var(--ast-global-color-5)","background-image":"","background-repeat":"repeat","background-position":"center center","background-size":"auto","background-attachment":"scroll","background-type":"","background-media":"","overlay-type":"","overlay-color":"","overlay-opacity":"","overlay-gradient":""},"tablet":{"background-color":"var(--ast-global-color-5)","background-image":"","background-repeat":"repeat","background-position":"center center","background-size":"auto","background-attachment":"scroll","background-type":"","background-media":"","overlay-type":"","overlay-color":"","overlay-opacity":"","overlay-gradient":""},"mobile":{"background-color":"var(--ast-global-color-5)","background-image":"","background-repeat":"repeat","background-position":"center center","background-size":"auto","background-attachment":"scroll","background-type":"","background-media":"","overlay-type":"","overlay-color":"","overlay-opacity":"","overlay-gradient":""}}},"product_brand":[],"product_cat":[484],"product_tag":[486,490,488,485,487],"class_list":{"0":"post-9916","1":"product","2":"type-product","3":"status-publish","4":"has-post-thumbnail","6":"product_cat-futbalove-dresy-newcastle-united","7":"product_tag-futbalovy-dres-s-menom","8":"product_tag-harvey-barnes-dres","9":"product_tag-pansky-futbalovy-dres-newcastle-united","10":"product_tag-pansky-futbalovy-dres-newcastle-united-2025-26","11":"product_tag-pansky-sportovy-dres-newcastle-united-na-zapas","12":"desktop-align-left","13":"tablet-align-left","14":"mobile-align-left","16":"first","17":"instock","18":"shipping-taxable","19":"purchasable","20":"product-type-variable"},"_links":{"self":[{"href":"https:\/\/www.drespredeti.com\/nl\/wp-json\/wp\/v2\/product\/9916","targetHints":{"allow":["GET"]}}],"collection":[{"href":"https:\/\/www.drespredeti.com\/nl\/wp-json\/wp\/v2\/product"}],"about":[{"href":"https:\/\/www.drespredeti.com\/nl\/wp-json\/wp\/v2\/types\/product"}],"replies":[{"embeddable":true,"href":"https:\/\/www.drespredeti.com\/nl\/wp-json\/wp\/v2\/comments?post=9916"}],"wp:featuredmedia":[{"embeddable":true,"href":"https:\/\/www.drespredeti.com\/nl\/wp-json\/wp\/v2\/media\/9918"}],"wp:attachment":[{"href":"https:\/\/www.drespredeti.com\/nl\/wp-json\/wp\/v2\/media?parent=9916"}],"wp:term":[{"taxonomy":"product_brand","embeddable":true,"href":"https:\/\/www.drespredeti.com\/nl\/wp-json\/wp\/v2\/product_brand?post=9916"},{"taxonomy":"product_cat","embeddable":true,"href":"https:\/\/www.drespredeti.com\/nl\/wp-json\/wp\/v2\/product_cat?post=9916"},{"taxonomy":"product_tag","embeddable":true,"href":"https:\/\/www.drespredeti.com\/nl\/wp-json\/wp\/v2\/product_tag?post=9916"}],"curies":[{"name":"wp","href":"https:\/\/api.w.org\/{rel}","templated":true}]}}