{"id":9563,"date":"2026-02-06T11:27:10","date_gmt":"2026-02-06T10:27:10","guid":{"rendered":"https:\/\/www.futbalovedresysk.com\/?post_type=product&#038;p=9563"},"modified":"2026-02-06T11:27:11","modified_gmt":"2026-02-06T10:27:11","slug":"pansky-futbalovy-dres-real-betis-2025-26-tretina","status":"publish","type":"product","link":"https:\/\/www.drespredeti.com\/nl\/pansky-futbalovy-dres-real-betis-2025-26-tretina\/","title":{"rendered":"Heren voetbalshirt Real Betis 2025-26 Third"},"content":{"rendered":"<h2>Real Betis heren voetbalshirt 2025\u201326 Treinta<\/h2>\n<section>\n<h2>Derde shirt voor fans van modern voetbal<\/h2>\n<p><strong>Real Betis heren voetbalshirt 2025\u201326 Treinta<\/strong> biedt een opvallend derde ontwerp voor mannen die een dynamische stijl waarderen en zich willen onderscheiden op het veld en daarbuiten. De kleuroplossing oogt modern en benadrukt het individuele karakter van het shirt.<\/p>\n<\/section>\n<section>\n<h2>Licht materiaal en sportief comfort<\/h2>\n<p>Dit heren voetbalshirt is gemaakt van ademende en lichte stof die vocht afvoert en comfort tijdens training, recreatieve spellen of dagelijks dragen bij warme dagen ondersteunt.<\/p>\n<\/section>\n<section>\n<h2>Snit aangepast aan een mannelijke lichaamsbouw<\/h2>\n<ul>\n<li>Heren derde shirt Real Betis 2025\u201326 met korte mouwen<\/li>\n<li>Sportieve pasvorm geschikt voor actieve beweging<\/li>\n<\/ul>\n<p><strong>Heren voetbalshirt Real Betis Treinta<\/strong> geschikt voor voetbaltrainingen, amateurwedstrijden en alledaags draagcomfort.<\/p>\n<\/section>\n<section>\n<h2>Mogelijkheid tot personalisatie<\/h2>\n<p>Dit shirt maakt aanpassing met eigen naam en nummer mogelijk, zodat je een uniek voetbalstuk kunt cre\u00ebren naar jouw stijl en je band met Real Betis.<\/p>\n<\/section>\n<section>\n<h2>Kwaliteitsafwerking en duurzaamheid<\/h2>\n<p>Nauwkeurig naaien, stevige print en kwaliteitsmateriaal zorgen ervoor dat het heren shirt<strong>\u00a0Real Betis 2025\u201326<\/strong> si zachovaj\u00fa farby aj tvar po opakovanom pran\u00ed a pravidelnom pou\u017e\u00edvan\u00ed.<\/p>\n<\/section>\n<section>\n<h2>Ideale keuze voor Real Betis-fans<\/h2>\n<p><strong>Real Betis heren voetbalshirt 2025\u201326 Treinta<\/strong> is een geweldige keuze voor fans die de club stijlvol willen ondersteunen, of het nu in het stadion, bij het kijken van wedstrijden of tijdens sportactiviteiten is.<\/p>\n<\/section>","protected":false},"excerpt":{"rendered":"<p>Heren voetbalshirt Real Betis Antony #7 2025\u201326 Tredina Derde shirt voor fans van modern voetbal Heren voetbalshirt Real Betis Antony #7 2025\u201326 Tredina biedt een opvallend derde ontwerp voor mannen die een dynamische stijl waarderen en zich willen onderscheiden op het veld en daarbuiten. De kleurstelling oogt modern en benadrukt het individuele karakter van het shirt. Licht materiaal [\u2026]<\/p>","protected":false},"featured_media":9567,"comment_status":"open","ping_status":"closed","template":"","meta":{"site-sidebar-layout":"default","site-content-layout":"","ast-site-content-layout":"default","site-content-style":"default","site-sidebar-style":"default","ast-global-header-display":"","ast-banner-title-visibility":"","ast-main-header-display":"","ast-hfb-above-header-display":"","ast-hfb-below-header-display":"","ast-hfb-mobile-header-display":"","site-post-title":"","ast-breadcrumbs-content":"","ast-featured-img":"","footer-sml-layout":"","theme-transparent-header-meta":"default","adv-header-id-meta":"","stick-header-meta":"","header-above-stick-meta":"","header-main-stick-meta":"","header-below-stick-meta":"","astra-migrate-meta-layouts":"set","ast-page-background-enabled":"default","ast-page-background-meta":{"desktop":{"background-color":"var(--ast-global-color-4)","background-image":"","background-repeat":"repeat","background-position":"center center","background-size":"auto","background-attachment":"scroll","background-type":"","background-media":"","overlay-type":"","overlay-color":"","overlay-opacity":"","overlay-gradient":""},"tablet":{"background-color":"","background-image":"","background-repeat":"repeat","background-position":"center center","background-size":"auto","background-attachment":"scroll","background-type":"","background-media":"","overlay-type":"","overlay-color":"","overlay-opacity":"","overlay-gradient":""},"mobile":{"background-color":"","background-image":"","background-repeat":"repeat","background-position":"center center","background-size":"auto","background-attachment":"scroll","background-type":"","background-media":"","overlay-type":"","overlay-color":"","overlay-opacity":"","overlay-gradient":""}},"ast-content-background-meta":{"desktop":{"background-color":"var(--ast-global-color-5)","background-image":"","background-repeat":"repeat","background-position":"center center","background-size":"auto","background-attachment":"scroll","background-type":"","background-media":"","overlay-type":"","overlay-color":"","overlay-opacity":"","overlay-gradient":""},"tablet":{"background-color":"var(--ast-global-color-5)","background-image":"","background-repeat":"repeat","background-position":"center center","background-size":"auto","background-attachment":"scroll","background-type":"","background-media":"","overlay-type":"","overlay-color":"","overlay-opacity":"","overlay-gradient":""},"mobile":{"background-color":"var(--ast-global-color-5)","background-image":"","background-repeat":"repeat","background-position":"center center","background-size":"auto","background-attachment":"scroll","background-type":"","background-media":"","overlay-type":"","overlay-color":"","overlay-opacity":"","overlay-gradient":""}}},"product_brand":[],"product_cat":[513],"product_tag":[516,519,515,517,518],"class_list":{"0":"post-9563","1":"product","2":"type-product","3":"status-publish","4":"has-post-thumbnail","6":"product_cat-futbalove-dresy-real-betis","7":"product_tag-futbalovy-dres-pre-muzov-real-betis","8":"product_tag-futbalovy-fanusikovsky-dres-real-betis","9":"product_tag-pansky-dres-real-betis","10":"product_tag-pansky-futbalovy-komplet-real-betis","11":"product_tag-real-betis-dres-pansky","12":"desktop-align-left","13":"tablet-align-left","14":"mobile-align-left","16":"first","17":"instock","18":"shipping-taxable","19":"purchasable","20":"product-type-variable"},"_links":{"self":[{"href":"https:\/\/www.drespredeti.com\/nl\/wp-json\/wp\/v2\/product\/9563","targetHints":{"allow":["GET"]}}],"collection":[{"href":"https:\/\/www.drespredeti.com\/nl\/wp-json\/wp\/v2\/product"}],"about":[{"href":"https:\/\/www.drespredeti.com\/nl\/wp-json\/wp\/v2\/types\/product"}],"replies":[{"embeddable":true,"href":"https:\/\/www.drespredeti.com\/nl\/wp-json\/wp\/v2\/comments?post=9563"}],"wp:featuredmedia":[{"embeddable":true,"href":"https:\/\/www.drespredeti.com\/nl\/wp-json\/wp\/v2\/media\/9567"}],"wp:attachment":[{"href":"https:\/\/www.drespredeti.com\/nl\/wp-json\/wp\/v2\/media?parent=9563"}],"wp:term":[{"taxonomy":"product_brand","embeddable":true,"href":"https:\/\/www.drespredeti.com\/nl\/wp-json\/wp\/v2\/product_brand?post=9563"},{"taxonomy":"product_cat","embeddable":true,"href":"https:\/\/www.drespredeti.com\/nl\/wp-json\/wp\/v2\/product_cat?post=9563"},{"taxonomy":"product_tag","embeddable":true,"href":"https:\/\/www.drespredeti.com\/nl\/wp-json\/wp\/v2\/product_tag?post=9563"}],"curies":[{"name":"wp","href":"https:\/\/api.w.org\/{rel}","templated":true}]}}