{"id":8969,"date":"2026-02-02T10:38:11","date_gmt":"2026-02-02T09:38:11","guid":{"rendered":"https:\/\/www.futbalovedresysk.com\/?post_type=product&#038;p=8969"},"modified":"2026-02-02T10:38:12","modified_gmt":"2026-02-02T09:38:12","slug":"futbalove-dresy-panske-athletic-bilbao-oihan-sancet-8-2025-26-prec","status":"publish","type":"product","link":"https:\/\/www.drespredeti.com\/nl\/futbalove-dresy-panske-athletic-bilbao-oihan-sancet-8-2025-26-prec\/","title":{"rendered":"Voetbalshirts heren Athletic Bilbao Oihan Sancet #8 2025-26 Uit"},"content":{"rendered":"<h3>Voetbalshirts heren Athletic Bilbao 2025-26 Oihan Sancet #8 Derde<\/h3>\n<p>Deze voetballshirts heren Athletic Bilbao 2025-26 in de derde variant zijn ideaal voor fans die iets ongebruikelijks willen. Derde draagt een verschillende look die bij het eerste oogopslag aanspreekt, terwijl het de voetbalachtige karakter behoudt.<\/p>\n<p>-Shirt met de naam Oihan Sancet #8 is both on the field and off the field geschikt en geeft de outfit een opvallender sportieve toon.<\/p>\n<p><strong>Comfort de hele dag<\/strong><\/p>\n<p>Het materiaal is zacht, licht en aangenaam aanvoelend. Heren voetbalshirt Athletic Bilbao 2025-26 in deze uitvoering is geschikt voor langdurig dragen zonder ongemak.<\/p>\n<p><strong>Eigen naam en nummer<\/strong><\/p>\n<p>Ook bij de derde variant is het mogelijk om een eigen naam en nummer te kiezen, waardoor het shirt uniek en persoonlijk wordt.<\/p>","protected":false},"excerpt":{"rendered":"<p>Futbalov\u00e9 dresy p\u00e1nske Athletic Bilbao 2025-26 Oihan Sancet #8 Tretina Tieto Futbalov\u00e9 dresy p\u00e1nske Athletic Bilbao 2025-26 v tre\u0165om preveden\u00ed s\u00fa ide\u00e1lne pre fan\u00fa\u0161ikov, ktor\u00ed chc\u00fa nie\u010do netradi\u010dn\u00e9. Tretina prin\u00e1\u0161a odli\u0161n\u00fd vzh\u013ead, ktor\u00fd zaujme na prv\u00fd poh\u013ead, pri\u010dom si zachov\u00e1va futbalov\u00fd charakter. Dres s menom Oihan Sancet #8 je vhodn\u00fd na ihrisko aj mimo neho [&hellip;]<\/p>","protected":false},"featured_media":8971,"comment_status":"open","ping_status":"closed","template":"","meta":{"site-sidebar-layout":"default","site-content-layout":"","ast-site-content-layout":"default","site-content-style":"default","site-sidebar-style":"default","ast-global-header-display":"","ast-banner-title-visibility":"","ast-main-header-display":"","ast-hfb-above-header-display":"","ast-hfb-below-header-display":"","ast-hfb-mobile-header-display":"","site-post-title":"","ast-breadcrumbs-content":"","ast-featured-img":"","footer-sml-layout":"","theme-transparent-header-meta":"default","adv-header-id-meta":"","stick-header-meta":"","header-above-stick-meta":"","header-main-stick-meta":"","header-below-stick-meta":"","astra-migrate-meta-layouts":"set","ast-page-background-enabled":"default","ast-page-background-meta":{"desktop":{"background-color":"var(--ast-global-color-4)","background-image":"","background-repeat":"repeat","background-position":"center center","background-size":"auto","background-attachment":"scroll","background-type":"","background-media":"","overlay-type":"","overlay-color":"","overlay-opacity":"","overlay-gradient":""},"tablet":{"background-color":"","background-image":"","background-repeat":"repeat","background-position":"center center","background-size":"auto","background-attachment":"scroll","background-type":"","background-media":"","overlay-type":"","overlay-color":"","overlay-opacity":"","overlay-gradient":""},"mobile":{"background-color":"","background-image":"","background-repeat":"repeat","background-position":"center center","background-size":"auto","background-attachment":"scroll","background-type":"","background-media":"","overlay-type":"","overlay-color":"","overlay-opacity":"","overlay-gradient":""}},"ast-content-background-meta":{"desktop":{"background-color":"var(--ast-global-color-5)","background-image":"","background-repeat":"repeat","background-position":"center center","background-size":"auto","background-attachment":"scroll","background-type":"","background-media":"","overlay-type":"","overlay-color":"","overlay-opacity":"","overlay-gradient":""},"tablet":{"background-color":"var(--ast-global-color-5)","background-image":"","background-repeat":"repeat","background-position":"center center","background-size":"auto","background-attachment":"scroll","background-type":"","background-media":"","overlay-type":"","overlay-color":"","overlay-opacity":"","overlay-gradient":""},"mobile":{"background-color":"var(--ast-global-color-5)","background-image":"","background-repeat":"repeat","background-position":"center center","background-size":"auto","background-attachment":"scroll","background-type":"","background-media":"","overlay-type":"","overlay-color":"","overlay-opacity":"","overlay-gradient":""}}},"product_brand":[],"product_cat":[483],"product_tag":[476,478,477,480,475],"class_list":{"0":"post-8969","1":"product","2":"type-product","3":"status-publish","4":"has-post-thumbnail","6":"product_cat-futbalove-dresy-athletic-bilbao","7":"product_tag-futbalove-dresy-panske-athletic-bilbao-2025-26","8":"product_tag-futbalovy-dres-athletic-bilbao-2025-26","9":"product_tag-lacne-futbalove-dresy-athletic-bilbao","10":"product_tag-oihan-sancet-dres","11":"product_tag-pansky-futbalovy-dres-athletic-bilbao","12":"desktop-align-left","13":"tablet-align-left","14":"mobile-align-left","16":"first","17":"instock","18":"shipping-taxable","19":"purchasable","20":"product-type-variable"},"_links":{"self":[{"href":"https:\/\/www.drespredeti.com\/nl\/wp-json\/wp\/v2\/product\/8969","targetHints":{"allow":["GET"]}}],"collection":[{"href":"https:\/\/www.drespredeti.com\/nl\/wp-json\/wp\/v2\/product"}],"about":[{"href":"https:\/\/www.drespredeti.com\/nl\/wp-json\/wp\/v2\/types\/product"}],"replies":[{"embeddable":true,"href":"https:\/\/www.drespredeti.com\/nl\/wp-json\/wp\/v2\/comments?post=8969"}],"wp:featuredmedia":[{"embeddable":true,"href":"https:\/\/www.drespredeti.com\/nl\/wp-json\/wp\/v2\/media\/8971"}],"wp:attachment":[{"href":"https:\/\/www.drespredeti.com\/nl\/wp-json\/wp\/v2\/media?parent=8969"}],"wp:term":[{"taxonomy":"product_brand","embeddable":true,"href":"https:\/\/www.drespredeti.com\/nl\/wp-json\/wp\/v2\/product_brand?post=8969"},{"taxonomy":"product_cat","embeddable":true,"href":"https:\/\/www.drespredeti.com\/nl\/wp-json\/wp\/v2\/product_cat?post=8969"},{"taxonomy":"product_tag","embeddable":true,"href":"https:\/\/www.drespredeti.com\/nl\/wp-json\/wp\/v2\/product_tag?post=8969"}],"curies":[{"name":"wp","href":"https:\/\/api.w.org\/{rel}","templated":true}]}}