{"id":8945,"date":"2026-02-02T10:38:50","date_gmt":"2026-02-02T09:38:50","guid":{"rendered":"https:\/\/www.futbalovedresysk.com\/?post_type=product&#038;p=8945"},"modified":"2026-02-02T10:38:50","modified_gmt":"2026-02-02T09:38:50","slug":"futbalove-dresy-panske-athletic-bilbao-nico-williams-10-2025-26-tretina","status":"publish","type":"product","link":"https:\/\/www.drespredeti.com\/nl\/futbalove-dresy-panske-athletic-bilbao-nico-williams-10-2025-26-tretina\/","title":{"rendered":"Voetbalshirts heren Athletic Bilbao Nico Williams #10 2025-26 Reserve"},"content":{"rendered":"<h3>Voetbalshirts heren Athletic Bilbao Nico Williams #10 2025-26 Uit<\/h3>\n<p>Deze heren voetbalshirts Athletic Bilbao 2025-26 in de prec-versie zijn bedoeld voor mannen die een andere en frisse voetbalstijl willen. Shirt Nico Williams #10 ziet er dynamisch uit en is geschikt niet alleen voor wedstrijden, maar ook voor vrijetijdsgebruik.<\/p>\n<p>Pre\u010d dizajn sa \u013eahko kombinuje s n\u00edm \u0161portov\u00fdm oble\u010den\u00edm a je ide\u00e1lny pre fan\u00fa\u0161ikov, ktor\u00ed chc\u00fa nie\u010do in\u00e9 ne\u017e klasick\u00fa dom\u00e1cu verziu.<\/p>\n<p><strong>Licht en aangenaam materiaal<\/strong><\/p>\n<p>Tieto Futbalov\u00e9 dresy p\u00e1nske Athletic Bilbao 2025-26 s\u00fa vyroben\u00e9 z materi\u00e1lu, ktor\u00fd pom\u00e1ha udr\u017ea\u0165 komfort po\u010das pohybu. Dres je vzdu\u0161n\u00fd, r\u00fdchlo schne a je vhodn\u00fd na pravideln\u00e9 nosenie.<\/p>\n<p><strong>Mogelijkheid tot personalisatie<\/strong><\/p>\n<p>Dres je mo\u017en\u00e9 doplni\u0165 o vlastn\u00e9 meno a \u010d\u00edslo, \u010do z neho rob\u00ed skvel\u00fd dar\u010dek alebo osobn\u00fd futbalov\u00fd k\u00faso\u0148.<\/p>","protected":false},"excerpt":{"rendered":"<p>Voetbaltruien voor heren Athletic Bilbao 2025-26 Nico Williams #10 Vooruit Deze heren voetbaltruien Athletic Bilbao 2025-26 in de vooruitversie zijn bedoeld voor mannen die een andere en frisse voetbalstijl willen. Het shirt met Nico Williams #10 oogt dynamisch en is geschikt niet alleen voor wedstrijden, maar ook voor vrijetijdsdracht. Vooruit ontwerp combineert gemakkelijk met andere [\u2026]<\/p>","protected":false},"featured_media":8947,"comment_status":"open","ping_status":"closed","template":"","meta":{"site-sidebar-layout":"default","site-content-layout":"","ast-site-content-layout":"default","site-content-style":"default","site-sidebar-style":"default","ast-global-header-display":"","ast-banner-title-visibility":"","ast-main-header-display":"","ast-hfb-above-header-display":"","ast-hfb-below-header-display":"","ast-hfb-mobile-header-display":"","site-post-title":"","ast-breadcrumbs-content":"","ast-featured-img":"","footer-sml-layout":"","theme-transparent-header-meta":"default","adv-header-id-meta":"","stick-header-meta":"","header-above-stick-meta":"","header-main-stick-meta":"","header-below-stick-meta":"","astra-migrate-meta-layouts":"set","ast-page-background-enabled":"default","ast-page-background-meta":{"desktop":{"background-color":"var(--ast-global-color-4)","background-image":"","background-repeat":"repeat","background-position":"center center","background-size":"auto","background-attachment":"scroll","background-type":"","background-media":"","overlay-type":"","overlay-color":"","overlay-opacity":"","overlay-gradient":""},"tablet":{"background-color":"","background-image":"","background-repeat":"repeat","background-position":"center center","background-size":"auto","background-attachment":"scroll","background-type":"","background-media":"","overlay-type":"","overlay-color":"","overlay-opacity":"","overlay-gradient":""},"mobile":{"background-color":"","background-image":"","background-repeat":"repeat","background-position":"center center","background-size":"auto","background-attachment":"scroll","background-type":"","background-media":"","overlay-type":"","overlay-color":"","overlay-opacity":"","overlay-gradient":""}},"ast-content-background-meta":{"desktop":{"background-color":"var(--ast-global-color-5)","background-image":"","background-repeat":"repeat","background-position":"center center","background-size":"auto","background-attachment":"scroll","background-type":"","background-media":"","overlay-type":"","overlay-color":"","overlay-opacity":"","overlay-gradient":""},"tablet":{"background-color":"var(--ast-global-color-5)","background-image":"","background-repeat":"repeat","background-position":"center center","background-size":"auto","background-attachment":"scroll","background-type":"","background-media":"","overlay-type":"","overlay-color":"","overlay-opacity":"","overlay-gradient":""},"mobile":{"background-color":"var(--ast-global-color-5)","background-image":"","background-repeat":"repeat","background-position":"center center","background-size":"auto","background-attachment":"scroll","background-type":"","background-media":"","overlay-type":"","overlay-color":"","overlay-opacity":"","overlay-gradient":""}}},"product_brand":[],"product_cat":[483],"product_tag":[476,478,477,479,475],"class_list":{"0":"post-8945","1":"product","2":"type-product","3":"status-publish","4":"has-post-thumbnail","6":"product_cat-futbalove-dresy-athletic-bilbao","7":"product_tag-futbalove-dresy-panske-athletic-bilbao-2025-26","8":"product_tag-futbalovy-dres-athletic-bilbao-2025-26","9":"product_tag-lacne-futbalove-dresy-athletic-bilbao","10":"product_tag-nico-williams-dres","11":"product_tag-pansky-futbalovy-dres-athletic-bilbao","12":"desktop-align-left","13":"tablet-align-left","14":"mobile-align-left","16":"first","17":"instock","18":"shipping-taxable","19":"purchasable","20":"product-type-variable"},"_links":{"self":[{"href":"https:\/\/www.drespredeti.com\/nl\/wp-json\/wp\/v2\/product\/8945","targetHints":{"allow":["GET"]}}],"collection":[{"href":"https:\/\/www.drespredeti.com\/nl\/wp-json\/wp\/v2\/product"}],"about":[{"href":"https:\/\/www.drespredeti.com\/nl\/wp-json\/wp\/v2\/types\/product"}],"replies":[{"embeddable":true,"href":"https:\/\/www.drespredeti.com\/nl\/wp-json\/wp\/v2\/comments?post=8945"}],"wp:featuredmedia":[{"embeddable":true,"href":"https:\/\/www.drespredeti.com\/nl\/wp-json\/wp\/v2\/media\/8947"}],"wp:attachment":[{"href":"https:\/\/www.drespredeti.com\/nl\/wp-json\/wp\/v2\/media?parent=8945"}],"wp:term":[{"taxonomy":"product_brand","embeddable":true,"href":"https:\/\/www.drespredeti.com\/nl\/wp-json\/wp\/v2\/product_brand?post=8945"},{"taxonomy":"product_cat","embeddable":true,"href":"https:\/\/www.drespredeti.com\/nl\/wp-json\/wp\/v2\/product_cat?post=8945"},{"taxonomy":"product_tag","embeddable":true,"href":"https:\/\/www.drespredeti.com\/nl\/wp-json\/wp\/v2\/product_tag?post=8945"}],"curies":[{"name":"wp","href":"https:\/\/api.w.org\/{rel}","templated":true}]}}