{"id":8719,"date":"2026-02-27T10:48:48","date_gmt":"2026-02-27T09:48:48","guid":{"rendered":"https:\/\/www.futbalovedresysk.com\/?post_type=product&#038;p=8719"},"modified":"2026-02-27T10:59:24","modified_gmt":"2026-02-27T09:59:24","slug":"pansky-fotbalovy-dres-inter-miami-sergio-busquets-5-2025-26-tretina","status":"publish","type":"product","link":"https:\/\/www.drespredeti.com\/nl\/pansky-fotbalovy-dres-inter-miami-sergio-busquets-5-2025-26-tretina\/","title":{"rendered":"Heren voetbalshirt Inter Miami Sergio Busquets #5 2025-26 Derde"},"content":{"rendered":"<h2>Heren voetbalshirt Inter Miami Sergio Busquets #5 2025-26 Derde<\/h2>\n<h3>Moderne ontwerp voor seizoen 2025-26<\/h3>\n<p><strong>Herenvoetbalshirt<\/strong> Inter Miami Sergio Busquets #5 2025-26 Tretina brengt een opvallende en dynamische uitstraling ge\u00efnspireerd op het huidige seizoen. Nauwkeurige afwerking en contrasterende elementen benadrukken de clubidentiteit en energie op het veld en eromheen.<\/p>\n<h3>Comfortabel en ademend materiaal<\/h3>\n<p>Iedere <strong>Herenvoetbalshirt<\/strong> is gemaakt van licht polyester dat snel droogt en effectief zweet afvoert. Het materiaal voelt aangenaam aan, behoudt vorm en kleur na het wassen en biedt maximaal comfort tijdens een wedstrijd, training en dagelijks gebruik.<\/p>\n<h3>Mogelijkheid tot personalisatie \u2013 naam en nummer<\/h3>\n<p>Deze voetbaltrui kan naar jouw wensen worden aangepast. Wij bieden <strong>eigen naam en nummer op het shirt<\/strong>, zodat je een unieke voetbalsstijl kunt cre\u00ebren. Natuurlijk kun je ook Sergio Busquets #5 houden.<\/p>\n<h3>Ideaal cadeau voor fans<\/h3>\n<p>Als je op zoek bent naar een kwalitatieve voetbaloutfit voor het seizoen 2025-26, is de derde versie van Inter Miami een uitstekende keuze. Combineert een modern uiterlijk, functionaliteit en de mogelijkheid om met naam en nummer te personaliseren in \u00e9\u00e9n product.<\/p>","protected":false},"excerpt":{"rendered":"<p>P\u00e1nsky Fotbalov\u00fd dres Inter Miami Sergio Busquets #5 2025-26 Tretina Modern\u00fd dizajn pre sez\u00f3nu 2025-26 P\u00e1nsky Fotbalov\u00fd dres Inter Miami Sergio Busquets #5 2025-26 Tretina prin\u00e1\u0161a v\u00fdrazn\u00fd a dynamick\u00fd vzh\u013ead in\u0161pirovan\u00fd aktu\u00e1lnou sez\u00f3nou. Detailn\u00e9 spracovanie a kontrastn\u00e9 prvky pod\u010diarkuj\u00fa klubov\u00fa identitu a energiu na ihrisku aj mimo neho. Pohodln\u00fd a priedu\u0161n\u00fd materi\u00e1l Ka\u017ed\u00fd P\u00e1nsky Fotbalov\u00fd [&hellip;]<\/p>","protected":false},"featured_media":8721,"comment_status":"open","ping_status":"closed","template":"","meta":{"site-sidebar-layout":"default","site-content-layout":"","ast-site-content-layout":"default","site-content-style":"default","site-sidebar-style":"default","ast-global-header-display":"","ast-banner-title-visibility":"","ast-main-header-display":"","ast-hfb-above-header-display":"","ast-hfb-below-header-display":"","ast-hfb-mobile-header-display":"","site-post-title":"","ast-breadcrumbs-content":"","ast-featured-img":"","footer-sml-layout":"","theme-transparent-header-meta":"default","adv-header-id-meta":"","stick-header-meta":"","header-above-stick-meta":"","header-main-stick-meta":"","header-below-stick-meta":"","astra-migrate-meta-layouts":"set","ast-page-background-enabled":"default","ast-page-background-meta":{"desktop":{"background-color":"var(--ast-global-color-4)","background-image":"","background-repeat":"repeat","background-position":"center center","background-size":"auto","background-attachment":"scroll","background-type":"","background-media":"","overlay-type":"","overlay-color":"","overlay-opacity":"","overlay-gradient":""},"tablet":{"background-color":"","background-image":"","background-repeat":"repeat","background-position":"center center","background-size":"auto","background-attachment":"scroll","background-type":"","background-media":"","overlay-type":"","overlay-color":"","overlay-opacity":"","overlay-gradient":""},"mobile":{"background-color":"","background-image":"","background-repeat":"repeat","background-position":"center center","background-size":"auto","background-attachment":"scroll","background-type":"","background-media":"","overlay-type":"","overlay-color":"","overlay-opacity":"","overlay-gradient":""}},"ast-content-background-meta":{"desktop":{"background-color":"var(--ast-global-color-5)","background-image":"","background-repeat":"repeat","background-position":"center center","background-size":"auto","background-attachment":"scroll","background-type":"","background-media":"","overlay-type":"","overlay-color":"","overlay-opacity":"","overlay-gradient":""},"tablet":{"background-color":"var(--ast-global-color-5)","background-image":"","background-repeat":"repeat","background-position":"center center","background-size":"auto","background-attachment":"scroll","background-type":"","background-media":"","overlay-type":"","overlay-color":"","overlay-opacity":"","overlay-gradient":""},"mobile":{"background-color":"var(--ast-global-color-5)","background-image":"","background-repeat":"repeat","background-position":"center center","background-size":"auto","background-attachment":"scroll","background-type":"","background-media":"","overlay-type":"","overlay-color":"","overlay-opacity":"","overlay-gradient":""}}},"product_brand":[],"product_cat":[593],"product_tag":[597,595,599,594,596,598,235],"class_list":{"0":"post-8719","1":"product","2":"type-product","3":"status-publish","4":"has-post-thumbnail","6":"product_cat-futbalove-dresy-inter-miami","7":"product_tag-inter-miami-2025-26-dres","8":"product_tag-inter-miami-dres-muzi","9":"product_tag-mls-inter-miami-pansky-dres","10":"product_tag-pansky-fotbalovy-dres-inter-miami-2025-26","11":"product_tag-pansky-futbalovy-dres-inter-miami-s-potlacou","12":"product_tag-personalizovany-futbalovy-dres-meno-a-cislo","13":"product_tag-sergio-busquets-dres","14":"desktop-align-left","15":"tablet-align-left","16":"mobile-align-left","18":"first","19":"instock","20":"shipping-taxable","21":"purchasable","22":"product-type-variable"},"_links":{"self":[{"href":"https:\/\/www.drespredeti.com\/nl\/wp-json\/wp\/v2\/product\/8719","targetHints":{"allow":["GET"]}}],"collection":[{"href":"https:\/\/www.drespredeti.com\/nl\/wp-json\/wp\/v2\/product"}],"about":[{"href":"https:\/\/www.drespredeti.com\/nl\/wp-json\/wp\/v2\/types\/product"}],"replies":[{"embeddable":true,"href":"https:\/\/www.drespredeti.com\/nl\/wp-json\/wp\/v2\/comments?post=8719"}],"wp:featuredmedia":[{"embeddable":true,"href":"https:\/\/www.drespredeti.com\/nl\/wp-json\/wp\/v2\/media\/8721"}],"wp:attachment":[{"href":"https:\/\/www.drespredeti.com\/nl\/wp-json\/wp\/v2\/media?parent=8719"}],"wp:term":[{"taxonomy":"product_brand","embeddable":true,"href":"https:\/\/www.drespredeti.com\/nl\/wp-json\/wp\/v2\/product_brand?post=8719"},{"taxonomy":"product_cat","embeddable":true,"href":"https:\/\/www.drespredeti.com\/nl\/wp-json\/wp\/v2\/product_cat?post=8719"},{"taxonomy":"product_tag","embeddable":true,"href":"https:\/\/www.drespredeti.com\/nl\/wp-json\/wp\/v2\/product_tag?post=8719"}],"curies":[{"name":"wp","href":"https:\/\/api.w.org\/{rel}","templated":true}]}}