{"id":8677,"date":"2026-02-27T10:46:48","date_gmt":"2026-02-27T09:46:48","guid":{"rendered":"https:\/\/www.futbalovedresysk.com\/?post_type=product&#038;p=8677"},"modified":"2026-02-27T11:01:44","modified_gmt":"2026-02-27T10:01:44","slug":"pansky-fotbalovy-dres-inter-miami-2025-26-prec","status":"publish","type":"product","link":"https:\/\/www.drespredeti.com\/nl\/pansky-fotbalovy-dres-inter-miami-2025-26-prec\/","title":{"rendered":"Heren voetbalshirt Inter Miami 2025-26 Uit"},"content":{"rendered":"<h2>Heren voetbalshirt Inter Miami 2025-26 Uit<\/h2>\n<h3>Uitzendvariant voor echte fans<\/h3>\n<p><strong>Herenvoetbalshirt<\/strong> Inter Miami Rodrigo De Paul #7 2025-26 Voorstelt een stijlvolle buitenversie voor het nieuwe seizoen. Het ontwerp is zo gemaakt dat het dynamisch en modern overkomt, waarbij het karakter van het team en de individualiteit van de speler worden benadrukt.<\/p>\n<h3>Lichtheid en comfort de hele dag door<\/h3>\n<p>Dit voetbalshirt is gemaakt van hoogwaardige ademende stof die de luchtdoorstroming bevordert en snel droogt. Het materiaal is bestand tegen slijtage, behoudt de levendigheid van de kleuren en biedt comfort tijdens sport en dagelijks gebruik.<\/p>\n<h3>Eigen naam en nummer op het shirt<\/h3>\n<p>Elk voetbalshirt kan naar jouw wensen worden gepersonaliseerd. Kies een eigen naam en nummer of behoud Lionel Messi #10 voor een authentieke voetballook. De druk is nauwkeurig en duurzaam, zelfs na meerdere wasbeurten.<\/p>\n<h3>Geweldige keuze voor het seizoen 2025-26<\/h3>\n<p>Als je op zoek bent naar een moderne <strong>Herenvoetbalshirt<\/strong> Inter Miami voor het seizoen 2025-26, de Uit-versie is de ideale oplossing. Het combineert sportswear-stijl, functioneel materiaal en personalisatiemogelijkheden in \u00e9\u00e9n product.<\/p>","protected":false},"excerpt":{"rendered":"<p>P\u00e1nsky Fotbalov\u00fd dres Inter Miami 2025-26 Pre\u010d Vonkaj\u0161\u00ed variant pre skuto\u010dn\u00fdch fan\u00fa\u0161ikov P\u00e1nsky Fotbalov\u00fd dres Inter Miami 2025-26 Pre\u010d predstavuje \u0161t\u00fdlov\u00e9 vonkaj\u0161ie prevedenie pre nov\u00fa sez\u00f3nu. Dizajn je navrhnut\u00fd tak, aby p\u00f4sobil dynamicky a moderne, pri\u010dom zv\u00fdraz\u0148uje charakter t\u00edmu aj individualitu hr\u00e1\u010da. \u013dahkos\u0165 a komfort po\u010das cel\u00e9ho d\u0148a Tento Futbalov\u00e9 dres\u00a0je vyroben\u00fd z kvalitnej priedu\u0161nej [&hellip;]<\/p>","protected":false},"featured_media":8679,"comment_status":"open","ping_status":"closed","template":"","meta":{"site-sidebar-layout":"default","site-content-layout":"","ast-site-content-layout":"default","site-content-style":"default","site-sidebar-style":"default","ast-global-header-display":"","ast-banner-title-visibility":"","ast-main-header-display":"","ast-hfb-above-header-display":"","ast-hfb-below-header-display":"","ast-hfb-mobile-header-display":"","site-post-title":"","ast-breadcrumbs-content":"","ast-featured-img":"","footer-sml-layout":"","theme-transparent-header-meta":"default","adv-header-id-meta":"","stick-header-meta":"","header-above-stick-meta":"","header-main-stick-meta":"","header-below-stick-meta":"","astra-migrate-meta-layouts":"set","ast-page-background-enabled":"default","ast-page-background-meta":{"desktop":{"background-color":"var(--ast-global-color-4)","background-image":"","background-repeat":"repeat","background-position":"center center","background-size":"auto","background-attachment":"scroll","background-type":"","background-media":"","overlay-type":"","overlay-color":"","overlay-opacity":"","overlay-gradient":""},"tablet":{"background-color":"","background-image":"","background-repeat":"repeat","background-position":"center center","background-size":"auto","background-attachment":"scroll","background-type":"","background-media":"","overlay-type":"","overlay-color":"","overlay-opacity":"","overlay-gradient":""},"mobile":{"background-color":"","background-image":"","background-repeat":"repeat","background-position":"center center","background-size":"auto","background-attachment":"scroll","background-type":"","background-media":"","overlay-type":"","overlay-color":"","overlay-opacity":"","overlay-gradient":""}},"ast-content-background-meta":{"desktop":{"background-color":"var(--ast-global-color-5)","background-image":"","background-repeat":"repeat","background-position":"center center","background-size":"auto","background-attachment":"scroll","background-type":"","background-media":"","overlay-type":"","overlay-color":"","overlay-opacity":"","overlay-gradient":""},"tablet":{"background-color":"var(--ast-global-color-5)","background-image":"","background-repeat":"repeat","background-position":"center center","background-size":"auto","background-attachment":"scroll","background-type":"","background-media":"","overlay-type":"","overlay-color":"","overlay-opacity":"","overlay-gradient":""},"mobile":{"background-color":"var(--ast-global-color-5)","background-image":"","background-repeat":"repeat","background-position":"center center","background-size":"auto","background-attachment":"scroll","background-type":"","background-media":"","overlay-type":"","overlay-color":"","overlay-opacity":"","overlay-gradient":""}}},"product_brand":[],"product_cat":[593],"product_tag":[597,595,599,594,596,598],"class_list":{"0":"post-8677","1":"product","2":"type-product","3":"status-publish","4":"has-post-thumbnail","6":"product_cat-futbalove-dresy-inter-miami","7":"product_tag-inter-miami-2025-26-dres","8":"product_tag-inter-miami-dres-muzi","9":"product_tag-mls-inter-miami-pansky-dres","10":"product_tag-pansky-fotbalovy-dres-inter-miami-2025-26","11":"product_tag-pansky-futbalovy-dres-inter-miami-s-potlacou","12":"product_tag-personalizovany-futbalovy-dres-meno-a-cislo","13":"desktop-align-left","14":"tablet-align-left","15":"mobile-align-left","17":"first","18":"instock","19":"shipping-taxable","20":"purchasable","21":"product-type-variable"},"_links":{"self":[{"href":"https:\/\/www.drespredeti.com\/nl\/wp-json\/wp\/v2\/product\/8677","targetHints":{"allow":["GET"]}}],"collection":[{"href":"https:\/\/www.drespredeti.com\/nl\/wp-json\/wp\/v2\/product"}],"about":[{"href":"https:\/\/www.drespredeti.com\/nl\/wp-json\/wp\/v2\/types\/product"}],"replies":[{"embeddable":true,"href":"https:\/\/www.drespredeti.com\/nl\/wp-json\/wp\/v2\/comments?post=8677"}],"wp:featuredmedia":[{"embeddable":true,"href":"https:\/\/www.drespredeti.com\/nl\/wp-json\/wp\/v2\/media\/8679"}],"wp:attachment":[{"href":"https:\/\/www.drespredeti.com\/nl\/wp-json\/wp\/v2\/media?parent=8677"}],"wp:term":[{"taxonomy":"product_brand","embeddable":true,"href":"https:\/\/www.drespredeti.com\/nl\/wp-json\/wp\/v2\/product_brand?post=8677"},{"taxonomy":"product_cat","embeddable":true,"href":"https:\/\/www.drespredeti.com\/nl\/wp-json\/wp\/v2\/product_cat?post=8677"},{"taxonomy":"product_tag","embeddable":true,"href":"https:\/\/www.drespredeti.com\/nl\/wp-json\/wp\/v2\/product_tag?post=8677"}],"curies":[{"name":"wp","href":"https:\/\/api.w.org\/{rel}","templated":true}]}}