{"id":5849,"date":"2026-03-12T08:41:27","date_gmt":"2026-03-12T07:41:27","guid":{"rendered":"https:\/\/www.futbalovedresysk.com\/?post_type=product&#038;p=5849"},"modified":"2026-03-12T08:41:28","modified_gmt":"2026-03-12T07:41:28","slug":"futbalovy-dres-barcelona-paez-gavi-6-2025-26-domaci","status":"publish","type":"product","link":"https:\/\/www.drespredeti.com\/nl\/futbalovy-dres-barcelona-paez-gavi-6-2025-26-domaci\/","title":{"rendered":"Voetbalshirt FC Barcelona Paez Gavi #6 2025-26 Thuis"},"content":{"rendered":"<h2>Voetbalshirt Barcelona Paez Gavi #6 2025-26 Thuis \u2013 Heren-shirt met eigen naam en nummer<\/h2>\n<h3>Traditioneel thuis shirt van het seizoen 2025\/26<\/h3>\n<p>Voetbalshirt Barcelona 2025-26 Thuis presenteert een klassieke look ge\u00efnspireerd door de rijke geschiedenis van de club FC Barcelona. Kenmerkende clubkleuren en moderne details voor het seizoen 2025\/26 cre\u00ebren een opvallende voetbalsstijl die direct herkenbaar is op het veld en eromheen. Dit model is ideaal voor fans die hun favoriete team trots willen vertegenwoordigen.<\/p>\n<h3>Comfort tijdens sport en vrije tijd<\/h3>\n<p>Het shirt is ontworpen met de nadruk op comfort en praktisch gebruik. Voetbalshirt Barcelona 2025-26 Thuis is gemaakt van ademend materiaal dat helpt vocht af te voeren en het lichaam droog houdt tijdens sport, training of dagelijks dragen.<\/p>\n<h3>Kwaliteitsafwerking en duurzaam ontwerp<\/h3>\n<p>Nauwkeurig vakmanschap, stevige naden en gedetailleerde bedrukking van het clubembleem zorgen voor een lange levensduur van het shirt. Voetbalshirt Barcelona 2025-26 Thuis behoudt zijn kleuren en vorm ook na vaak wassen, waardoor het een betrouwbare fanshirt is voor elke supporter van FC Barcelona.<\/p>\n<h3>Personalisatie van naam en nummer<\/h3>\n<p>Het shirt kan naar wens worden aangepast met eigen naam en nummer. Dankzij deze optie kan Voetbalshirt Barcelona 2025-26 Thuis een uniek item worden of een origineel cadeau voor fans die hun eigen gepersonaliseerde voetbalshirt willen hebben.<\/p>\n<h3>Ideaal supportersshirt van Barcelona<\/h3>\n<p>Als u op zoek bent naar een comfortabel en stijlvol voetbalshirt, heren shirt<strong>\u00a0Barcelona 2025-26 Thuis<\/strong> is een uitstekende keuze. Het combineert het klassieke thuisdesign van de club, hoogwaardige materialen en de mogelijkheid tot personalisatie, waardoor het ideaal is om het team FC Barcelona gedurende het hele seizoen te ondersteunen.<\/p>","protected":false},"excerpt":{"rendered":"<p>Futbalov\u00fd Dres Barcelona Fermin Lopez #16 2025-26 Dom\u00e1ci \u2013 P\u00e1nsky Dres s Vlastn\u00fdm Menom a \u010c\u00edslom Tradi\u010dn\u00fd dom\u00e1ci dres sez\u00f3ny 2025\/26 Futbalov\u00fd dres Barcelona 2025-26 Dom\u00e1ci predstavuje klasick\u00fd vzh\u013ead in\u0161pirovan\u00fd bohatou hist\u00f3riou klubu FC Barcelona. Charakteristick\u00e9 klubov\u00e9 farby a modern\u00e9 detaily pre sez\u00f3nu 2025\/26 vytv\u00e1raj\u00fa v\u00fdrazn\u00fd futbalov\u00fd \u0161t\u00fdl, ktor\u00fd je okam\u017eite rozpoznate\u013en\u00fd na ihrisku aj [\u2026]<\/p>","protected":false},"featured_media":5851,"comment_status":"open","ping_status":"closed","template":"","meta":{"site-sidebar-layout":"default","site-content-layout":"","ast-site-content-layout":"default","site-content-style":"default","site-sidebar-style":"default","ast-global-header-display":"","ast-banner-title-visibility":"","ast-main-header-display":"","ast-hfb-above-header-display":"","ast-hfb-below-header-display":"","ast-hfb-mobile-header-display":"","site-post-title":"","ast-breadcrumbs-content":"","ast-featured-img":"","footer-sml-layout":"","theme-transparent-header-meta":"default","adv-header-id-meta":"","stick-header-meta":"","header-above-stick-meta":"","header-main-stick-meta":"","header-below-stick-meta":"","astra-migrate-meta-layouts":"set","ast-page-background-enabled":"default","ast-page-background-meta":{"desktop":{"background-color":"var(--ast-global-color-4)","background-image":"","background-repeat":"repeat","background-position":"center center","background-size":"auto","background-attachment":"scroll","background-type":"","background-media":"","overlay-type":"","overlay-color":"","overlay-opacity":"","overlay-gradient":""},"tablet":{"background-color":"","background-image":"","background-repeat":"repeat","background-position":"center center","background-size":"auto","background-attachment":"scroll","background-type":"","background-media":"","overlay-type":"","overlay-color":"","overlay-opacity":"","overlay-gradient":""},"mobile":{"background-color":"","background-image":"","background-repeat":"repeat","background-position":"center center","background-size":"auto","background-attachment":"scroll","background-type":"","background-media":"","overlay-type":"","overlay-color":"","overlay-opacity":"","overlay-gradient":""}},"ast-content-background-meta":{"desktop":{"background-color":"var(--ast-global-color-5)","background-image":"","background-repeat":"repeat","background-position":"center center","background-size":"auto","background-attachment":"scroll","background-type":"","background-media":"","overlay-type":"","overlay-color":"","overlay-opacity":"","overlay-gradient":""},"tablet":{"background-color":"var(--ast-global-color-5)","background-image":"","background-repeat":"repeat","background-position":"center center","background-size":"auto","background-attachment":"scroll","background-type":"","background-media":"","overlay-type":"","overlay-color":"","overlay-opacity":"","overlay-gradient":""},"mobile":{"background-color":"var(--ast-global-color-5)","background-image":"","background-repeat":"repeat","background-position":"center center","background-size":"auto","background-attachment":"scroll","background-type":"","background-media":"","overlay-type":"","overlay-color":"","overlay-opacity":"","overlay-gradient":""}}},"product_brand":[],"product_cat":[99],"product_tag":[777,778,775,155,776,774],"class_list":{"0":"post-5849","1":"product","2":"type-product","3":"status-publish","4":"has-post-thumbnail","6":"product_cat-futbalove-dresy-barcelona","7":"product_tag-barcelona-dres-s-vlastnym-menom-a-cislom","8":"product_tag-fc-barcelona-pansky-dres-2025-26","9":"product_tag-futbalovy-dres-barcelona-2025-26","10":"product_tag-paez-gavi-dres","11":"product_tag-pansky-fanusikovsky-dres-fc-barcelona","12":"product_tag-pansky-futbalovy-dres-barcelona-2025-26","13":"desktop-align-left","14":"tablet-align-left","15":"mobile-align-left","17":"first","18":"instock","19":"shipping-taxable","20":"purchasable","21":"product-type-variable"},"_links":{"self":[{"href":"https:\/\/www.drespredeti.com\/nl\/wp-json\/wp\/v2\/product\/5849","targetHints":{"allow":["GET"]}}],"collection":[{"href":"https:\/\/www.drespredeti.com\/nl\/wp-json\/wp\/v2\/product"}],"about":[{"href":"https:\/\/www.drespredeti.com\/nl\/wp-json\/wp\/v2\/types\/product"}],"replies":[{"embeddable":true,"href":"https:\/\/www.drespredeti.com\/nl\/wp-json\/wp\/v2\/comments?post=5849"}],"wp:featuredmedia":[{"embeddable":true,"href":"https:\/\/www.drespredeti.com\/nl\/wp-json\/wp\/v2\/media\/5851"}],"wp:attachment":[{"href":"https:\/\/www.drespredeti.com\/nl\/wp-json\/wp\/v2\/media?parent=5849"}],"wp:term":[{"taxonomy":"product_brand","embeddable":true,"href":"https:\/\/www.drespredeti.com\/nl\/wp-json\/wp\/v2\/product_brand?post=5849"},{"taxonomy":"product_cat","embeddable":true,"href":"https:\/\/www.drespredeti.com\/nl\/wp-json\/wp\/v2\/product_cat?post=5849"},{"taxonomy":"product_tag","embeddable":true,"href":"https:\/\/www.drespredeti.com\/nl\/wp-json\/wp\/v2\/product_tag?post=5849"}],"curies":[{"name":"wp","href":"https:\/\/api.w.org\/{rel}","templated":true}]}}