{"id":5566,"date":"2026-02-28T13:45:33","date_gmt":"2026-02-28T12:45:33","guid":{"rendered":"https:\/\/www.futbalovedresysk.com\/?post_type=product&#038;p=5566"},"modified":"2026-02-28T13:45:34","modified_gmt":"2026-02-28T12:45:34","slug":"detske-dres-wolves-jean-ricner-bellegarde-27-2025-26-prec-komplet","status":"publish","type":"product","link":"https:\/\/www.drespredeti.com\/nl\/detske-dres-wolves-jean-ricner-bellegarde-27-2025-26-prec-komplet\/","title":{"rendered":"Kinder-shirt Wolves Jean-Ricner Bellegarde #27 2025-26 Uit Complete"},"content":{"rendered":"<h2>Kinder-shirt Wolves Jean-Ricner Bellegarde #27 2025-26 Uit Complete<\/h2>\n<h3>Buitenkledingset voor seizoen 2025-26<\/h3>\n<p><strong>Kinder Wolves-tenue 2025-26<\/strong> in Pre\u010d Komplet uitvoering zijn ontworpen voor jonge fans die de kleuren van het team ook willen dragen bij wedstrijden buiten het thuissportveld. Modern exterieurontwerp oogt stijlvol en onderscheidt zich van traditionele modellen.<\/p>\n<h3>Bellegarde #27 \u2013 opvallend detail op het shirt<\/h3>\n<p>Dit <strong>Kinder Wolves-tenue 2025-26<\/strong> de complete set is aangevuld met de naam Jean-Ricner Bellegarde en het nummer 27 op de achterkant. De druk is nauwkeurig uitgevoerd, duurzaam en geschikt voor regelmatig dragen tijdens het hele seizoen.<\/p>\n<h3>Kwalitatief materiaal voor actieve kinderen<\/h3>\n<p>Iedere <strong>Kinder Wolves-tenue 2025-26<\/strong> ze zijn gemaakt van ademende stof die comfort tijdens beweging ondersteunt. Het materiaal is zacht, droogt snel en zorgt voor comfort bij training, spel en vrije tijd.<\/p>\n<h3>Mogelijkheid voor persoonlijke personalisatie<\/h3>\n<p>Naast de standaardafdruk is het kindervrouwenvoetbalset<strong>\u00a0Wolves 2025-26<\/strong> mogelijk aangepast met eigen naam en nummer. Personalisatie maakt het mogelijk een unieke voetbalset te cre\u00ebren precies naar de wensen van de jonge fan.<\/p>\n<h3>Geweldige keuze voor jonge Wolves-fans<\/h3>\n<p>Als u op zoek bent naar stijlvolle Kinder voetbalset<strong>\u00a0Wolves 2025-26<\/strong>, De Pre\u010d Komplet-versie combineert een moderne uitstraling, comfort en de mogelijkheid om naam en nummer in \u00e9\u00e9n product aan te passen.<\/p>","protected":false},"excerpt":{"rendered":"<p>Kindertrui Wolves Jean-Ricner Bellegarde #27 2025-26 Uit-Complete Seizoen 2025-26 Kindertrui Wolves 2025-26 in uitvoering Uit-Complete zijn ontworpen voor jonge fans die de teamkleuren willen dragen, zelfs tijdens uitwedstrijden. Moderne buitenkant ziet er stijlvol uit en onderscheidt zich van traditionele modellen. Bellegarde #27 \u2013 opvallende detail op [\u2026]<\/p>","protected":false},"featured_media":5568,"comment_status":"open","ping_status":"closed","template":"","meta":{"site-sidebar-layout":"default","site-content-layout":"","ast-site-content-layout":"default","site-content-style":"default","site-sidebar-style":"default","ast-global-header-display":"","ast-banner-title-visibility":"","ast-main-header-display":"","ast-hfb-above-header-display":"","ast-hfb-below-header-display":"","ast-hfb-mobile-header-display":"","site-post-title":"","ast-breadcrumbs-content":"","ast-featured-img":"","footer-sml-layout":"","theme-transparent-header-meta":"default","adv-header-id-meta":"","stick-header-meta":"","header-above-stick-meta":"","header-main-stick-meta":"","header-below-stick-meta":"","astra-migrate-meta-layouts":"set","ast-page-background-enabled":"default","ast-page-background-meta":{"desktop":{"background-color":"var(--ast-global-color-4)","background-image":"","background-repeat":"repeat","background-position":"center center","background-size":"auto","background-attachment":"scroll","background-type":"","background-media":"","overlay-type":"","overlay-color":"","overlay-opacity":"","overlay-gradient":""},"tablet":{"background-color":"","background-image":"","background-repeat":"repeat","background-position":"center center","background-size":"auto","background-attachment":"scroll","background-type":"","background-media":"","overlay-type":"","overlay-color":"","overlay-opacity":"","overlay-gradient":""},"mobile":{"background-color":"","background-image":"","background-repeat":"repeat","background-position":"center center","background-size":"auto","background-attachment":"scroll","background-type":"","background-media":"","overlay-type":"","overlay-color":"","overlay-opacity":"","overlay-gradient":""}},"ast-content-background-meta":{"desktop":{"background-color":"var(--ast-global-color-5)","background-image":"","background-repeat":"repeat","background-position":"center center","background-size":"auto","background-attachment":"scroll","background-type":"","background-media":"","overlay-type":"","overlay-color":"","overlay-opacity":"","overlay-gradient":""},"tablet":{"background-color":"var(--ast-global-color-5)","background-image":"","background-repeat":"repeat","background-position":"center center","background-size":"auto","background-attachment":"scroll","background-type":"","background-media":"","overlay-type":"","overlay-color":"","overlay-opacity":"","overlay-gradient":""},"mobile":{"background-color":"var(--ast-global-color-5)","background-image":"","background-repeat":"repeat","background-position":"center center","background-size":"auto","background-attachment":"scroll","background-type":"","background-media":"","overlay-type":"","overlay-color":"","overlay-opacity":"","overlay-gradient":""}}},"product_brand":[],"product_cat":[92],"product_tag":[600,602,604,614,605,607,608,606,601,603],"class_list":{"0":"post-5566","1":"product","2":"type-product","3":"status-publish","4":"has-post-thumbnail","6":"product_cat-detske-dres-wolves","7":"product_tag-detske-dres-wolves-2025-26","8":"product_tag-detsky-dres-wolves","9":"product_tag-detsky-futbalovy-komplet-wolves","10":"product_tag-jean-ricner-bellegarde-dres","11":"product_tag-personalizovany-detsky-dres-wolves","12":"product_tag-sportovy-dres-wolves-pre-deti","13":"product_tag-wolves-2025-26-detska-kolekcia","14":"product_tag-wolves-detsky-dres-s-menom-a-cislom","15":"product_tag-wolves-detsky-komplet","16":"product_tag-wolves-dres-deti","17":"desktop-align-left","18":"tablet-align-left","19":"mobile-align-left","21":"first","22":"instock","23":"shipping-taxable","24":"purchasable","25":"product-type-variable"},"_links":{"self":[{"href":"https:\/\/www.drespredeti.com\/nl\/wp-json\/wp\/v2\/product\/5566","targetHints":{"allow":["GET"]}}],"collection":[{"href":"https:\/\/www.drespredeti.com\/nl\/wp-json\/wp\/v2\/product"}],"about":[{"href":"https:\/\/www.drespredeti.com\/nl\/wp-json\/wp\/v2\/types\/product"}],"replies":[{"embeddable":true,"href":"https:\/\/www.drespredeti.com\/nl\/wp-json\/wp\/v2\/comments?post=5566"}],"wp:featuredmedia":[{"embeddable":true,"href":"https:\/\/www.drespredeti.com\/nl\/wp-json\/wp\/v2\/media\/5568"}],"wp:attachment":[{"href":"https:\/\/www.drespredeti.com\/nl\/wp-json\/wp\/v2\/media?parent=5566"}],"wp:term":[{"taxonomy":"product_brand","embeddable":true,"href":"https:\/\/www.drespredeti.com\/nl\/wp-json\/wp\/v2\/product_brand?post=5566"},{"taxonomy":"product_cat","embeddable":true,"href":"https:\/\/www.drespredeti.com\/nl\/wp-json\/wp\/v2\/product_cat?post=5566"},{"taxonomy":"product_tag","embeddable":true,"href":"https:\/\/www.drespredeti.com\/nl\/wp-json\/wp\/v2\/product_tag?post=5566"}],"curies":[{"name":"wp","href":"https:\/\/api.w.org\/{rel}","templated":true}]}}