{"id":5503,"date":"2026-02-28T11:44:24","date_gmt":"2026-02-28T10:44:24","guid":{"rendered":"https:\/\/www.futbalovedresysk.com\/?post_type=product&#038;p=5503"},"modified":"2026-02-28T11:44:25","modified_gmt":"2026-02-28T10:44:25","slug":"detske-dres-wolves-tolu-arokodare-14-2025-26-prec-komplet","status":"publish","type":"product","link":"https:\/\/www.drespredeti.com\/nl\/detske-dres-wolves-tolu-arokodare-14-2025-26-prec-komplet\/","title":{"rendered":"Kinder-shirt Wolves Tolu Arokodare #14 2025-26 Uit Complete"},"content":{"rendered":"<h2>Kinder-shirt Wolves Tolu Arokodare #14 2025-26 Uit Complete<\/h2>\n<h3>Buitenkledingset voor seizoen 2025-26<\/h3>\n<p><strong>Kinder Wolves-tenue 2025-26<\/strong> in Pre\u010d Komplet uitvoering zijn ontworpen voor jonge fans die de kleuren van het team ook willen dragen bij wedstrijden buiten het thuissportveld. Modern exterieurontwerp oogt stijlvol en onderscheidt zich van traditionele modellen.<\/p>\n<h3>Tolu Arokodare #14 \u2013 opvallend detail op het truitje<\/h3>\n<p>Deze Kindervoetbalset<strong>\u00a0Wolves 2025-26<\/strong> de set is aangevuld met de naam Tolu Arokodare en het nummer 14 op de achterzijde. De druk is zorgvuldig uitgevoerd, duurzaam en geschikt voor regelmatige draag gedurende het hele seizoen.<\/p>\n<h3>Kwalitatief materiaal voor actieve kinderen<\/h3>\n<p>Elke Kindervoetbalset<strong>\u00a0Wolves 2025-26<\/strong> ze zijn gemaakt van ademende stof die comfort tijdens beweging ondersteunt. Het materiaal is zacht, droogt snel en zorgt voor comfort bij training, spel en vrije tijd.<\/p>\n<h3>Mogelijkheid voor persoonlijke personalisatie<\/h3>\n<p>Naast de standaardafdruk is het mogelijk <strong>Kinder Wolves-tenue 2025-26<\/strong> mogelijk aangepast met eigen naam en nummer. Personalisatie maakt het mogelijk een unieke voetbalset te cre\u00ebren precies naar de wensen van de jonge fan.<\/p>\n<h3>Geweldige keuze voor jonge Wolves-fans<\/h3>\n<p>Als je op zoek bent naar stijl <strong>Kinder Wolves-tenue 2025-26<\/strong>, De Pre\u010d Komplet-versie combineert een moderne uitstraling, comfort en de mogelijkheid om naam en nummer in \u00e9\u00e9n product aan te passen.<\/p>","protected":false},"excerpt":{"rendered":"<p>Kinder- Wolves-tenue Tolu Arokodare #14 2025-26 Uit Voor West Komplet Uitput 2025-26 Kinder-dres Wolves 2025-26 in uitvoering Uit Voor West Komplet zijn ontworpen voor jonge fans die de kleuren van het team ook willen dragen bij uitwedstrijden. Modern buitenontwerp ziet er stijlvol uit en onderscheidt zich van traditionele modellen. Tolu Arokodare #14 \u2013 opvallend detail [\u2026]<\/p>","protected":false},"featured_media":5505,"comment_status":"open","ping_status":"closed","template":"","meta":{"site-sidebar-layout":"default","site-content-layout":"","ast-site-content-layout":"default","site-content-style":"default","site-sidebar-style":"default","ast-global-header-display":"","ast-banner-title-visibility":"","ast-main-header-display":"","ast-hfb-above-header-display":"","ast-hfb-below-header-display":"","ast-hfb-mobile-header-display":"","site-post-title":"","ast-breadcrumbs-content":"","ast-featured-img":"","footer-sml-layout":"","theme-transparent-header-meta":"default","adv-header-id-meta":"","stick-header-meta":"","header-above-stick-meta":"","header-main-stick-meta":"","header-below-stick-meta":"","astra-migrate-meta-layouts":"set","ast-page-background-enabled":"default","ast-page-background-meta":{"desktop":{"background-color":"var(--ast-global-color-4)","background-image":"","background-repeat":"repeat","background-position":"center center","background-size":"auto","background-attachment":"scroll","background-type":"","background-media":"","overlay-type":"","overlay-color":"","overlay-opacity":"","overlay-gradient":""},"tablet":{"background-color":"","background-image":"","background-repeat":"repeat","background-position":"center center","background-size":"auto","background-attachment":"scroll","background-type":"","background-media":"","overlay-type":"","overlay-color":"","overlay-opacity":"","overlay-gradient":""},"mobile":{"background-color":"","background-image":"","background-repeat":"repeat","background-position":"center center","background-size":"auto","background-attachment":"scroll","background-type":"","background-media":"","overlay-type":"","overlay-color":"","overlay-opacity":"","overlay-gradient":""}},"ast-content-background-meta":{"desktop":{"background-color":"var(--ast-global-color-5)","background-image":"","background-repeat":"repeat","background-position":"center center","background-size":"auto","background-attachment":"scroll","background-type":"","background-media":"","overlay-type":"","overlay-color":"","overlay-opacity":"","overlay-gradient":""},"tablet":{"background-color":"var(--ast-global-color-5)","background-image":"","background-repeat":"repeat","background-position":"center center","background-size":"auto","background-attachment":"scroll","background-type":"","background-media":"","overlay-type":"","overlay-color":"","overlay-opacity":"","overlay-gradient":""},"mobile":{"background-color":"var(--ast-global-color-5)","background-image":"","background-repeat":"repeat","background-position":"center center","background-size":"auto","background-attachment":"scroll","background-type":"","background-media":"","overlay-type":"","overlay-color":"","overlay-opacity":"","overlay-gradient":""}}},"product_brand":[],"product_cat":[92],"product_tag":[600,602,604,605,607,610,608,606,601,603],"class_list":{"0":"post-5503","1":"product","2":"type-product","3":"status-publish","4":"has-post-thumbnail","6":"product_cat-detske-dres-wolves","7":"product_tag-detske-dres-wolves-2025-26","8":"product_tag-detsky-dres-wolves","9":"product_tag-detsky-futbalovy-komplet-wolves","10":"product_tag-personalizovany-detsky-dres-wolves","11":"product_tag-sportovy-dres-wolves-pre-deti","12":"product_tag-tolu-arokodare-dres","13":"product_tag-wolves-2025-26-detska-kolekcia","14":"product_tag-wolves-detsky-dres-s-menom-a-cislom","15":"product_tag-wolves-detsky-komplet","16":"product_tag-wolves-dres-deti","17":"desktop-align-left","18":"tablet-align-left","19":"mobile-align-left","21":"first","22":"instock","23":"shipping-taxable","24":"purchasable","25":"product-type-variable"},"_links":{"self":[{"href":"https:\/\/www.drespredeti.com\/nl\/wp-json\/wp\/v2\/product\/5503","targetHints":{"allow":["GET"]}}],"collection":[{"href":"https:\/\/www.drespredeti.com\/nl\/wp-json\/wp\/v2\/product"}],"about":[{"href":"https:\/\/www.drespredeti.com\/nl\/wp-json\/wp\/v2\/types\/product"}],"replies":[{"embeddable":true,"href":"https:\/\/www.drespredeti.com\/nl\/wp-json\/wp\/v2\/comments?post=5503"}],"wp:featuredmedia":[{"embeddable":true,"href":"https:\/\/www.drespredeti.com\/nl\/wp-json\/wp\/v2\/media\/5505"}],"wp:attachment":[{"href":"https:\/\/www.drespredeti.com\/nl\/wp-json\/wp\/v2\/media?parent=5503"}],"wp:term":[{"taxonomy":"product_brand","embeddable":true,"href":"https:\/\/www.drespredeti.com\/nl\/wp-json\/wp\/v2\/product_brand?post=5503"},{"taxonomy":"product_cat","embeddable":true,"href":"https:\/\/www.drespredeti.com\/nl\/wp-json\/wp\/v2\/product_cat?post=5503"},{"taxonomy":"product_tag","embeddable":true,"href":"https:\/\/www.drespredeti.com\/nl\/wp-json\/wp\/v2\/product_tag?post=5503"}],"curies":[{"name":"wp","href":"https:\/\/api.w.org\/{rel}","templated":true}]}}