{"id":5491,"date":"2026-02-28T11:45:39","date_gmt":"2026-02-28T10:45:39","guid":{"rendered":"https:\/\/www.futbalovedresysk.com\/?post_type=product&#038;p=5491"},"modified":"2026-02-28T11:45:40","modified_gmt":"2026-02-28T10:45:40","slug":"detske-dres-wolves-jorgen-strand-larsen-9-2025-26-prec-komplet","status":"publish","type":"product","link":"https:\/\/www.drespredeti.com\/nl\/detske-dres-wolves-jorgen-strand-larsen-9-2025-26-prec-komplet\/","title":{"rendered":"Kinder Wolves Jorgen Strand Larsen #9 2025-26 Uit Compleet"},"content":{"rendered":"<h2>Kinder Wolves Jorgen Strand Larsen #9 2025-26 Uit Compleet<\/h2>\n<h3>Buitenkledingset voor seizoen 2025-26<\/h3>\n<p><strong>Kinder Wolves-tenue 2025-26<\/strong> in Pre\u010d Komplet uitvoering zijn ontworpen voor jonge fans die de kleuren van het team ook willen dragen bij wedstrijden buiten het thuissportveld. Modern exterieurontwerp oogt stijlvol en onderscheidt zich van traditionele modellen.<\/p>\n<h3>Jorgen Strand Larsen #9 \u2013 opvallend detail op het shirt<\/h3>\n<p>Deze Kindervoetbalset<strong>\u00a0Wolves 2025-26<\/strong> de complete set is voorzien van de naam Jorgen Strand Larsen en het nummer 9 op de achterkant. De afdruk is nauwkeurig uitgevoerd, duurzaam en geschikt voor regelmatig dragen gedurende het hele seizoen.<\/p>\n<h3>Kwalitatief materiaal voor actieve kinderen<\/h3>\n<p>Elke Kindervoetbalset<strong>\u00a0Wolves 2025-26<\/strong> ze zijn gemaakt van ademende stof die comfort tijdens beweging ondersteunt. Het materiaal is zacht, droogt snel en zorgt voor comfort bij training, spel en vrije tijd.<\/p>\n<h3>Mogelijkheid voor persoonlijke personalisatie<\/h3>\n<p>Naast de standaardafdruk is het mogelijk <strong>Kinder Wolves-tenue 2025-26<\/strong> mogelijk aangepast met eigen naam en nummer. Personalisatie maakt het mogelijk een unieke voetbalset te cre\u00ebren precies naar de wensen van de jonge fan.<\/p>\n<h3>Geweldige keuze voor jonge Wolves-fans<\/h3>\n<p>Als je op zoek bent naar stijl <strong>Kinder Wolves-tenue 2025-26<\/strong>, De Pre\u010d Komplet-versie combineert een moderne uitstraling, comfort en de mogelijkheid om naam en nummer in \u00e9\u00e9n product aan te passen.<\/p>","protected":false},"excerpt":{"rendered":"<p>Detsk\u00e9 dres Wolves Jorgen Strand Larsen #9 2025-26 Pre\u010d Komplet Vonkaj\u0161\u00ed komplet pre sez\u00f3nu 2025-26 Detsk\u00e9 dres Wolves 2025-26 v preveden\u00ed Pre\u010d Komplet s\u00fa navrhnut\u00e9 pre mlad\u00fdch fan\u00fa\u0161ikov, ktor\u00ed chc\u00fa nosi\u0165 farby t\u00edmu aj na z\u00e1pasoch mimo dom\u00e1ceho \u0161tadi\u00f3na. Modern\u00fd vonkaj\u0161\u00ed dizajn p\u00f4sob\u00ed \u0161t\u00fdlovo a odli\u0161uje sa od tradi\u010dn\u00fdch modelov. Jorgen Strand Larsen #9 \u2013 [&hellip;]<\/p>","protected":false},"featured_media":5493,"comment_status":"open","ping_status":"closed","template":"","meta":{"site-sidebar-layout":"default","site-content-layout":"","ast-site-content-layout":"default","site-content-style":"default","site-sidebar-style":"default","ast-global-header-display":"","ast-banner-title-visibility":"","ast-main-header-display":"","ast-hfb-above-header-display":"","ast-hfb-below-header-display":"","ast-hfb-mobile-header-display":"","site-post-title":"","ast-breadcrumbs-content":"","ast-featured-img":"","footer-sml-layout":"","theme-transparent-header-meta":"default","adv-header-id-meta":"","stick-header-meta":"","header-above-stick-meta":"","header-main-stick-meta":"","header-below-stick-meta":"","astra-migrate-meta-layouts":"set","ast-page-background-enabled":"default","ast-page-background-meta":{"desktop":{"background-color":"var(--ast-global-color-4)","background-image":"","background-repeat":"repeat","background-position":"center center","background-size":"auto","background-attachment":"scroll","background-type":"","background-media":"","overlay-type":"","overlay-color":"","overlay-opacity":"","overlay-gradient":""},"tablet":{"background-color":"","background-image":"","background-repeat":"repeat","background-position":"center center","background-size":"auto","background-attachment":"scroll","background-type":"","background-media":"","overlay-type":"","overlay-color":"","overlay-opacity":"","overlay-gradient":""},"mobile":{"background-color":"","background-image":"","background-repeat":"repeat","background-position":"center center","background-size":"auto","background-attachment":"scroll","background-type":"","background-media":"","overlay-type":"","overlay-color":"","overlay-opacity":"","overlay-gradient":""}},"ast-content-background-meta":{"desktop":{"background-color":"var(--ast-global-color-5)","background-image":"","background-repeat":"repeat","background-position":"center center","background-size":"auto","background-attachment":"scroll","background-type":"","background-media":"","overlay-type":"","overlay-color":"","overlay-opacity":"","overlay-gradient":""},"tablet":{"background-color":"var(--ast-global-color-5)","background-image":"","background-repeat":"repeat","background-position":"center center","background-size":"auto","background-attachment":"scroll","background-type":"","background-media":"","overlay-type":"","overlay-color":"","overlay-opacity":"","overlay-gradient":""},"mobile":{"background-color":"var(--ast-global-color-5)","background-image":"","background-repeat":"repeat","background-position":"center center","background-size":"auto","background-attachment":"scroll","background-type":"","background-media":"","overlay-type":"","overlay-color":"","overlay-opacity":"","overlay-gradient":""}}},"product_brand":[],"product_cat":[92],"product_tag":[600,602,604,609,605,607,608,606,601,603],"class_list":{"0":"post-5491","1":"product","2":"type-product","3":"status-publish","4":"has-post-thumbnail","6":"product_cat-detske-dres-wolves","7":"product_tag-detske-dres-wolves-2025-26","8":"product_tag-detsky-dres-wolves","9":"product_tag-detsky-futbalovy-komplet-wolves","10":"product_tag-jorgen-strand-larsen-dres","11":"product_tag-personalizovany-detsky-dres-wolves","12":"product_tag-sportovy-dres-wolves-pre-deti","13":"product_tag-wolves-2025-26-detska-kolekcia","14":"product_tag-wolves-detsky-dres-s-menom-a-cislom","15":"product_tag-wolves-detsky-komplet","16":"product_tag-wolves-dres-deti","17":"desktop-align-left","18":"tablet-align-left","19":"mobile-align-left","21":"first","22":"instock","23":"shipping-taxable","24":"purchasable","25":"product-type-variable"},"_links":{"self":[{"href":"https:\/\/www.drespredeti.com\/nl\/wp-json\/wp\/v2\/product\/5491","targetHints":{"allow":["GET"]}}],"collection":[{"href":"https:\/\/www.drespredeti.com\/nl\/wp-json\/wp\/v2\/product"}],"about":[{"href":"https:\/\/www.drespredeti.com\/nl\/wp-json\/wp\/v2\/types\/product"}],"replies":[{"embeddable":true,"href":"https:\/\/www.drespredeti.com\/nl\/wp-json\/wp\/v2\/comments?post=5491"}],"wp:featuredmedia":[{"embeddable":true,"href":"https:\/\/www.drespredeti.com\/nl\/wp-json\/wp\/v2\/media\/5493"}],"wp:attachment":[{"href":"https:\/\/www.drespredeti.com\/nl\/wp-json\/wp\/v2\/media?parent=5491"}],"wp:term":[{"taxonomy":"product_brand","embeddable":true,"href":"https:\/\/www.drespredeti.com\/nl\/wp-json\/wp\/v2\/product_brand?post=5491"},{"taxonomy":"product_cat","embeddable":true,"href":"https:\/\/www.drespredeti.com\/nl\/wp-json\/wp\/v2\/product_cat?post=5491"},{"taxonomy":"product_tag","embeddable":true,"href":"https:\/\/www.drespredeti.com\/nl\/wp-json\/wp\/v2\/product_tag?post=5491"}],"curies":[{"name":"wp","href":"https:\/\/api.w.org\/{rel}","templated":true}]}}