{"id":5475,"date":"2026-02-28T11:40:05","date_gmt":"2026-02-28T10:40:05","guid":{"rendered":"https:\/\/www.futbalovedresysk.com\/?post_type=product&#038;p=5475"},"modified":"2026-02-28T11:43:12","modified_gmt":"2026-02-28T10:43:12","slug":"detske-dres-wolves-2025-26-domaci-komplet","status":"publish","type":"product","link":"https:\/\/www.drespredeti.com\/nl\/detske-dres-wolves-2025-26-domaci-komplet\/","title":{"rendered":"Kinder Wolves-glee thuisset 2025-26"},"content":{"rendered":"<h2>Kinder Wolves-glee thuisset 2025-26<\/h2>\n<h3>Klassiek thuiscompleet voor jonge fans<\/h3>\n<p><strong>Kinder Wolves-tenue 2025-26<\/strong> in huisstijl brengen ze de traditionele clublook aan die is aangepast aan kinderen. De set bevat een shirt en een short in \u00e9\u00e9n stijl, waardoor jonge spelers het authentieke voetbalgevoel kunnen ervaren gedurende het hele seizoen.<\/p>\n<h3>Comfort aangepast aan kinderen<\/h3>\n<p>Elke Kindervoetbalset<strong>\u00a0Wolves 2025-26<\/strong> wordt gemaakt van lichte, ademende stof die natuurlijke beweging ondersteunt. Elastische tailleband in de short en een comfortabele pasvorm zorgen voor bewegingsvrijheid tijdens het spelen, trainen en gewoon dragen.<\/p>\n<h3>Personalisatie van naam en nummer<\/h3>\n<p>Naast de standaardversie is het mogelijk Kindervoetbalset<strong>\u00a0Wolves 2025-26<\/strong> aan te passen met eigen naam en nummer naar wens. Maak een unieke set die de steun voor team Wolves nog beter benadrukt.<\/p>\n<h3>Ideaal cadeau voor seizoen 2025-26<\/h3>\n<p>Als u op zoek bent naar kwaliteit <strong>Kinder Wolves-tenue 2025-26<\/strong>, thuis compleet met naam is een geweldige keuze voor elke jonge fan.<\/p>","protected":false},"excerpt":{"rendered":"<p>Detsk\u00e9 dres Wolves 2025-26 Dom\u00e1ci Komplet Klasick\u00fd dom\u00e1ci komplet pre mlad\u00fdch fan\u00fa\u0161ikov Detsk\u00e9 dres Wolves 2025-26 v dom\u00e1com preveden\u00ed prin\u00e1\u0161aj\u00fa tradi\u010dn\u00fd klubov\u00fd vzh\u013ead prisp\u00f4soben\u00fd de\u0165om. Komplet obsahuje dres a \u0161ortky v jednotnom \u0161t\u00fdle, v\u010faka \u010domu si mlad\u00ed hr\u00e1\u010di m\u00f4\u017eu u\u017ei\u0165 autentick\u00fd futbalov\u00fd z\u00e1\u017eitok po\u010das celej sez\u00f3ny. Komfort prisp\u00f4soben\u00fd de\u0165om Ka\u017ed\u00e9 Detsk\u00fd futbalov\u00fd komplet\u00a0Wolves 2025-26 s\u00fa [&hellip;]<\/p>","protected":false},"featured_media":5477,"comment_status":"open","ping_status":"closed","template":"","meta":{"site-sidebar-layout":"default","site-content-layout":"","ast-site-content-layout":"default","site-content-style":"default","site-sidebar-style":"default","ast-global-header-display":"","ast-banner-title-visibility":"","ast-main-header-display":"","ast-hfb-above-header-display":"","ast-hfb-below-header-display":"","ast-hfb-mobile-header-display":"","site-post-title":"","ast-breadcrumbs-content":"","ast-featured-img":"","footer-sml-layout":"","theme-transparent-header-meta":"default","adv-header-id-meta":"","stick-header-meta":"","header-above-stick-meta":"","header-main-stick-meta":"","header-below-stick-meta":"","astra-migrate-meta-layouts":"set","ast-page-background-enabled":"default","ast-page-background-meta":{"desktop":{"background-color":"var(--ast-global-color-4)","background-image":"","background-repeat":"repeat","background-position":"center center","background-size":"auto","background-attachment":"scroll","background-type":"","background-media":"","overlay-type":"","overlay-color":"","overlay-opacity":"","overlay-gradient":""},"tablet":{"background-color":"","background-image":"","background-repeat":"repeat","background-position":"center center","background-size":"auto","background-attachment":"scroll","background-type":"","background-media":"","overlay-type":"","overlay-color":"","overlay-opacity":"","overlay-gradient":""},"mobile":{"background-color":"","background-image":"","background-repeat":"repeat","background-position":"center center","background-size":"auto","background-attachment":"scroll","background-type":"","background-media":"","overlay-type":"","overlay-color":"","overlay-opacity":"","overlay-gradient":""}},"ast-content-background-meta":{"desktop":{"background-color":"var(--ast-global-color-5)","background-image":"","background-repeat":"repeat","background-position":"center center","background-size":"auto","background-attachment":"scroll","background-type":"","background-media":"","overlay-type":"","overlay-color":"","overlay-opacity":"","overlay-gradient":""},"tablet":{"background-color":"var(--ast-global-color-5)","background-image":"","background-repeat":"repeat","background-position":"center center","background-size":"auto","background-attachment":"scroll","background-type":"","background-media":"","overlay-type":"","overlay-color":"","overlay-opacity":"","overlay-gradient":""},"mobile":{"background-color":"var(--ast-global-color-5)","background-image":"","background-repeat":"repeat","background-position":"center center","background-size":"auto","background-attachment":"scroll","background-type":"","background-media":"","overlay-type":"","overlay-color":"","overlay-opacity":"","overlay-gradient":""}}},"product_brand":[],"product_cat":[92],"product_tag":[600,602,604,605,607,608,606,601,603],"class_list":{"0":"post-5475","1":"product","2":"type-product","3":"status-publish","4":"has-post-thumbnail","6":"product_cat-detske-dres-wolves","7":"product_tag-detske-dres-wolves-2025-26","8":"product_tag-detsky-dres-wolves","9":"product_tag-detsky-futbalovy-komplet-wolves","10":"product_tag-personalizovany-detsky-dres-wolves","11":"product_tag-sportovy-dres-wolves-pre-deti","12":"product_tag-wolves-2025-26-detska-kolekcia","13":"product_tag-wolves-detsky-dres-s-menom-a-cislom","14":"product_tag-wolves-detsky-komplet","15":"product_tag-wolves-dres-deti","16":"desktop-align-left","17":"tablet-align-left","18":"mobile-align-left","20":"first","21":"instock","22":"shipping-taxable","23":"purchasable","24":"product-type-variable"},"_links":{"self":[{"href":"https:\/\/www.drespredeti.com\/nl\/wp-json\/wp\/v2\/product\/5475","targetHints":{"allow":["GET"]}}],"collection":[{"href":"https:\/\/www.drespredeti.com\/nl\/wp-json\/wp\/v2\/product"}],"about":[{"href":"https:\/\/www.drespredeti.com\/nl\/wp-json\/wp\/v2\/types\/product"}],"replies":[{"embeddable":true,"href":"https:\/\/www.drespredeti.com\/nl\/wp-json\/wp\/v2\/comments?post=5475"}],"wp:featuredmedia":[{"embeddable":true,"href":"https:\/\/www.drespredeti.com\/nl\/wp-json\/wp\/v2\/media\/5477"}],"wp:attachment":[{"href":"https:\/\/www.drespredeti.com\/nl\/wp-json\/wp\/v2\/media?parent=5475"}],"wp:term":[{"taxonomy":"product_brand","embeddable":true,"href":"https:\/\/www.drespredeti.com\/nl\/wp-json\/wp\/v2\/product_brand?post=5475"},{"taxonomy":"product_cat","embeddable":true,"href":"https:\/\/www.drespredeti.com\/nl\/wp-json\/wp\/v2\/product_cat?post=5475"},{"taxonomy":"product_tag","embeddable":true,"href":"https:\/\/www.drespredeti.com\/nl\/wp-json\/wp\/v2\/product_tag?post=5475"}],"curies":[{"name":"wp","href":"https:\/\/api.w.org\/{rel}","templated":true}]}}