{"id":5288,"date":"2026-01-17T05:28:43","date_gmt":"2026-01-17T04:28:43","guid":{"rendered":"https:\/\/www.futbalovedresysk.com\/?post_type=product&#038;p=5288"},"modified":"2026-01-17T05:28:44","modified_gmt":"2026-01-17T04:28:44","slug":"futbalove-dresy-pre-deti-inter-miami-2025-26-prec-komplet","status":"publish","type":"product","link":"https:\/\/www.drespredeti.com\/nl\/futbalove-dresy-pre-deti-inter-miami-2025-26-prec-komplet\/","title":{"rendered":"Voetbalshirts voor kinderen Inter Miami 2025-26 Uit Voorraad Compleet"},"content":{"rendered":"<h3>Futbaltr\u00f8yene foar bern Inter Miami 2025\/26 \u2013 Pre\u010d futbal kompleet mei eigena nam<\/h3>\n<p>Futbaltr\u00f8yer foar bern Inter Miami v Pre\u010d preveden\u00ed pre sez\u00f3nu 2025\/26 s\u00fa navrhnut\u00e9 pre deti, ktor\u00e9 miluj\u00fa modern\u00fd futbal a chc\u00fa nosi\u0165 farby svojho ob\u013e\u00faben\u00e9ho klubu s hrdos\u0165ou. Tento detsk\u00fd futbalov\u00fd komplet kombinuje \u0161t\u00fdlov\u00fd klubov\u00fd dizajn s praktick\u00fdmi vlastnos\u0165ami vhodn\u00fdmi pre akt\u00edvne deti.<\/p>\n<p>Het materiaal is licht, zacht aan te raken en ademend, waardoor het comfort biedt tijdens trainingen, schoolsportactiviteiten en vrijetijd. Het shirt en de short behouden hun vorm en kleur na herhaald wassen, wat langdurig gebruik garandeert.<\/p>\n<p>Een groot voordeel is de mogelijkheid om de naam en het nummer naar wens aan te passen. Het kind kan zo een shirt met eigen naam of favoriet nummer dragen, wat dit geheel tot een bijzonder stuk maakt en ook een geweldig cadeau.<\/p>\n<p><strong>Waarom kiezen voor dit kinder shirt:<\/strong><\/p>\n<ul>\n<li>Precies ontwerp Inter Miami voor seizoen 2025\/26<\/li>\n<li>Mogelijkheid tot eigen bedrukt naam en nummer<\/li>\n<li>Ademend en comfortabel materiaal, geschikt voor kinderen<\/li>\n<li>Het pakket bevat een shirt en een broek<\/li>\n<li>Ideaal voor training, spel en dagelijks dragen<\/li>\n<\/ul>\n<p>Ak h\u013ead\u00e1te kvalitn\u00e9 Futbalov\u00e9 dresy pre deti Inter Miami, tento Pre\u010d futbalov\u00fd komplet pon\u00faka ide\u00e1lnu kombin\u00e1ciu pohodlia, \u0161t\u00fdlu a personaliz\u00e1cie.<\/p>","protected":false},"excerpt":{"rendered":"<p>Voetbalshirts voor kinderen Inter Miami 2025\/26 \u2013 Thuis voetbalkit met eigen naam Voetbalshirts voor kinderen Inter Miami in thuisuitvoering voor seizoen 2025\/26 zijn ontworpen voor kinderen die dol zijn op modern voetbal en de kleuren van hun favoriete club met trots willen dragen. Dit kinderkick combineert stijlvol clubontwerp met praktische kenmerken geschikt voor [\u2026]<\/p>","protected":false},"featured_media":5290,"comment_status":"open","ping_status":"closed","template":"","meta":{"site-sidebar-layout":"default","site-content-layout":"","ast-site-content-layout":"default","site-content-style":"default","site-sidebar-style":"default","ast-global-header-display":"","ast-banner-title-visibility":"","ast-main-header-display":"","ast-hfb-above-header-display":"","ast-hfb-below-header-display":"","ast-hfb-mobile-header-display":"","site-post-title":"","ast-breadcrumbs-content":"","ast-featured-img":"","footer-sml-layout":"","theme-transparent-header-meta":"default","adv-header-id-meta":"","stick-header-meta":"","header-above-stick-meta":"","header-main-stick-meta":"","header-below-stick-meta":"","astra-migrate-meta-layouts":"set","ast-page-background-enabled":"default","ast-page-background-meta":{"desktop":{"background-color":"var(--ast-global-color-4)","background-image":"","background-repeat":"repeat","background-position":"center center","background-size":"auto","background-attachment":"scroll","background-type":"","background-media":"","overlay-type":"","overlay-color":"","overlay-opacity":"","overlay-gradient":""},"tablet":{"background-color":"","background-image":"","background-repeat":"repeat","background-position":"center center","background-size":"auto","background-attachment":"scroll","background-type":"","background-media":"","overlay-type":"","overlay-color":"","overlay-opacity":"","overlay-gradient":""},"mobile":{"background-color":"","background-image":"","background-repeat":"repeat","background-position":"center center","background-size":"auto","background-attachment":"scroll","background-type":"","background-media":"","overlay-type":"","overlay-color":"","overlay-opacity":"","overlay-gradient":""}},"ast-content-background-meta":{"desktop":{"background-color":"var(--ast-global-color-5)","background-image":"","background-repeat":"repeat","background-position":"center center","background-size":"auto","background-attachment":"scroll","background-type":"","background-media":"","overlay-type":"","overlay-color":"","overlay-opacity":"","overlay-gradient":""},"tablet":{"background-color":"var(--ast-global-color-5)","background-image":"","background-repeat":"repeat","background-position":"center center","background-size":"auto","background-attachment":"scroll","background-type":"","background-media":"","overlay-type":"","overlay-color":"","overlay-opacity":"","overlay-gradient":""},"mobile":{"background-color":"var(--ast-global-color-5)","background-image":"","background-repeat":"repeat","background-position":"center center","background-size":"auto","background-attachment":"scroll","background-type":"","background-media":"","overlay-type":"","overlay-color":"","overlay-opacity":"","overlay-gradient":""}}},"product_brand":[],"product_cat":[85],"product_tag":[130,191,170,231,232],"class_list":{"0":"post-5288","1":"product","2":"type-product","3":"status-publish","4":"has-post-thumbnail","6":"product_cat-detske-dres-inter-miami","7":"product_tag-detske-futbalove-dresy","8":"product_tag-detsky-dres-s-vlastnym-menom-a-cislom","9":"product_tag-detsky-futbalovy-komplet","10":"product_tag-futbalove-dresy-pre-deti-inter-miami","11":"product_tag-futbalovy-set-pre-deti","12":"desktop-align-left","13":"tablet-align-left","14":"mobile-align-left","16":"first","17":"instock","18":"shipping-taxable","19":"purchasable","20":"product-type-variable"},"_links":{"self":[{"href":"https:\/\/www.drespredeti.com\/nl\/wp-json\/wp\/v2\/product\/5288","targetHints":{"allow":["GET"]}}],"collection":[{"href":"https:\/\/www.drespredeti.com\/nl\/wp-json\/wp\/v2\/product"}],"about":[{"href":"https:\/\/www.drespredeti.com\/nl\/wp-json\/wp\/v2\/types\/product"}],"replies":[{"embeddable":true,"href":"https:\/\/www.drespredeti.com\/nl\/wp-json\/wp\/v2\/comments?post=5288"}],"wp:featuredmedia":[{"embeddable":true,"href":"https:\/\/www.drespredeti.com\/nl\/wp-json\/wp\/v2\/media\/5290"}],"wp:attachment":[{"href":"https:\/\/www.drespredeti.com\/nl\/wp-json\/wp\/v2\/media?parent=5288"}],"wp:term":[{"taxonomy":"product_brand","embeddable":true,"href":"https:\/\/www.drespredeti.com\/nl\/wp-json\/wp\/v2\/product_brand?post=5288"},{"taxonomy":"product_cat","embeddable":true,"href":"https:\/\/www.drespredeti.com\/nl\/wp-json\/wp\/v2\/product_cat?post=5288"},{"taxonomy":"product_tag","embeddable":true,"href":"https:\/\/www.drespredeti.com\/nl\/wp-json\/wp\/v2\/product_tag?post=5288"}],"curies":[{"name":"wp","href":"https:\/\/api.w.org\/{rel}","templated":true}]}}