{"id":5272,"date":"2026-01-31T08:11:11","date_gmt":"2026-01-31T07:11:11","guid":{"rendered":"https:\/\/www.futbalovedresysk.com\/?post_type=product&#038;p=5272"},"modified":"2026-01-31T08:11:12","modified_gmt":"2026-01-31T07:11:12","slug":"detsky-futbalovy-dres-everton-dwight-mcneil-7-2025-26-domaci-komplet","status":"publish","type":"product","link":"https:\/\/www.drespredeti.com\/nl\/detsky-futbalovy-dres-everton-dwight-mcneil-7-2025-26-domaci-komplet\/","title":{"rendered":"D\u011btsk\u00fd fotbalov\u00fd dres Everton Dwight McNeil #7 2025-26 Dom\u00e1c\u00ed Kompletn\u00ed"},"content":{"rendered":"<h3>Kindervoetbalshirt Everton Dwight McNeil #7 2025\/26 Thuis \u2013 Volledige voetbalset voor kinderen<\/h3>\n<p><strong>Klassiek thuisshirt van Everton voor het seizoen 2025\/26<\/strong><\/p>\n<p>Het kinder voetbalshirt Everton 2025-26 thuisversie belichaamt de traditionele stijl van de club uit Goodison Park in een moderne kinderversie. Het ontwerp is gebaseerd op het thuisshirt van het seizoen 2025\/26 en is ideaal voor jonge fans die trots de clubkleuren elke dag willen dragen.<\/p>\n<p><strong>Complete set met authentieke details<\/strong><\/p>\n<p>Dit Kindervoetbalshirt Everton 2025-26 bevat een kortmouwshirt en bijpassende shorts. Op de rug staat de naam Dwight McNeil en het nummer 7, wat de set een professionele spelerslook geeft. De details zijn ontworpen om realistisch over te komen en tegelijkertijd geschikt voor kinderen om te dragen.<\/p>\n<p><strong>Aangenaam materiaal geschikt voor de hele dag dragen<\/strong><\/p>\n<p>Komplet je vyroben\u00fd z m\u00e4kkej, \u013eahkej a priedu\u0161nej tkaniny, ktor\u00e1 zabezpe\u010duje komfort pri \u0161porte aj vo vo\u013enom \u010dase. Materi\u00e1l je \u0161etrn\u00fd k detskej poko\u017eke, r\u00fdchlo schne a zachov\u00e1va si tvar aj farbu po opakovanom pran\u00ed. Detsk\u00fd futbalov\u00fd dres Everton 2025-26 je praktick\u00fd a odoln\u00fd z\u00e1rove\u0148.<\/p>\n<p><strong>Mogelijkheid tot personalisatie \u2013 eigen naam en nummer<\/strong><\/p>\n<p>S\u00fa\u010das\u0165ou ponuky je mo\u017enos\u0165 prida\u0165 vlastn\u00e9 meno a \u010d\u00edslo, v\u010faka \u010domu sa detsk\u00e9 futbalove dresy Everton 2025-26 st\u00e1va osobn\u00fdm k\u00faskom presne pod\u013ea \u017eelania die\u0165a\u0165a. Ide\u00e1lne rie\u0161enie pre mal\u00fdch futbalistov aj ako origin\u00e1lny dar\u010dek.<\/p>\n<p><strong>Ideale keuze voor Everton fans<\/strong><\/p>\n<p>Ak h\u013ead\u00e1te kvalitn\u00fd, pohodln\u00fd a \u0161t\u00fdlov\u00fd Detsk\u00fd futbalov\u00fd dres Everton 2025-26 v dom\u00e1cej verzii, tento komplet sp\u00e1ja klubov\u00fa trad\u00edciu, modern\u00fd komfort a personaliz\u00e1ciu v jednom produkte.<\/p>","protected":false},"excerpt":{"rendered":"<p>Detsk\u00fd futbalov\u00fd dres Everton Michael Keane #5 2025\/26 Dom\u00e1ci \u2013 Kompletn\u00fd futbalov\u00fd set pre deti Klasick\u00fd dom\u00e1ci dres Evertonu pre sez\u00f3nu 2025\/26 Detsk\u00fd futbalov\u00fd dres Everton 2025-26 v dom\u00e1cej verzii steles\u0148uje tradi\u010dn\u00fd \u0161t\u00fdl klubu z Goodison Parku v modernom detskom preveden\u00ed. Dizajn vych\u00e1dza z dom\u00e1ceho dresu sez\u00f3ny 2025\/26 a je ide\u00e1lny pre mlad\u00fdch fan\u00fa\u0161ikov, ktor\u00ed [\u2026])<\/p>","protected":false},"featured_media":5274,"comment_status":"open","ping_status":"closed","template":"","meta":{"site-sidebar-layout":"default","site-content-layout":"","ast-site-content-layout":"default","site-content-style":"default","site-sidebar-style":"default","ast-global-header-display":"","ast-banner-title-visibility":"","ast-main-header-display":"","ast-hfb-above-header-display":"","ast-hfb-below-header-display":"","ast-hfb-mobile-header-display":"","site-post-title":"","ast-breadcrumbs-content":"","ast-featured-img":"","footer-sml-layout":"","theme-transparent-header-meta":"default","adv-header-id-meta":"","stick-header-meta":"","header-above-stick-meta":"","header-main-stick-meta":"","header-below-stick-meta":"","astra-migrate-meta-layouts":"set","ast-page-background-enabled":"default","ast-page-background-meta":{"desktop":{"background-color":"var(--ast-global-color-4)","background-image":"","background-repeat":"repeat","background-position":"center center","background-size":"auto","background-attachment":"scroll","background-type":"","background-media":"","overlay-type":"","overlay-color":"","overlay-opacity":"","overlay-gradient":""},"tablet":{"background-color":"","background-image":"","background-repeat":"repeat","background-position":"center center","background-size":"auto","background-attachment":"scroll","background-type":"","background-media":"","overlay-type":"","overlay-color":"","overlay-opacity":"","overlay-gradient":""},"mobile":{"background-color":"","background-image":"","background-repeat":"repeat","background-position":"center center","background-size":"auto","background-attachment":"scroll","background-type":"","background-media":"","overlay-type":"","overlay-color":"","overlay-opacity":"","overlay-gradient":""}},"ast-content-background-meta":{"desktop":{"background-color":"var(--ast-global-color-5)","background-image":"","background-repeat":"repeat","background-position":"center center","background-size":"auto","background-attachment":"scroll","background-type":"","background-media":"","overlay-type":"","overlay-color":"","overlay-opacity":"","overlay-gradient":""},"tablet":{"background-color":"var(--ast-global-color-5)","background-image":"","background-repeat":"repeat","background-position":"center center","background-size":"auto","background-attachment":"scroll","background-type":"","background-media":"","overlay-type":"","overlay-color":"","overlay-opacity":"","overlay-gradient":""},"mobile":{"background-color":"var(--ast-global-color-5)","background-image":"","background-repeat":"repeat","background-position":"center center","background-size":"auto","background-attachment":"scroll","background-type":"","background-media":"","overlay-type":"","overlay-color":"","overlay-opacity":"","overlay-gradient":""}}},"product_brand":[],"product_cat":[84],"product_tag":[191,294,444,445,448,456,446,447],"class_list":{"0":"post-5272","1":"product","2":"type-product","3":"status-publish","4":"has-post-thumbnail","6":"product_cat-detske-dres-everton","7":"product_tag-detsky-dres-s-vlastnym-menom-a-cislom","8":"product_tag-detsky-futbalovy-dres-2025-26","9":"product_tag-detsky-futbalovy-dres-everton-2025-26","10":"product_tag-detsky-futbalovy-komplet-everton","11":"product_tag-detsky-futbalovy-set-premier-league","12":"product_tag-dwight-mcneil-dres","13":"product_tag-everton-dres-pre-deti-premier-league","14":"product_tag-futbalovy-dres-pre-deti-everton","15":"desktop-align-left","16":"tablet-align-left","17":"mobile-align-left","19":"first","20":"instock","21":"shipping-taxable","22":"purchasable","23":"product-type-variable"},"_links":{"self":[{"href":"https:\/\/www.drespredeti.com\/nl\/wp-json\/wp\/v2\/product\/5272","targetHints":{"allow":["GET"]}}],"collection":[{"href":"https:\/\/www.drespredeti.com\/nl\/wp-json\/wp\/v2\/product"}],"about":[{"href":"https:\/\/www.drespredeti.com\/nl\/wp-json\/wp\/v2\/types\/product"}],"replies":[{"embeddable":true,"href":"https:\/\/www.drespredeti.com\/nl\/wp-json\/wp\/v2\/comments?post=5272"}],"wp:featuredmedia":[{"embeddable":true,"href":"https:\/\/www.drespredeti.com\/nl\/wp-json\/wp\/v2\/media\/5274"}],"wp:attachment":[{"href":"https:\/\/www.drespredeti.com\/nl\/wp-json\/wp\/v2\/media?parent=5272"}],"wp:term":[{"taxonomy":"product_brand","embeddable":true,"href":"https:\/\/www.drespredeti.com\/nl\/wp-json\/wp\/v2\/product_brand?post=5272"},{"taxonomy":"product_cat","embeddable":true,"href":"https:\/\/www.drespredeti.com\/nl\/wp-json\/wp\/v2\/product_cat?post=5272"},{"taxonomy":"product_tag","embeddable":true,"href":"https:\/\/www.drespredeti.com\/nl\/wp-json\/wp\/v2\/product_tag?post=5272"}],"curies":[{"name":"wp","href":"https:\/\/api.w.org\/{rel}","templated":true}]}}