{"id":5178,"date":"2026-01-31T07:59:48","date_gmt":"2026-01-31T06:59:48","guid":{"rendered":"https:\/\/www.futbalovedresysk.com\/?post_type=product&#038;p=5178"},"modified":"2026-01-31T07:59:49","modified_gmt":"2026-01-31T06:59:49","slug":"detsky-futbalovy-dres-everton-2025-26-prec-komplet","status":"publish","type":"product","link":"https:\/\/www.drespredeti.com\/nl\/detsky-futbalovy-dres-everton-2025-26-prec-komplet\/","title":{"rendered":"D\u011btsk\u00fd fotbalov\u00fd dres Everton 2025-26 Venku Kompletn\u00ed"},"content":{"rendered":"<h3>Kinder voetbalshirt Everton 2025\/26 Vooruit Ga uit \u2013 Volledige set shirt + korte<\/h3>\n<p><strong>Uit Voorverkoop Everton-shirt 2025\/26 voor kinderen<\/strong><\/p>\n<p>Kinder voetbalshirt Everton 2025-26 in uit-uitvoering brengt een moderne en dynamische look die voortkomt uit het Everton-design voor het seizoen 2025\/26. Het is bedoeld voor jonge fans die de club ook willen ondersteunen buiten het thuisstadion en tegelijkertijd van comfort tijdens het spelen willen genieten.<\/p>\n<p><strong>Functioneel materiaal en comfortabele pasvorm<\/strong><\/p>\n<p>Komplet je vyroben\u00fd z \u013eahk\u00e9ho, priedu\u0161n\u00e9ho a r\u00fdchloschn\u00faceho materi\u00e1lu, ktor\u00fd \u00fa\u010dinne odv\u00e1dza vlhkos\u0165 a udr\u017eiava poko\u017eku v suchu. Premyslen\u00fd strih podporuje vo\u013enos\u0165 pohybu a zais\u0165uje pohodlie po\u010das tr\u00e9ningu, z\u00e1pasu aj vo\u013eno\u010dasov\u00fdch aktiv\u00edt. Detsk\u00fd futbalov\u00fd dres Everton 2025-26 je vhodn\u00fd na akt\u00edvne nosenie po cel\u00fd de\u0148.<\/p>\n<p><strong>Mogelijkheid tot personalisatie \u2013 eigen naam en nummer<\/strong><\/p>\n<p>Een groot voordeel is de mogelijkheid om het shirt aan te passen met eigen naam en nummer. Daardoor wordt het Kinder voetbalshirt Everton 2025-26 een uniek item dat elk kind zal liefhebben. Geweldige keuze ook als origineel cadeau.<\/p>\n<p><strong>Geweldig cadeau voor jonge Premier League-fans<\/strong><\/p>\n<p>Ak h\u013ead\u00e1te kvalitn\u00fd a \u0161t\u00fdlov\u00fd detske futbalove dresy Everton 2025-26 v pre\u010d verzii, tento komplet sp\u00e1ja dizajn, pohodlie a mo\u017enos\u0165 personaliz\u00e1cie \u2013 ide\u00e1lny pre ka\u017ed\u00e9ho mlad\u00e9ho fan\u00fa\u0161ika Evertonu.<\/p>","protected":false},"excerpt":{"rendered":"<p>Detsk\u00fd futbalov\u00fd dres Everton 2025\/26 Pre\u010d \u2013 Kompletn\u00fd set dres + \u0161ortky Pre\u010d dres Evertonu 2025\/26 pre deti Detsk\u00fd futbalov\u00fd dres Everton 2025-26 v pre\u010d (away) verzii prin\u00e1\u0161a modern\u00fd a dynamick\u00fd vzh\u013ead, ktor\u00fd vych\u00e1dza z dizajnu Evertonu pre sez\u00f3nu 2025\/26. Je ur\u010den\u00fd pre mlad\u00fdch fan\u00fa\u0161ikov, ktor\u00ed chc\u00fa podporova\u0165 klub aj mimo dom\u00e1ceho \u0161tadi\u00f3na a z\u00e1rove\u0148 [&hellip;]<\/p>","protected":false},"featured_media":5180,"comment_status":"open","ping_status":"closed","template":"","meta":{"site-sidebar-layout":"default","site-content-layout":"","ast-site-content-layout":"default","site-content-style":"default","site-sidebar-style":"default","ast-global-header-display":"","ast-banner-title-visibility":"","ast-main-header-display":"","ast-hfb-above-header-display":"","ast-hfb-below-header-display":"","ast-hfb-mobile-header-display":"","site-post-title":"","ast-breadcrumbs-content":"","ast-featured-img":"","footer-sml-layout":"","theme-transparent-header-meta":"default","adv-header-id-meta":"","stick-header-meta":"","header-above-stick-meta":"","header-main-stick-meta":"","header-below-stick-meta":"","astra-migrate-meta-layouts":"set","ast-page-background-enabled":"default","ast-page-background-meta":{"desktop":{"background-color":"var(--ast-global-color-4)","background-image":"","background-repeat":"repeat","background-position":"center center","background-size":"auto","background-attachment":"scroll","background-type":"","background-media":"","overlay-type":"","overlay-color":"","overlay-opacity":"","overlay-gradient":""},"tablet":{"background-color":"","background-image":"","background-repeat":"repeat","background-position":"center center","background-size":"auto","background-attachment":"scroll","background-type":"","background-media":"","overlay-type":"","overlay-color":"","overlay-opacity":"","overlay-gradient":""},"mobile":{"background-color":"","background-image":"","background-repeat":"repeat","background-position":"center center","background-size":"auto","background-attachment":"scroll","background-type":"","background-media":"","overlay-type":"","overlay-color":"","overlay-opacity":"","overlay-gradient":""}},"ast-content-background-meta":{"desktop":{"background-color":"var(--ast-global-color-5)","background-image":"","background-repeat":"repeat","background-position":"center center","background-size":"auto","background-attachment":"scroll","background-type":"","background-media":"","overlay-type":"","overlay-color":"","overlay-opacity":"","overlay-gradient":""},"tablet":{"background-color":"var(--ast-global-color-5)","background-image":"","background-repeat":"repeat","background-position":"center center","background-size":"auto","background-attachment":"scroll","background-type":"","background-media":"","overlay-type":"","overlay-color":"","overlay-opacity":"","overlay-gradient":""},"mobile":{"background-color":"var(--ast-global-color-5)","background-image":"","background-repeat":"repeat","background-position":"center center","background-size":"auto","background-attachment":"scroll","background-type":"","background-media":"","overlay-type":"","overlay-color":"","overlay-opacity":"","overlay-gradient":""}}},"product_brand":[],"product_cat":[84],"product_tag":[191,294,444,445,448,446,447],"class_list":{"0":"post-5178","1":"product","2":"type-product","3":"status-publish","4":"has-post-thumbnail","6":"product_cat-detske-dres-everton","7":"product_tag-detsky-dres-s-vlastnym-menom-a-cislom","8":"product_tag-detsky-futbalovy-dres-2025-26","9":"product_tag-detsky-futbalovy-dres-everton-2025-26","10":"product_tag-detsky-futbalovy-komplet-everton","11":"product_tag-detsky-futbalovy-set-premier-league","12":"product_tag-everton-dres-pre-deti-premier-league","13":"product_tag-futbalovy-dres-pre-deti-everton","14":"desktop-align-left","15":"tablet-align-left","16":"mobile-align-left","18":"first","19":"instock","20":"shipping-taxable","21":"purchasable","22":"product-type-variable"},"_links":{"self":[{"href":"https:\/\/www.drespredeti.com\/nl\/wp-json\/wp\/v2\/product\/5178","targetHints":{"allow":["GET"]}}],"collection":[{"href":"https:\/\/www.drespredeti.com\/nl\/wp-json\/wp\/v2\/product"}],"about":[{"href":"https:\/\/www.drespredeti.com\/nl\/wp-json\/wp\/v2\/types\/product"}],"replies":[{"embeddable":true,"href":"https:\/\/www.drespredeti.com\/nl\/wp-json\/wp\/v2\/comments?post=5178"}],"wp:featuredmedia":[{"embeddable":true,"href":"https:\/\/www.drespredeti.com\/nl\/wp-json\/wp\/v2\/media\/5180"}],"wp:attachment":[{"href":"https:\/\/www.drespredeti.com\/nl\/wp-json\/wp\/v2\/media?parent=5178"}],"wp:term":[{"taxonomy":"product_brand","embeddable":true,"href":"https:\/\/www.drespredeti.com\/nl\/wp-json\/wp\/v2\/product_brand?post=5178"},{"taxonomy":"product_cat","embeddable":true,"href":"https:\/\/www.drespredeti.com\/nl\/wp-json\/wp\/v2\/product_cat?post=5178"},{"taxonomy":"product_tag","embeddable":true,"href":"https:\/\/www.drespredeti.com\/nl\/wp-json\/wp\/v2\/product_tag?post=5178"}],"curies":[{"name":"wp","href":"https:\/\/api.w.org\/{rel}","templated":true}]}}