{"id":5166,"date":"2026-02-12T09:35:41","date_gmt":"2026-02-12T08:35:41","guid":{"rendered":"https:\/\/www.futbalovedresysk.com\/?post_type=product&#038;p=5166"},"modified":"2026-02-12T09:35:42","modified_gmt":"2026-02-12T08:35:42","slug":"futbalovy-dres-detsky-celtic-2025-26-prec","status":"publish","type":"product","link":"https:\/\/www.drespredeti.com\/nl\/futbalovy-dres-detsky-celtic-2025-26-prec\/","title":{"rendered":"Futbalov\u00fd dres detsky Celtic 2025-26 Vooruit"},"content":{"rendered":"<section class=\"product-description\">\n<h2>Futbalov\u00fd dres detsky Celtic 2025-26 Vooruit<\/h2>\n<p><strong>Voetbalshirt voor kinderen Celtic 2025-26<\/strong> Pre\u010d je officieel ge\u00efnspireerd op de buitenkant (away) uitvoering van de Schotse topclub voor het seizoen 2025-26. Dit kindermodel combineert een moderne look met functionele materialen om jonge fans maximaal comfort te bieden tijdens sport en dagelijks gebruik.<\/p>\n<h3>\u26bd Buitenontwerp seizoen 2025-26<\/h3>\n<p><strong>Voetbalshirt voor kinderen Celtic 2025-26<\/strong> Pre\u010d onderscheidt zich van de thuisversie door een originele kleurencombinatie en dynamische details. Het clublogo van Celtic FC op de borst onderstreept het authentieke karakter van het shirt, terwijl een moderne pasvorm natuurlijke beweging tijdens het spel garandeert.<\/p>\n<h3>\ud83c\udf2c\ufe0f Licht en ademend materiaal<\/h3>\n<p>Het jeugdvoetbalshirt is gemaakt van kwaliteits polyester, dat effici\u00ebnt vocht afvoert en snel droogt. Het materiaal is zacht, comfortabel en geschikt voor trainingen, schoolachtige sportactiviteiten en vrije tijd. Het jeugdvoetbalset<strong>\u00a0Celtic 2025-26<\/strong> biedt comfort gedurende de hele dag.<\/p>\n<h3>\ud83c\udfa8 Personaliseer naam en nummer<\/h3>\n<p>Bij bestelling kunt u uw eigen naam en nummer op de achterkant van het shirt laten zetten. Dankzij deze mogelijkheid wordt het Detsk\u00fd dres<strong>\u00a0Celtic 2025-26<\/strong> nog persoonlijker en uniek. Ideale keuze als cadeau voor een jonge Celtic FC-fan.<\/p>\n<h3>\ud83d\udccf Verschillende kindermaten<\/h3>\n<p>Het model is beschikbaar in een breed scala aan kindermaten. Voorafgaand aan de aankoop raden wij aan de maattabel te controleren, zodat <strong>Voetbalshirt voor kinderen Celtic 2025-26<\/strong> het perfect past en comfort bij elke beweging garandeert.<\/p>\n<\/section>","protected":false},"excerpt":{"rendered":"<p>Futbalovy dres detsky Celtic 2025-26 Pre\u010d Futbalovy dres detsky Celtic 2025-26 Pre\u010d je ofici\u00e1lne in\u0161pirovan\u00fd vonkaj\u0161\u00edm (away) preveden\u00edm \u0161k\u00f3tskeho ve\u013ekoklubu pre sez\u00f3nu 2025-26. Tento detsk\u00fd model kombinuje modern\u00fd vzh\u013ead s funk\u010dn\u00fdmi materi\u00e1lmi, aby poskytol mlad\u00fdm fan\u00fa\u0161ikom maxim\u00e1lne pohodlie po\u010das \u0161portu aj be\u017en\u00e9ho nosenia. \u26bd Vonkaj\u0161\u00ed dizajn sez\u00f3ny 2025-26 Futbalovy dres detsky Celtic 2025-26 Pre\u010d sa [&hellip;]<\/p>","protected":false},"featured_media":5168,"comment_status":"open","ping_status":"closed","template":"","meta":{"site-sidebar-layout":"default","site-content-layout":"","ast-site-content-layout":"default","site-content-style":"default","site-sidebar-style":"default","ast-global-header-display":"","ast-banner-title-visibility":"","ast-main-header-display":"","ast-hfb-above-header-display":"","ast-hfb-below-header-display":"","ast-hfb-mobile-header-display":"","site-post-title":"","ast-breadcrumbs-content":"","ast-featured-img":"","footer-sml-layout":"","theme-transparent-header-meta":"default","adv-header-id-meta":"","stick-header-meta":"","header-above-stick-meta":"","header-main-stick-meta":"","header-below-stick-meta":"","astra-migrate-meta-layouts":"set","ast-page-background-enabled":"default","ast-page-background-meta":{"desktop":{"background-color":"var(--ast-global-color-4)","background-image":"","background-repeat":"repeat","background-position":"center center","background-size":"auto","background-attachment":"scroll","background-type":"","background-media":"","overlay-type":"","overlay-color":"","overlay-opacity":"","overlay-gradient":""},"tablet":{"background-color":"","background-image":"","background-repeat":"repeat","background-position":"center center","background-size":"auto","background-attachment":"scroll","background-type":"","background-media":"","overlay-type":"","overlay-color":"","overlay-opacity":"","overlay-gradient":""},"mobile":{"background-color":"","background-image":"","background-repeat":"repeat","background-position":"center center","background-size":"auto","background-attachment":"scroll","background-type":"","background-media":"","overlay-type":"","overlay-color":"","overlay-opacity":"","overlay-gradient":""}},"ast-content-background-meta":{"desktop":{"background-color":"var(--ast-global-color-5)","background-image":"","background-repeat":"repeat","background-position":"center center","background-size":"auto","background-attachment":"scroll","background-type":"","background-media":"","overlay-type":"","overlay-color":"","overlay-opacity":"","overlay-gradient":""},"tablet":{"background-color":"var(--ast-global-color-5)","background-image":"","background-repeat":"repeat","background-position":"center center","background-size":"auto","background-attachment":"scroll","background-type":"","background-media":"","overlay-type":"","overlay-color":"","overlay-opacity":"","overlay-gradient":""},"mobile":{"background-color":"var(--ast-global-color-5)","background-image":"","background-repeat":"repeat","background-position":"center center","background-size":"auto","background-attachment":"scroll","background-type":"","background-media":"","overlay-type":"","overlay-color":"","overlay-opacity":"","overlay-gradient":""}}},"product_brand":[],"product_cat":[94],"product_tag":[558,559,557,556,560],"class_list":{"0":"post-5166","1":"product","2":"type-product","3":"status-publish","4":"has-post-thumbnail","6":"product_cat-detske-dres-celtic","7":"product_tag-celtic-detsky-dres-2025-26","8":"product_tag-detsky-dres-celtic-s-vlastnym-menom","9":"product_tag-detsky-futbalovy-komplet-celtic-fc","10":"product_tag-futbalovy-dres-detsky-celtic-2025-26","11":"product_tag-futbalovy-komplet-pre-deti-celtic","12":"desktop-align-left","13":"tablet-align-left","14":"mobile-align-left","16":"first","17":"instock","18":"shipping-taxable","19":"purchasable","20":"product-type-variable"},"_links":{"self":[{"href":"https:\/\/www.drespredeti.com\/nl\/wp-json\/wp\/v2\/product\/5166","targetHints":{"allow":["GET"]}}],"collection":[{"href":"https:\/\/www.drespredeti.com\/nl\/wp-json\/wp\/v2\/product"}],"about":[{"href":"https:\/\/www.drespredeti.com\/nl\/wp-json\/wp\/v2\/types\/product"}],"replies":[{"embeddable":true,"href":"https:\/\/www.drespredeti.com\/nl\/wp-json\/wp\/v2\/comments?post=5166"}],"wp:featuredmedia":[{"embeddable":true,"href":"https:\/\/www.drespredeti.com\/nl\/wp-json\/wp\/v2\/media\/5168"}],"wp:attachment":[{"href":"https:\/\/www.drespredeti.com\/nl\/wp-json\/wp\/v2\/media?parent=5166"}],"wp:term":[{"taxonomy":"product_brand","embeddable":true,"href":"https:\/\/www.drespredeti.com\/nl\/wp-json\/wp\/v2\/product_brand?post=5166"},{"taxonomy":"product_cat","embeddable":true,"href":"https:\/\/www.drespredeti.com\/nl\/wp-json\/wp\/v2\/product_cat?post=5166"},{"taxonomy":"product_tag","embeddable":true,"href":"https:\/\/www.drespredeti.com\/nl\/wp-json\/wp\/v2\/product_tag?post=5166"}],"curies":[{"name":"wp","href":"https:\/\/api.w.org\/{rel}","templated":true}]}}