{"id":5141,"date":"2026-02-02T10:36:19","date_gmt":"2026-02-02T09:36:19","guid":{"rendered":"https:\/\/www.futbalovedresysk.com\/?post_type=product&#038;p=5141"},"modified":"2026-02-02T10:36:20","modified_gmt":"2026-02-02T09:36:20","slug":"detsky-futbalovy-komplet-athletic-bilbao-2025-26-prec","status":"publish","type":"product","link":"https:\/\/www.drespredeti.com\/nl\/detsky-futbalovy-komplet-athletic-bilbao-2025-26-prec\/","title":{"rendered":"Kinder voetbalset Athletic Bilbao 2025-26 Uit"},"content":{"rendered":"<h3>Kindervoetbalset Athletic Bilbao 2025-26 Pre\u010do trui + korte broek<\/h3>\n<p><strong>Moderne buitensstijl voor jonge spelers<\/strong><\/p>\n<p>Kindervoetbalset Athletic Bilbao 2025-26 Pre\u010do brengt een frisse buitenkant ontwerp, ideaal voor kinderen die willen opvallen op het veld en daarbuiten. Kleurstelling Pre\u010do ziet er dynamisch en sportief uit, waardoor jonge fans het snel zullen bewonderen. [\u2026]<\/p>\n<p><strong>Comfortabel spelen en trainen<\/strong><\/p>\n<p>De set bevat een korte mouwen trui en korte broek, vervaardigd uit licht en ademend materiaal. De stof is zacht, voert zweet goed af en zorgt voor comfort tijdens hardlopen, training en vrij dragen. Kindervoetbalset Athletic Bilbao 2025-26 Pre\u010do is geschikt voor dagelijkse sportactiviteiten.<\/p>\n<p><strong>Eigen naam en nummer<\/strong><\/p>\n<p>Een groot pluspunt is de mogelijkheid om naam en nummer naar wens aan te passen. Kinderen kunnen zo een trui dragen met hun eigen naam of favoriete nummer, wat de spelvreugde en het gevoel van bijzonderheid vergroot. Elke Kindervoetbalset Athletic Bilbao 2025-26 Pre\u010do wordt zo een persoonlijk stuk.<\/p>\n<p><strong>Ideaal cadeau voor fans<\/strong><\/p>\n<p>Dankzij de comfortabele snit die beweging niet belemmert, is de set geschikt voor verschillende leeftijdscategorie\u00ebn van kinderen. Perfect als cadeau voor verjaardagen, feestdagen of als motivatie voor jonge voetballers die Athletic Bilbao volgen.<\/p>","protected":false},"excerpt":{"rendered":"<p>Detsk\u00fd futbalov\u00fd komplet Athletic Bilbao 2025-26 Pre\u010d dres + \u0161ortky Modern\u00fd vonkaj\u0161\u00ed \u0161t\u00fdl pre mlad\u00fdch hr\u00e1\u010dov Detsk\u00fd futbalov\u00fd komplet Athletic Bilbao 2025-26 Pre\u010d prin\u00e1\u0161a svie\u017ei vonkaj\u0161\u00ed dizajn, ktor\u00fd je ide\u00e1lny pre deti, \u010do chc\u00fa vynikn\u00fa\u0165 na ihrisku aj mimo neho. Farebn\u00e9 prevedenie Pre\u010d p\u00f4sob\u00ed dynamicky a \u0161portovo, v\u010faka \u010domu si ho mlad\u00ed fan\u00fa\u0161ikovia r\u00fdchlo ob\u013e\u00fabia. [&hellip;]<\/p>","protected":false},"featured_media":5143,"comment_status":"open","ping_status":"closed","template":"","meta":{"site-sidebar-layout":"default","site-content-layout":"","ast-site-content-layout":"default","site-content-style":"default","site-sidebar-style":"default","ast-global-header-display":"","ast-banner-title-visibility":"","ast-main-header-display":"","ast-hfb-above-header-display":"","ast-hfb-below-header-display":"","ast-hfb-mobile-header-display":"","site-post-title":"","ast-breadcrumbs-content":"","ast-featured-img":"","footer-sml-layout":"","theme-transparent-header-meta":"default","adv-header-id-meta":"","stick-header-meta":"","header-above-stick-meta":"","header-main-stick-meta":"","header-below-stick-meta":"","astra-migrate-meta-layouts":"set","ast-page-background-enabled":"default","ast-page-background-meta":{"desktop":{"background-color":"var(--ast-global-color-4)","background-image":"","background-repeat":"repeat","background-position":"center center","background-size":"auto","background-attachment":"scroll","background-type":"","background-media":"","overlay-type":"","overlay-color":"","overlay-opacity":"","overlay-gradient":""},"tablet":{"background-color":"","background-image":"","background-repeat":"repeat","background-position":"center center","background-size":"auto","background-attachment":"scroll","background-type":"","background-media":"","overlay-type":"","overlay-color":"","overlay-opacity":"","overlay-gradient":""},"mobile":{"background-color":"","background-image":"","background-repeat":"repeat","background-position":"center center","background-size":"auto","background-attachment":"scroll","background-type":"","background-media":"","overlay-type":"","overlay-color":"","overlay-opacity":"","overlay-gradient":""}},"ast-content-background-meta":{"desktop":{"background-color":"var(--ast-global-color-5)","background-image":"","background-repeat":"repeat","background-position":"center center","background-size":"auto","background-attachment":"scroll","background-type":"","background-media":"","overlay-type":"","overlay-color":"","overlay-opacity":"","overlay-gradient":""},"tablet":{"background-color":"var(--ast-global-color-5)","background-image":"","background-repeat":"repeat","background-position":"center center","background-size":"auto","background-attachment":"scroll","background-type":"","background-media":"","overlay-type":"","overlay-color":"","overlay-opacity":"","overlay-gradient":""},"mobile":{"background-color":"var(--ast-global-color-5)","background-image":"","background-repeat":"repeat","background-position":"center center","background-size":"auto","background-attachment":"scroll","background-type":"","background-media":"","overlay-type":"","overlay-color":"","overlay-opacity":"","overlay-gradient":""}}},"product_brand":[],"product_cat":[87],"product_tag":[471,470,474,472,473],"class_list":{"0":"post-5141","1":"product","2":"type-product","3":"status-publish","4":"has-post-thumbnail","6":"product_cat-detske-dres-athletic-bilbao","7":"product_tag-detsky-futbalovy-dres-athletic-bilbao-2025-26","8":"product_tag-detsky-futbalovy-komplet-athletic-bilbao","9":"product_tag-detsky-futbalovy-set-dres-sortky","10":"product_tag-futbalovy-komplet-pre-deti","11":"product_tag-lacny-detsky-futbalovy-komplet","12":"desktop-align-left","13":"tablet-align-left","14":"mobile-align-left","16":"first","17":"instock","18":"shipping-taxable","19":"purchasable","20":"product-type-variable"},"_links":{"self":[{"href":"https:\/\/www.drespredeti.com\/nl\/wp-json\/wp\/v2\/product\/5141","targetHints":{"allow":["GET"]}}],"collection":[{"href":"https:\/\/www.drespredeti.com\/nl\/wp-json\/wp\/v2\/product"}],"about":[{"href":"https:\/\/www.drespredeti.com\/nl\/wp-json\/wp\/v2\/types\/product"}],"replies":[{"embeddable":true,"href":"https:\/\/www.drespredeti.com\/nl\/wp-json\/wp\/v2\/comments?post=5141"}],"wp:featuredmedia":[{"embeddable":true,"href":"https:\/\/www.drespredeti.com\/nl\/wp-json\/wp\/v2\/media\/5143"}],"wp:attachment":[{"href":"https:\/\/www.drespredeti.com\/nl\/wp-json\/wp\/v2\/media?parent=5141"}],"wp:term":[{"taxonomy":"product_brand","embeddable":true,"href":"https:\/\/www.drespredeti.com\/nl\/wp-json\/wp\/v2\/product_brand?post=5141"},{"taxonomy":"product_cat","embeddable":true,"href":"https:\/\/www.drespredeti.com\/nl\/wp-json\/wp\/v2\/product_cat?post=5141"},{"taxonomy":"product_tag","embeddable":true,"href":"https:\/\/www.drespredeti.com\/nl\/wp-json\/wp\/v2\/product_tag?post=5141"}],"curies":[{"name":"wp","href":"https:\/\/api.w.org\/{rel}","templated":true}]}}