{"id":4972,"date":"2026-01-27T09:48:47","date_gmt":"2026-01-27T08:48:47","guid":{"rendered":"https:\/\/www.futbalovedresysk.com\/?post_type=product&#038;p=4972"},"modified":"2026-01-27T09:48:48","modified_gmt":"2026-01-27T08:48:48","slug":"detsky-futbalovy-dres-aston-villa-brankarsky-2025-26-dlhy-rukav-domaci-komplet","status":"publish","type":"product","link":"https:\/\/www.drespredeti.com\/nl\/detsky-futbalovy-dres-aston-villa-brankarsky-2025-26-dlhy-rukav-domaci-komplet\/","title":{"rendered":"Kinder Voetbalshirt Aston Villa Doelman 2025-26 Lange Mouwen \u2013 Thuis Komplet"},"content":{"rendered":"<h3>Kinder voetbalshirt Aston Villa Keeper 2025-26 Thuis \u2013 Lange mouwen Set<\/h3>\n<p><strong>1. Thuis keeper shirt Aston Villa voor het seizoen 2025\/26<\/strong><\/p>\n<p>Het Kinder voetbalshirt Aston Villa Keeper 2025-26 in Thuis uitvoering is ontworpen voor kinderen die tussen de palen willen staan met dezelfde trots als de professionals. Het Thuis-ontwerp weerspiegelt de traditionele stijl van Aston Villa en biedt een authentieke look in kindermaat.<\/p>\n<p><strong>2. Lange mouwen aangepast aan keeperstegen<\/strong><\/p>\n<p>Het keeper shirt met lange mouwen biedt betere bedekking van de armen en comfort bij vallen, springen en snelle reflexen. Het gebruikte materiaal is zacht, rekbaar en ademend. voetbalshirts voor kinderen Aston Villa Keeper 2025-26 is geschikt voor regelmatige trainingen en wedstrijden.<\/p>\n<p><strong>3. Volledige keeperuitrusting voor kinderen<\/strong><\/p>\n<p>Bij de set hoort een keeper shirt met lange mouwen en bijpassende short. Het snit is zo ontworpen dat het beweging niet belemmert en natuurlijke reacties in het doel mogelijk maakt. Kinder voetbalshirt Aston Villa Keeper 2025-26 combineert functionaliteit met duurzaamheid.<\/p>\n<p><strong>4. Mo\u017enost vlastn\u00ed personalizace<\/strong><\/p>\n<p>Er is mogelijk om een eigen naam en nummer te laten drukken, waardoor de voetbalshirts voor kinderen Aston Villa Keeper 2025-26 een uniek stuk worden. Gepersonaliseerde keeperset is ideaal als cadeau voor jonge voetbalkeepers.<\/p>","protected":false},"excerpt":{"rendered":"<p>Detsk\u00fd Futbalov\u00fd dres Aston Villa Brankarsky 2025-26 Dom\u00e1ci \u2013 Dlh\u00fd ruk\u00e1v Komplet 1. Dom\u00e1ci brank\u00e1rsky dres Aston Villa pre sez\u00f3nu 2025\/26 Detsk\u00fd Futbalov\u00fd dres Aston Villa Brankarsky 2025-26 v dom\u00e1com vyhotoven\u00ed je navrhnut\u00fd pre deti, ktor\u00e9 chc\u00fa st\u00e1\u0165 v br\u00e1nke s rovnakou hrdos\u0165ou ako profesion\u00e1li. Dom\u00e1ci dizajn odr\u00e1\u017ea tradi\u010dn\u00fd \u0161t\u00fdl Aston Villa a prin\u00e1\u0161a autentick\u00fd [\u2026]<\/p>","protected":false},"featured_media":4974,"comment_status":"open","ping_status":"closed","template":"","meta":{"site-sidebar-layout":"default","site-content-layout":"","ast-site-content-layout":"default","site-content-style":"default","site-sidebar-style":"default","ast-global-header-display":"","ast-banner-title-visibility":"","ast-main-header-display":"","ast-hfb-above-header-display":"","ast-hfb-below-header-display":"","ast-hfb-mobile-header-display":"","site-post-title":"","ast-breadcrumbs-content":"","ast-featured-img":"","footer-sml-layout":"","theme-transparent-header-meta":"default","adv-header-id-meta":"","stick-header-meta":"","header-above-stick-meta":"","header-main-stick-meta":"","header-below-stick-meta":"","astra-migrate-meta-layouts":"set","ast-page-background-enabled":"default","ast-page-background-meta":{"desktop":{"background-color":"var(--ast-global-color-4)","background-image":"","background-repeat":"repeat","background-position":"center center","background-size":"auto","background-attachment":"scroll","background-type":"","background-media":"","overlay-type":"","overlay-color":"","overlay-opacity":"","overlay-gradient":""},"tablet":{"background-color":"","background-image":"","background-repeat":"repeat","background-position":"center center","background-size":"auto","background-attachment":"scroll","background-type":"","background-media":"","overlay-type":"","overlay-color":"","overlay-opacity":"","overlay-gradient":""},"mobile":{"background-color":"","background-image":"","background-repeat":"repeat","background-position":"center center","background-size":"auto","background-attachment":"scroll","background-type":"","background-media":"","overlay-type":"","overlay-color":"","overlay-opacity":"","overlay-gradient":""}},"ast-content-background-meta":{"desktop":{"background-color":"var(--ast-global-color-5)","background-image":"","background-repeat":"repeat","background-position":"center center","background-size":"auto","background-attachment":"scroll","background-type":"","background-media":"","overlay-type":"","overlay-color":"","overlay-opacity":"","overlay-gradient":""},"tablet":{"background-color":"var(--ast-global-color-5)","background-image":"","background-repeat":"repeat","background-position":"center center","background-size":"auto","background-attachment":"scroll","background-type":"","background-media":"","overlay-type":"","overlay-color":"","overlay-opacity":"","overlay-gradient":""},"mobile":{"background-color":"var(--ast-global-color-5)","background-image":"","background-repeat":"repeat","background-position":"center center","background-size":"auto","background-attachment":"scroll","background-type":"","background-media":"","overlay-type":"","overlay-color":"","overlay-opacity":"","overlay-gradient":""}}},"product_brand":[],"product_cat":[91],"product_tag":[412,410,294,411],"class_list":{"0":"post-4972","1":"product","2":"type-product","3":"status-publish","4":"has-post-thumbnail","6":"product_cat-detske-dres-aston-villa","7":"product_tag-aston-villa-dres-s-vlastnym-menom","8":"product_tag-detsky-dres-aston-villa-2025-26","9":"product_tag-detsky-futbalovy-dres-2025-26","10":"product_tag-detsky-futbalovy-komplet-aston-villa","11":"desktop-align-left","12":"tablet-align-left","13":"mobile-align-left","15":"first","16":"instock","17":"shipping-taxable","18":"purchasable","19":"product-type-variable"},"_links":{"self":[{"href":"https:\/\/www.drespredeti.com\/nl\/wp-json\/wp\/v2\/product\/4972","targetHints":{"allow":["GET"]}}],"collection":[{"href":"https:\/\/www.drespredeti.com\/nl\/wp-json\/wp\/v2\/product"}],"about":[{"href":"https:\/\/www.drespredeti.com\/nl\/wp-json\/wp\/v2\/types\/product"}],"replies":[{"embeddable":true,"href":"https:\/\/www.drespredeti.com\/nl\/wp-json\/wp\/v2\/comments?post=4972"}],"wp:featuredmedia":[{"embeddable":true,"href":"https:\/\/www.drespredeti.com\/nl\/wp-json\/wp\/v2\/media\/4974"}],"wp:attachment":[{"href":"https:\/\/www.drespredeti.com\/nl\/wp-json\/wp\/v2\/media?parent=4972"}],"wp:term":[{"taxonomy":"product_brand","embeddable":true,"href":"https:\/\/www.drespredeti.com\/nl\/wp-json\/wp\/v2\/product_brand?post=4972"},{"taxonomy":"product_cat","embeddable":true,"href":"https:\/\/www.drespredeti.com\/nl\/wp-json\/wp\/v2\/product_cat?post=4972"},{"taxonomy":"product_tag","embeddable":true,"href":"https:\/\/www.drespredeti.com\/nl\/wp-json\/wp\/v2\/product_tag?post=4972"}],"curies":[{"name":"wp","href":"https:\/\/api.w.org\/{rel}","templated":true}]}}