{"id":4969,"date":"2026-01-27T10:00:08","date_gmt":"2026-01-27T09:00:08","guid":{"rendered":"https:\/\/www.futbalovedresysk.com\/?post_type=product&#038;p=4969"},"modified":"2026-01-27T10:00:09","modified_gmt":"2026-01-27T09:00:09","slug":"detsky-futbalovy-dres-aston-villa-brankarsky-2025-26-tretina-komplet","status":"publish","type":"product","link":"https:\/\/www.drespredeti.com\/nl\/detsky-futbalovy-dres-aston-villa-brankarsky-2025-26-tretina-komplet\/","title":{"rendered":"Kinder Voetbalshirt Aston Villa Doelman 2025-26 Drie Vierde Komplet"},"content":{"rendered":"<h3>Kinder voetbalshirt Aston Villa Doelpok Brank\u00e1r 2025-26 Tretina shirt met short<\/h3>\n<p><strong>1. Keeper derde shirt Aston Villa voor seizoen 2025\/26<\/strong><\/p>\n<p>Kinder voetbalshirt Aston Villa Keeper 2025-26 in derde ontwerp is bestemd voor jonge keepers en fans die hun stijl willen onderscheiden van veldspelers. De derde versie brengt een moderne look en een duidelijk herkenbaar keeperkarakter voor seizoen 2025\/26.<\/p>\n<p><strong>2e korte mouwen \u2013 bescherming en comfort voor de doelman<\/strong><\/p>\n<p>Deze keeper-outfit is voorzien van lange mouwen, die betere bedekking van de handen tijdens training en wedstrijd bieden. Het materiaal is licht, ademend en aangepast aan actief bewegen. Kinder voetbalshirt Aston Villa Keeper 2025-26 helpt het comfort ook bij intensieve keeperswerk.<\/p>\n<p><strong>3. Volledige keeperset voor kinderen<\/strong><\/p>\n<p>Compleet bevat doelman-shirt met korte mouwen en bijpassende shorts. De snit is ontworpen om beweging bij springen, vallen of snelle reddingen niet te beperken. Kinder voetbalshirt Aston Villa Doelpok Brank\u00e1r 2025-26 is geschikt voor training, wedstrijden en vrijetijdsnut.<\/p>\n<p><strong>4. Mogelijkheid tot personalisatie<\/strong><\/p>\n<p>Er is mogelijk om een eigen naam en nummer te laten drukken, waardoor de voetbalshirts voor kinderen Aston Villa Keeper 2025-26 een uniek stuk worden. Gepersonaliseerde keeperset is ideaal als cadeau voor jonge voetbalkeepers.<\/p>","protected":false},"excerpt":{"rendered":"<p>Detsk\u00fd Futbalov\u00fd dres Aston Villa Brankarsky 2025-26 Tretina dres s tren\u00edrkami 1. Brank\u00e1rsky tret\u00ed dres Aston Villa pre sez\u00f3nu 2025\/26 Detsk\u00fd Futbalov\u00fd dres Aston Villa Brankarsky 2025-26 v tre\u0165om dizajne je ur\u010den\u00fd pre mlad\u00fdch brank\u00e1rov a fan\u00fa\u0161ikov, ktor\u00ed chc\u00fa odl\u00ed\u0161i\u0165 svoj \u0161t\u00fdl od hr\u00e1\u010dov v poli. Tretina verzia prin\u00e1\u0161a modern\u00fd vzh\u013ead a jasne rozpoznate\u013en\u00fd brank\u00e1rsky [&hellip;]<\/p>","protected":false},"featured_media":4971,"comment_status":"open","ping_status":"closed","template":"","meta":{"site-sidebar-layout":"default","site-content-layout":"","ast-site-content-layout":"default","site-content-style":"default","site-sidebar-style":"default","ast-global-header-display":"","ast-banner-title-visibility":"","ast-main-header-display":"","ast-hfb-above-header-display":"","ast-hfb-below-header-display":"","ast-hfb-mobile-header-display":"","site-post-title":"","ast-breadcrumbs-content":"","ast-featured-img":"","footer-sml-layout":"","theme-transparent-header-meta":"default","adv-header-id-meta":"","stick-header-meta":"","header-above-stick-meta":"","header-main-stick-meta":"","header-below-stick-meta":"","astra-migrate-meta-layouts":"set","ast-page-background-enabled":"default","ast-page-background-meta":{"desktop":{"background-color":"var(--ast-global-color-4)","background-image":"","background-repeat":"repeat","background-position":"center center","background-size":"auto","background-attachment":"scroll","background-type":"","background-media":"","overlay-type":"","overlay-color":"","overlay-opacity":"","overlay-gradient":""},"tablet":{"background-color":"","background-image":"","background-repeat":"repeat","background-position":"center center","background-size":"auto","background-attachment":"scroll","background-type":"","background-media":"","overlay-type":"","overlay-color":"","overlay-opacity":"","overlay-gradient":""},"mobile":{"background-color":"","background-image":"","background-repeat":"repeat","background-position":"center center","background-size":"auto","background-attachment":"scroll","background-type":"","background-media":"","overlay-type":"","overlay-color":"","overlay-opacity":"","overlay-gradient":""}},"ast-content-background-meta":{"desktop":{"background-color":"var(--ast-global-color-5)","background-image":"","background-repeat":"repeat","background-position":"center center","background-size":"auto","background-attachment":"scroll","background-type":"","background-media":"","overlay-type":"","overlay-color":"","overlay-opacity":"","overlay-gradient":""},"tablet":{"background-color":"var(--ast-global-color-5)","background-image":"","background-repeat":"repeat","background-position":"center center","background-size":"auto","background-attachment":"scroll","background-type":"","background-media":"","overlay-type":"","overlay-color":"","overlay-opacity":"","overlay-gradient":""},"mobile":{"background-color":"var(--ast-global-color-5)","background-image":"","background-repeat":"repeat","background-position":"center center","background-size":"auto","background-attachment":"scroll","background-type":"","background-media":"","overlay-type":"","overlay-color":"","overlay-opacity":"","overlay-gradient":""}}},"product_brand":[],"product_cat":[91],"product_tag":[412,410,294,411],"class_list":{"0":"post-4969","1":"product","2":"type-product","3":"status-publish","4":"has-post-thumbnail","6":"product_cat-detske-dres-aston-villa","7":"product_tag-aston-villa-dres-s-vlastnym-menom","8":"product_tag-detsky-dres-aston-villa-2025-26","9":"product_tag-detsky-futbalovy-dres-2025-26","10":"product_tag-detsky-futbalovy-komplet-aston-villa","11":"desktop-align-left","12":"tablet-align-left","13":"mobile-align-left","15":"first","16":"instock","17":"shipping-taxable","18":"purchasable","19":"product-type-variable"},"_links":{"self":[{"href":"https:\/\/www.drespredeti.com\/nl\/wp-json\/wp\/v2\/product\/4969","targetHints":{"allow":["GET"]}}],"collection":[{"href":"https:\/\/www.drespredeti.com\/nl\/wp-json\/wp\/v2\/product"}],"about":[{"href":"https:\/\/www.drespredeti.com\/nl\/wp-json\/wp\/v2\/types\/product"}],"replies":[{"embeddable":true,"href":"https:\/\/www.drespredeti.com\/nl\/wp-json\/wp\/v2\/comments?post=4969"}],"wp:featuredmedia":[{"embeddable":true,"href":"https:\/\/www.drespredeti.com\/nl\/wp-json\/wp\/v2\/media\/4971"}],"wp:attachment":[{"href":"https:\/\/www.drespredeti.com\/nl\/wp-json\/wp\/v2\/media?parent=4969"}],"wp:term":[{"taxonomy":"product_brand","embeddable":true,"href":"https:\/\/www.drespredeti.com\/nl\/wp-json\/wp\/v2\/product_brand?post=4969"},{"taxonomy":"product_cat","embeddable":true,"href":"https:\/\/www.drespredeti.com\/nl\/wp-json\/wp\/v2\/product_cat?post=4969"},{"taxonomy":"product_tag","embeddable":true,"href":"https:\/\/www.drespredeti.com\/nl\/wp-json\/wp\/v2\/product_tag?post=4969"}],"curies":[{"name":"wp","href":"https:\/\/api.w.org\/{rel}","templated":true}]}}