{"id":4927,"date":"2026-02-02T09:49:40","date_gmt":"2026-02-02T08:49:40","guid":{"rendered":"https:\/\/www.futbalovedresysk.com\/?post_type=product&#038;p=4927"},"modified":"2026-02-02T09:49:41","modified_gmt":"2026-02-02T08:49:41","slug":"detske-futbalove-dresy-al-nassr-2025-26-prec","status":"publish","type":"product","link":"https:\/\/www.drespredeti.com\/nl\/detske-futbalove-dresy-al-nassr-2025-26-prec\/","title":{"rendered":"Kinderen Voetbaltruien Al-Nassr 2025-26 Uit"},"content":{"rendered":"<h3>Pre\u010d Detsk\u00e9 Futbalov\u00e9 dresy, ktor\u00e9 miluj\u00fa futbal<\/h3>\n<p>Deze Detsk\u00e9 Futbalov\u00e9 dresy Al-Nassr 2025-26 in Pre\u010d-uitvoering zijn bedoeld voor jonge fans die het shirt ook buiten huisstijl willen dragen. De set bevat een kortmouwen shirt en bijpassende shorts, geschikt voor spel, training en dagelijks dragen.<\/p>\n<p>Vzh\u013ead pre\u010d dresu p\u00f4sob\u00ed modernej\u0161ie a odli\u0161uje sa od dom\u00e1cych farieb, \u010do ocenia deti, ktor\u00e9 chc\u00fa nie\u010do v\u00fdnimo\u010dn\u00e9. Detsk\u00e9 Futbalov\u00e9 dresy Al-Nassr 2025-26 s\u00fa ide\u00e1lne na ihrisko aj do \u0161koly.<\/p>\n<p><strong>Licht en ademend materiaal<\/strong><\/p>\n<p>Deze Detsk\u00e9 Futbalov\u00e9 dresy Al-Nassr 2025-26 zijn gemaakt van licht en ademend materiaal, dat prettig draagt gedurende de hele dag. Helpt de vochtigheid te verminderen en zorgt voor comfort tijdens beweging.<\/p>\n<p>Shorts zijn rekbaar en zitten goed, zodat kinderen vrijheid hebben bij het rennen, spelen en trainen. Het shirt is eenvoudig te onderhouden en geschikt voor regelmatig wassen.<\/p>\n<p><strong>Mogelijkheid tot eigen naam en nummer<\/strong><\/p>\n<p>dankzij waardoor de Detsk\u00fd futbalov\u00fd komplet Al-Nassr 2025-26 nog persoonlijker wordt. Gepersonaliseerde shirt is een populair cadeau voor kinderen die iets van zichzelf willen hebben.<\/p>\n<p><strong>Geweldige keuze voor het seizoen 2025\u201326<\/strong><\/p>\n<p>Als je op zoek bent naar een comfortabele en betaalbare Detsk\u00fd futbalov\u00fd komplet Al-Nassr 2025-26 in Pre\u010d-uitvoering, is deze set een uitstekende keuze. Combineert een moderne uitstraling, comfort en een favoriete speler voor het hele seizoen 2025\u201326.<\/p>","protected":false},"excerpt":{"rendered":"<p>Pre\u010d Detsk\u00e9 Futbalov\u00e9 dresy, ktor\u00e9 miluj\u00fa futbal Tieto Detsk\u00e9 Futbalov\u00e9 dresy Al-Nassr 2025-26 v preveden\u00ed Pre\u010d s\u00fa ur\u010den\u00e9 pre mlad\u00fdch fan\u00fa\u0161ikov, ktor\u00ed chc\u00fa nosi\u0165 dres aj mimo dom\u00e1ceho \u0161t\u00fdlu. Set obsahuje kr\u00e1tkoruk\u00e1vov\u00fd dres a zladen\u00e9 \u0161ortky, vhodn\u00e9 na hru, tr\u00e9ning aj be\u017en\u00e9 nosenie. Vzh\u013ead pre\u010d dresu p\u00f4sob\u00ed modernej\u0161ie a odli\u0161uje sa od dom\u00e1cich farieb, \u010do [&hellip;]<\/p>","protected":false},"featured_media":4929,"comment_status":"open","ping_status":"closed","template":"","meta":{"site-sidebar-layout":"default","site-content-layout":"","ast-site-content-layout":"default","site-content-style":"default","site-sidebar-style":"default","ast-global-header-display":"","ast-banner-title-visibility":"","ast-main-header-display":"","ast-hfb-above-header-display":"","ast-hfb-below-header-display":"","ast-hfb-mobile-header-display":"","site-post-title":"","ast-breadcrumbs-content":"","ast-featured-img":"","footer-sml-layout":"","theme-transparent-header-meta":"default","adv-header-id-meta":"","stick-header-meta":"","header-above-stick-meta":"","header-main-stick-meta":"","header-below-stick-meta":"","astra-migrate-meta-layouts":"set","ast-page-background-enabled":"default","ast-page-background-meta":{"desktop":{"background-color":"var(--ast-global-color-4)","background-image":"","background-repeat":"repeat","background-position":"center center","background-size":"auto","background-attachment":"scroll","background-type":"","background-media":"","overlay-type":"","overlay-color":"","overlay-opacity":"","overlay-gradient":""},"tablet":{"background-color":"","background-image":"","background-repeat":"repeat","background-position":"center center","background-size":"auto","background-attachment":"scroll","background-type":"","background-media":"","overlay-type":"","overlay-color":"","overlay-opacity":"","overlay-gradient":""},"mobile":{"background-color":"","background-image":"","background-repeat":"repeat","background-position":"center center","background-size":"auto","background-attachment":"scroll","background-type":"","background-media":"","overlay-type":"","overlay-color":"","overlay-opacity":"","overlay-gradient":""}},"ast-content-background-meta":{"desktop":{"background-color":"var(--ast-global-color-5)","background-image":"","background-repeat":"repeat","background-position":"center center","background-size":"auto","background-attachment":"scroll","background-type":"","background-media":"","overlay-type":"","overlay-color":"","overlay-opacity":"","overlay-gradient":""},"tablet":{"background-color":"var(--ast-global-color-5)","background-image":"","background-repeat":"repeat","background-position":"center center","background-size":"auto","background-attachment":"scroll","background-type":"","background-media":"","overlay-type":"","overlay-color":"","overlay-opacity":"","overlay-gradient":""},"mobile":{"background-color":"var(--ast-global-color-5)","background-image":"","background-repeat":"repeat","background-position":"center center","background-size":"auto","background-attachment":"scroll","background-type":"","background-media":"","overlay-type":"","overlay-color":"","overlay-opacity":"","overlay-gradient":""}}},"product_brand":[],"product_cat":[89],"product_tag":[462,458,460,459,294,461],"class_list":{"0":"post-4927","1":"product","2":"type-product","3":"status-publish","4":"has-post-thumbnail","6":"product_cat-detske-dres-al-nassr","7":"product_tag-al-nassr-dres-pre-deti-2025-26","8":"product_tag-detske-futbalove-dresy-al-nassr-2025-26","9":"product_tag-detske-futbalove-dresy-al-nassr-deti","10":"product_tag-detsky-dres-al-nassr-ronaldo-7","11":"product_tag-detsky-futbalovy-dres-2025-26","12":"product_tag-detsky-futbalovy-komplet-al-nassr","13":"desktop-align-left","14":"tablet-align-left","15":"mobile-align-left","17":"first","18":"instock","19":"shipping-taxable","20":"purchasable","21":"product-type-variable"},"_links":{"self":[{"href":"https:\/\/www.drespredeti.com\/nl\/wp-json\/wp\/v2\/product\/4927","targetHints":{"allow":["GET"]}}],"collection":[{"href":"https:\/\/www.drespredeti.com\/nl\/wp-json\/wp\/v2\/product"}],"about":[{"href":"https:\/\/www.drespredeti.com\/nl\/wp-json\/wp\/v2\/types\/product"}],"replies":[{"embeddable":true,"href":"https:\/\/www.drespredeti.com\/nl\/wp-json\/wp\/v2\/comments?post=4927"}],"wp:featuredmedia":[{"embeddable":true,"href":"https:\/\/www.drespredeti.com\/nl\/wp-json\/wp\/v2\/media\/4929"}],"wp:attachment":[{"href":"https:\/\/www.drespredeti.com\/nl\/wp-json\/wp\/v2\/media?parent=4927"}],"wp:term":[{"taxonomy":"product_brand","embeddable":true,"href":"https:\/\/www.drespredeti.com\/nl\/wp-json\/wp\/v2\/product_brand?post=4927"},{"taxonomy":"product_cat","embeddable":true,"href":"https:\/\/www.drespredeti.com\/nl\/wp-json\/wp\/v2\/product_cat?post=4927"},{"taxonomy":"product_tag","embeddable":true,"href":"https:\/\/www.drespredeti.com\/nl\/wp-json\/wp\/v2\/product_tag?post=4927"}],"curies":[{"name":"wp","href":"https:\/\/api.w.org\/{rel}","templated":true}]}}