{"id":4849,"date":"2026-01-26T11:47:49","date_gmt":"2026-01-26T10:47:49","guid":{"rendered":"https:\/\/www.futbalovedresysk.com\/?post_type=product&#038;p=4849"},"modified":"2026-01-26T11:47:50","modified_gmt":"2026-01-26T10:47:50","slug":"detsky-futbalovy-komplet-ajax-2025-26-domaci","status":"publish","type":"product","link":"https:\/\/www.drespredeti.com\/nl\/detsky-futbalovy-komplet-ajax-2025-26-domaci\/","title":{"rendered":"Ajax jeugdvoetbalset 2025-26 Thuis"},"content":{"rendered":"<h3>Kindervoetbalpak Ajax 2025\/26 Thuis shirt met broeken<\/h3>\n<p><strong>Klassieke thuisset Ajax voor kinderen \u2013 seizoen 2025\/26<\/strong><\/p>\n<p>Detsk\u00fd futbalov\u00fd komplet Ajax Raul Moro #7 2025\/26 Dom\u00e1ci prin\u00e1\u0161a tradi\u010dn\u00fd dom\u00e1ci vzh\u013ead klubu Ajax Amsterdam v detskej verzii. Dizajn vych\u00e1dza z dom\u00e1cej sady pre sez\u00f3nu 2025\/26 a je ur\u010den\u00fd pre mlad\u00fdch fan\u00fa\u0161ikov, ktor\u00ed chc\u00fa reprezentova\u0165 svoj ob\u013e\u00faben\u00fd klub v jeho ikonick\u00fdch farb\u00e1ch.<\/p>\n<p><strong>Vychutnajte si vyv\u00e1\u017een\u00fd komfort a odoln\u00e9 spracovanie<\/strong><\/p>\n<p>De kindervoetbalset Ajax is ontworpen met de nadruk op comfort bij dagelijks dragen. Het gebruikte materiaal is licht, glad en geschikt voor actieve kinderen. Het shirt en de short zitten goed op het kinderlijke figuur, belemmeren in beweging en behouden vorm bij regulier gebruik en wassen.<\/p>\n<p><strong>Mogelijkheid tot personalisatie met eigen naam en nummer<\/strong><\/p>\n<p>Naast spelersdrukwerk biedt deze jeugdset ook de mogelijkheid tot personalisatie met een eigen naam en nummer. Deze optie maakt van de Kindervoetbalset Ajax een persoonlijk stuk dat de naam van de jonge voetballer of een favoriete nummer kan dragen.<\/p>\n<p><strong>Complete uitrusting voor training en support<\/strong><\/p>\n<p>Detsk\u00fd futbalov\u00fd komplet Ajax 2025\/26 Dom\u00e1ci obsahuje tri\u010dko a \u0161ortky v jednotnom dizajne. Je vhodn\u00fd na tr\u00e9ningy, rekrea\u010dn\u00fd \u0161port, \u0161kolsk\u00e9 aktivity aj ako fan\u00fa\u0161ikovsk\u00fd outfit na sledovanie z\u00e1pasov doma \u010di na \u0161tadi\u00f3ne.<\/p>","protected":false},"excerpt":{"rendered":"<p>Detsk\u00fd futbalov\u00fd komplet Ajax 2025\/26 Dom\u00e1ci dres s tren\u00edrkami Klasick\u00fd dom\u00e1ci komplet Ajax pre deti \u2013 sez\u00f3na 2025\/26 Detsk\u00fd futbalov\u00fd komplet Ajax 2025\/26 Dom\u00e1ci prin\u00e1\u0161a tradi\u010dn\u00fd dom\u00e1ci vzh\u013ead klubu Ajax Amsterdam v detskej verzii. Dizajn vych\u00e1dza z dom\u00e1cej sady pre sez\u00f3nu 2025\/26 a je ur\u010den\u00fd pre mlad\u00fdch fan\u00fa\u0161ikov, ktor\u00ed chc\u00fa reprezentova\u0165 svoj ob\u013e\u00faben\u00fd klub v [&hellip;]<\/p>","protected":false},"featured_media":4851,"comment_status":"open","ping_status":"closed","template":"","meta":{"site-sidebar-layout":"default","site-content-layout":"","ast-site-content-layout":"default","site-content-style":"default","site-sidebar-style":"default","ast-global-header-display":"","ast-banner-title-visibility":"","ast-main-header-display":"","ast-hfb-above-header-display":"","ast-hfb-below-header-display":"","ast-hfb-mobile-header-display":"","site-post-title":"","ast-breadcrumbs-content":"","ast-featured-img":"","footer-sml-layout":"","theme-transparent-header-meta":"default","adv-header-id-meta":"","stick-header-meta":"","header-above-stick-meta":"","header-main-stick-meta":"","header-below-stick-meta":"","astra-migrate-meta-layouts":"set","ast-page-background-enabled":"default","ast-page-background-meta":{"desktop":{"background-color":"var(--ast-global-color-4)","background-image":"","background-repeat":"repeat","background-position":"center center","background-size":"auto","background-attachment":"scroll","background-type":"","background-media":"","overlay-type":"","overlay-color":"","overlay-opacity":"","overlay-gradient":""},"tablet":{"background-color":"","background-image":"","background-repeat":"repeat","background-position":"center center","background-size":"auto","background-attachment":"scroll","background-type":"","background-media":"","overlay-type":"","overlay-color":"","overlay-opacity":"","overlay-gradient":""},"mobile":{"background-color":"","background-image":"","background-repeat":"repeat","background-position":"center center","background-size":"auto","background-attachment":"scroll","background-type":"","background-media":"","overlay-type":"","overlay-color":"","overlay-opacity":"","overlay-gradient":""}},"ast-content-background-meta":{"desktop":{"background-color":"var(--ast-global-color-5)","background-image":"","background-repeat":"repeat","background-position":"center center","background-size":"auto","background-attachment":"scroll","background-type":"","background-media":"","overlay-type":"","overlay-color":"","overlay-opacity":"","overlay-gradient":""},"tablet":{"background-color":"var(--ast-global-color-5)","background-image":"","background-repeat":"repeat","background-position":"center center","background-size":"auto","background-attachment":"scroll","background-type":"","background-media":"","overlay-type":"","overlay-color":"","overlay-opacity":"","overlay-gradient":""},"mobile":{"background-color":"var(--ast-global-color-5)","background-image":"","background-repeat":"repeat","background-position":"center center","background-size":"auto","background-attachment":"scroll","background-type":"","background-media":"","overlay-type":"","overlay-color":"","overlay-opacity":"","overlay-gradient":""}}},"product_brand":[],"product_cat":[88],"product_tag":[391,393,294,390,392],"class_list":{"0":"post-4849","1":"product","2":"type-product","3":"status-publish","4":"has-post-thumbnail","6":"product_cat-detske-dres-ajax","7":"product_tag-ajax-detsky-futbalovy-dres-2025-26","8":"product_tag-ajax-dres-pre-deti-s-vlastnym-menom","9":"product_tag-detsky-futbalovy-dres-2025-26","10":"product_tag-detsky-futbalovy-komplet-ajax","11":"product_tag-futbalovy-komplet-ajax-pre-deti","12":"desktop-align-left","13":"tablet-align-left","14":"mobile-align-left","16":"first","17":"instock","18":"shipping-taxable","19":"purchasable","20":"product-type-variable"},"_links":{"self":[{"href":"https:\/\/www.drespredeti.com\/nl\/wp-json\/wp\/v2\/product\/4849","targetHints":{"allow":["GET"]}}],"collection":[{"href":"https:\/\/www.drespredeti.com\/nl\/wp-json\/wp\/v2\/product"}],"about":[{"href":"https:\/\/www.drespredeti.com\/nl\/wp-json\/wp\/v2\/types\/product"}],"replies":[{"embeddable":true,"href":"https:\/\/www.drespredeti.com\/nl\/wp-json\/wp\/v2\/comments?post=4849"}],"wp:featuredmedia":[{"embeddable":true,"href":"https:\/\/www.drespredeti.com\/nl\/wp-json\/wp\/v2\/media\/4851"}],"wp:attachment":[{"href":"https:\/\/www.drespredeti.com\/nl\/wp-json\/wp\/v2\/media?parent=4849"}],"wp:term":[{"taxonomy":"product_brand","embeddable":true,"href":"https:\/\/www.drespredeti.com\/nl\/wp-json\/wp\/v2\/product_brand?post=4849"},{"taxonomy":"product_cat","embeddable":true,"href":"https:\/\/www.drespredeti.com\/nl\/wp-json\/wp\/v2\/product_cat?post=4849"},{"taxonomy":"product_tag","embeddable":true,"href":"https:\/\/www.drespredeti.com\/nl\/wp-json\/wp\/v2\/product_tag?post=4849"}],"curies":[{"name":"wp","href":"https:\/\/api.w.org\/{rel}","templated":true}]}}