{"id":4785,"date":"2026-01-27T07:44:36","date_gmt":"2026-01-27T06:44:36","guid":{"rendered":"https:\/\/www.futbalovedresysk.com\/?post_type=product&#038;p=4785"},"modified":"2026-01-27T07:44:37","modified_gmt":"2026-01-27T06:44:37","slug":"detsky-futbalovy-dres-as-roma-paulo-dybala-21-2025-26-domaci-komplet","status":"publish","type":"product","link":"https:\/\/www.drespredeti.com\/nl\/detsky-futbalovy-dres-as-roma-paulo-dybala-21-2025-26-domaci-komplet\/","title":{"rendered":"Kindervoetbalshirt AS Roma Paulo Dybala #21 2025-26 Thuis Compleet"},"content":{"rendered":"<h3>Dolle Kinder voetbalshirt AS Roma 2025-26 Thuis Complete \u2013 Paulo Dybala #21 | Kindervoetbalshirt met korte broek<\/h3>\n<p>Kinder voetbalshirt AS Roma 2025-26 Thuis Kompleet is ontworpen voor kinderen die de sfeer van de Romeinse club willen ervaren op het veld en eromheen. Het thuisontwerp van het seizoen 2025\/26 weerspiegelt de traditionele clubkleuren van AS Roma en benadrukt de sterke teamidentiteit die jonge fans meteen herkennen.<\/p>\n<p>Deze kindervoetbalset bestaat uit een korte mouwen-jersey en comfortabele shorts die zijn aangepast aan de actieve beweging van kinderen. Het materiaal is zacht aanvoelend, bestand tegen veel wassen en geschikt voor dagelijks gebruik. Kinder voetbal-AS Roma 2025-26 Thuis biedt een uitgebalanceerde combinatie van duurzaamheid en comfort, wat ouders en kinderen zullen waarderen.<\/p>\n<p>Het model genaamd Lorenzo Pellegrini #7 vertegenwoordigt vechtlust en defensieve stabiliteit van AS Roma. Dankzij de mogelijkheid om naam en nummer aan te passen, kunt u ook uw eigen versie maken die precies aan de wensen van een jonge voetballer voldoet. Juist personalisatie maakt dit thuispakket een bijzonder cadeau voor een verjaardag of feestdagen.<\/p>\n<p>Kinder voetbalshirt AS Roma 2025-26 Thuis Kompleet is geschikt voor voetbaltrainingen, schoolsportactiviteiten en fans die tijdens wedstrijden graag dragen. Nauwkeurige afwerking en een moderne pasvorm zorgen ervoor dat het geheel goed zit en zijn vorm behoudt bij intensief gebruik.<\/p>\n<p>Als u op zoek bent naar een offici\u00eble uitziende kindervoetbalset met een authentieke thuislook, is Kinder voetbalshirt AS Roma 2025-26 Thuis een betrouwbare keuze voor het seizoen 2025\/26.<\/p>","protected":false},"excerpt":{"rendered":"<p>Detsk\u00fd Futbalov\u00fd dres AS Roma 2025-26 Dom\u00e1ci Komplet \u2013 Matias Soule #18 | Deti futbalov\u00fd dres so \u0161ortkami Detsk\u00fd Futbalov\u00fd dres AS Roma 2025-26 Dom\u00e1ci Komplet je navrhnut\u00fd pre deti, ktor\u00e9 chc\u00fa za\u017ei\u0165 atmosf\u00e9ru r\u00edmskeho klubu priamo na ihrisku aj mimo neho. Dom\u00e1ci dizajn sez\u00f3ny 2025\/26 odr\u00e1\u017ea tradi\u010dn\u00e9 klubov\u00e9 farby AS Roma a zd\u00f4raz\u0148uje siln\u00fa [\u2026]<\/p>","protected":false},"featured_media":4787,"comment_status":"open","ping_status":"closed","template":"","meta":{"site-sidebar-layout":"default","site-content-layout":"","ast-site-content-layout":"default","site-content-style":"default","site-sidebar-style":"default","ast-global-header-display":"","ast-banner-title-visibility":"","ast-main-header-display":"","ast-hfb-above-header-display":"","ast-hfb-below-header-display":"","ast-hfb-mobile-header-display":"","site-post-title":"","ast-breadcrumbs-content":"","ast-featured-img":"","footer-sml-layout":"","theme-transparent-header-meta":"default","adv-header-id-meta":"","stick-header-meta":"","header-above-stick-meta":"","header-main-stick-meta":"","header-below-stick-meta":"","astra-migrate-meta-layouts":"set","ast-page-background-enabled":"default","ast-page-background-meta":{"desktop":{"background-color":"var(--ast-global-color-4)","background-image":"","background-repeat":"repeat","background-position":"center center","background-size":"auto","background-attachment":"scroll","background-type":"","background-media":"","overlay-type":"","overlay-color":"","overlay-opacity":"","overlay-gradient":""},"tablet":{"background-color":"","background-image":"","background-repeat":"repeat","background-position":"center center","background-size":"auto","background-attachment":"scroll","background-type":"","background-media":"","overlay-type":"","overlay-color":"","overlay-opacity":"","overlay-gradient":""},"mobile":{"background-color":"","background-image":"","background-repeat":"repeat","background-position":"center center","background-size":"auto","background-attachment":"scroll","background-type":"","background-media":"","overlay-type":"","overlay-color":"","overlay-opacity":"","overlay-gradient":""}},"ast-content-background-meta":{"desktop":{"background-color":"var(--ast-global-color-5)","background-image":"","background-repeat":"repeat","background-position":"center center","background-size":"auto","background-attachment":"scroll","background-type":"","background-media":"","overlay-type":"","overlay-color":"","overlay-opacity":"","overlay-gradient":""},"tablet":{"background-color":"var(--ast-global-color-5)","background-image":"","background-repeat":"repeat","background-position":"center center","background-size":"auto","background-attachment":"scroll","background-type":"","background-media":"","overlay-type":"","overlay-color":"","overlay-opacity":"","overlay-gradient":""},"mobile":{"background-color":"var(--ast-global-color-5)","background-image":"","background-repeat":"repeat","background-position":"center center","background-size":"auto","background-attachment":"scroll","background-type":"","background-media":"","overlay-type":"","overlay-color":"","overlay-opacity":"","overlay-gradient":""}}},"product_brand":[],"product_cat":[83],"product_tag":[401,294,402,400,399,406],"class_list":{"0":"post-4785","1":"product","2":"type-product","3":"status-publish","4":"has-post-thumbnail","6":"product_cat-detske-dres-as-roma","7":"product_tag-as-roma-detsky-dres-s-menom-a-cislom","8":"product_tag-detsky-futbalovy-dres-2025-26","9":"product_tag-detsky-futbalovy-dres-as-roma-sezona-2025-26","10":"product_tag-detsky-sportovy-komplet-as-roma","11":"product_tag-futbalovy-dres-as-roma-pre-deti","12":"product_tag-paulo-dybala-dres","13":"desktop-align-left","14":"tablet-align-left","15":"mobile-align-left","17":"first","18":"instock","19":"shipping-taxable","20":"purchasable","21":"product-type-variable"},"_links":{"self":[{"href":"https:\/\/www.drespredeti.com\/nl\/wp-json\/wp\/v2\/product\/4785","targetHints":{"allow":["GET"]}}],"collection":[{"href":"https:\/\/www.drespredeti.com\/nl\/wp-json\/wp\/v2\/product"}],"about":[{"href":"https:\/\/www.drespredeti.com\/nl\/wp-json\/wp\/v2\/types\/product"}],"replies":[{"embeddable":true,"href":"https:\/\/www.drespredeti.com\/nl\/wp-json\/wp\/v2\/comments?post=4785"}],"wp:featuredmedia":[{"embeddable":true,"href":"https:\/\/www.drespredeti.com\/nl\/wp-json\/wp\/v2\/media\/4787"}],"wp:attachment":[{"href":"https:\/\/www.drespredeti.com\/nl\/wp-json\/wp\/v2\/media?parent=4785"}],"wp:term":[{"taxonomy":"product_brand","embeddable":true,"href":"https:\/\/www.drespredeti.com\/nl\/wp-json\/wp\/v2\/product_brand?post=4785"},{"taxonomy":"product_cat","embeddable":true,"href":"https:\/\/www.drespredeti.com\/nl\/wp-json\/wp\/v2\/product_cat?post=4785"},{"taxonomy":"product_tag","embeddable":true,"href":"https:\/\/www.drespredeti.com\/nl\/wp-json\/wp\/v2\/product_tag?post=4785"}],"curies":[{"name":"wp","href":"https:\/\/api.w.org\/{rel}","templated":true}]}}