{"id":469,"date":"2026-01-12T07:33:30","date_gmt":"2026-01-12T06:33:30","guid":{"rendered":"https:\/\/www.futbalovedresysk.com\/?post_type=product&#038;p=469"},"modified":"2026-01-12T07:49:26","modified_gmt":"2026-01-12T06:49:26","slug":"detsky-barcelona-fermin-lopez-16-tretina-2025-26-futbalove-dres-sortky","status":"publish","type":"product","link":"https:\/\/www.drespredeti.com\/nl\/detsky-barcelona-fermin-lopez-16-tretina-2025-26-futbalove-dres-sortky\/","title":{"rendered":"Kinder Barcelona Fermin Lopez #16 Uitleg 2025-26 Voetbalshirt + short"},"content":{"rendered":"<h3>Kinder Barcelona Fermin Lopez #16 Tretina 2025-26 \u2013 met eigen naam en nummer<\/h3>\n<p>Geef je kleine fan authentieke jeugdvriendelijke Barcelona-dress Ferran Torres #7 Tretina 2025-26! Deze set bevat een kortmouwshirt en korte broek, precies volgens het offici\u00eble ontwerp van de club \u2013 ideaal voor training, wedstrijd en vrije tijd.<\/p>\n<ul>\n<li><strong>Offici\u00eble kwaliteit en ontwerp<\/strong>: Lichtgewicht en ademend materiaal verzekerd comfort en bewegingsvrijheid.<\/li>\n<li><strong>Duurzaamheid<\/strong>: Shirt en korte broek gaan tegen vaak wassen en intensief gebruik; kleuren en vorm blijven behouden.<\/li>\n<li><strong>Mogelijkheid tot personalisatie<\/strong>: Voeg een eigen naam en nummer toe aan de achterkant van het shirt \u2013 ideaal voor elke kleine speler.<\/li>\n<li><strong>Authentieke details<\/strong>: Net zoals de professionele Barcelona-spelers dragen, inclusief het nummer Fermin Lopez #16, motiveert jonge fans tot geweldige prestaties.<\/li>\n<\/ul>\n<p>Dit jeugd Barcelona Ferran Torres #7 Tretina-shirt is ideaal voor fans die stijl, comfort en personalisatie willen combineren. Bestel het shirt dat passie voor voetbal ondersteunt en onvergetelijke momenten op het veld brengt!<\/p>","protected":false},"excerpt":{"rendered":"<p>Detsk\u00fd Barcelona Fermin Lopez #16 Tretina 2025-26 \u2013 s vlastn\u00fdm menom a \u010d\u00edslom Doprajte svojmu mal\u00e9mu fan\u00fa\u0161ikovi autentick\u00fd detsk\u00fd dres Barcelona Fermin Lopez #16 Tretina 2025-26! Tento komplet obsahuje tri\u010dko s kr\u00e1tkym ruk\u00e1vom a \u0161ortky, presne pod\u013ea ofici\u00e1lneho dizajnu klubu \u2013 ide\u00e1lne na tr\u00e9ning, z\u00e1pas aj vo\u013en\u00fd \u010das. Ofici\u00e1lny dizajn a kvalita: \u013dahk\u00fd a priedu\u0161n\u00fd [\u2026]<\/p>","protected":false},"featured_media":471,"comment_status":"open","ping_status":"closed","template":"","meta":{"site-sidebar-layout":"default","site-content-layout":"","ast-site-content-layout":"default","site-content-style":"default","site-sidebar-style":"default","ast-global-header-display":"","ast-banner-title-visibility":"","ast-main-header-display":"","ast-hfb-above-header-display":"","ast-hfb-below-header-display":"","ast-hfb-mobile-header-display":"","site-post-title":"","ast-breadcrumbs-content":"","ast-featured-img":"","footer-sml-layout":"","theme-transparent-header-meta":"default","adv-header-id-meta":"","stick-header-meta":"","header-above-stick-meta":"","header-main-stick-meta":"","header-below-stick-meta":"","astra-migrate-meta-layouts":"set","ast-page-background-enabled":"default","ast-page-background-meta":{"desktop":{"background-color":"var(--ast-global-color-4)","background-image":"","background-repeat":"repeat","background-position":"center center","background-size":"auto","background-attachment":"scroll","background-type":"","background-media":"","overlay-type":"","overlay-color":"","overlay-opacity":"","overlay-gradient":""},"tablet":{"background-color":"","background-image":"","background-repeat":"repeat","background-position":"center center","background-size":"auto","background-attachment":"scroll","background-type":"","background-media":"","overlay-type":"","overlay-color":"","overlay-opacity":"","overlay-gradient":""},"mobile":{"background-color":"","background-image":"","background-repeat":"repeat","background-position":"center center","background-size":"auto","background-attachment":"scroll","background-type":"","background-media":"","overlay-type":"","overlay-color":"","overlay-opacity":"","overlay-gradient":""}},"ast-content-background-meta":{"desktop":{"background-color":"var(--ast-global-color-5)","background-image":"","background-repeat":"repeat","background-position":"center center","background-size":"auto","background-attachment":"scroll","background-type":"","background-media":"","overlay-type":"","overlay-color":"","overlay-opacity":"","overlay-gradient":""},"tablet":{"background-color":"var(--ast-global-color-5)","background-image":"","background-repeat":"repeat","background-position":"center center","background-size":"auto","background-attachment":"scroll","background-type":"","background-media":"","overlay-type":"","overlay-color":"","overlay-opacity":"","overlay-gradient":""},"mobile":{"background-color":"var(--ast-global-color-5)","background-image":"","background-repeat":"repeat","background-position":"center center","background-size":"auto","background-attachment":"scroll","background-type":"","background-media":"","overlay-type":"","overlay-color":"","overlay-opacity":"","overlay-gradient":""}}},"product_brand":[],"product_cat":[70],"product_tag":[141,137,133,139,142,140,138],"class_list":{"0":"post-469","1":"product","2":"type-product","3":"status-publish","4":"has-post-thumbnail","6":"product_cat-detske-dres-barcelona","7":"product_tag-barcelona-dres-2025-26","8":"product_tag-detsky-barcelona","9":"product_tag-detsky-futbalovy-dres","10":"product_tag-dres-s-vlastnym-menom","11":"product_tag-fermin-lopez-dres","12":"product_tag-futbalovy-dres-pre-deti","13":"product_tag-personalizovany-dres","14":"desktop-align-left","15":"tablet-align-left","16":"mobile-align-left","18":"first","19":"instock","20":"shipping-taxable","21":"purchasable","22":"product-type-variable"},"_links":{"self":[{"href":"https:\/\/www.drespredeti.com\/nl\/wp-json\/wp\/v2\/product\/469","targetHints":{"allow":["GET"]}}],"collection":[{"href":"https:\/\/www.drespredeti.com\/nl\/wp-json\/wp\/v2\/product"}],"about":[{"href":"https:\/\/www.drespredeti.com\/nl\/wp-json\/wp\/v2\/types\/product"}],"replies":[{"embeddable":true,"href":"https:\/\/www.drespredeti.com\/nl\/wp-json\/wp\/v2\/comments?post=469"}],"wp:featuredmedia":[{"embeddable":true,"href":"https:\/\/www.drespredeti.com\/nl\/wp-json\/wp\/v2\/media\/471"}],"wp:attachment":[{"href":"https:\/\/www.drespredeti.com\/nl\/wp-json\/wp\/v2\/media?parent=469"}],"wp:term":[{"taxonomy":"product_brand","embeddable":true,"href":"https:\/\/www.drespredeti.com\/nl\/wp-json\/wp\/v2\/product_brand?post=469"},{"taxonomy":"product_cat","embeddable":true,"href":"https:\/\/www.drespredeti.com\/nl\/wp-json\/wp\/v2\/product_cat?post=469"},{"taxonomy":"product_tag","embeddable":true,"href":"https:\/\/www.drespredeti.com\/nl\/wp-json\/wp\/v2\/product_tag?post=469"}],"curies":[{"name":"wp","href":"https:\/\/api.w.org\/{rel}","templated":true}]}}