{"id":4515,"date":"2026-01-26T10:34:21","date_gmt":"2026-01-26T09:34:21","guid":{"rendered":"https:\/\/www.futbalovedresysk.com\/?post_type=product&#038;p=4515"},"modified":"2026-01-26T10:34:22","modified_gmt":"2026-01-26T09:34:22","slug":"futbalovy-dres-detsky-komplet-ac-milan-strahinja-pavlovic-31-2025-26-domaci","status":"publish","type":"product","link":"https:\/\/www.drespredeti.com\/nl\/futbalovy-dres-detsky-komplet-ac-milan-strahinja-pavlovic-31-2025-26-domaci\/","title":{"rendered":"Voetbalshirt kind Complete AC Milan Strahinja Pavlovic #31 2025-26 Thuis"},"content":{"rendered":"<h3>Thuis Voetbalshirt kind Komplet AC Milan \u2013 Strahinja Pavlovic #31 2025\/26<\/h3>\n<p>Voetbalshirt kind Komplet AC Milan Strahinja Pavlovic #31 2025\/26 Thuis brengt een klassieke clublook in een moderne kinderuitvoering. Het ontwerp is ge\u00efnspireerd op de thuisset van AC Milan voor het seizoen 2025\/26 en is ontworpen om jonge fans aan te spreken die de kleuren van hun favoriete team trots willen dragen.<\/p>\n<p><strong>Kernig materiaal aangepast aan kinderenbeweging<\/strong><\/p>\n<p>Voetbalshirt kind Komplet AC Milan is gemaakt van een fijn, maar duurzaam synthetisch vezel, geschikt voor dagelijks gebruik. Het materiaal voelt aangenaam aan, behoudt vorm en helpt comfortabel te blijven tijdens fysieke activiteit. Het shirt en de shorts zijn ontworpen met het oog op eenvoudig onderhoud.<\/p>\n<p><strong>Naam en nummer Strahinja Pavlovic #31<\/strong><\/p>\n<p>De achterkant van het shirt draagt de naam Strahinja Pavlovic samen met het nummer #31, waardoor de complete realistische voetbaluiterlijk krijgt. Drukwerk is zodanig ontworpen dat leesbaarheid en uiterlijk behouden blijven zelfs na vaak wassen, wat vooral belangrijk is voor kinderkleding.<\/p>\n<p><strong>Personalisatie volgens eigen wensen<\/strong><\/p>\n<p>Naast de spelersvariant is er ook de mogelijkheid van eigen naam en nummer. Dankzij deze aanpassing wordt het Voetbalshirt kind Komplet AC Milan een origineel kledingstuk dat de naam van een jonge speler of een geliefd nummer kan vertegenwoordigen.<\/p>\n<p><strong>Compleet set voor sport en vrije tijd<\/strong><\/p>\n<p>Voetbalshirt kind Komplet AC Milan 2025\/26 Dom\u00e1ci bevat een shirt en shorts in \u00e9\u00e9n ontwerp. Geschikt voor training, spelen met vrienden, school sportactiviteiten en als fan-outfit tijdens het volgen van wedstrijden.<\/p>","protected":false},"excerpt":{"rendered":"<p>Thuis Voetbalshirt kinderen Set AC Milan \u2013 Strahinja Pavlovic #31 2025\/26 Voetbalshirt kinderen Set AC Milan Strahinja Pavlovic #31 2025\/26 Thuis brengt een klassieke clublook in een moderne kinders versie. Het ontwerp is gebaseerd op de thuisuitrusting van AC Milan voor seizoen 2025\/26 en is ontworpen om jonge fans te aanspreken die de kleuren van hun favoriete [\u2026]<\/p>","protected":false},"featured_media":4517,"comment_status":"open","ping_status":"closed","template":"","meta":{"site-sidebar-layout":"default","site-content-layout":"","ast-site-content-layout":"default","site-content-style":"default","site-sidebar-style":"default","ast-global-header-display":"","ast-banner-title-visibility":"","ast-main-header-display":"","ast-hfb-above-header-display":"","ast-hfb-below-header-display":"","ast-hfb-mobile-header-display":"","site-post-title":"","ast-breadcrumbs-content":"","ast-featured-img":"","footer-sml-layout":"","theme-transparent-header-meta":"default","adv-header-id-meta":"","stick-header-meta":"","header-above-stick-meta":"","header-main-stick-meta":"","header-below-stick-meta":"","astra-migrate-meta-layouts":"set","ast-page-background-enabled":"default","ast-page-background-meta":{"desktop":{"background-color":"var(--ast-global-color-4)","background-image":"","background-repeat":"repeat","background-position":"center center","background-size":"auto","background-attachment":"scroll","background-type":"","background-media":"","overlay-type":"","overlay-color":"","overlay-opacity":"","overlay-gradient":""},"tablet":{"background-color":"","background-image":"","background-repeat":"repeat","background-position":"center center","background-size":"auto","background-attachment":"scroll","background-type":"","background-media":"","overlay-type":"","overlay-color":"","overlay-opacity":"","overlay-gradient":""},"mobile":{"background-color":"","background-image":"","background-repeat":"repeat","background-position":"center center","background-size":"auto","background-attachment":"scroll","background-type":"","background-media":"","overlay-type":"","overlay-color":"","overlay-opacity":"","overlay-gradient":""}},"ast-content-background-meta":{"desktop":{"background-color":"var(--ast-global-color-5)","background-image":"","background-repeat":"repeat","background-position":"center center","background-size":"auto","background-attachment":"scroll","background-type":"","background-media":"","overlay-type":"","overlay-color":"","overlay-opacity":"","overlay-gradient":""},"tablet":{"background-color":"var(--ast-global-color-5)","background-image":"","background-repeat":"repeat","background-position":"center center","background-size":"auto","background-attachment":"scroll","background-type":"","background-media":"","overlay-type":"","overlay-color":"","overlay-opacity":"","overlay-gradient":""},"mobile":{"background-color":"var(--ast-global-color-5)","background-image":"","background-repeat":"repeat","background-position":"center center","background-size":"auto","background-attachment":"scroll","background-type":"","background-media":"","overlay-type":"","overlay-color":"","overlay-opacity":"","overlay-gradient":""}}},"product_brand":[],"product_cat":[81],"product_tag":[377,378,294,376,375,388],"class_list":{"0":"post-4515","1":"product","2":"type-product","3":"status-publish","4":"has-post-thumbnail","6":"product_cat-detske-dres-ac-milan","7":"product_tag-ac-milan-detsky-komplet-2025-26","8":"product_tag-ac-milan-dres-pre-deti-s-vlastnym-menom","9":"product_tag-detsky-futbalovy-dres-2025-26","10":"product_tag-detsky-futbalovy-dres-ac-milan","11":"product_tag-futbalovy-dres-detsky-komplet-ac-milan","12":"product_tag-strahinja-pavlovic-dres","13":"desktop-align-left","14":"tablet-align-left","15":"mobile-align-left","17":"first","18":"instock","19":"shipping-taxable","20":"purchasable","21":"product-type-variable"},"_links":{"self":[{"href":"https:\/\/www.drespredeti.com\/nl\/wp-json\/wp\/v2\/product\/4515","targetHints":{"allow":["GET"]}}],"collection":[{"href":"https:\/\/www.drespredeti.com\/nl\/wp-json\/wp\/v2\/product"}],"about":[{"href":"https:\/\/www.drespredeti.com\/nl\/wp-json\/wp\/v2\/types\/product"}],"replies":[{"embeddable":true,"href":"https:\/\/www.drespredeti.com\/nl\/wp-json\/wp\/v2\/comments?post=4515"}],"wp:featuredmedia":[{"embeddable":true,"href":"https:\/\/www.drespredeti.com\/nl\/wp-json\/wp\/v2\/media\/4517"}],"wp:attachment":[{"href":"https:\/\/www.drespredeti.com\/nl\/wp-json\/wp\/v2\/media?parent=4515"}],"wp:term":[{"taxonomy":"product_brand","embeddable":true,"href":"https:\/\/www.drespredeti.com\/nl\/wp-json\/wp\/v2\/product_brand?post=4515"},{"taxonomy":"product_cat","embeddable":true,"href":"https:\/\/www.drespredeti.com\/nl\/wp-json\/wp\/v2\/product_cat?post=4515"},{"taxonomy":"product_tag","embeddable":true,"href":"https:\/\/www.drespredeti.com\/nl\/wp-json\/wp\/v2\/product_tag?post=4515"}],"curies":[{"name":"wp","href":"https:\/\/api.w.org\/{rel}","templated":true}]}}