{"id":4460,"date":"2026-01-26T10:47:39","date_gmt":"2026-01-26T09:47:39","guid":{"rendered":"https:\/\/www.futbalovedresysk.com\/?post_type=product&#038;p=4460"},"modified":"2026-01-26T10:47:39","modified_gmt":"2026-01-26T09:47:39","slug":"detske-futbalove-dresy-komplet-ac-milan-christian-pulisic-11-2025-26-tretina","status":"publish","type":"product","link":"https:\/\/www.drespredeti.com\/nl\/detske-futbalove-dresy-komplet-ac-milan-christian-pulisic-11-2025-26-tretina\/","title":{"rendered":"Kinder voetbaltruien compleet AC Milan Christian Pulisic #11 2025-26 Tretina"},"content":{"rendered":"<h3>Kinder voetbaltruien compleet AC Milan Christian Pulisic #11 2025-26 Tretina<\/h3>\n<p>Kinder voetbalshirts Complete AC Milan Christian Pulisic #11 voor het seizoen 2025\/26 in de derde versie is de ideale keuze voor jonge fans van de beroemde Italiaanse club. Dit kindervoetbaloutfit combineert modern ontwerp met hoog comfort, waardoor het geschikt is voor training, wedstrijden en dagelijks dragen.<\/p>\n<p>Voetbalshirt kind Komplet AC Milan is gemaakt van hoogwaardige, lichte en ademende polyester, die effectief zweet afvoert en zorgt voor een aangenaam gevoel, zelfs bij intensieve beweging. Korte mouwen en elastische pasvorm bieden maximale bewegingsvrijheid, wat oudere kinderen op het veld en daarbuiten waarderen. Deel van de set is het shirt en de korte broek in \u00e9\u00e9n clubsstijl.<\/p>\n<p>Op het shirt staat het nummer #2 en de naam Pervis Estupi\u00f1\u00e1n, wat het set een authentieke professionele voetbaluitstraling geeft. Een groot voordeel is de mogelijkheid om je eigen naam en nummer aan te passen, waardoor het Voetbalshirt voor kinderen Set AC Milan Pervis Estupi\u00f1\u00e1n #2 een persoonlijk en uniek cadeau wordt voor elke jonge speler of fan van AC Milan.<\/p>\n<p>Detsk\u00e9 Futbalov\u00e9 dresy Komplet AC Milan 2025\/26 Tretina je dostupn\u00fd v r\u00f4znych detsk\u00fdch ve\u013ekostiach a je navrhnut\u00fd s d\u00f4razom na odolnos\u0165 farieb aj po opakovanom pran\u00ed. Ide o skvel\u00fa vo\u013ebu pre rodi\u010dov, ktor\u00ed h\u013eadaj\u00fa kvalitn\u00fd detsk\u00fd futbalov\u00fd dres s profesion\u00e1lnym vzh\u013eadom, spo\u013eahliv\u00fdm spracovan\u00edm a mo\u017enos\u0165ou personaliz\u00e1cie.<\/p>","protected":false},"excerpt":{"rendered":"<p>Detsk\u00e9 Futbalov\u00e9 dresy Komplet AC Milan Christian Pulisic #11 2025\/26 Tretina Detsk\u00e9 Futbalov\u00e9 dresy Komplet AC Milan Christian Pulisic #11 pre sez\u00f3nu 2025\/26 v tretej verzii je ide\u00e1lnou vo\u013ebou pre mlad\u00fdch fan\u00fa\u0161ikov sl\u00e1vneho talianskeho klubu. Tento detsk\u00fd futbalov\u00fd komplet kombinuje modern\u00fd dizajn s vysok\u00fdm komfortom, v\u010faka \u010domu je vhodn\u00fd na tr\u00e9ning, z\u00e1pasy aj ka\u017edodenn\u00e9 nosenie. [\u2026]<\/p>","protected":false},"featured_media":4462,"comment_status":"open","ping_status":"closed","template":"","meta":{"site-sidebar-layout":"default","site-content-layout":"","ast-site-content-layout":"default","site-content-style":"default","site-sidebar-style":"default","ast-global-header-display":"","ast-banner-title-visibility":"","ast-main-header-display":"","ast-hfb-above-header-display":"","ast-hfb-below-header-display":"","ast-hfb-mobile-header-display":"","site-post-title":"","ast-breadcrumbs-content":"","ast-featured-img":"","footer-sml-layout":"","theme-transparent-header-meta":"default","adv-header-id-meta":"","stick-header-meta":"","header-above-stick-meta":"","header-main-stick-meta":"","header-below-stick-meta":"","astra-migrate-meta-layouts":"set","ast-page-background-enabled":"default","ast-page-background-meta":{"desktop":{"background-color":"var(--ast-global-color-4)","background-image":"","background-repeat":"repeat","background-position":"center center","background-size":"auto","background-attachment":"scroll","background-type":"","background-media":"","overlay-type":"","overlay-color":"","overlay-opacity":"","overlay-gradient":""},"tablet":{"background-color":"","background-image":"","background-repeat":"repeat","background-position":"center center","background-size":"auto","background-attachment":"scroll","background-type":"","background-media":"","overlay-type":"","overlay-color":"","overlay-opacity":"","overlay-gradient":""},"mobile":{"background-color":"","background-image":"","background-repeat":"repeat","background-position":"center center","background-size":"auto","background-attachment":"scroll","background-type":"","background-media":"","overlay-type":"","overlay-color":"","overlay-opacity":"","overlay-gradient":""}},"ast-content-background-meta":{"desktop":{"background-color":"var(--ast-global-color-5)","background-image":"","background-repeat":"repeat","background-position":"center center","background-size":"auto","background-attachment":"scroll","background-type":"","background-media":"","overlay-type":"","overlay-color":"","overlay-opacity":"","overlay-gradient":""},"tablet":{"background-color":"var(--ast-global-color-5)","background-image":"","background-repeat":"repeat","background-position":"center center","background-size":"auto","background-attachment":"scroll","background-type":"","background-media":"","overlay-type":"","overlay-color":"","overlay-opacity":"","overlay-gradient":""},"mobile":{"background-color":"var(--ast-global-color-5)","background-image":"","background-repeat":"repeat","background-position":"center center","background-size":"auto","background-attachment":"scroll","background-type":"","background-media":"","overlay-type":"","overlay-color":"","overlay-opacity":"","overlay-gradient":""}}},"product_brand":[],"product_cat":[81],"product_tag":[377,378,383,294,376,375],"class_list":{"0":"post-4460","1":"product","2":"type-product","3":"status-publish","4":"has-post-thumbnail","6":"product_cat-detske-dres-ac-milan","7":"product_tag-ac-milan-detsky-komplet-2025-26","8":"product_tag-ac-milan-dres-pre-deti-s-vlastnym-menom","9":"product_tag-christian-pulisic-dres","10":"product_tag-detsky-futbalovy-dres-2025-26","11":"product_tag-detsky-futbalovy-dres-ac-milan","12":"product_tag-futbalovy-dres-detsky-komplet-ac-milan","13":"desktop-align-left","14":"tablet-align-left","15":"mobile-align-left","17":"first","18":"instock","19":"shipping-taxable","20":"purchasable","21":"product-type-variable"},"_links":{"self":[{"href":"https:\/\/www.drespredeti.com\/nl\/wp-json\/wp\/v2\/product\/4460","targetHints":{"allow":["GET"]}}],"collection":[{"href":"https:\/\/www.drespredeti.com\/nl\/wp-json\/wp\/v2\/product"}],"about":[{"href":"https:\/\/www.drespredeti.com\/nl\/wp-json\/wp\/v2\/types\/product"}],"replies":[{"embeddable":true,"href":"https:\/\/www.drespredeti.com\/nl\/wp-json\/wp\/v2\/comments?post=4460"}],"wp:featuredmedia":[{"embeddable":true,"href":"https:\/\/www.drespredeti.com\/nl\/wp-json\/wp\/v2\/media\/4462"}],"wp:attachment":[{"href":"https:\/\/www.drespredeti.com\/nl\/wp-json\/wp\/v2\/media?parent=4460"}],"wp:term":[{"taxonomy":"product_brand","embeddable":true,"href":"https:\/\/www.drespredeti.com\/nl\/wp-json\/wp\/v2\/product_brand?post=4460"},{"taxonomy":"product_cat","embeddable":true,"href":"https:\/\/www.drespredeti.com\/nl\/wp-json\/wp\/v2\/product_cat?post=4460"},{"taxonomy":"product_tag","embeddable":true,"href":"https:\/\/www.drespredeti.com\/nl\/wp-json\/wp\/v2\/product_tag?post=4460"}],"curies":[{"name":"wp","href":"https:\/\/api.w.org\/{rel}","templated":true}]}}