{"id":4401,"date":"2026-01-26T10:56:15","date_gmt":"2026-01-26T09:56:15","guid":{"rendered":"https:\/\/www.futbalovedresysk.com\/?post_type=product&#038;p=4401"},"modified":"2026-01-26T10:56:16","modified_gmt":"2026-01-26T09:56:16","slug":"detske-futbalove-dresy-komplet-ac-milan-rafael-leao-10-2025-26-domaci","status":"publish","type":"product","link":"https:\/\/www.drespredeti.com\/nl\/detske-futbalove-dresy-komplet-ac-milan-rafael-leao-10-2025-26-domaci\/","title":{"rendered":"Kinderen Voetbaltruien Complete AC Milan Rafael Leao #10 2025-26 Thuis"},"content":{"rendered":"<h3>Thuis Kindervoetbalshirts Komplet AC Milan \u2013 Rafael Leao #10 2025\/26<\/h3>\n<p>Detsk\u00e9 Futbalov\u00e9 dresy Komplet AC Milan 2025\/26 Dom\u00e1ci prin\u00e1\u0161a klasick\u00fd klubov\u00fd vzh\u013ead v modernej detskej verzii. Dizajn vych\u00e1dza z dom\u00e1cej sady AC Milan pre sez\u00f3nu 2025\/26 a je navrhnut\u00fd tak, aby oslovil mlad\u00fdch fan\u00fa\u0161ikov, ktor\u00ed chc\u00fa nosi\u0165 farby svojho ob\u013e\u00faben\u00e9ho t\u00edmu s hrdos\u0165ou.<\/p>\n<p><strong>Kernig materiaal aangepast aan kinderenbeweging<\/strong><\/p>\n<p>Voetbalshirt kind Komplet AC Milan is gemaakt van een fijn, maar duurzaam synthetisch vezel, geschikt voor dagelijks gebruik. Het materiaal voelt aangenaam aan, behoudt vorm en helpt comfortabel te blijven tijdens fysieke activiteit. Het shirt en de shorts zijn ontworpen met het oog op eenvoudig onderhoud.<\/p>\n<p><strong>Naam en nummer Rafael Leao #10<\/strong><\/p>\n<p>Achterzijde van het shirt draagt de naam Rafael Leao samen met het nummer #10, waardoor de compleet Realistisch voetbalkarakter krijgt. De druk is zodanig ontworpen dat leesbaarheid en uitstraling ook na meerdere wasbeurten behouden blijven, wat vooral belangrijk is bij kinderkleding.<\/p>\n<p><strong>Personalisatie volgens eigen wensen<\/strong><\/p>\n<p>Naast de spelersvariant is er ook de mogelijkheid van eigen naam en nummer. Dankzij deze aanpassing wordt het Voetbalshirt kind Komplet AC Milan een origineel kledingstuk dat de naam van een jonge speler of een geliefd nummer kan vertegenwoordigen.<\/p>\n<p><strong>Compleet set voor sport en vrije tijd<\/strong><\/p>\n<p>Voetbalshirt kind Komplet AC Milan 2025\/26 Dom\u00e1ci bevat een shirt en shorts in \u00e9\u00e9n ontwerp. Geschikt voor training, spelen met vrienden, school sportactiviteiten en als fan-outfit tijdens het volgen van wedstrijden.<\/p>","protected":false},"excerpt":{"rendered":"<p>Thuis Junior voetbal-shirts Complete AC Milan \u2013 Rafael Leao #10 2025\/26 Junior voetbal-shirts Complete AC Milan Rafael Leao #10 2025\/26 Thuis brengt een klassieke clublook in een moderne kinderserie. Het ontwerp komt voort uit de thuisset van AC Milan voor het seizoen 2025\/26 en is ontworpen om jonge fans aan te spreken die de kleuren van hun favoriete [\u2026]<\/p>","protected":false},"featured_media":4403,"comment_status":"open","ping_status":"closed","template":"","meta":{"site-sidebar-layout":"default","site-content-layout":"","ast-site-content-layout":"default","site-content-style":"default","site-sidebar-style":"default","ast-global-header-display":"","ast-banner-title-visibility":"","ast-main-header-display":"","ast-hfb-above-header-display":"","ast-hfb-below-header-display":"","ast-hfb-mobile-header-display":"","site-post-title":"","ast-breadcrumbs-content":"","ast-featured-img":"","footer-sml-layout":"","theme-transparent-header-meta":"default","adv-header-id-meta":"","stick-header-meta":"","header-above-stick-meta":"","header-main-stick-meta":"","header-below-stick-meta":"","astra-migrate-meta-layouts":"set","ast-page-background-enabled":"default","ast-page-background-meta":{"desktop":{"background-color":"var(--ast-global-color-4)","background-image":"","background-repeat":"repeat","background-position":"center center","background-size":"auto","background-attachment":"scroll","background-type":"","background-media":"","overlay-type":"","overlay-color":"","overlay-opacity":"","overlay-gradient":""},"tablet":{"background-color":"","background-image":"","background-repeat":"repeat","background-position":"center center","background-size":"auto","background-attachment":"scroll","background-type":"","background-media":"","overlay-type":"","overlay-color":"","overlay-opacity":"","overlay-gradient":""},"mobile":{"background-color":"","background-image":"","background-repeat":"repeat","background-position":"center center","background-size":"auto","background-attachment":"scroll","background-type":"","background-media":"","overlay-type":"","overlay-color":"","overlay-opacity":"","overlay-gradient":""}},"ast-content-background-meta":{"desktop":{"background-color":"var(--ast-global-color-5)","background-image":"","background-repeat":"repeat","background-position":"center center","background-size":"auto","background-attachment":"scroll","background-type":"","background-media":"","overlay-type":"","overlay-color":"","overlay-opacity":"","overlay-gradient":""},"tablet":{"background-color":"var(--ast-global-color-5)","background-image":"","background-repeat":"repeat","background-position":"center center","background-size":"auto","background-attachment":"scroll","background-type":"","background-media":"","overlay-type":"","overlay-color":"","overlay-opacity":"","overlay-gradient":""},"mobile":{"background-color":"var(--ast-global-color-5)","background-image":"","background-repeat":"repeat","background-position":"center center","background-size":"auto","background-attachment":"scroll","background-type":"","background-media":"","overlay-type":"","overlay-color":"","overlay-opacity":"","overlay-gradient":""}}},"product_brand":[],"product_cat":[81],"product_tag":[377,378,294,376,375,380],"class_list":{"0":"post-4401","1":"product","2":"type-product","3":"status-publish","4":"has-post-thumbnail","6":"product_cat-detske-dres-ac-milan","7":"product_tag-ac-milan-detsky-komplet-2025-26","8":"product_tag-ac-milan-dres-pre-deti-s-vlastnym-menom","9":"product_tag-detsky-futbalovy-dres-2025-26","10":"product_tag-detsky-futbalovy-dres-ac-milan","11":"product_tag-futbalovy-dres-detsky-komplet-ac-milan","12":"product_tag-rafael-leao-dres","13":"desktop-align-left","14":"tablet-align-left","15":"mobile-align-left","17":"first","18":"instock","19":"shipping-taxable","20":"purchasable","21":"product-type-variable"},"_links":{"self":[{"href":"https:\/\/www.drespredeti.com\/nl\/wp-json\/wp\/v2\/product\/4401","targetHints":{"allow":["GET"]}}],"collection":[{"href":"https:\/\/www.drespredeti.com\/nl\/wp-json\/wp\/v2\/product"}],"about":[{"href":"https:\/\/www.drespredeti.com\/nl\/wp-json\/wp\/v2\/types\/product"}],"replies":[{"embeddable":true,"href":"https:\/\/www.drespredeti.com\/nl\/wp-json\/wp\/v2\/comments?post=4401"}],"wp:featuredmedia":[{"embeddable":true,"href":"https:\/\/www.drespredeti.com\/nl\/wp-json\/wp\/v2\/media\/4403"}],"wp:attachment":[{"href":"https:\/\/www.drespredeti.com\/nl\/wp-json\/wp\/v2\/media?parent=4401"}],"wp:term":[{"taxonomy":"product_brand","embeddable":true,"href":"https:\/\/www.drespredeti.com\/nl\/wp-json\/wp\/v2\/product_brand?post=4401"},{"taxonomy":"product_cat","embeddable":true,"href":"https:\/\/www.drespredeti.com\/nl\/wp-json\/wp\/v2\/product_cat?post=4401"},{"taxonomy":"product_tag","embeddable":true,"href":"https:\/\/www.drespredeti.com\/nl\/wp-json\/wp\/v2\/product_tag?post=4401"}],"curies":[{"name":"wp","href":"https:\/\/api.w.org\/{rel}","templated":true}]}}