{"id":4374,"date":"2026-01-18T09:58:25","date_gmt":"2026-01-18T08:58:25","guid":{"rendered":"https:\/\/www.futbalovedresysk.com\/?post_type=product&#038;p=4374"},"modified":"2026-01-18T09:58:26","modified_gmt":"2026-01-18T08:58:26","slug":"lacne-detsky-dres-komplet-tottenham-hotspur-pedro-porro-23-2025-26-domaci-2","status":"publish","type":"product","link":"https:\/\/www.drespredeti.com\/nl\/lacne-detsky-dres-komplet-tottenham-hotspur-pedro-porro-23-2025-26-domaci-2\/","title":{"rendered":"Goedkope kinderdraagsel complete Tottenham Hotspur Pedro Porro #23 2025-26 Thuis"},"content":{"rendered":"<h3>Kindertrui Compleet Tottenham Hotspur Thuis 2025\/26 \u2013 Pedro Porro #23 Goedkope Voetbaloutfit voor kinderen<\/h3>\n<p>Dom\u00e1ci \u0161t\u00fdl sez\u00f3ny 2025\/26 v detskom preveden\u00ed. Tento Lacn\u00fd Detsk\u00fd dres Komplet Tottenham Hotspur Dom\u00e1ci je ur\u010den\u00fd pre mlad\u00fdch fan\u00fa\u0161ikov, ktor\u00ed chc\u00fa nosi\u0165 klubov\u00e9 farby a podporova\u0165 t\u00edm v rovnakom dizajne, ak\u00fd v\u00eddaj\u00fa na ihrisku. Variant Xavi Simons #7 dod\u00e1va kompletu autentick\u00fd futbalov\u00fd charakter.<\/p>\n<p>Het set is gemaakt met aandacht voor kindercomfort en dagelijks gebruik. Het materiaal is licht, rekbaar en goed ademend, wat vrije beweging mogelijk maakt bij spel, training en dagelijks dragen. Het kinderset behoudt vorm en kleuren ook na veelvuldig wassen, wat vooral door ouders gewaardeerd wordt.<\/p>\n<p><strong>Wat biedt dit Kinderset?<\/strong><\/p>\n<ul>\n<li>Compleet set: shirt + short<\/li>\n<li>Comfortabel sportmateriaal geschikt voor actief gebruik<\/li>\n<li>Mogelijkheid tot eigen bedrukking \u2013 naam en nummer naar wens<\/li>\n<li>Lage prijs zonder kwaliteitsverlies<\/li>\n<\/ul>\n<p>Deze Kindertrui Compleet is ideaal voor kinderen die de naam Pedro Porro willen dragen of een gepersonaliseerde trui met hun eigen naam en nummer willen maken. Geweldig als cadeau, trainingsoutfit en supportersstuk.<\/p>\n<p>Perfecte keuze voor jonge supporters van Tottenham Hotspur die het thuisshirt willen in een comfortabel en praktisch kinderset.<\/p>","protected":false},"excerpt":{"rendered":"<p>Kindertricot Tottenham Hotspur Thuis 2025\/26 \u2013 Pedro Porro #23 Goedkope voetbalset voor kinderen Thuisstijl seizoen 2025\/26 in kinderversie. Deze Goedkope Kindertricot Tottenham Hotspur Thuis is bedoeld voor jonge fans die clubkleuren willen dragen en het team willen steunen in hetzelfde ontwerp als wat ze op het veld zien. Variant Pedro Porro #23 [\u2026]<\/p>","protected":false},"featured_media":4376,"comment_status":"open","ping_status":"closed","template":"","meta":{"site-sidebar-layout":"default","site-content-layout":"","ast-site-content-layout":"default","site-content-style":"default","site-sidebar-style":"default","ast-global-header-display":"","ast-banner-title-visibility":"","ast-main-header-display":"","ast-hfb-above-header-display":"","ast-hfb-below-header-display":"","ast-hfb-mobile-header-display":"","site-post-title":"","ast-breadcrumbs-content":"","ast-featured-img":"","footer-sml-layout":"","theme-transparent-header-meta":"default","adv-header-id-meta":"","stick-header-meta":"","header-above-stick-meta":"","header-main-stick-meta":"","header-below-stick-meta":"","astra-migrate-meta-layouts":"set","ast-page-background-enabled":"default","ast-page-background-meta":{"desktop":{"background-color":"var(--ast-global-color-4)","background-image":"","background-repeat":"repeat","background-position":"center center","background-size":"auto","background-attachment":"scroll","background-type":"","background-media":"","overlay-type":"","overlay-color":"","overlay-opacity":"","overlay-gradient":""},"tablet":{"background-color":"","background-image":"","background-repeat":"repeat","background-position":"center center","background-size":"auto","background-attachment":"scroll","background-type":"","background-media":"","overlay-type":"","overlay-color":"","overlay-opacity":"","overlay-gradient":""},"mobile":{"background-color":"","background-image":"","background-repeat":"repeat","background-position":"center center","background-size":"auto","background-attachment":"scroll","background-type":"","background-media":"","overlay-type":"","overlay-color":"","overlay-opacity":"","overlay-gradient":""}},"ast-content-background-meta":{"desktop":{"background-color":"var(--ast-global-color-5)","background-image":"","background-repeat":"repeat","background-position":"center center","background-size":"auto","background-attachment":"scroll","background-type":"","background-media":"","overlay-type":"","overlay-color":"","overlay-opacity":"","overlay-gradient":""},"tablet":{"background-color":"var(--ast-global-color-5)","background-image":"","background-repeat":"repeat","background-position":"center center","background-size":"auto","background-attachment":"scroll","background-type":"","background-media":"","overlay-type":"","overlay-color":"","overlay-opacity":"","overlay-gradient":""},"mobile":{"background-color":"var(--ast-global-color-5)","background-image":"","background-repeat":"repeat","background-position":"center center","background-size":"auto","background-attachment":"scroll","background-type":"","background-media":"","overlay-type":"","overlay-color":"","overlay-opacity":"","overlay-gradient":""}}},"product_brand":[],"product_cat":[78],"product_tag":[130,191,170,232,246,237],"class_list":{"0":"post-4374","1":"product","2":"type-product","3":"status-publish","4":"has-post-thumbnail","6":"product_cat-detske-dres-tottenham-hotspur","7":"product_tag-detske-futbalove-dresy","8":"product_tag-detsky-dres-s-vlastnym-menom-a-cislom","9":"product_tag-detsky-futbalovy-komplet","10":"product_tag-futbalovy-set-pre-deti","11":"product_tag-pedro-porro-dres","12":"product_tag-tottenham-hotspur-detsky-dres","13":"desktop-align-left","14":"tablet-align-left","15":"mobile-align-left","17":"first","18":"instock","19":"shipping-taxable","20":"purchasable","21":"product-type-variable"},"_links":{"self":[{"href":"https:\/\/www.drespredeti.com\/nl\/wp-json\/wp\/v2\/product\/4374","targetHints":{"allow":["GET"]}}],"collection":[{"href":"https:\/\/www.drespredeti.com\/nl\/wp-json\/wp\/v2\/product"}],"about":[{"href":"https:\/\/www.drespredeti.com\/nl\/wp-json\/wp\/v2\/types\/product"}],"replies":[{"embeddable":true,"href":"https:\/\/www.drespredeti.com\/nl\/wp-json\/wp\/v2\/comments?post=4374"}],"wp:featuredmedia":[{"embeddable":true,"href":"https:\/\/www.drespredeti.com\/nl\/wp-json\/wp\/v2\/media\/4376"}],"wp:attachment":[{"href":"https:\/\/www.drespredeti.com\/nl\/wp-json\/wp\/v2\/media?parent=4374"}],"wp:term":[{"taxonomy":"product_brand","embeddable":true,"href":"https:\/\/www.drespredeti.com\/nl\/wp-json\/wp\/v2\/product_brand?post=4374"},{"taxonomy":"product_cat","embeddable":true,"href":"https:\/\/www.drespredeti.com\/nl\/wp-json\/wp\/v2\/product_cat?post=4374"},{"taxonomy":"product_tag","embeddable":true,"href":"https:\/\/www.drespredeti.com\/nl\/wp-json\/wp\/v2\/product_tag?post=4374"}],"curies":[{"name":"wp","href":"https:\/\/api.w.org\/{rel}","templated":true}]}}