{"id":4323,"date":"2026-01-18T09:57:40","date_gmt":"2026-01-18T08:57:40","guid":{"rendered":"https:\/\/www.futbalovedresysk.com\/?post_type=product&#038;p=4323"},"modified":"2026-01-18T09:57:42","modified_gmt":"2026-01-18T08:57:42","slug":"lacne-detsky-dres-komplet-tottenham-hotspur-pape-matar-sarr-29-2025-26-prec","status":"publish","type":"product","link":"https:\/\/www.drespredeti.com\/nl\/lacne-detsky-dres-komplet-tottenham-hotspur-pape-matar-sarr-29-2025-26-prec\/","title":{"rendered":"Goedkope kinderdraagsel complete Tottenham Hotspur Pape Matar Sarr #29 2025-26 Uit"},"content":{"rendered":"<h3>Kindershirt Complete Pape Matar Sarr #29 Tottenham Hotspur 2025\/26 | Kinder Voetbalset<\/h3>\n<p>Voor kinderen die de Premier League volgen en houden van de stijl van speler Pape Matar Sarr #29, is dit Goedkope Kindershirt Complete Tottenham Hotspur 2025\/26 de ideale combinatie van prijs, kwaliteit en voetbalidentiteit.<\/p>\n<p>Detsk\u00fd komplet is ontworpen om dagelijks dragen en sportactiviteiten aan te kunnen. Functioneel materiaal voert vocht goed af, droogt snel en behoudt vorm en kleur na herhaaldelijk wassen. Daardoor is Detsk\u00fd dres Komplet geschikt niet alleen voor training, maar ook voor wedstrijden, school of vrije tijd.<\/p>\n<p><strong>Productkenmerken<\/strong><\/p>\n<ul>\n<li>Detsk\u00fd dres Komplet \u2013 T-shirt en shorts in \u00e9\u00e9n set<\/li>\n<li>Aangenaam en licht materiaal voor maximaal comfort<\/li>\n<li>Mogelijkheid tot bedrukkingen met eigen naam en nummer<\/li>\n<li>Betaalbare keuze voor ouders en fans<\/li>\n<\/ul>\n<p>Dit Kindershirt Complete maakt het mogelijk om de naam Pape Matar Sarr te kiezen of een gepersonaliseerde versie met de eigen naam en het nummer van het kind te maken. Dankzij de universele snit en de hoogwaardige afwerking is het een praktische en tegelijkertijd stijlvolle voetbalset.<\/p>\n<p>Geweldige cadeau voor jonge Tottenham Hotspur-fans die eruit willen zien als hun favoriete speler en zich comfortabel voelen bij elke beweging.<\/p>","protected":false},"excerpt":{"rendered":"<p>Detsk\u00fd dres Komplet Pape Matar Sarr #29 Tottenham Hotspur 2025\/26 | Detsk\u00fd Futbalov\u00fd Komplet Pre deti, ktor\u00e9 sleduj\u00fa Premier League a ob\u013eubuj\u00fa \u0161t\u00fdl hr\u00e1\u010da Pape Matar Sarr #29, je tento Lacn\u00fd Detsk\u00fd dres Komplet Tottenham Hotspur 2025\/26 ide\u00e1lnou kombin\u00e1ciou ceny, kvality a futbalovej identity. Detsk\u00fd komplet je navrhnut\u00fd tak, aby zvl\u00e1dol ka\u017edodenn\u00e9 nosenie aj \u0161portov\u00e9 [&hellip;]<\/p>","protected":false},"featured_media":4325,"comment_status":"open","ping_status":"closed","template":"","meta":{"site-sidebar-layout":"default","site-content-layout":"","ast-site-content-layout":"default","site-content-style":"default","site-sidebar-style":"default","ast-global-header-display":"","ast-banner-title-visibility":"","ast-main-header-display":"","ast-hfb-above-header-display":"","ast-hfb-below-header-display":"","ast-hfb-mobile-header-display":"","site-post-title":"","ast-breadcrumbs-content":"","ast-featured-img":"","footer-sml-layout":"","theme-transparent-header-meta":"default","adv-header-id-meta":"","stick-header-meta":"","header-above-stick-meta":"","header-main-stick-meta":"","header-below-stick-meta":"","astra-migrate-meta-layouts":"set","ast-page-background-enabled":"default","ast-page-background-meta":{"desktop":{"background-color":"var(--ast-global-color-4)","background-image":"","background-repeat":"repeat","background-position":"center center","background-size":"auto","background-attachment":"scroll","background-type":"","background-media":"","overlay-type":"","overlay-color":"","overlay-opacity":"","overlay-gradient":""},"tablet":{"background-color":"","background-image":"","background-repeat":"repeat","background-position":"center center","background-size":"auto","background-attachment":"scroll","background-type":"","background-media":"","overlay-type":"","overlay-color":"","overlay-opacity":"","overlay-gradient":""},"mobile":{"background-color":"","background-image":"","background-repeat":"repeat","background-position":"center center","background-size":"auto","background-attachment":"scroll","background-type":"","background-media":"","overlay-type":"","overlay-color":"","overlay-opacity":"","overlay-gradient":""}},"ast-content-background-meta":{"desktop":{"background-color":"var(--ast-global-color-5)","background-image":"","background-repeat":"repeat","background-position":"center center","background-size":"auto","background-attachment":"scroll","background-type":"","background-media":"","overlay-type":"","overlay-color":"","overlay-opacity":"","overlay-gradient":""},"tablet":{"background-color":"var(--ast-global-color-5)","background-image":"","background-repeat":"repeat","background-position":"center center","background-size":"auto","background-attachment":"scroll","background-type":"","background-media":"","overlay-type":"","overlay-color":"","overlay-opacity":"","overlay-gradient":""},"mobile":{"background-color":"var(--ast-global-color-5)","background-image":"","background-repeat":"repeat","background-position":"center center","background-size":"auto","background-attachment":"scroll","background-type":"","background-media":"","overlay-type":"","overlay-color":"","overlay-opacity":"","overlay-gradient":""}}},"product_brand":[],"product_cat":[78],"product_tag":[130,191,170,232,247,237],"class_list":{"0":"post-4323","1":"product","2":"type-product","3":"status-publish","4":"has-post-thumbnail","6":"product_cat-detske-dres-tottenham-hotspur","7":"product_tag-detske-futbalove-dresy","8":"product_tag-detsky-dres-s-vlastnym-menom-a-cislom","9":"product_tag-detsky-futbalovy-komplet","10":"product_tag-futbalovy-set-pre-deti","11":"product_tag-pape-matar-sarr-dres","12":"product_tag-tottenham-hotspur-detsky-dres","13":"desktop-align-left","14":"tablet-align-left","15":"mobile-align-left","17":"first","18":"instock","19":"shipping-taxable","20":"purchasable","21":"product-type-variable"},"_links":{"self":[{"href":"https:\/\/www.drespredeti.com\/nl\/wp-json\/wp\/v2\/product\/4323","targetHints":{"allow":["GET"]}}],"collection":[{"href":"https:\/\/www.drespredeti.com\/nl\/wp-json\/wp\/v2\/product"}],"about":[{"href":"https:\/\/www.drespredeti.com\/nl\/wp-json\/wp\/v2\/types\/product"}],"replies":[{"embeddable":true,"href":"https:\/\/www.drespredeti.com\/nl\/wp-json\/wp\/v2\/comments?post=4323"}],"wp:featuredmedia":[{"embeddable":true,"href":"https:\/\/www.drespredeti.com\/nl\/wp-json\/wp\/v2\/media\/4325"}],"wp:attachment":[{"href":"https:\/\/www.drespredeti.com\/nl\/wp-json\/wp\/v2\/media?parent=4323"}],"wp:term":[{"taxonomy":"product_brand","embeddable":true,"href":"https:\/\/www.drespredeti.com\/nl\/wp-json\/wp\/v2\/product_brand?post=4323"},{"taxonomy":"product_cat","embeddable":true,"href":"https:\/\/www.drespredeti.com\/nl\/wp-json\/wp\/v2\/product_cat?post=4323"},{"taxonomy":"product_tag","embeddable":true,"href":"https:\/\/www.drespredeti.com\/nl\/wp-json\/wp\/v2\/product_tag?post=4323"}],"curies":[{"name":"wp","href":"https:\/\/api.w.org\/{rel}","templated":true}]}}