{"id":422,"date":"2025-11-18T14:44:10","date_gmt":"2025-11-18T13:44:10","guid":{"rendered":"https:\/\/www.futbalovedresysk.com\/?post_type=product&#038;p=422"},"modified":"2026-01-12T01:36:06","modified_gmt":"2026-01-12T00:36:06","slug":"detsky-barcelona-andreas-christensen-15-2025-26-futbalove-dresy-prec-trenirky","status":"publish","type":"product","link":"https:\/\/www.drespredeti.com\/nl\/detsky-barcelona-andreas-christensen-15-2025-26-futbalove-dresy-prec-trenirky\/","title":{"rendered":"Kinder Barcelona Andreas Christensen #15 2025-26 Voetbalshirts Pre\u010d (+ trainingsbroek)"},"content":{"rendered":"<p>Deze D\u011btsk\u00fd Barcelona voetbalshirt 2025\/26 Andreas Christensen#15 \u2013 uitwaaiend set met boxers is de ideale keuze voor jonge fans van FC Barcelona die een stijlvolle en comfortabele voetbalshirt willen voor een betaalbare prijs.<\/p>\n<p>Het shirt is gemaakt van lichtgewicht en ademend polyester materiaal dat effectief zweet afvoert en comfort biedt tijdens training, wedstrijden en h\u00e9t dagelijks gebruik. Kindermaat pas zich aan aan actief bewegen.<\/p>\n<h2>Belangrijkste voordelen<\/h2>\n<ul>\n<li>Kinder Barcelona voetbalshirt + boxers (volledige set)<\/li>\n<li>Eigen naam en nummer op aanvraag<\/li>\n<li>Licht, ademend en snel droog materiaal<\/li>\n<li>Comfortabele pasvorm speciaal ontworpen voor kinderen<\/li>\n<li>Ideaal cadeau voor fans van FC Barcelona<\/li>\n<li>Geweldige prijs-kwaliteitverhouding<\/li>\n<\/ul>\n<h3>Maten<\/h3>\n<p>Er zijn verschillende kinder maten beschikbaar. Raadpleeg v\u00f3\u00f3r het bestellen de maattabel.<\/p>\n<h3>Onderhoud<\/h3>\n<ul>\n<li>wassen binnenstebuiten bij lage temperatuur<\/li>\n<li>niet bedrukt printen strijken<\/li>\n<li>niet in de droger stoppen<\/li>\n<\/ul>\n<p>Dit Kinder Barcelona shirt 2025\/26 met eigen naam en nummer is de ideale keuze voor kinderen die van voetbal houden en een uniek shirt willen ge\u00efnspireerd op hun favoriete club.<\/p>","protected":false},"excerpt":{"rendered":"<p>Tento D\u011btsk\u00fd Barcelona futbalov\u00fd dres 2025\/26 Andreas Christensen#15 \u2013 venkovn\u00ed komplet s tren\u00fdrkami je ide\u00e1ln\u00ed volbou pro mlad\u00e9 fanou\u0161ky FC Barcelona, kte\u0159\u00ed cht\u011bj\u00ed stylov\u00fd a pohodln\u00fd dres za dostupnou cenu. Dres je vyroben z lehk\u00e9ho a prody\u0161n\u00e9ho polyesterov\u00e9ho materi\u00e1lu, kter\u00fd efektivn\u011b odv\u00e1d\u00ed pot a zaji\u0161\u0165uje pohodl\u00ed b\u011bhem tr\u00e9ninku, z\u00e1pas\u016f i ka\u017edodenn\u00edho no\u0161en\u00ed. D\u011btsk\u00fd st\u0159ih je [&hellip;]<\/p>","protected":false},"featured_media":425,"comment_status":"open","ping_status":"closed","template":"","meta":{"site-sidebar-layout":"default","site-content-layout":"","ast-site-content-layout":"default","site-content-style":"default","site-sidebar-style":"default","ast-global-header-display":"","ast-banner-title-visibility":"","ast-main-header-display":"","ast-hfb-above-header-display":"","ast-hfb-below-header-display":"","ast-hfb-mobile-header-display":"","site-post-title":"","ast-breadcrumbs-content":"","ast-featured-img":"","footer-sml-layout":"","theme-transparent-header-meta":"default","adv-header-id-meta":"","stick-header-meta":"","header-above-stick-meta":"","header-main-stick-meta":"","header-below-stick-meta":"","astra-migrate-meta-layouts":"set","ast-page-background-enabled":"default","ast-page-background-meta":{"desktop":{"background-color":"var(--ast-global-color-4)","background-image":"","background-repeat":"repeat","background-position":"center center","background-size":"auto","background-attachment":"scroll","background-type":"","background-media":"","overlay-type":"","overlay-color":"","overlay-opacity":"","overlay-gradient":""},"tablet":{"background-color":"","background-image":"","background-repeat":"repeat","background-position":"center center","background-size":"auto","background-attachment":"scroll","background-type":"","background-media":"","overlay-type":"","overlay-color":"","overlay-opacity":"","overlay-gradient":""},"mobile":{"background-color":"","background-image":"","background-repeat":"repeat","background-position":"center center","background-size":"auto","background-attachment":"scroll","background-type":"","background-media":"","overlay-type":"","overlay-color":"","overlay-opacity":"","overlay-gradient":""}},"ast-content-background-meta":{"desktop":{"background-color":"var(--ast-global-color-5)","background-image":"","background-repeat":"repeat","background-position":"center center","background-size":"auto","background-attachment":"scroll","background-type":"","background-media":"","overlay-type":"","overlay-color":"","overlay-opacity":"","overlay-gradient":""},"tablet":{"background-color":"var(--ast-global-color-5)","background-image":"","background-repeat":"repeat","background-position":"center center","background-size":"auto","background-attachment":"scroll","background-type":"","background-media":"","overlay-type":"","overlay-color":"","overlay-opacity":"","overlay-gradient":""},"mobile":{"background-color":"var(--ast-global-color-5)","background-image":"","background-repeat":"repeat","background-position":"center center","background-size":"auto","background-attachment":"scroll","background-type":"","background-media":"","overlay-type":"","overlay-color":"","overlay-opacity":"","overlay-gradient":""}}},"product_brand":[],"product_cat":[70],"product_tag":[],"class_list":{"0":"post-422","1":"product","2":"type-product","3":"status-publish","4":"has-post-thumbnail","6":"product_cat-detske-dres-barcelona","7":"desktop-align-left","8":"tablet-align-left","9":"mobile-align-left","11":"first","12":"instock","13":"shipping-taxable","14":"purchasable","15":"product-type-variable"},"_links":{"self":[{"href":"https:\/\/www.drespredeti.com\/nl\/wp-json\/wp\/v2\/product\/422","targetHints":{"allow":["GET"]}}],"collection":[{"href":"https:\/\/www.drespredeti.com\/nl\/wp-json\/wp\/v2\/product"}],"about":[{"href":"https:\/\/www.drespredeti.com\/nl\/wp-json\/wp\/v2\/types\/product"}],"replies":[{"embeddable":true,"href":"https:\/\/www.drespredeti.com\/nl\/wp-json\/wp\/v2\/comments?post=422"}],"wp:featuredmedia":[{"embeddable":true,"href":"https:\/\/www.drespredeti.com\/nl\/wp-json\/wp\/v2\/media\/425"}],"wp:attachment":[{"href":"https:\/\/www.drespredeti.com\/nl\/wp-json\/wp\/v2\/media?parent=422"}],"wp:term":[{"taxonomy":"product_brand","embeddable":true,"href":"https:\/\/www.drespredeti.com\/nl\/wp-json\/wp\/v2\/product_brand?post=422"},{"taxonomy":"product_cat","embeddable":true,"href":"https:\/\/www.drespredeti.com\/nl\/wp-json\/wp\/v2\/product_cat?post=422"},{"taxonomy":"product_tag","embeddable":true,"href":"https:\/\/www.drespredeti.com\/nl\/wp-json\/wp\/v2\/product_tag?post=422"}],"curies":[{"name":"wp","href":"https:\/\/api.w.org\/{rel}","templated":true}]}}