{"id":4210,"date":"2026-01-18T09:49:10","date_gmt":"2026-01-18T08:49:10","guid":{"rendered":"https:\/\/www.futbalovedresysk.com\/?post_type=product&#038;p=4210"},"modified":"2026-01-18T09:49:10","modified_gmt":"2026-01-18T08:49:10","slug":"lacne-detsky-dres-komplet-tottenham-hotspur-xavi-simons-7-2025-26-tretina","status":"publish","type":"product","link":"https:\/\/www.drespredeti.com\/nl\/lacne-detsky-dres-komplet-tottenham-hotspur-xavi-simons-7-2025-26-tretina\/","title":{"rendered":"Goedkoop Kinderset Tottenham Hotspur Xavi Simons #7 2025-26 Derde"},"content":{"rendered":"<h3>Goedkope Kindershirt Complete Tottenham Hotspur 2025\/26 Derde \u2013 Xavi Simons #7 voor kinderen<\/h3>\n<p>Zoekt u een kwalitatieve en betaalbare Kindershirt Komplet voor jonge fans van Tottenham Hotspur? Deze kinderset Tottenham Hotspur 2025\/26 \u2013 derde set Xavi Simons #7 is de ideale keuze voor training, wedstrijden en dagelijks draagcomfort.<\/p>\n<p>Het ontwerp is ge\u00efnspireerd op de derde set van het seizoen 2025\/26 en draagt de naam van de populaire speler Xavi Simons #7, waardoor het authentiek en professioneel oogt. Lichtgewicht, ademend en sneldrogend materiaal zorgt voor maximaal comfort zodat het kind zich ook bij intensieve fysieke activiteit prettig voelt.<\/p>\n<p><strong>Waarom dit Kindershirt Komplet Xavi Simons kiezen?<\/strong><\/p>\n<ul>\n<li>Volledige set voor kinderen: trui + short<\/li>\n<li>Premium materiaal: zacht, ademend en huidvriendelijk voor kinderen<\/li>\n<li>Mogelijkheid tot personalisatie \u2013 eigen naam en nummer op het shirt<\/li>\n<li>Geschikt voor training, wedstrijden en vrije tijd<\/li>\n<li>Betaalbare prijs met focus op kwaliteit en lange levensduur<\/li>\n<\/ul>\n<p>Deze Kindertrui\/Set is een ideaal cadeau voor kleine voetballers en Tottenham-fans. Dankzij de mogelijkheid van eigen naam en nummer kun je een originele gepersonaliseerde Kindervoetbaltrui maken, die uniek en onvervangbaar is.<\/p>","protected":false},"excerpt":{"rendered":"<p>Lacn\u00fd Detsk\u00fd dres Komplet Tottenham Hotspur 2025\/26 Tret\u00ed \u2013 Xavi Simons #7 pre deti H\u013ead\u00e1te kvalitn\u00fd a cenovo dostupn\u00fd Detsk\u00fd dres Komplet pre mlad\u00fdch fan\u00fa\u0161ikov Tottenham Hotspur? Tento detsk\u00fd futbalov\u00fd komplet Tottenham Hotspur 2025\/26 \u2013 tretia sada Xavi Simons #7 je ide\u00e1lnou vo\u013ebou pre tr\u00e9ning, z\u00e1pasy aj ka\u017edodenn\u00e9 nosenie. Dizajn je in\u0161pirovan\u00fd tre\u0165ou sadou sez\u00f3ny [&hellip;]<\/p>","protected":false},"featured_media":4212,"comment_status":"open","ping_status":"closed","template":"","meta":{"site-sidebar-layout":"default","site-content-layout":"","ast-site-content-layout":"default","site-content-style":"default","site-sidebar-style":"default","ast-global-header-display":"","ast-banner-title-visibility":"","ast-main-header-display":"","ast-hfb-above-header-display":"","ast-hfb-below-header-display":"","ast-hfb-mobile-header-display":"","site-post-title":"","ast-breadcrumbs-content":"","ast-featured-img":"","footer-sml-layout":"","theme-transparent-header-meta":"default","adv-header-id-meta":"","stick-header-meta":"","header-above-stick-meta":"","header-main-stick-meta":"","header-below-stick-meta":"","astra-migrate-meta-layouts":"set","ast-page-background-enabled":"default","ast-page-background-meta":{"desktop":{"background-color":"var(--ast-global-color-4)","background-image":"","background-repeat":"repeat","background-position":"center center","background-size":"auto","background-attachment":"scroll","background-type":"","background-media":"","overlay-type":"","overlay-color":"","overlay-opacity":"","overlay-gradient":""},"tablet":{"background-color":"","background-image":"","background-repeat":"repeat","background-position":"center center","background-size":"auto","background-attachment":"scroll","background-type":"","background-media":"","overlay-type":"","overlay-color":"","overlay-opacity":"","overlay-gradient":""},"mobile":{"background-color":"","background-image":"","background-repeat":"repeat","background-position":"center center","background-size":"auto","background-attachment":"scroll","background-type":"","background-media":"","overlay-type":"","overlay-color":"","overlay-opacity":"","overlay-gradient":""}},"ast-content-background-meta":{"desktop":{"background-color":"var(--ast-global-color-5)","background-image":"","background-repeat":"repeat","background-position":"center center","background-size":"auto","background-attachment":"scroll","background-type":"","background-media":"","overlay-type":"","overlay-color":"","overlay-opacity":"","overlay-gradient":""},"tablet":{"background-color":"var(--ast-global-color-5)","background-image":"","background-repeat":"repeat","background-position":"center center","background-size":"auto","background-attachment":"scroll","background-type":"","background-media":"","overlay-type":"","overlay-color":"","overlay-opacity":"","overlay-gradient":""},"mobile":{"background-color":"var(--ast-global-color-5)","background-image":"","background-repeat":"repeat","background-position":"center center","background-size":"auto","background-attachment":"scroll","background-type":"","background-media":"","overlay-type":"","overlay-color":"","overlay-opacity":"","overlay-gradient":""}}},"product_brand":[],"product_cat":[78],"product_tag":[130,191,170,232,237,239],"class_list":{"0":"post-4210","1":"product","2":"type-product","3":"status-publish","4":"has-post-thumbnail","6":"product_cat-detske-dres-tottenham-hotspur","7":"product_tag-detske-futbalove-dresy","8":"product_tag-detsky-dres-s-vlastnym-menom-a-cislom","9":"product_tag-detsky-futbalovy-komplet","10":"product_tag-futbalovy-set-pre-deti","11":"product_tag-tottenham-hotspur-detsky-dres","12":"product_tag-xavi-simons-dres","13":"desktop-align-left","14":"tablet-align-left","15":"mobile-align-left","17":"first","18":"instock","19":"shipping-taxable","20":"purchasable","21":"product-type-variable"},"_links":{"self":[{"href":"https:\/\/www.drespredeti.com\/nl\/wp-json\/wp\/v2\/product\/4210","targetHints":{"allow":["GET"]}}],"collection":[{"href":"https:\/\/www.drespredeti.com\/nl\/wp-json\/wp\/v2\/product"}],"about":[{"href":"https:\/\/www.drespredeti.com\/nl\/wp-json\/wp\/v2\/types\/product"}],"replies":[{"embeddable":true,"href":"https:\/\/www.drespredeti.com\/nl\/wp-json\/wp\/v2\/comments?post=4210"}],"wp:featuredmedia":[{"embeddable":true,"href":"https:\/\/www.drespredeti.com\/nl\/wp-json\/wp\/v2\/media\/4212"}],"wp:attachment":[{"href":"https:\/\/www.drespredeti.com\/nl\/wp-json\/wp\/v2\/media?parent=4210"}],"wp:term":[{"taxonomy":"product_brand","embeddable":true,"href":"https:\/\/www.drespredeti.com\/nl\/wp-json\/wp\/v2\/product_brand?post=4210"},{"taxonomy":"product_cat","embeddable":true,"href":"https:\/\/www.drespredeti.com\/nl\/wp-json\/wp\/v2\/product_cat?post=4210"},{"taxonomy":"product_tag","embeddable":true,"href":"https:\/\/www.drespredeti.com\/nl\/wp-json\/wp\/v2\/product_tag?post=4210"}],"curies":[{"name":"wp","href":"https:\/\/api.w.org\/{rel}","templated":true}]}}