{"id":4176,"date":"2026-01-18T10:05:28","date_gmt":"2026-01-18T09:05:28","guid":{"rendered":"https:\/\/www.futbalovedresysk.com\/?post_type=product&#038;p=4176"},"modified":"2026-01-18T10:05:30","modified_gmt":"2026-01-18T09:05:30","slug":"detske-futbalove-dresy-komplet-tottenham-hotspur-guglielmo-vicario-1-brankarsky-2025-26-tretina","status":"publish","type":"product","link":"https:\/\/www.drespredeti.com\/nl\/detske-futbalove-dresy-komplet-tottenham-hotspur-guglielmo-vicario-1-brankarsky-2025-26-tretina\/","title":{"rendered":"Kinder voetbalshirts Kit Tottenham Hotspur Guglielmo Vicario #1 Doelman 2025-26 Tweede"},"content":{"rendered":"<h3>Kinderen Voetbalshirts Set Tottenham Hotspur 2025\/26 Derde \u2013 Doelman Korterm Truien Vicario #1<\/h3>\n<p>Deze Kinderen Voetbalshirts Set Tottenham Hotspur 2025\/26 \u2013 derde doelman versie met korte mouwen is ideaal voor jonge keepers en fans die de keptool van Guglielmo Vicario bewonderen #1. Het moderne ontwerp van het derde shirt onderscheidt zich van reguliere spelerssets en biedt een stijlvolle en functionele uitstraling.<\/p>\n<p>Doelmanset met korte mouwen is gemaakt van rekbaar, ademend en licht materiaal dat comfort en bewegingsvrijheid garandeert. Daardoor is Kinderen Voetbalshirts Set geschikt voor zowel training als wedstrijden, maar ook voor dagelijkse voetbalactiviteiten.<\/p>\n<p><strong>Eigenschappen van de keeperset<\/strong><\/p>\n<ul>\n<li>Kinder Voetbalshirts Komplet \u2013 korte mouwen + short<\/li>\n<li>Keeperversie ge\u00efnspireerd door Guglielmo Vicario (#1)<\/li>\n<li>Derde shirt van Tottenham Hotspur 2025\/26 met uniek ontwerp<\/li>\n<li>Rekbaar en licht materiaal voor maximaal comfort<\/li>\n<li>Geschikt voor keepers en voetbaltrainingen<\/li>\n<li>Mogelijkheid tot personalisatie \u2013 eigen naam en nummer<\/li>\n<\/ul>\n<p>Deze Kinderen Voetbalshirts Set laat kinderen zelfverzekerd in het doel staan en ondersteunt hun liefde voor voetbal. De mogelijkheid om eigen naam en nummer te voegen maakt de set uniek en aantrekkelijk.<\/p>\n<p>Perfect cadeau voor jonge keepers en fans van Tottenham Hotspur die het derde keeperstrui willen dragen in comfortabele kinderversie met korte mouwen.<\/p>","protected":false},"excerpt":{"rendered":"<p>Detsk\u00e9 Futbalov\u00e9 dresy Komplet Tottenham Hotspur 2025\/26 Tret\u00ed \u2013 Brank\u00e1rsky Kr\u00e1tky Ruk\u00e1v Vicario #1 Tento Detsk\u00e9 Futbalov\u00e9 dresy Komplet Tottenham Hotspur 2025\/26 \u2013 tretia brank\u00e1rska verzia s kr\u00e1tkym ruk\u00e1vom je ide\u00e1lny pre mlad\u00fdch brank\u00e1rov a fan\u00fa\u0161ikov, ktor\u00ed obdivuj\u00fa g\u00f3lmansk\u00e9 schopnosti Guglielmo Vicario #1. Modern\u00fd dizajn tretieho dresu sa odli\u0161uje od be\u017en\u00fdch hr\u00e1\u010dskych setov a pon\u00faka [&hellip;]<\/p>","protected":false},"featured_media":4178,"comment_status":"open","ping_status":"closed","template":"","meta":{"site-sidebar-layout":"default","site-content-layout":"","ast-site-content-layout":"default","site-content-style":"default","site-sidebar-style":"default","ast-global-header-display":"","ast-banner-title-visibility":"","ast-main-header-display":"","ast-hfb-above-header-display":"","ast-hfb-below-header-display":"","ast-hfb-mobile-header-display":"","site-post-title":"","ast-breadcrumbs-content":"","ast-featured-img":"","footer-sml-layout":"","theme-transparent-header-meta":"default","adv-header-id-meta":"","stick-header-meta":"","header-above-stick-meta":"","header-main-stick-meta":"","header-below-stick-meta":"","astra-migrate-meta-layouts":"set","ast-page-background-enabled":"default","ast-page-background-meta":{"desktop":{"background-color":"var(--ast-global-color-4)","background-image":"","background-repeat":"repeat","background-position":"center center","background-size":"auto","background-attachment":"scroll","background-type":"","background-media":"","overlay-type":"","overlay-color":"","overlay-opacity":"","overlay-gradient":""},"tablet":{"background-color":"","background-image":"","background-repeat":"repeat","background-position":"center center","background-size":"auto","background-attachment":"scroll","background-type":"","background-media":"","overlay-type":"","overlay-color":"","overlay-opacity":"","overlay-gradient":""},"mobile":{"background-color":"","background-image":"","background-repeat":"repeat","background-position":"center center","background-size":"auto","background-attachment":"scroll","background-type":"","background-media":"","overlay-type":"","overlay-color":"","overlay-opacity":"","overlay-gradient":""}},"ast-content-background-meta":{"desktop":{"background-color":"var(--ast-global-color-5)","background-image":"","background-repeat":"repeat","background-position":"center center","background-size":"auto","background-attachment":"scroll","background-type":"","background-media":"","overlay-type":"","overlay-color":"","overlay-opacity":"","overlay-gradient":""},"tablet":{"background-color":"var(--ast-global-color-5)","background-image":"","background-repeat":"repeat","background-position":"center center","background-size":"auto","background-attachment":"scroll","background-type":"","background-media":"","overlay-type":"","overlay-color":"","overlay-opacity":"","overlay-gradient":""},"mobile":{"background-color":"var(--ast-global-color-5)","background-image":"","background-repeat":"repeat","background-position":"center center","background-size":"auto","background-attachment":"scroll","background-type":"","background-media":"","overlay-type":"","overlay-color":"","overlay-opacity":"","overlay-gradient":""}}},"product_brand":[],"product_cat":[78],"product_tag":[248,170,249,232,250,237],"class_list":{"0":"post-4176","1":"product","2":"type-product","3":"status-publish","4":"has-post-thumbnail","6":"product_cat-detske-dres-tottenham-hotspur","7":"product_tag-detsky-brankarsky-dres-komplet","8":"product_tag-detsky-futbalovy-komplet","9":"product_tag-futbalovy-dres-pre-deti-2025-26","10":"product_tag-futbalovy-set-pre-deti","11":"product_tag-guglielmo-vicario-dres","12":"product_tag-tottenham-hotspur-detsky-dres","13":"desktop-align-left","14":"tablet-align-left","15":"mobile-align-left","17":"first","18":"instock","19":"shipping-taxable","20":"purchasable","21":"product-type-variable"},"_links":{"self":[{"href":"https:\/\/www.drespredeti.com\/nl\/wp-json\/wp\/v2\/product\/4176","targetHints":{"allow":["GET"]}}],"collection":[{"href":"https:\/\/www.drespredeti.com\/nl\/wp-json\/wp\/v2\/product"}],"about":[{"href":"https:\/\/www.drespredeti.com\/nl\/wp-json\/wp\/v2\/types\/product"}],"replies":[{"embeddable":true,"href":"https:\/\/www.drespredeti.com\/nl\/wp-json\/wp\/v2\/comments?post=4176"}],"wp:featuredmedia":[{"embeddable":true,"href":"https:\/\/www.drespredeti.com\/nl\/wp-json\/wp\/v2\/media\/4178"}],"wp:attachment":[{"href":"https:\/\/www.drespredeti.com\/nl\/wp-json\/wp\/v2\/media?parent=4176"}],"wp:term":[{"taxonomy":"product_brand","embeddable":true,"href":"https:\/\/www.drespredeti.com\/nl\/wp-json\/wp\/v2\/product_brand?post=4176"},{"taxonomy":"product_cat","embeddable":true,"href":"https:\/\/www.drespredeti.com\/nl\/wp-json\/wp\/v2\/product_cat?post=4176"},{"taxonomy":"product_tag","embeddable":true,"href":"https:\/\/www.drespredeti.com\/nl\/wp-json\/wp\/v2\/product_tag?post=4176"}],"curies":[{"name":"wp","href":"https:\/\/api.w.org\/{rel}","templated":true}]}}