{"id":4173,"date":"2026-01-18T10:05:19","date_gmt":"2026-01-18T09:05:19","guid":{"rendered":"https:\/\/www.futbalovedresysk.com\/?post_type=product&#038;p=4173"},"modified":"2026-01-18T10:05:20","modified_gmt":"2026-01-18T09:05:20","slug":"detske-futbalove-dresy-komplet-tottenham-hotspur-guglielmo-vicario-1-brankarsky-2025-26-prec","status":"publish","type":"product","link":"https:\/\/www.drespredeti.com\/nl\/detske-futbalove-dresy-komplet-tottenham-hotspur-guglielmo-vicario-1-brankarsky-2025-26-prec\/","title":{"rendered":"Kinder voetbalshirts Kit Tottenham Hotspur Guglielmo Vicario #1 Doelman 2025-26 Uit"},"content":{"rendered":"<h3>Kinderen Voetbalshirts Kit Tottenham Hotspur 2025\/26 Voor \u2013 Doelmannenset Vicario #1 voor Kinderen<\/h3>\n<p>Ontdek Detsk\u00e9 Futbalov\u00e9 dresy Komplet Tottenham Hotspur 2025\/26 \u2013 tretia brank\u00e1rska verzia Pre\u010d, ide\u00e1lnu pre mlad\u00fdch brank\u00e1rov, ktor\u00ed chc\u00fa poc\u00edti\u0165 profesion\u00e1lny \u0161t\u00fdl a pohodlie pri tr\u00e9ningu aj z\u00e1pase. Tento komplet kombinuje praktickos\u0165, odolnos\u0165 a autentick\u00fd klubov\u00fd dizajn pre deti.<\/p>\n<p>Het shirt is gemaakt van hoogwaardig materiaal dat ademend, licht en flexibel is, waardoor bewegingsvrijheid en comfort tijdens de hele wedstrijd worden gegarandeerd. Kinderen Voetbalshirts Kit onderscheiden zich door regelmatig wassen en behoudt kleur en vorm, zodat ze langdurig functioneel en stijlvol blijven.<\/p>\n<p><strong>Kernvoordelen van het product<\/strong><\/p>\n<ul>\n<li>Kinderen Voetbalshirts Kit \u2013 keeper shirt + korte broek<\/li>\n<li>Ademend en flexibel materiaal voor maximaal comfort<\/li>\n<li>Mogelijkheid tot personalisatie \u2013 eigen naam en nummer<\/li>\n<li>Goedkope en kwalitatieve set voor jonge sporters<\/li>\n<\/ul>\n<p>Deze Kinderen Voetbalshirts Kit biedt kinderen een professioneel keepersuiterlijk en de personalisatiemogelijkheid met naam en nummer maakt de set uniek.<\/p>\n<p>Perfecte cadeau voor kleine keepers en fans van Tottenham Hotspur die een comfortabele en stijlvolle derde keeperstrui willen.<\/p>","protected":false},"excerpt":{"rendered":"<p>Detsk\u00e9 Futbalov\u00e9 dresy Komplet Tottenham Hotspur 2025\/26 Pre\u010d \u2013 Brank\u00e1rsky set Vicario #1 voor Kinderen Ontdek Detsk\u00e9 futbalov\u00e9 dresy Komplet Tottenham Hotspur 2025\/26 \u2013 derde doelmanversie Pre\u010d, ideaal voor jonge doelmannen die professionele stijl en comfort tijdens training en wedstrijd willen ervaren. Deze set combineert praktisch gebruik, duurzaamheid en authentiek clubontwerp voor kinderen. Dres [\u2026]<\/p>","protected":false},"featured_media":4175,"comment_status":"open","ping_status":"closed","template":"","meta":{"site-sidebar-layout":"default","site-content-layout":"","ast-site-content-layout":"default","site-content-style":"default","site-sidebar-style":"default","ast-global-header-display":"","ast-banner-title-visibility":"","ast-main-header-display":"","ast-hfb-above-header-display":"","ast-hfb-below-header-display":"","ast-hfb-mobile-header-display":"","site-post-title":"","ast-breadcrumbs-content":"","ast-featured-img":"","footer-sml-layout":"","theme-transparent-header-meta":"default","adv-header-id-meta":"","stick-header-meta":"","header-above-stick-meta":"","header-main-stick-meta":"","header-below-stick-meta":"","astra-migrate-meta-layouts":"set","ast-page-background-enabled":"default","ast-page-background-meta":{"desktop":{"background-color":"var(--ast-global-color-4)","background-image":"","background-repeat":"repeat","background-position":"center center","background-size":"auto","background-attachment":"scroll","background-type":"","background-media":"","overlay-type":"","overlay-color":"","overlay-opacity":"","overlay-gradient":""},"tablet":{"background-color":"","background-image":"","background-repeat":"repeat","background-position":"center center","background-size":"auto","background-attachment":"scroll","background-type":"","background-media":"","overlay-type":"","overlay-color":"","overlay-opacity":"","overlay-gradient":""},"mobile":{"background-color":"","background-image":"","background-repeat":"repeat","background-position":"center center","background-size":"auto","background-attachment":"scroll","background-type":"","background-media":"","overlay-type":"","overlay-color":"","overlay-opacity":"","overlay-gradient":""}},"ast-content-background-meta":{"desktop":{"background-color":"var(--ast-global-color-5)","background-image":"","background-repeat":"repeat","background-position":"center center","background-size":"auto","background-attachment":"scroll","background-type":"","background-media":"","overlay-type":"","overlay-color":"","overlay-opacity":"","overlay-gradient":""},"tablet":{"background-color":"var(--ast-global-color-5)","background-image":"","background-repeat":"repeat","background-position":"center center","background-size":"auto","background-attachment":"scroll","background-type":"","background-media":"","overlay-type":"","overlay-color":"","overlay-opacity":"","overlay-gradient":""},"mobile":{"background-color":"var(--ast-global-color-5)","background-image":"","background-repeat":"repeat","background-position":"center center","background-size":"auto","background-attachment":"scroll","background-type":"","background-media":"","overlay-type":"","overlay-color":"","overlay-opacity":"","overlay-gradient":""}}},"product_brand":[],"product_cat":[78],"product_tag":[248,170,249,232,250,237],"class_list":{"0":"post-4173","1":"product","2":"type-product","3":"status-publish","4":"has-post-thumbnail","6":"product_cat-detske-dres-tottenham-hotspur","7":"product_tag-detsky-brankarsky-dres-komplet","8":"product_tag-detsky-futbalovy-komplet","9":"product_tag-futbalovy-dres-pre-deti-2025-26","10":"product_tag-futbalovy-set-pre-deti","11":"product_tag-guglielmo-vicario-dres","12":"product_tag-tottenham-hotspur-detsky-dres","13":"desktop-align-left","14":"tablet-align-left","15":"mobile-align-left","17":"first","18":"instock","19":"shipping-taxable","20":"purchasable","21":"product-type-variable"},"_links":{"self":[{"href":"https:\/\/www.drespredeti.com\/nl\/wp-json\/wp\/v2\/product\/4173","targetHints":{"allow":["GET"]}}],"collection":[{"href":"https:\/\/www.drespredeti.com\/nl\/wp-json\/wp\/v2\/product"}],"about":[{"href":"https:\/\/www.drespredeti.com\/nl\/wp-json\/wp\/v2\/types\/product"}],"replies":[{"embeddable":true,"href":"https:\/\/www.drespredeti.com\/nl\/wp-json\/wp\/v2\/comments?post=4173"}],"wp:featuredmedia":[{"embeddable":true,"href":"https:\/\/www.drespredeti.com\/nl\/wp-json\/wp\/v2\/media\/4175"}],"wp:attachment":[{"href":"https:\/\/www.drespredeti.com\/nl\/wp-json\/wp\/v2\/media?parent=4173"}],"wp:term":[{"taxonomy":"product_brand","embeddable":true,"href":"https:\/\/www.drespredeti.com\/nl\/wp-json\/wp\/v2\/product_brand?post=4173"},{"taxonomy":"product_cat","embeddable":true,"href":"https:\/\/www.drespredeti.com\/nl\/wp-json\/wp\/v2\/product_cat?post=4173"},{"taxonomy":"product_tag","embeddable":true,"href":"https:\/\/www.drespredeti.com\/nl\/wp-json\/wp\/v2\/product_tag?post=4173"}],"curies":[{"name":"wp","href":"https:\/\/api.w.org\/{rel}","templated":true}]}}