{"id":4167,"date":"2026-01-18T10:04:31","date_gmt":"2026-01-18T09:04:31","guid":{"rendered":"https:\/\/www.futbalovedresysk.com\/?post_type=product&#038;p=4167"},"modified":"2026-01-18T10:04:32","modified_gmt":"2026-01-18T09:04:32","slug":"detske-futbalove-dresy-komplet-tottenham-hotspur-brankarsky-2025-26-dlhy-rukav-tretina","status":"publish","type":"product","link":"https:\/\/www.drespredeti.com\/nl\/detske-futbalove-dresy-komplet-tottenham-hotspur-brankarsky-2025-26-dlhy-rukav-tretina\/","title":{"rendered":"Kinder voetbalshirts Kit Tottenham Hotspur Doelman 2025-26 Lange mouwen \u2013 Tweede"},"content":{"rendered":"<h3>Kinder voetbalshirts Complete Tottenham Hotspur 2025\/26 \u2013 Doelmannen lange mouw Vooruit Goedkoop Set voor Kinderen<\/h3>\n<p>Wij presenteren Kinder Voetbalshirts Set Tottenham Hotspur 2025\/26 \u2013 derde keeper versie met lange mouwen, ideaal voor jonge voetballers die authentiek clubontwerp en comfort tijdens training of wedstrijd willen ervaren. Deze set combineert moderne stijl, functionaliteit en duurzaamheid in \u00e9\u00e9n kindervoetbalset.<\/p>\n<p>De keeperstrui met lange mouwen is gemaakt van ademend, licht en rekbaar materiaal dat comfort en bewegingsvrijheid garandeert. Kinder Voetbalshirts Set is geschikt voor training, wedstrijden en vrije tijd, terwijl het vorm en kleur behoudt na herhaaldelijk wassen.<\/p>\n<p>Deze Kinder Voetbalshirts Set maakt het kinderen mogelijk om een authentieke keeperoutfit te ervaren en deze aan te passen met hun eigen naam en nummer, waardoor het een uniek en persoonlijk voetbalset wordt.<\/p>\n<p>Perfect cadeau voor jonge doelmannen en fans van Tottenham Hotspur die een comfortabele en stijlvolle derde doelman in kinderuitvoering willen.<\/p>","protected":false},"excerpt":{"rendered":"<p>Detsk\u00e9 Futbalov\u00e9 dresy Komplet Tottenham Hotspur 2025\/26 Tretia \u2013 Brank\u00e1rsky Dlh\u00fd Ruk\u00e1v Lacn\u00fd Set pre Deti Predstavujeme Detsk\u00e9 Futbalov\u00e9 dresy Komplet Tottenham Hotspur 2025\/26 \u2013 tretia brank\u00e1rska verzia s dlh\u00fdm ruk\u00e1vom, ide\u00e1lny pre mlad\u00fdch futbalistov, ktor\u00ed chc\u00fa za\u017ei\u0165 autentick\u00fd klubov\u00fd dizajn a pohodlie pri tr\u00e9ningu alebo z\u00e1pase. Tento komplet sp\u00e1ja modern\u00fd \u0161t\u00fdl, funk\u010dnos\u0165 a odolnos\u0165 [&hellip;]<\/p>","protected":false},"featured_media":4169,"comment_status":"open","ping_status":"closed","template":"","meta":{"site-sidebar-layout":"default","site-content-layout":"","ast-site-content-layout":"default","site-content-style":"default","site-sidebar-style":"default","ast-global-header-display":"","ast-banner-title-visibility":"","ast-main-header-display":"","ast-hfb-above-header-display":"","ast-hfb-below-header-display":"","ast-hfb-mobile-header-display":"","site-post-title":"","ast-breadcrumbs-content":"","ast-featured-img":"","footer-sml-layout":"","theme-transparent-header-meta":"default","adv-header-id-meta":"","stick-header-meta":"","header-above-stick-meta":"","header-main-stick-meta":"","header-below-stick-meta":"","astra-migrate-meta-layouts":"set","ast-page-background-enabled":"default","ast-page-background-meta":{"desktop":{"background-color":"var(--ast-global-color-4)","background-image":"","background-repeat":"repeat","background-position":"center center","background-size":"auto","background-attachment":"scroll","background-type":"","background-media":"","overlay-type":"","overlay-color":"","overlay-opacity":"","overlay-gradient":""},"tablet":{"background-color":"","background-image":"","background-repeat":"repeat","background-position":"center center","background-size":"auto","background-attachment":"scroll","background-type":"","background-media":"","overlay-type":"","overlay-color":"","overlay-opacity":"","overlay-gradient":""},"mobile":{"background-color":"","background-image":"","background-repeat":"repeat","background-position":"center center","background-size":"auto","background-attachment":"scroll","background-type":"","background-media":"","overlay-type":"","overlay-color":"","overlay-opacity":"","overlay-gradient":""}},"ast-content-background-meta":{"desktop":{"background-color":"var(--ast-global-color-5)","background-image":"","background-repeat":"repeat","background-position":"center center","background-size":"auto","background-attachment":"scroll","background-type":"","background-media":"","overlay-type":"","overlay-color":"","overlay-opacity":"","overlay-gradient":""},"tablet":{"background-color":"var(--ast-global-color-5)","background-image":"","background-repeat":"repeat","background-position":"center center","background-size":"auto","background-attachment":"scroll","background-type":"","background-media":"","overlay-type":"","overlay-color":"","overlay-opacity":"","overlay-gradient":""},"mobile":{"background-color":"var(--ast-global-color-5)","background-image":"","background-repeat":"repeat","background-position":"center center","background-size":"auto","background-attachment":"scroll","background-type":"","background-media":"","overlay-type":"","overlay-color":"","overlay-opacity":"","overlay-gradient":""}}},"product_brand":[],"product_cat":[78],"product_tag":[248,170,249,232,237],"class_list":{"0":"post-4167","1":"product","2":"type-product","3":"status-publish","4":"has-post-thumbnail","6":"product_cat-detske-dres-tottenham-hotspur","7":"product_tag-detsky-brankarsky-dres-komplet","8":"product_tag-detsky-futbalovy-komplet","9":"product_tag-futbalovy-dres-pre-deti-2025-26","10":"product_tag-futbalovy-set-pre-deti","11":"product_tag-tottenham-hotspur-detsky-dres","12":"desktop-align-left","13":"tablet-align-left","14":"mobile-align-left","16":"first","17":"instock","18":"shipping-taxable","19":"purchasable","20":"product-type-variable"},"_links":{"self":[{"href":"https:\/\/www.drespredeti.com\/nl\/wp-json\/wp\/v2\/product\/4167","targetHints":{"allow":["GET"]}}],"collection":[{"href":"https:\/\/www.drespredeti.com\/nl\/wp-json\/wp\/v2\/product"}],"about":[{"href":"https:\/\/www.drespredeti.com\/nl\/wp-json\/wp\/v2\/types\/product"}],"replies":[{"embeddable":true,"href":"https:\/\/www.drespredeti.com\/nl\/wp-json\/wp\/v2\/comments?post=4167"}],"wp:featuredmedia":[{"embeddable":true,"href":"https:\/\/www.drespredeti.com\/nl\/wp-json\/wp\/v2\/media\/4169"}],"wp:attachment":[{"href":"https:\/\/www.drespredeti.com\/nl\/wp-json\/wp\/v2\/media?parent=4167"}],"wp:term":[{"taxonomy":"product_brand","embeddable":true,"href":"https:\/\/www.drespredeti.com\/nl\/wp-json\/wp\/v2\/product_brand?post=4167"},{"taxonomy":"product_cat","embeddable":true,"href":"https:\/\/www.drespredeti.com\/nl\/wp-json\/wp\/v2\/product_cat?post=4167"},{"taxonomy":"product_tag","embeddable":true,"href":"https:\/\/www.drespredeti.com\/nl\/wp-json\/wp\/v2\/product_tag?post=4167"}],"curies":[{"name":"wp","href":"https:\/\/api.w.org\/{rel}","templated":true}]}}