{"id":4139,"date":"2026-01-18T09:48:40","date_gmt":"2026-01-18T08:48:40","guid":{"rendered":"https:\/\/www.futbalovedresysk.com\/?post_type=product&#038;p=4139"},"modified":"2026-01-18T09:48:41","modified_gmt":"2026-01-18T08:48:41","slug":"lacne-detsky-dres-komplet-tottenham-hotspur-2025-26-prec","status":"publish","type":"product","link":"https:\/\/www.drespredeti.com\/nl\/lacne-detsky-dres-komplet-tottenham-hotspur-2025-26-prec\/","title":{"rendered":"Goedkope Kinder shirt Kit Tottenham Hotspur 2025-26 Uit"},"content":{"rendered":"<h3>Kinderdres Compleet Tottenham Hotspur 2025\/26 \u2013 Goedkope Kinders Voetbalset met Eigen Naam en Nummer<\/h3>\n<p>Dit Kinderdres Compleet Tottenham Hotspur 2025\/26 is ontworpen voor kinderen die van voetbal houden en een moderne clubstijl willen dragen tijdens training en vrije tijd. Het is een praktische en betaalbare voetbals set die comfort, functionaliteit en een aantrekkelijke design combineert.<\/p>\n<p>Het compleet bestaat uit een kinderdreep en korte broek vervaardigd uit licht en ademend materiaal. De stof voert vocht effectief af, droogt snel en voelt aangenaam aan, waardoor het Kinderdres Compleet geschikt is voor actief dragen gedurende de hele dag.<\/p>\n<p><strong>Belangrijke producteigenschappen<\/strong><\/p>\n<ul>\n<li>Kinderdres Compleet \u2013 shirt en korte broek in \u00e9\u00e9n verpakking<\/li>\n<li>Seizoen 2025\/26 met modern ontwerp van Tottenham Hotspur<\/li>\n<li>Comfortabele pasvorm aangepast aan kinderlijk beweging<\/li>\n<li>Kwalitatief en licht materiaal geschikt voor sport en vrije tijd<\/li>\n<li>Mogelijkheid tot personalisatie \u2013 eigen naam en nummer op het shirt<\/li>\n<li>Goedkope en betrouwbare keuze voor ouders<\/li>\n<\/ul>\n<p>Dankzij de mogelijkheid tot eigen druk kan het kind een uniek Kinderdres Compleet met eigen naam en nummer maken, wat zijn interesse in voetbal en teamgeest zal versterken.<\/p>\n<p>Ideaal cadeau voor jonge Tottenham Hotspur-fans die een comfortabele, stijlvolle en gepersonaliseerde kinderveed set zoeken.<\/p>","protected":false},"excerpt":{"rendered":"<p>Detsk\u00fd dres Komplet Tottenham Hotspur 2025\/26 \u2013 Lacn\u00fd Detsk\u00fd Futbalov\u00fd Set s Vlastn\u00fdm Menom a \u010c\u00edslom Tento Detsk\u00fd dres Komplet Tottenham Hotspur 2025\/26 je navrhnut\u00fd pre deti, ktor\u00e9 miluj\u00fa futbal a chc\u00fa nosi\u0165 modern\u00fd klubov\u00fd \u0161t\u00fdl po\u010das tr\u00e9ningu aj vo\u013en\u00e9ho \u010dasu. Ide o praktick\u00fd a cenovo dostupn\u00fd futbalov\u00fd set, ktor\u00fd sp\u00e1ja pohodlie, funk\u010dnos\u0165 a atrakt\u00edvny [&hellip;]<\/p>","protected":false},"featured_media":4141,"comment_status":"open","ping_status":"closed","template":"","meta":{"site-sidebar-layout":"default","site-content-layout":"","ast-site-content-layout":"default","site-content-style":"default","site-sidebar-style":"default","ast-global-header-display":"","ast-banner-title-visibility":"","ast-main-header-display":"","ast-hfb-above-header-display":"","ast-hfb-below-header-display":"","ast-hfb-mobile-header-display":"","site-post-title":"","ast-breadcrumbs-content":"","ast-featured-img":"","footer-sml-layout":"","theme-transparent-header-meta":"default","adv-header-id-meta":"","stick-header-meta":"","header-above-stick-meta":"","header-main-stick-meta":"","header-below-stick-meta":"","astra-migrate-meta-layouts":"set","ast-page-background-enabled":"default","ast-page-background-meta":{"desktop":{"background-color":"var(--ast-global-color-4)","background-image":"","background-repeat":"repeat","background-position":"center center","background-size":"auto","background-attachment":"scroll","background-type":"","background-media":"","overlay-type":"","overlay-color":"","overlay-opacity":"","overlay-gradient":""},"tablet":{"background-color":"","background-image":"","background-repeat":"repeat","background-position":"center center","background-size":"auto","background-attachment":"scroll","background-type":"","background-media":"","overlay-type":"","overlay-color":"","overlay-opacity":"","overlay-gradient":""},"mobile":{"background-color":"","background-image":"","background-repeat":"repeat","background-position":"center center","background-size":"auto","background-attachment":"scroll","background-type":"","background-media":"","overlay-type":"","overlay-color":"","overlay-opacity":"","overlay-gradient":""}},"ast-content-background-meta":{"desktop":{"background-color":"var(--ast-global-color-5)","background-image":"","background-repeat":"repeat","background-position":"center center","background-size":"auto","background-attachment":"scroll","background-type":"","background-media":"","overlay-type":"","overlay-color":"","overlay-opacity":"","overlay-gradient":""},"tablet":{"background-color":"var(--ast-global-color-5)","background-image":"","background-repeat":"repeat","background-position":"center center","background-size":"auto","background-attachment":"scroll","background-type":"","background-media":"","overlay-type":"","overlay-color":"","overlay-opacity":"","overlay-gradient":""},"mobile":{"background-color":"var(--ast-global-color-5)","background-image":"","background-repeat":"repeat","background-position":"center center","background-size":"auto","background-attachment":"scroll","background-type":"","background-media":"","overlay-type":"","overlay-color":"","overlay-opacity":"","overlay-gradient":""}}},"product_brand":[],"product_cat":[78],"product_tag":[130,191,170,232,237],"class_list":{"0":"post-4139","1":"product","2":"type-product","3":"status-publish","4":"has-post-thumbnail","6":"product_cat-detske-dres-tottenham-hotspur","7":"product_tag-detske-futbalove-dresy","8":"product_tag-detsky-dres-s-vlastnym-menom-a-cislom","9":"product_tag-detsky-futbalovy-komplet","10":"product_tag-futbalovy-set-pre-deti","11":"product_tag-tottenham-hotspur-detsky-dres","12":"desktop-align-left","13":"tablet-align-left","14":"mobile-align-left","16":"first","17":"instock","18":"shipping-taxable","19":"purchasable","20":"product-type-variable"},"_links":{"self":[{"href":"https:\/\/www.drespredeti.com\/nl\/wp-json\/wp\/v2\/product\/4139","targetHints":{"allow":["GET"]}}],"collection":[{"href":"https:\/\/www.drespredeti.com\/nl\/wp-json\/wp\/v2\/product"}],"about":[{"href":"https:\/\/www.drespredeti.com\/nl\/wp-json\/wp\/v2\/types\/product"}],"replies":[{"embeddable":true,"href":"https:\/\/www.drespredeti.com\/nl\/wp-json\/wp\/v2\/comments?post=4139"}],"wp:featuredmedia":[{"embeddable":true,"href":"https:\/\/www.drespredeti.com\/nl\/wp-json\/wp\/v2\/media\/4141"}],"wp:attachment":[{"href":"https:\/\/www.drespredeti.com\/nl\/wp-json\/wp\/v2\/media?parent=4139"}],"wp:term":[{"taxonomy":"product_brand","embeddable":true,"href":"https:\/\/www.drespredeti.com\/nl\/wp-json\/wp\/v2\/product_brand?post=4139"},{"taxonomy":"product_cat","embeddable":true,"href":"https:\/\/www.drespredeti.com\/nl\/wp-json\/wp\/v2\/product_cat?post=4139"},{"taxonomy":"product_tag","embeddable":true,"href":"https:\/\/www.drespredeti.com\/nl\/wp-json\/wp\/v2\/product_tag?post=4139"}],"curies":[{"name":"wp","href":"https:\/\/api.w.org\/{rel}","templated":true}]}}