{"id":3944,"date":"2026-01-20T11:29:02","date_gmt":"2026-01-20T10:29:02","guid":{"rendered":"https:\/\/www.futbalovedresysk.com\/?post_type=product&#038;p=3944"},"modified":"2026-01-20T11:29:02","modified_gmt":"2026-01-20T10:29:02","slug":"detsky-futbalovy-dres-manchester-city-rodri-hernandez-16-2025-26-domaci-komplet","status":"publish","type":"product","link":"https:\/\/www.drespredeti.com\/nl\/detsky-futbalovy-dres-manchester-city-rodri-hernandez-16-2025-26-domaci-komplet\/","title":{"rendered":"Kindervoetbalshirt Manchester City Rodri Hernandez #16 2025-26 Thuis Set"},"content":{"rendered":"<h3>Detsk\u00fd Futbalov\u00fd dres Manchester City 2025\/26 Dom\u00e1ci Komplet \u2013 Rodri Hernandez #16 trikot + short<\/h3>\n<p>Detsk\u00fd futbalov\u00fd dres Manchester City 2025\/26 Dom\u00e1ci komplet je ur\u010den\u00fd pre mlad\u00fdch fan\u00fa\u0161ikov, ktor\u00ed chc\u00fa nosi\u0165 tradi\u010dn\u00e9 klubov\u00e9 farby po\u010das tr\u00e9ningov aj vo\u013en\u00e9ho \u010dasu. Dom\u00e1ca verzia sez\u00f3ny 2025\/26 stavia na klasickom vzh\u013eade t\u00edmu a pon\u00faka vyv\u00e1\u017een\u00fd dizajn vhodn\u00fd na ka\u017edodenn\u00e9 nosenie. Tento komplet je spojen\u00fd s obrann\u00fdm pilierom t\u00edmu Rubenom Diasom #3.<\/p>\n<p>Het Kinder voetbalshirt Manchester City is gemaakt van een hoogwaardige synthetische stof die aangenaam aanvoelt op de huid en goed vocht afvoert. De set bestaat uit een shirt en korte broek, waarbij een ergonomische kinderpasvorm zorgt voor comfort en bewegingsvrijheid tijdens sport en spel.<\/p>\n<p>Een van de belangrijkste voordelen van dit kinder voetbalshirt Manchester City is de mogelijkheid tot eigen aanpassing. Het kiezen van een eigen naam en nummer maakt de complete set persoonlijk en uniek.<\/p>\n<p><strong>Productkenmerken:<\/strong><\/p>\n<ul>\n<li>Zacht materiaal geschikt voor actief dragen<\/li>\n<li>Compleet: shirt + shorts<\/li>\n<li>Mogelijkheid tot eigen naam en nummer<\/li>\n<li>Geschikt voor training, sportactiviteiten en vrije tijd<\/li>\n<\/ul>\n<p>Als u op zoek bent naar betrouwbare Kinder voetbalshirts Manchester City die traditionele stijl, comfort en personalisatie combineren, is de thuiscomplete 2025\/26 een uitstekende keuze voor elk kind.<\/p>","protected":false},"excerpt":{"rendered":"<p>Kinder voetbalshirt Manchester City 2025\/26 Thuis Set \u2013 Rodri Hernandez #16 shirt + shorts Kinder voetbalshirt Manchester City 2025\/26 Thuis Set is bedoeld voor jonge fans die traditionele clubkleuren willen dragen tijdens trainingen en vrije tijd. De thuisversie van seizoen 2025\/26 bouwt voort op het klassieke uiterlijk van het team en biedt een evenwichtig ontwerp geschikt voor dagelijks gebruik [\u2026]<\/p>","protected":false},"featured_media":3946,"comment_status":"open","ping_status":"closed","template":"","meta":{"site-sidebar-layout":"default","site-content-layout":"","ast-site-content-layout":"default","site-content-style":"default","site-sidebar-style":"default","ast-global-header-display":"","ast-banner-title-visibility":"","ast-main-header-display":"","ast-hfb-above-header-display":"","ast-hfb-below-header-display":"","ast-hfb-mobile-header-display":"","site-post-title":"","ast-breadcrumbs-content":"","ast-featured-img":"","footer-sml-layout":"","theme-transparent-header-meta":"default","adv-header-id-meta":"","stick-header-meta":"","header-above-stick-meta":"","header-main-stick-meta":"","header-below-stick-meta":"","astra-migrate-meta-layouts":"set","ast-page-background-enabled":"default","ast-page-background-meta":{"desktop":{"background-color":"var(--ast-global-color-4)","background-image":"","background-repeat":"repeat","background-position":"center center","background-size":"auto","background-attachment":"scroll","background-type":"","background-media":"","overlay-type":"","overlay-color":"","overlay-opacity":"","overlay-gradient":""},"tablet":{"background-color":"","background-image":"","background-repeat":"repeat","background-position":"center center","background-size":"auto","background-attachment":"scroll","background-type":"","background-media":"","overlay-type":"","overlay-color":"","overlay-opacity":"","overlay-gradient":""},"mobile":{"background-color":"","background-image":"","background-repeat":"repeat","background-position":"center center","background-size":"auto","background-attachment":"scroll","background-type":"","background-media":"","overlay-type":"","overlay-color":"","overlay-opacity":"","overlay-gradient":""}},"ast-content-background-meta":{"desktop":{"background-color":"var(--ast-global-color-5)","background-image":"","background-repeat":"repeat","background-position":"center center","background-size":"auto","background-attachment":"scroll","background-type":"","background-media":"","overlay-type":"","overlay-color":"","overlay-opacity":"","overlay-gradient":""},"tablet":{"background-color":"var(--ast-global-color-5)","background-image":"","background-repeat":"repeat","background-position":"center center","background-size":"auto","background-attachment":"scroll","background-type":"","background-media":"","overlay-type":"","overlay-color":"","overlay-opacity":"","overlay-gradient":""},"mobile":{"background-color":"var(--ast-global-color-5)","background-image":"","background-repeat":"repeat","background-position":"center center","background-size":"auto","background-attachment":"scroll","background-type":"","background-media":"","overlay-type":"","overlay-color":"","overlay-opacity":"","overlay-gradient":""}}},"product_brand":[],"product_cat":[79],"product_tag":[269,270,272,249,271,273,276],"class_list":{"0":"post-3944","1":"product","2":"type-product","3":"status-publish","4":"has-post-thumbnail","6":"product_cat-detske-dres-manchester-city","7":"product_tag-detsky-futbalovy-dres-manchester-city","8":"product_tag-detsky-futbalovy-komplet-city","9":"product_tag-detsky-futbalovy-set-dres-a-sortky","10":"product_tag-futbalovy-dres-pre-deti-2025-26","11":"product_tag-manchester-city-detsky-komplet","12":"product_tag-personalizovany-detsky-futbalovy-dres","13":"product_tag-rodri-hernandez-dres","14":"desktop-align-left","15":"tablet-align-left","16":"mobile-align-left","18":"first","19":"instock","20":"shipping-taxable","21":"purchasable","22":"product-type-variable"},"_links":{"self":[{"href":"https:\/\/www.drespredeti.com\/nl\/wp-json\/wp\/v2\/product\/3944","targetHints":{"allow":["GET"]}}],"collection":[{"href":"https:\/\/www.drespredeti.com\/nl\/wp-json\/wp\/v2\/product"}],"about":[{"href":"https:\/\/www.drespredeti.com\/nl\/wp-json\/wp\/v2\/types\/product"}],"replies":[{"embeddable":true,"href":"https:\/\/www.drespredeti.com\/nl\/wp-json\/wp\/v2\/comments?post=3944"}],"wp:featuredmedia":[{"embeddable":true,"href":"https:\/\/www.drespredeti.com\/nl\/wp-json\/wp\/v2\/media\/3946"}],"wp:attachment":[{"href":"https:\/\/www.drespredeti.com\/nl\/wp-json\/wp\/v2\/media?parent=3944"}],"wp:term":[{"taxonomy":"product_brand","embeddable":true,"href":"https:\/\/www.drespredeti.com\/nl\/wp-json\/wp\/v2\/product_brand?post=3944"},{"taxonomy":"product_cat","embeddable":true,"href":"https:\/\/www.drespredeti.com\/nl\/wp-json\/wp\/v2\/product_cat?post=3944"},{"taxonomy":"product_tag","embeddable":true,"href":"https:\/\/www.drespredeti.com\/nl\/wp-json\/wp\/v2\/product_tag?post=3944"}],"curies":[{"name":"wp","href":"https:\/\/api.w.org\/{rel}","templated":true}]}}