{"id":3940,"date":"2026-01-20T11:32:06","date_gmt":"2026-01-20T10:32:06","guid":{"rendered":"https:\/\/www.futbalovedresysk.com\/?post_type=product&#038;p=3940"},"modified":"2026-01-20T11:32:07","modified_gmt":"2026-01-20T10:32:07","slug":"detsky-futbalovy-dres-manchester-city-phil-foden-47-2025-26-tretina-komplet","status":"publish","type":"product","link":"https:\/\/www.drespredeti.com\/nl\/detsky-futbalovy-dres-manchester-city-phil-foden-47-2025-26-tretina-komplet\/","title":{"rendered":"Kindervoetbalshirt Manchester City Phil Foden #47 2025-26 Tenue Set"},"content":{"rendered":"<h3>Kinder voetbalshirt Manchester City 2025\/26 Dertien Kompleet \u2013 Phil Foden #47 shirt + short<\/h3>\n<p>Detsk\u00fd Futballov\u00fd dres Manchester City 2025\/26 Tretina Komplet je ur\u010den\u00fd pre deti, ktor\u00e9 chc\u00fa vynikn\u00fa\u0165 modern\u00fdm a netradi\u010dn\u00fdm vzh\u013eadom. Tretia sada pre sez\u00f3nu 2025\/26 prin\u00e1\u0161a svie\u017ei dizajn, ktor\u00fd sa odli\u0161uje od dom\u00e1cich aj vonkaj\u0161\u00edch farieb a oslov\u00ed mlad\u00fdch fan\u00fa\u0161ikov h\u013eadaj\u00facich nie\u010do v\u00fdnimo\u010dn\u00e9. Tento komplet je in\u0161pirovan\u00fd ofenz\u00edvnym hr\u00e1\u010dom Erling Haaland #9.<\/p>\n<p>Het Kinder Manchester City voetbalshirt is gemaakt van functioneel en licht materiaal dat comfort bij beweging en dagelijks dragen ondersteunt. De set bestaat uit een kortmouwen shirt en shorts, met een pasvorm die is afgestemd op kinderen \u2013 beperkt beweging niet en geschikt voor training, spel en vrije tijd.<\/p>\n<p>Een significante voordeel is de mogelijkheid tot personalisatie. Dit Kinder Manchester City voetbalshirt kan worden voorzien van een eigen naam en nummer, waardoor de set een persoonlijk item wordt of een origineel cadeau voor jonge fans van de club.<\/p>\n<p><strong>Belangrijkste kenmerken:<\/strong><\/p>\n<ul>\n<li>Licht en comfortabel materiaal geschikt voor kinderen<\/li>\n<li>Compleet: shirt + shorts<\/li>\n<li>Mogelijkheid tot eigen naam en nummer<\/li>\n<li>Geschikt voor sportieve activiteiten en dagelijks gebruik<\/li>\n<\/ul>\n<p>Als u op zoek bent naar een modern Kinder Manchester City voetbalshirt dat een expressief ontwerp, comfort en aanpassingsmogelijkheden combineert, is de derde set van het seizoen 2025\/26 de ideale keuze.<\/p>","protected":false},"excerpt":{"rendered":"<p>Detsk\u00fd Futbalov\u00fd dres Manchester City 2025\/26 Tretina Komplet \u2013 Phil Foden #47 dres + tren\u00edrky Detsk\u00fd Futbalov\u00fd dres Manchester City 2025\/26 Tretina Komplet je ur\u010den\u00fd pre deti, ktor\u00e9 chc\u00fa vynikn\u00fa\u0165 modern\u00fdm a netradi\u010dn\u00fdm vzh\u013eadom. Tretia sada pre sez\u00f3nu 2025\/26 prin\u00e1\u0161a svie\u017ei dizajn, ktor\u00fd sa odli\u0161uje od dom\u00e1cich aj vonkaj\u0161\u00edch farieb a oslov\u00ed mlad\u00fdch fan\u00fa\u0161ikov h\u013eadaj\u00facich [&hellip;]<\/p>","protected":false},"featured_media":3942,"comment_status":"open","ping_status":"closed","template":"","meta":{"site-sidebar-layout":"default","site-content-layout":"","ast-site-content-layout":"default","site-content-style":"default","site-sidebar-style":"default","ast-global-header-display":"","ast-banner-title-visibility":"","ast-main-header-display":"","ast-hfb-above-header-display":"","ast-hfb-below-header-display":"","ast-hfb-mobile-header-display":"","site-post-title":"","ast-breadcrumbs-content":"","ast-featured-img":"","footer-sml-layout":"","theme-transparent-header-meta":"default","adv-header-id-meta":"","stick-header-meta":"","header-above-stick-meta":"","header-main-stick-meta":"","header-below-stick-meta":"","astra-migrate-meta-layouts":"set","ast-page-background-enabled":"default","ast-page-background-meta":{"desktop":{"background-color":"var(--ast-global-color-4)","background-image":"","background-repeat":"repeat","background-position":"center center","background-size":"auto","background-attachment":"scroll","background-type":"","background-media":"","overlay-type":"","overlay-color":"","overlay-opacity":"","overlay-gradient":""},"tablet":{"background-color":"","background-image":"","background-repeat":"repeat","background-position":"center center","background-size":"auto","background-attachment":"scroll","background-type":"","background-media":"","overlay-type":"","overlay-color":"","overlay-opacity":"","overlay-gradient":""},"mobile":{"background-color":"","background-image":"","background-repeat":"repeat","background-position":"center center","background-size":"auto","background-attachment":"scroll","background-type":"","background-media":"","overlay-type":"","overlay-color":"","overlay-opacity":"","overlay-gradient":""}},"ast-content-background-meta":{"desktop":{"background-color":"var(--ast-global-color-5)","background-image":"","background-repeat":"repeat","background-position":"center center","background-size":"auto","background-attachment":"scroll","background-type":"","background-media":"","overlay-type":"","overlay-color":"","overlay-opacity":"","overlay-gradient":""},"tablet":{"background-color":"var(--ast-global-color-5)","background-image":"","background-repeat":"repeat","background-position":"center center","background-size":"auto","background-attachment":"scroll","background-type":"","background-media":"","overlay-type":"","overlay-color":"","overlay-opacity":"","overlay-gradient":""},"mobile":{"background-color":"var(--ast-global-color-5)","background-image":"","background-repeat":"repeat","background-position":"center center","background-size":"auto","background-attachment":"scroll","background-type":"","background-media":"","overlay-type":"","overlay-color":"","overlay-opacity":"","overlay-gradient":""}}},"product_brand":[],"product_cat":[79],"product_tag":[269,270,272,249,271,273,275],"class_list":{"0":"post-3940","1":"product","2":"type-product","3":"status-publish","4":"has-post-thumbnail","6":"product_cat-detske-dres-manchester-city","7":"product_tag-detsky-futbalovy-dres-manchester-city","8":"product_tag-detsky-futbalovy-komplet-city","9":"product_tag-detsky-futbalovy-set-dres-a-sortky","10":"product_tag-futbalovy-dres-pre-deti-2025-26","11":"product_tag-manchester-city-detsky-komplet","12":"product_tag-personalizovany-detsky-futbalovy-dres","13":"product_tag-phil-foden-dres","14":"desktop-align-left","15":"tablet-align-left","16":"mobile-align-left","18":"first","19":"instock","20":"shipping-taxable","21":"purchasable","22":"product-type-variable"},"_links":{"self":[{"href":"https:\/\/www.drespredeti.com\/nl\/wp-json\/wp\/v2\/product\/3940","targetHints":{"allow":["GET"]}}],"collection":[{"href":"https:\/\/www.drespredeti.com\/nl\/wp-json\/wp\/v2\/product"}],"about":[{"href":"https:\/\/www.drespredeti.com\/nl\/wp-json\/wp\/v2\/types\/product"}],"replies":[{"embeddable":true,"href":"https:\/\/www.drespredeti.com\/nl\/wp-json\/wp\/v2\/comments?post=3940"}],"wp:featuredmedia":[{"embeddable":true,"href":"https:\/\/www.drespredeti.com\/nl\/wp-json\/wp\/v2\/media\/3942"}],"wp:attachment":[{"href":"https:\/\/www.drespredeti.com\/nl\/wp-json\/wp\/v2\/media?parent=3940"}],"wp:term":[{"taxonomy":"product_brand","embeddable":true,"href":"https:\/\/www.drespredeti.com\/nl\/wp-json\/wp\/v2\/product_brand?post=3940"},{"taxonomy":"product_cat","embeddable":true,"href":"https:\/\/www.drespredeti.com\/nl\/wp-json\/wp\/v2\/product_cat?post=3940"},{"taxonomy":"product_tag","embeddable":true,"href":"https:\/\/www.drespredeti.com\/nl\/wp-json\/wp\/v2\/product_tag?post=3940"}],"curies":[{"name":"wp","href":"https:\/\/api.w.org\/{rel}","templated":true}]}}