{"id":3907,"date":"2026-01-20T11:27:12","date_gmt":"2026-01-20T10:27:12","guid":{"rendered":"https:\/\/www.futbalovedresysk.com\/?post_type=product&#038;p=3907"},"modified":"2026-01-20T11:27:13","modified_gmt":"2026-01-20T10:27:13","slug":"detsky-futbalovy-dres-manchester-city-2025-26-domaci-komplet","status":"publish","type":"product","link":"https:\/\/www.drespredeti.com\/nl\/detsky-futbalovy-dres-manchester-city-2025-26-domaci-komplet\/","title":{"rendered":"Kindervoetbalshirt Manchester City 2025-26 Thuis Set"},"content":{"rendered":"<h3>Kinder voetbalshirt Manchester City 2025\/26 Thuis Complete shirt + korte broek<\/h3>\n<p>Kinder voetbalshirt Manchester City 2025\/26 Thuis Complete is bedoeld voor jonge fans die traditionele clubkleuren willen dragen tijdens trainingen en vrije tijd. De thuisversie van het seizoen 2025\/26 bouwt voort op het klassieke uiterlijk van het team en biedt een evenwichtig ontwerp geschikt voor dagelijks dragen.<\/p>\n<p>Het Kinder voetbalshirt Manchester City is gemaakt van een hoogwaardige synthetische stof die aangenaam aanvoelt op de huid en goed vocht afvoert. De set bestaat uit een shirt en korte broek, waarbij een ergonomische kinderpasvorm zorgt voor comfort en bewegingsvrijheid tijdens sport en spel.<\/p>\n<p>Een van de belangrijkste voordelen van dit kinder voetbalshirt Manchester City is de mogelijkheid tot eigen aanpassing. Het kiezen van een eigen naam en nummer maakt de complete set persoonlijk en uniek.<\/p>\n<p><strong>Productkenmerken:<\/strong><\/p>\n<ul>\n<li>Zacht materiaal geschikt voor actief dragen<\/li>\n<li>Compleet: shirt + shorts<\/li>\n<li>Mogelijkheid tot eigen naam en nummer<\/li>\n<li>Geschikt voor training, sportactiviteiten en vrije tijd<\/li>\n<\/ul>\n<p>Als u op zoek bent naar betrouwbare Kinder voetbalshirts Manchester City die traditionele stijl, comfort en personalisatie combineren, is de thuiscomplete 2025\/26 een uitstekende keuze voor elk kind.<\/p>","protected":false},"excerpt":{"rendered":"<p>Detsk\u00fd Futbalov\u00fd dres Manchester City 2025\/26 Dom\u00e1ci Komplet dres + tren\u00edrky Detsk\u00fd Futbalov\u00fd dres Manchester City 2025\/26 Dom\u00e1ci Komplet je ur\u010den\u00fd pre mlad\u00fdch fan\u00fa\u0161ikov, ktor\u00ed chc\u00fa nosi\u0165 tradi\u010dn\u00e9 klubov\u00e9 farby po\u010das tr\u00e9ningov aj vo\u013en\u00e9ho \u010dasu. Dom\u00e1ca verzia sez\u00f3ny 2025\/26 stavia na klasickom vzh\u013eade t\u00edmu a pon\u00faka vyv\u00e1\u017een\u00fd dizajn vhodn\u00fd na ka\u017edodenn\u00e9 nosenie. Detsk\u00fd Futbalov\u00fd dres [&hellip;]<\/p>","protected":false},"featured_media":3909,"comment_status":"open","ping_status":"closed","template":"","meta":{"site-sidebar-layout":"default","site-content-layout":"","ast-site-content-layout":"default","site-content-style":"default","site-sidebar-style":"default","ast-global-header-display":"","ast-banner-title-visibility":"","ast-main-header-display":"","ast-hfb-above-header-display":"","ast-hfb-below-header-display":"","ast-hfb-mobile-header-display":"","site-post-title":"","ast-breadcrumbs-content":"","ast-featured-img":"","footer-sml-layout":"","theme-transparent-header-meta":"default","adv-header-id-meta":"","stick-header-meta":"","header-above-stick-meta":"","header-main-stick-meta":"","header-below-stick-meta":"","astra-migrate-meta-layouts":"set","ast-page-background-enabled":"default","ast-page-background-meta":{"desktop":{"background-color":"var(--ast-global-color-4)","background-image":"","background-repeat":"repeat","background-position":"center center","background-size":"auto","background-attachment":"scroll","background-type":"","background-media":"","overlay-type":"","overlay-color":"","overlay-opacity":"","overlay-gradient":""},"tablet":{"background-color":"","background-image":"","background-repeat":"repeat","background-position":"center center","background-size":"auto","background-attachment":"scroll","background-type":"","background-media":"","overlay-type":"","overlay-color":"","overlay-opacity":"","overlay-gradient":""},"mobile":{"background-color":"","background-image":"","background-repeat":"repeat","background-position":"center center","background-size":"auto","background-attachment":"scroll","background-type":"","background-media":"","overlay-type":"","overlay-color":"","overlay-opacity":"","overlay-gradient":""}},"ast-content-background-meta":{"desktop":{"background-color":"var(--ast-global-color-5)","background-image":"","background-repeat":"repeat","background-position":"center center","background-size":"auto","background-attachment":"scroll","background-type":"","background-media":"","overlay-type":"","overlay-color":"","overlay-opacity":"","overlay-gradient":""},"tablet":{"background-color":"var(--ast-global-color-5)","background-image":"","background-repeat":"repeat","background-position":"center center","background-size":"auto","background-attachment":"scroll","background-type":"","background-media":"","overlay-type":"","overlay-color":"","overlay-opacity":"","overlay-gradient":""},"mobile":{"background-color":"var(--ast-global-color-5)","background-image":"","background-repeat":"repeat","background-position":"center center","background-size":"auto","background-attachment":"scroll","background-type":"","background-media":"","overlay-type":"","overlay-color":"","overlay-opacity":"","overlay-gradient":""}}},"product_brand":[],"product_cat":[79],"product_tag":[269,270,272,249,271,273],"class_list":{"0":"post-3907","1":"product","2":"type-product","3":"status-publish","4":"has-post-thumbnail","6":"product_cat-detske-dres-manchester-city","7":"product_tag-detsky-futbalovy-dres-manchester-city","8":"product_tag-detsky-futbalovy-komplet-city","9":"product_tag-detsky-futbalovy-set-dres-a-sortky","10":"product_tag-futbalovy-dres-pre-deti-2025-26","11":"product_tag-manchester-city-detsky-komplet","12":"product_tag-personalizovany-detsky-futbalovy-dres","13":"desktop-align-left","14":"tablet-align-left","15":"mobile-align-left","17":"first","18":"instock","19":"shipping-taxable","20":"purchasable","21":"product-type-variable"},"_links":{"self":[{"href":"https:\/\/www.drespredeti.com\/nl\/wp-json\/wp\/v2\/product\/3907","targetHints":{"allow":["GET"]}}],"collection":[{"href":"https:\/\/www.drespredeti.com\/nl\/wp-json\/wp\/v2\/product"}],"about":[{"href":"https:\/\/www.drespredeti.com\/nl\/wp-json\/wp\/v2\/types\/product"}],"replies":[{"embeddable":true,"href":"https:\/\/www.drespredeti.com\/nl\/wp-json\/wp\/v2\/comments?post=3907"}],"wp:featuredmedia":[{"embeddable":true,"href":"https:\/\/www.drespredeti.com\/nl\/wp-json\/wp\/v2\/media\/3909"}],"wp:attachment":[{"href":"https:\/\/www.drespredeti.com\/nl\/wp-json\/wp\/v2\/media?parent=3907"}],"wp:term":[{"taxonomy":"product_brand","embeddable":true,"href":"https:\/\/www.drespredeti.com\/nl\/wp-json\/wp\/v2\/product_brand?post=3907"},{"taxonomy":"product_cat","embeddable":true,"href":"https:\/\/www.drespredeti.com\/nl\/wp-json\/wp\/v2\/product_cat?post=3907"},{"taxonomy":"product_tag","embeddable":true,"href":"https:\/\/www.drespredeti.com\/nl\/wp-json\/wp\/v2\/product_tag?post=3907"}],"curies":[{"name":"wp","href":"https:\/\/api.w.org\/{rel}","templated":true}]}}