{"id":3899,"date":"2026-01-15T09:23:58","date_gmt":"2026-01-15T08:23:58","guid":{"rendered":"https:\/\/www.futbalovedresysk.com\/?post_type=product&#038;p=3899"},"modified":"2026-01-15T09:23:59","modified_gmt":"2026-01-15T08:23:59","slug":"detske-futbalove-dresy-chelsea-marc-cucurella-3-2025-26-prec-komplety","status":"publish","type":"product","link":"https:\/\/www.drespredeti.com\/nl\/detske-futbalove-dresy-chelsea-marc-cucurella-3-2025-26-prec-komplety\/","title":{"rendered":"Chelsea Marc Cucurella kind football shirts #3 2025-26 Uit Sets"},"content":{"rendered":"<h3>D\u011btsk\u00e9 Futbalov\u00e9 Dresy Chelsea Marc Cucurella #3 2025-26 Pre\u010d shirt + short<\/h3>\n<p>Wij presenteren u premium <strong>kindervoetbalshirt Chelsea Marc Cucurella #3 2025-26 Voorraad<\/strong>, die authentieke clubvormgeving combineert met maximaal comfort voor uw kind. Deze volledige set, inclusief het tenue en functionele shorts, is ontworpen voor echte kleine fans die hun steun willen uiten in blauw, zowel op het veld als op het veld.<\/p>\n<p><strong>PERSOONLIJKE OPDRUK OP MAAT<\/strong><\/p>\n<ul>\n<li>Mogelijkheid om elke naam en nummer te kiezen<\/li>\n<li>Kwalitatieve, duurzame druk bestand tegen wassen<\/li>\n<li>Professionele toepassing met gebruik van geavanceerde technologie<\/li>\n<\/ul>\n<p><strong>ZORG EN ONDERHOUD<\/strong><\/p>\n<ul>\n<li>Wassen op maximaal 30\u00b0C met een mild wasmiddel<\/li>\n<li>Geen wasverzachter of bleekmiddel gebruiken<\/li>\n<li>Natural drogen, vermijd de droogtrommel<\/li>\n<li>Niet rechtstreeks strijken op bedrukt oppervlak<\/li>\n<\/ul>\n<p><strong>IDEAAL CADEAU VOOR ELKE GELEGENHEID<\/strong><\/p>\n<p>Of u nu zoekt naar:<\/p>\n<ul>\n<li>Verjaardags cadeau voor een jonge fan<\/li>\n<li>Kerst verrassing voor een voetbalfanaat<\/li>\n<li>Beloning voor sportieve prestaties<\/li>\n<li>Herinnering aan de eerste wedstrijddag in het stadion<\/li>\n<\/ul>\n<p>Deze gepersonaliseerde <strong>kinderen Chelsea voetbalshirt<\/strong> zal altijd de beste keuze zijn.<\/p>","protected":false},"excerpt":{"rendered":"<p>Kinder voetbalshirts Chelsea Marc Cucurella #3 2025-26 Voorstuk shirt + korte broek Prijken we u premium kindervoetbalshirt Chelsea Marc Cucurella #3 2025-26 Voorstuk, dat authentiek clubontwerp combineert met maximaal comfort voor uw kind. Deze complete set, inclusief shirt en functionele korte broek, is ontworpen voor echte kleine fans die hun steun aan de blauwen willen tonen [\u2026]<\/p>","protected":false},"featured_media":3901,"comment_status":"open","ping_status":"closed","template":"","meta":{"site-sidebar-layout":"default","site-content-layout":"","ast-site-content-layout":"default","site-content-style":"default","site-sidebar-style":"default","ast-global-header-display":"","ast-banner-title-visibility":"","ast-main-header-display":"","ast-hfb-above-header-display":"","ast-hfb-below-header-display":"","ast-hfb-mobile-header-display":"","site-post-title":"","ast-breadcrumbs-content":"","ast-featured-img":"","footer-sml-layout":"","theme-transparent-header-meta":"default","adv-header-id-meta":"","stick-header-meta":"","header-above-stick-meta":"","header-main-stick-meta":"","header-below-stick-meta":"","astra-migrate-meta-layouts":"set","ast-page-background-enabled":"default","ast-page-background-meta":{"desktop":{"background-color":"var(--ast-global-color-4)","background-image":"","background-repeat":"repeat","background-position":"center center","background-size":"auto","background-attachment":"scroll","background-type":"","background-media":"","overlay-type":"","overlay-color":"","overlay-opacity":"","overlay-gradient":""},"tablet":{"background-color":"","background-image":"","background-repeat":"repeat","background-position":"center center","background-size":"auto","background-attachment":"scroll","background-type":"","background-media":"","overlay-type":"","overlay-color":"","overlay-opacity":"","overlay-gradient":""},"mobile":{"background-color":"","background-image":"","background-repeat":"repeat","background-position":"center center","background-size":"auto","background-attachment":"scroll","background-type":"","background-media":"","overlay-type":"","overlay-color":"","overlay-opacity":"","overlay-gradient":""}},"ast-content-background-meta":{"desktop":{"background-color":"var(--ast-global-color-5)","background-image":"","background-repeat":"repeat","background-position":"center center","background-size":"auto","background-attachment":"scroll","background-type":"","background-media":"","overlay-type":"","overlay-color":"","overlay-opacity":"","overlay-gradient":""},"tablet":{"background-color":"var(--ast-global-color-5)","background-image":"","background-repeat":"repeat","background-position":"center center","background-size":"auto","background-attachment":"scroll","background-type":"","background-media":"","overlay-type":"","overlay-color":"","overlay-opacity":"","overlay-gradient":""},"mobile":{"background-color":"var(--ast-global-color-5)","background-image":"","background-repeat":"repeat","background-position":"center center","background-size":"auto","background-attachment":"scroll","background-type":"","background-media":"","overlay-type":"","overlay-color":"","overlay-opacity":"","overlay-gradient":""}}},"product_brand":[],"product_cat":[77],"product_tag":[210,130,191,170,211,230],"class_list":{"0":"post-3899","1":"product","2":"type-product","3":"status-publish","4":"has-post-thumbnail","6":"product_cat-detske-dres-chelsea","7":"product_tag-chelsea-dres-pre-deti","8":"product_tag-detske-futbalove-dresy","9":"product_tag-detsky-dres-s-vlastnym-menom-a-cislom","10":"product_tag-detsky-futbalovy-komplet","11":"product_tag-futbalove-dresy-detske-chelsea","12":"product_tag-marc-cucurella-dres","13":"desktop-align-left","14":"tablet-align-left","15":"mobile-align-left","17":"first","18":"instock","19":"shipping-taxable","20":"purchasable","21":"product-type-variable"},"_links":{"self":[{"href":"https:\/\/www.drespredeti.com\/nl\/wp-json\/wp\/v2\/product\/3899","targetHints":{"allow":["GET"]}}],"collection":[{"href":"https:\/\/www.drespredeti.com\/nl\/wp-json\/wp\/v2\/product"}],"about":[{"href":"https:\/\/www.drespredeti.com\/nl\/wp-json\/wp\/v2\/types\/product"}],"replies":[{"embeddable":true,"href":"https:\/\/www.drespredeti.com\/nl\/wp-json\/wp\/v2\/comments?post=3899"}],"wp:featuredmedia":[{"embeddable":true,"href":"https:\/\/www.drespredeti.com\/nl\/wp-json\/wp\/v2\/media\/3901"}],"wp:attachment":[{"href":"https:\/\/www.drespredeti.com\/nl\/wp-json\/wp\/v2\/media?parent=3899"}],"wp:term":[{"taxonomy":"product_brand","embeddable":true,"href":"https:\/\/www.drespredeti.com\/nl\/wp-json\/wp\/v2\/product_brand?post=3899"},{"taxonomy":"product_cat","embeddable":true,"href":"https:\/\/www.drespredeti.com\/nl\/wp-json\/wp\/v2\/product_cat?post=3899"},{"taxonomy":"product_tag","embeddable":true,"href":"https:\/\/www.drespredeti.com\/nl\/wp-json\/wp\/v2\/product_tag?post=3899"}],"curies":[{"name":"wp","href":"https:\/\/api.w.org\/{rel}","templated":true}]}}