{"id":3823,"date":"2026-01-15T09:22:35","date_gmt":"2026-01-15T08:22:35","guid":{"rendered":"https:\/\/www.futbalovedresysk.com\/?post_type=product&#038;p=3823"},"modified":"2026-01-15T09:22:36","modified_gmt":"2026-01-15T08:22:36","slug":"detske-futbalove-dresy-chelsea-malo-gusto-27-2025-26-tretina-komplety","status":"publish","type":"product","link":"https:\/\/www.drespredeti.com\/nl\/detske-futbalove-dresy-chelsea-malo-gusto-27-2025-26-tretina-komplety\/","title":{"rendered":"Chelsea Malo Gusto kind football shirts #27 2025-26 Drietal Sets"},"content":{"rendered":"<h3>Kinder voetbalshirts Chelsea Malo Gusto #27 2025-26 Tertial Voetbalset<\/h3>\n<p>Laat je kind de sfeer van het Stamford Bridge-stadion ervaren in <strong>Kinder voetbalshirts Chelsea Malo Gusto #27 2025-26 Tertial<\/strong>. Deze <strong>shirtset<\/strong>, bestaande uit een shirt en kwalitatieve korte broek, reproduceert trouw de clubkleuren en -stijl die fans over de hele wereld kennen. Ideaal voor dagelijks dragen, trainingen of om je favoriete team te ondersteunen tijdens het kijken van wedstrijden.<\/p>\n<p><strong>Mogelijkheid tot persoonlijke bedrukking<\/strong><\/p>\n<p>Wij bieden een personalisatiedienst <strong>Chelsea kindervoetbalshirts<\/strong> volgens jouw wensen. Op verzoek kunnen we elk gewenst naam en nummer op het shirt aanbrengen, waarmee je een uniek stuk cre\u00ebert dat alleen van jouw kind zal zijn.<\/p>\n<p><strong>Waarom precies ons kiezen:<\/strong><\/p>\n<ul>\n<li>Expertise in fanartikelen: Wij zijn gespecialiseerd in uitrusting van voetbalclubs en begrijpen de behoeften van onze klanten.<\/li>\n<li>Ondersteuning bij de keuze: We helpen u bij het kiezen van de juiste maat en adviseren over personalisatiemogelijkheden.<\/li>\n<li>Nadruk op kwaliteit: We kiezen materialen en drukmethoden die ervoor zorgen dat het product zo lang mogelijk er als nieuw uitziet.<\/li>\n<\/ul>\n<p><strong>Praktische informatie:<\/strong><\/p>\n<ul>\n<li>Samenstelling: Ademend polyester materiaal<\/li>\n<li>Beschikbare maten: Voor leeftijdsgroepen van 4 tot 14 jaar<\/li>\n<li>Verzorging: Draagbare wassen op zacht programma tot 30\u00b0C, chemisch reinigen vermijden, niet direct op de print strijken<\/li>\n<\/ul>","protected":false},"excerpt":{"rendered":"<p>Detsk\u00e9 Futbalov\u00e9 dresy Chelsea Malo Gusto #27 2025-26 Tretina Futbalov\u00fd komplet Nechajte svoje die\u0165a za\u017ei\u0165 atmosf\u00e9ru \u0161tadi\u00f3nu Stamford Bridge v Detsk\u00e9 Futbalov\u00e9 dresy Chelsea Malo Gusto #27 2025-26 Tretina. Tento dresov\u00fd komplet, pozost\u00e1vaj\u00faci z dresu a kvalitn\u00fdch kra\u0165asov, vern\u00e9 reprodukuje klubov\u00e9 farby a \u0161t\u00fdl, ktor\u00fd poznaj\u00fa fan\u00fa\u0161ikovia po celom svete. Ide\u00e1lny na ka\u017edodenn\u00e9 nosenie, tr\u00e9ningy [\u2026]<\/p>","protected":false},"featured_media":3825,"comment_status":"open","ping_status":"closed","template":"","meta":{"site-sidebar-layout":"default","site-content-layout":"","ast-site-content-layout":"default","site-content-style":"default","site-sidebar-style":"default","ast-global-header-display":"","ast-banner-title-visibility":"","ast-main-header-display":"","ast-hfb-above-header-display":"","ast-hfb-below-header-display":"","ast-hfb-mobile-header-display":"","site-post-title":"","ast-breadcrumbs-content":"","ast-featured-img":"","footer-sml-layout":"","theme-transparent-header-meta":"default","adv-header-id-meta":"","stick-header-meta":"","header-above-stick-meta":"","header-main-stick-meta":"","header-below-stick-meta":"","astra-migrate-meta-layouts":"set","ast-page-background-enabled":"default","ast-page-background-meta":{"desktop":{"background-color":"var(--ast-global-color-4)","background-image":"","background-repeat":"repeat","background-position":"center center","background-size":"auto","background-attachment":"scroll","background-type":"","background-media":"","overlay-type":"","overlay-color":"","overlay-opacity":"","overlay-gradient":""},"tablet":{"background-color":"","background-image":"","background-repeat":"repeat","background-position":"center center","background-size":"auto","background-attachment":"scroll","background-type":"","background-media":"","overlay-type":"","overlay-color":"","overlay-opacity":"","overlay-gradient":""},"mobile":{"background-color":"","background-image":"","background-repeat":"repeat","background-position":"center center","background-size":"auto","background-attachment":"scroll","background-type":"","background-media":"","overlay-type":"","overlay-color":"","overlay-opacity":"","overlay-gradient":""}},"ast-content-background-meta":{"desktop":{"background-color":"var(--ast-global-color-5)","background-image":"","background-repeat":"repeat","background-position":"center center","background-size":"auto","background-attachment":"scroll","background-type":"","background-media":"","overlay-type":"","overlay-color":"","overlay-opacity":"","overlay-gradient":""},"tablet":{"background-color":"var(--ast-global-color-5)","background-image":"","background-repeat":"repeat","background-position":"center center","background-size":"auto","background-attachment":"scroll","background-type":"","background-media":"","overlay-type":"","overlay-color":"","overlay-opacity":"","overlay-gradient":""},"mobile":{"background-color":"var(--ast-global-color-5)","background-image":"","background-repeat":"repeat","background-position":"center center","background-size":"auto","background-attachment":"scroll","background-type":"","background-media":"","overlay-type":"","overlay-color":"","overlay-opacity":"","overlay-gradient":""}}},"product_brand":[],"product_cat":[77],"product_tag":[210,130,191,170,211,223],"class_list":{"0":"post-3823","1":"product","2":"type-product","3":"status-publish","4":"has-post-thumbnail","6":"product_cat-detske-dres-chelsea","7":"product_tag-chelsea-dres-pre-deti","8":"product_tag-detske-futbalove-dresy","9":"product_tag-detsky-dres-s-vlastnym-menom-a-cislom","10":"product_tag-detsky-futbalovy-komplet","11":"product_tag-futbalove-dresy-detske-chelsea","12":"product_tag-malo-gusto-dres","13":"desktop-align-left","14":"tablet-align-left","15":"mobile-align-left","17":"first","18":"instock","19":"shipping-taxable","20":"purchasable","21":"product-type-variable"},"_links":{"self":[{"href":"https:\/\/www.drespredeti.com\/nl\/wp-json\/wp\/v2\/product\/3823","targetHints":{"allow":["GET"]}}],"collection":[{"href":"https:\/\/www.drespredeti.com\/nl\/wp-json\/wp\/v2\/product"}],"about":[{"href":"https:\/\/www.drespredeti.com\/nl\/wp-json\/wp\/v2\/types\/product"}],"replies":[{"embeddable":true,"href":"https:\/\/www.drespredeti.com\/nl\/wp-json\/wp\/v2\/comments?post=3823"}],"wp:featuredmedia":[{"embeddable":true,"href":"https:\/\/www.drespredeti.com\/nl\/wp-json\/wp\/v2\/media\/3825"}],"wp:attachment":[{"href":"https:\/\/www.drespredeti.com\/nl\/wp-json\/wp\/v2\/media?parent=3823"}],"wp:term":[{"taxonomy":"product_brand","embeddable":true,"href":"https:\/\/www.drespredeti.com\/nl\/wp-json\/wp\/v2\/product_brand?post=3823"},{"taxonomy":"product_cat","embeddable":true,"href":"https:\/\/www.drespredeti.com\/nl\/wp-json\/wp\/v2\/product_cat?post=3823"},{"taxonomy":"product_tag","embeddable":true,"href":"https:\/\/www.drespredeti.com\/nl\/wp-json\/wp\/v2\/product_tag?post=3823"}],"curies":[{"name":"wp","href":"https:\/\/api.w.org\/{rel}","templated":true}]}}