{"id":3819,"date":"2026-01-15T09:20:52","date_gmt":"2026-01-15T08:20:52","guid":{"rendered":"https:\/\/www.futbalovedresysk.com\/?post_type=product&#038;p=3819"},"modified":"2026-01-15T09:20:53","modified_gmt":"2026-01-15T08:20:53","slug":"detske-futbalove-dresy-chelsea-malo-gusto-27-2025-26-prec-komplety","status":"publish","type":"product","link":"https:\/\/www.drespredeti.com\/nl\/detske-futbalove-dresy-chelsea-malo-gusto-27-2025-26-prec-komplety\/","title":{"rendered":"Chelsea Malo Gusto kind football shirts #27 2025-26 Uit Sets"},"content":{"rendered":"<h3>Kinder voetbaldressen Chelsea Malo Gusto #27 2025-26 Voorraad shirt + short<\/h3>\n<p>Wij presenteren u premium <strong>kinder voetbalshirt Chelsea Malo Gusto #27 2025-26 Vooruit<\/strong>, die authentieke clubvormgeving combineert met maximaal comfort voor uw kind. Deze volledige set, inclusief het tenue en functionele shorts, is ontworpen voor echte kleine fans die hun steun willen uiten in blauw, zowel op het veld als op het veld.<\/p>\n<p><strong>PERSOONLIJKE OPDRUK OP MAAT<\/strong><\/p>\n<ul>\n<li>Mogelijkheid om elke naam en nummer te kiezen<\/li>\n<li>Kwalitatieve, duurzame druk bestand tegen wassen<\/li>\n<li>Professionele toepassing met gebruik van geavanceerde technologie<\/li>\n<\/ul>\n<p><strong>ZORG EN ONDERHOUD<\/strong><\/p>\n<ul>\n<li>Wassen op maximaal 30\u00b0C met een mild wasmiddel<\/li>\n<li>Geen wasverzachter of bleekmiddel gebruiken<\/li>\n<li>Natural drogen, vermijd de droogtrommel<\/li>\n<li>Niet rechtstreeks strijken op bedrukt oppervlak<\/li>\n<\/ul>\n<p><strong>IDEAAL CADEAU VOOR ELKE GELEGENHEID<\/strong><\/p>\n<p>Of u nu zoekt naar:<\/p>\n<ul>\n<li>Verjaardags cadeau voor een jonge fan<\/li>\n<li>Kerst verrassing voor een voetbalfanaat<\/li>\n<li>Beloning voor sportieve prestaties<\/li>\n<li>Herinnering aan de eerste wedstrijddag in het stadion<\/li>\n<\/ul>\n<p>Deze gepersonaliseerde <strong>kinderen Chelsea voetbalshirt<\/strong> zal altijd de beste keuze zijn.<\/p>","protected":false},"excerpt":{"rendered":"<p>D\u011btsk\u00e9 Futbalov\u00e9 Dresy Chelsea Malo Gusto #27 2025-26 Pre\u010d dres + kra\u0165asy Predstavujeme v\u00e1m pr\u00e9miov\u00fd detsk\u00fd futbalov\u00fd dres Chelsea Malo Gusto #27 2025-26 Pre\u010d, ktor\u00fd sp\u00e1ja autentick\u00fd klubov\u00fd dizajn s maxim\u00e1lnym komfortom pre va\u0161e die\u0165a. Tento kompletn\u00fd set, vr\u00e1tane dresu a funk\u010dn\u00fdch kra\u0165as, je navrhnut\u00fd pre skuto\u010dn\u00fdch mal\u00fdch fan\u00fa\u0161ikov, ktor\u00ed chc\u00fa vyjadri\u0165 svoju podporu modr\u00fdm [\u2026]<\/p>","protected":false},"featured_media":3821,"comment_status":"open","ping_status":"closed","template":"","meta":{"site-sidebar-layout":"default","site-content-layout":"","ast-site-content-layout":"default","site-content-style":"default","site-sidebar-style":"default","ast-global-header-display":"","ast-banner-title-visibility":"","ast-main-header-display":"","ast-hfb-above-header-display":"","ast-hfb-below-header-display":"","ast-hfb-mobile-header-display":"","site-post-title":"","ast-breadcrumbs-content":"","ast-featured-img":"","footer-sml-layout":"","theme-transparent-header-meta":"default","adv-header-id-meta":"","stick-header-meta":"","header-above-stick-meta":"","header-main-stick-meta":"","header-below-stick-meta":"","astra-migrate-meta-layouts":"set","ast-page-background-enabled":"default","ast-page-background-meta":{"desktop":{"background-color":"var(--ast-global-color-4)","background-image":"","background-repeat":"repeat","background-position":"center center","background-size":"auto","background-attachment":"scroll","background-type":"","background-media":"","overlay-type":"","overlay-color":"","overlay-opacity":"","overlay-gradient":""},"tablet":{"background-color":"","background-image":"","background-repeat":"repeat","background-position":"center center","background-size":"auto","background-attachment":"scroll","background-type":"","background-media":"","overlay-type":"","overlay-color":"","overlay-opacity":"","overlay-gradient":""},"mobile":{"background-color":"","background-image":"","background-repeat":"repeat","background-position":"center center","background-size":"auto","background-attachment":"scroll","background-type":"","background-media":"","overlay-type":"","overlay-color":"","overlay-opacity":"","overlay-gradient":""}},"ast-content-background-meta":{"desktop":{"background-color":"var(--ast-global-color-5)","background-image":"","background-repeat":"repeat","background-position":"center center","background-size":"auto","background-attachment":"scroll","background-type":"","background-media":"","overlay-type":"","overlay-color":"","overlay-opacity":"","overlay-gradient":""},"tablet":{"background-color":"var(--ast-global-color-5)","background-image":"","background-repeat":"repeat","background-position":"center center","background-size":"auto","background-attachment":"scroll","background-type":"","background-media":"","overlay-type":"","overlay-color":"","overlay-opacity":"","overlay-gradient":""},"mobile":{"background-color":"var(--ast-global-color-5)","background-image":"","background-repeat":"repeat","background-position":"center center","background-size":"auto","background-attachment":"scroll","background-type":"","background-media":"","overlay-type":"","overlay-color":"","overlay-opacity":"","overlay-gradient":""}}},"product_brand":[],"product_cat":[77],"product_tag":[210,130,191,170,211,223],"class_list":{"0":"post-3819","1":"product","2":"type-product","3":"status-publish","4":"has-post-thumbnail","6":"product_cat-detske-dres-chelsea","7":"product_tag-chelsea-dres-pre-deti","8":"product_tag-detske-futbalove-dresy","9":"product_tag-detsky-dres-s-vlastnym-menom-a-cislom","10":"product_tag-detsky-futbalovy-komplet","11":"product_tag-futbalove-dresy-detske-chelsea","12":"product_tag-malo-gusto-dres","13":"desktop-align-left","14":"tablet-align-left","15":"mobile-align-left","17":"first","18":"instock","19":"shipping-taxable","20":"purchasable","21":"product-type-variable"},"_links":{"self":[{"href":"https:\/\/www.drespredeti.com\/nl\/wp-json\/wp\/v2\/product\/3819","targetHints":{"allow":["GET"]}}],"collection":[{"href":"https:\/\/www.drespredeti.com\/nl\/wp-json\/wp\/v2\/product"}],"about":[{"href":"https:\/\/www.drespredeti.com\/nl\/wp-json\/wp\/v2\/types\/product"}],"replies":[{"embeddable":true,"href":"https:\/\/www.drespredeti.com\/nl\/wp-json\/wp\/v2\/comments?post=3819"}],"wp:featuredmedia":[{"embeddable":true,"href":"https:\/\/www.drespredeti.com\/nl\/wp-json\/wp\/v2\/media\/3821"}],"wp:attachment":[{"href":"https:\/\/www.drespredeti.com\/nl\/wp-json\/wp\/v2\/media?parent=3819"}],"wp:term":[{"taxonomy":"product_brand","embeddable":true,"href":"https:\/\/www.drespredeti.com\/nl\/wp-json\/wp\/v2\/product_brand?post=3819"},{"taxonomy":"product_cat","embeddable":true,"href":"https:\/\/www.drespredeti.com\/nl\/wp-json\/wp\/v2\/product_cat?post=3819"},{"taxonomy":"product_tag","embeddable":true,"href":"https:\/\/www.drespredeti.com\/nl\/wp-json\/wp\/v2\/product_tag?post=3819"}],"curies":[{"name":"wp","href":"https:\/\/api.w.org\/{rel}","templated":true}]}}