{"id":3779,"date":"2026-01-15T09:19:58","date_gmt":"2026-01-15T08:19:58","guid":{"rendered":"https:\/\/www.futbalovedresysk.com\/?post_type=product&#038;p=3779"},"modified":"2026-01-15T09:19:58","modified_gmt":"2026-01-15T08:19:58","slug":"detsky-futbalovy-dres-chelsea-romeo-lavia-45-2025-26-prec-komplety","status":"publish","type":"product","link":"https:\/\/www.drespredeti.com\/nl\/detsky-futbalovy-dres-chelsea-romeo-lavia-45-2025-26-prec-komplety\/","title":{"rendered":"Detsk\u00fd Futbolov\u00fd dres Chelsea Romeo Lavia #45 2025-26 Uit"},"content":{"rendered":"<h3>Kindervoetbalshirt Chelsea Romeo Lavia #45 \u2013 Compleet Voorverkoop 2025-26<\/h3>\n<p>We presenteren een beperkte editie <strong>Kinder voetbalshirt Chelsea<\/strong> \u2013 derde uitrusting voor het seizoen 2025-26 met nummer 45, gedragen door de getalenteerde aanvaller Romeo Lavia. Deze volledige set is bedoeld voor ambitieuze jonge spelers die hun stijl ook buiten het veld willen uitdrukken.<\/p>\n<p><strong>Prestatietechnische materialen<\/strong><\/p>\n<ul>\n<li>Licht polyester met vochtregulerende technologie<\/li>\n<li>Specifieke ventilatie op kritieke plaatsen<\/li>\n<li>Stretch-inzetten voor maximale bewegingsvrijheid<\/li>\n<\/ul>\n<p><strong>Personaliseerbare optie<\/strong><\/p>\n<ul>\n<li>Mogelijkheid om naam en nummer aan te passen naar voorkeur<\/li>\n<li>Kwalitatieve bedrukking bestand tegen slijtage<\/li>\n<li>Snelle levering binnen 48 uur<\/li>\n<\/ul>\n<p><strong>Aanbevolen onderhoud:<\/strong><\/p>\n<ul>\n<li>Wassen op 30\u00b0C, fijnwas<\/li>\n<li>Drogen op kamertemperatuur<\/li>\n<li>Niet strijken rechtstreeks op de bedrukking<\/li>\n<\/ul>","protected":false},"excerpt":{"rendered":"<p>Detsk\u00fd Futbalov\u00fd Dres Chelsea Romeo Lavia #45 \u2013 Kompletn\u00e1 Tretia 2025-26 Predstavujeme obmedzen\u00fa ed\u00edciu Detsk\u00fd Futbalov\u00fd Dres Chelsea \u2013 tretiu v\u00fdstroj pre sez\u00f3nu 2025-26 s \u010d\u00edslom 45, ktor\u00e9 nos\u00ed talentovan\u00fd \u00fato\u010dn\u00edk Romeo Lavia . Tento kompletn\u00fd set je ur\u010den\u00fd pre ambici\u00f3znych mlad\u00fdch hr\u00e1\u010dov, ktor\u00ed chc\u00fa vyjadri\u0165 svoj \u0161t\u00fdl aj mimo ihriska. V\u00fdkonnostn\u00e9 materi\u00e1ly \u013dahk\u00fd polyester [\u2026]<\/p>","protected":false},"featured_media":3781,"comment_status":"open","ping_status":"closed","template":"","meta":{"site-sidebar-layout":"default","site-content-layout":"","ast-site-content-layout":"default","site-content-style":"default","site-sidebar-style":"default","ast-global-header-display":"","ast-banner-title-visibility":"","ast-main-header-display":"","ast-hfb-above-header-display":"","ast-hfb-below-header-display":"","ast-hfb-mobile-header-display":"","site-post-title":"","ast-breadcrumbs-content":"","ast-featured-img":"","footer-sml-layout":"","theme-transparent-header-meta":"default","adv-header-id-meta":"","stick-header-meta":"","header-above-stick-meta":"","header-main-stick-meta":"","header-below-stick-meta":"","astra-migrate-meta-layouts":"set","ast-page-background-enabled":"default","ast-page-background-meta":{"desktop":{"background-color":"var(--ast-global-color-4)","background-image":"","background-repeat":"repeat","background-position":"center center","background-size":"auto","background-attachment":"scroll","background-type":"","background-media":"","overlay-type":"","overlay-color":"","overlay-opacity":"","overlay-gradient":""},"tablet":{"background-color":"","background-image":"","background-repeat":"repeat","background-position":"center center","background-size":"auto","background-attachment":"scroll","background-type":"","background-media":"","overlay-type":"","overlay-color":"","overlay-opacity":"","overlay-gradient":""},"mobile":{"background-color":"","background-image":"","background-repeat":"repeat","background-position":"center center","background-size":"auto","background-attachment":"scroll","background-type":"","background-media":"","overlay-type":"","overlay-color":"","overlay-opacity":"","overlay-gradient":""}},"ast-content-background-meta":{"desktop":{"background-color":"var(--ast-global-color-5)","background-image":"","background-repeat":"repeat","background-position":"center center","background-size":"auto","background-attachment":"scroll","background-type":"","background-media":"","overlay-type":"","overlay-color":"","overlay-opacity":"","overlay-gradient":""},"tablet":{"background-color":"var(--ast-global-color-5)","background-image":"","background-repeat":"repeat","background-position":"center center","background-size":"auto","background-attachment":"scroll","background-type":"","background-media":"","overlay-type":"","overlay-color":"","overlay-opacity":"","overlay-gradient":""},"mobile":{"background-color":"var(--ast-global-color-5)","background-image":"","background-repeat":"repeat","background-position":"center center","background-size":"auto","background-attachment":"scroll","background-type":"","background-media":"","overlay-type":"","overlay-color":"","overlay-opacity":"","overlay-gradient":""}}},"product_brand":[],"product_cat":[77],"product_tag":[210,130,191,170,211,222],"class_list":{"0":"post-3779","1":"product","2":"type-product","3":"status-publish","4":"has-post-thumbnail","6":"product_cat-detske-dres-chelsea","7":"product_tag-chelsea-dres-pre-deti","8":"product_tag-detske-futbalove-dresy","9":"product_tag-detsky-dres-s-vlastnym-menom-a-cislom","10":"product_tag-detsky-futbalovy-komplet","11":"product_tag-futbalove-dresy-detske-chelsea","12":"product_tag-romeo-lavia-dres","13":"desktop-align-left","14":"tablet-align-left","15":"mobile-align-left","17":"first","18":"instock","19":"shipping-taxable","20":"purchasable","21":"product-type-variable"},"_links":{"self":[{"href":"https:\/\/www.drespredeti.com\/nl\/wp-json\/wp\/v2\/product\/3779","targetHints":{"allow":["GET"]}}],"collection":[{"href":"https:\/\/www.drespredeti.com\/nl\/wp-json\/wp\/v2\/product"}],"about":[{"href":"https:\/\/www.drespredeti.com\/nl\/wp-json\/wp\/v2\/types\/product"}],"replies":[{"embeddable":true,"href":"https:\/\/www.drespredeti.com\/nl\/wp-json\/wp\/v2\/comments?post=3779"}],"wp:featuredmedia":[{"embeddable":true,"href":"https:\/\/www.drespredeti.com\/nl\/wp-json\/wp\/v2\/media\/3781"}],"wp:attachment":[{"href":"https:\/\/www.drespredeti.com\/nl\/wp-json\/wp\/v2\/media?parent=3779"}],"wp:term":[{"taxonomy":"product_brand","embeddable":true,"href":"https:\/\/www.drespredeti.com\/nl\/wp-json\/wp\/v2\/product_brand?post=3779"},{"taxonomy":"product_cat","embeddable":true,"href":"https:\/\/www.drespredeti.com\/nl\/wp-json\/wp\/v2\/product_cat?post=3779"},{"taxonomy":"product_tag","embeddable":true,"href":"https:\/\/www.drespredeti.com\/nl\/wp-json\/wp\/v2\/product_tag?post=3779"}],"curies":[{"name":"wp","href":"https:\/\/api.w.org\/{rel}","templated":true}]}}