{"id":3660,"date":"2026-01-15T09:05:08","date_gmt":"2026-01-15T08:05:08","guid":{"rendered":"https:\/\/www.futbalovedresysk.com\/?post_type=product&#038;p=3660"},"modified":"2026-01-15T09:05:09","modified_gmt":"2026-01-15T08:05:09","slug":"futbalove-dresy-pre-deti-chelsea-moises-caicedo-25-2025-26-prec-komplety","status":"publish","type":"product","link":"https:\/\/www.drespredeti.com\/nl\/futbalove-dresy-pre-deti-chelsea-moises-caicedo-25-2025-26-prec-komplety\/","title":{"rendered":"Voetbalshirts voor kinderen Chelsea Moises Caicedo #25 2025-26 Uit Voorraad Completa"},"content":{"rendered":"<h3>Voetbaltruien voor kinderen Chelsea FC \u2013 Moises Caicedo #25 Uit Vooraf Compleet 2025-26<\/h3>\n<p>Ontdek Futbalov\u00e9 Dresy pre deti Chelsea FC Tretina 2025-26, vytvoren\u00fa \u0161peci\u00e1lne pre najmen\u0161\u00edch fan\u00fa\u0161ikov. Tento kompletn\u00fd set, in\u0161pirovan\u00fd \u0161t\u00fdlom talentovan\u00e9ho obrancu Levi Colwill s \u010d\u00edslom 6, pon\u00faka dokonal\u00fa kombin\u00e1ciu autentick\u00e9ho dizajnu a detsk\u00e9ho komfortu. Ide\u00e1lny pre bud\u00face futbalov\u00e9 hviezdy, ktor\u00ed chc\u00fa reprezentova\u0165 modr\u00fa farbu v \u0161t\u00fdle.<\/p>\n<p><strong>Voordelen<\/strong><\/p>\n<ul>\n<li>Veilig materiaal \u2013 gecertificeerd voor de huid van kinderen<br \/>\nJednoduch\u00e1 \u00fadr\u017eba \u2013 pra\u0165 na 30\u00b0C, r\u00fdchloschn\u00face<br \/>\nUniverseel gebruik \u2013 voor training, wedstrijden en dagelijks dragen<br \/>\nBetaalbaarheid \u2013 premium kwaliteit tegen een eerlijke prijs<\/li>\n<\/ul>\n<p><strong>Personalisatieservice<\/strong><\/p>\n<p>Wij bieden de mogelijkheid om een uniek shirt te laten maken:<\/p>\n<ul>\n<li>Wijziging van het rugnummer naar keuze (1-99)<\/li>\n<li>Eigen naam op de achterkant van het shirt<\/li>\n<li>Expressverwerking binnen 24 uur<\/li>\n<li>Gratis consult bij bestelling<\/li>\n<\/ul>","protected":false},"excerpt":{"rendered":"<p>Futbalov\u00e9 Dresy pre deti Chelsea FC \u2013 Moises Caicedo #25 Pre\u010d Komplet 2025-26 Objavte Futbalov\u00e9 Dresy pre deti Chelsea FC Pre\u010d 2025-26, vytvoren\u00fa \u0161peci\u00e1lne pre najmen\u0161\u00edch fan\u00fa\u0161ikov. Tento kompletn\u00fd set, in\u0161pirovan\u00fd \u0161t\u00fdlom talentovan\u00e9ho obrancu Moises Caicedos \u010d\u00edslom 25, pon\u00faka dokonal\u00fa kombin\u00e1ciu autentick\u00e9ho dizajnu a detsk\u00e9ho komfortu. Ide\u00e1lny pre bud\u00face futbalov\u00e9 hviezdy, ktor\u00ed chc\u00fa reprezentova\u0165 modr\u00fa [\u2026]<\/p>","protected":false},"featured_media":3662,"comment_status":"open","ping_status":"closed","template":"","meta":{"site-sidebar-layout":"default","site-content-layout":"","ast-site-content-layout":"default","site-content-style":"default","site-sidebar-style":"default","ast-global-header-display":"","ast-banner-title-visibility":"","ast-main-header-display":"","ast-hfb-above-header-display":"","ast-hfb-below-header-display":"","ast-hfb-mobile-header-display":"","site-post-title":"","ast-breadcrumbs-content":"","ast-featured-img":"","footer-sml-layout":"","theme-transparent-header-meta":"default","adv-header-id-meta":"","stick-header-meta":"","header-above-stick-meta":"","header-main-stick-meta":"","header-below-stick-meta":"","astra-migrate-meta-layouts":"set","ast-page-background-enabled":"default","ast-page-background-meta":{"desktop":{"background-color":"var(--ast-global-color-4)","background-image":"","background-repeat":"repeat","background-position":"center center","background-size":"auto","background-attachment":"scroll","background-type":"","background-media":"","overlay-type":"","overlay-color":"","overlay-opacity":"","overlay-gradient":""},"tablet":{"background-color":"","background-image":"","background-repeat":"repeat","background-position":"center center","background-size":"auto","background-attachment":"scroll","background-type":"","background-media":"","overlay-type":"","overlay-color":"","overlay-opacity":"","overlay-gradient":""},"mobile":{"background-color":"","background-image":"","background-repeat":"repeat","background-position":"center center","background-size":"auto","background-attachment":"scroll","background-type":"","background-media":"","overlay-type":"","overlay-color":"","overlay-opacity":"","overlay-gradient":""}},"ast-content-background-meta":{"desktop":{"background-color":"var(--ast-global-color-5)","background-image":"","background-repeat":"repeat","background-position":"center center","background-size":"auto","background-attachment":"scroll","background-type":"","background-media":"","overlay-type":"","overlay-color":"","overlay-opacity":"","overlay-gradient":""},"tablet":{"background-color":"var(--ast-global-color-5)","background-image":"","background-repeat":"repeat","background-position":"center center","background-size":"auto","background-attachment":"scroll","background-type":"","background-media":"","overlay-type":"","overlay-color":"","overlay-opacity":"","overlay-gradient":""},"mobile":{"background-color":"var(--ast-global-color-5)","background-image":"","background-repeat":"repeat","background-position":"center center","background-size":"auto","background-attachment":"scroll","background-type":"","background-media":"","overlay-type":"","overlay-color":"","overlay-opacity":"","overlay-gradient":""}}},"product_brand":[],"product_cat":[77],"product_tag":[210,130,191,170,211,212],"class_list":{"0":"post-3660","1":"product","2":"type-product","3":"status-publish","4":"has-post-thumbnail","6":"product_cat-detske-dres-chelsea","7":"product_tag-chelsea-dres-pre-deti","8":"product_tag-detske-futbalove-dresy","9":"product_tag-detsky-dres-s-vlastnym-menom-a-cislom","10":"product_tag-detsky-futbalovy-komplet","11":"product_tag-futbalove-dresy-detske-chelsea","12":"product_tag-moises-caicedo-dres","13":"desktop-align-left","14":"tablet-align-left","15":"mobile-align-left","17":"first","18":"instock","19":"shipping-taxable","20":"purchasable","21":"product-type-variable"},"_links":{"self":[{"href":"https:\/\/www.drespredeti.com\/nl\/wp-json\/wp\/v2\/product\/3660","targetHints":{"allow":["GET"]}}],"collection":[{"href":"https:\/\/www.drespredeti.com\/nl\/wp-json\/wp\/v2\/product"}],"about":[{"href":"https:\/\/www.drespredeti.com\/nl\/wp-json\/wp\/v2\/types\/product"}],"replies":[{"embeddable":true,"href":"https:\/\/www.drespredeti.com\/nl\/wp-json\/wp\/v2\/comments?post=3660"}],"wp:featuredmedia":[{"embeddable":true,"href":"https:\/\/www.drespredeti.com\/nl\/wp-json\/wp\/v2\/media\/3662"}],"wp:attachment":[{"href":"https:\/\/www.drespredeti.com\/nl\/wp-json\/wp\/v2\/media?parent=3660"}],"wp:term":[{"taxonomy":"product_brand","embeddable":true,"href":"https:\/\/www.drespredeti.com\/nl\/wp-json\/wp\/v2\/product_brand?post=3660"},{"taxonomy":"product_cat","embeddable":true,"href":"https:\/\/www.drespredeti.com\/nl\/wp-json\/wp\/v2\/product_cat?post=3660"},{"taxonomy":"product_tag","embeddable":true,"href":"https:\/\/www.drespredeti.com\/nl\/wp-json\/wp\/v2\/product_tag?post=3660"}],"curies":[{"name":"wp","href":"https:\/\/api.w.org\/{rel}","templated":true}]}}