{"id":3635,"date":"2026-01-31T06:57:26","date_gmt":"2026-01-31T05:57:26","guid":{"rendered":"https:\/\/www.futbalovedresysk.com\/?post_type=product&#038;p=3635"},"modified":"2026-01-31T06:57:27","modified_gmt":"2026-01-31T05:57:27","slug":"detsky-futbalovy-komplet-borussia-dortmund-niklas-sule-25-2025-26-domaci","status":"publish","type":"product","link":"https:\/\/www.drespredeti.com\/nl\/detsky-futbalovy-komplet-borussia-dortmund-niklas-sule-25-2025-26-domaci\/","title":{"rendered":"Kindervoetbalset Borussia Dortmund Niklas Sule #25 2025-26 Thuis"},"content":{"rendered":"<h3>Detsk\u00fd futbalov\u00fd komplet Borussia Dortmund Niklas S\u00fcle #25 2025\/26 Thuis \u2013 Trui + Short<\/h3>\n<p>Detsk\u00fd futbalov\u00fd komplet Borussia Dortmund Niklas S\u00fcle #25 2025\/26 Thuis voorstelling van de klassieke thuislook BVB in kinderversie, ontworpen voor jonge fans die klubkleuren met trots willen dragen. Deze Detsk\u00fd futbalov\u00fd komplet Borussia Dortmund is gebaseerd op het thuiskleding ontwerp van het seizoen 2025\/26 en benadrukt de iconische identiteit van de club uit Signal Iduna Park.<\/p>\n<p>De set bestaat uit een shirts met korte mouwen en bijpassende shorts, gemaakt van modern functioneel materiaal dat effectief zweet afvoert en een aangenaam droog gevoel behoudt. De fijne maar duurzame stof is geschikt voor dagelijks gebruik, voetbaltrainingen en recreatief spel. De doordachte pasvorm ondersteunt de natuurlijke beweging van het kind zonder beperkingen.<\/p>\n<p>Op de rug staat de naam Emre Can en het nummer 23, wat het shirt een authentieke spelerskarakter geeft. Uiteraard is er ook de mogelijkheid tot personalisatie \u2013 eigen naam en nummer, waardoor het Kinder voetbalpak Borussia Dortmund een persoonlijk stuk wordt precies zoals het kind het wenst.<\/p>\n<p>Dit voetbalshirt voor kinderen Borussia Dortmund is ideaal als geschenk voor jonge fans van de Bundesliga, die kwaliteit, comfort en de uitstraling van het thuisdres Borussia Dortmund waarderen.<\/p>","protected":false},"excerpt":{"rendered":"<p>Detsk\u00fd futbalov\u00fd komplet Borussia Dortmund Niklas S\u00fcle #25 2025\/26 Dom\u00e1ci \u2013 Dres + \u0160ortky Detsk\u00fd futbalov\u00fd komplet Borussia Dortmund Niklas S\u00fcle #25 2025\/26 Dom\u00e1ci predstavuje klasick\u00fd dom\u00e1ci vzh\u013ead BVB v detskom preveden\u00ed, navrhnut\u00fd pre mlad\u00fdch fan\u00fa\u0161ikov, ktor\u00ed chc\u00fa nosi\u0165 klubov\u00e9 farby s hrdos\u0165ou. Tento Detsk\u00fd futbalov\u00fd komplet Borussia Dortmund vych\u00e1dza z dom\u00e1ceho dizajnu sez\u00f3ny 2025\/26 [&hellip;]<\/p>","protected":false},"featured_media":3637,"comment_status":"open","ping_status":"closed","template":"","meta":{"site-sidebar-layout":"default","site-content-layout":"","ast-site-content-layout":"default","site-content-style":"default","site-sidebar-style":"default","ast-global-header-display":"","ast-banner-title-visibility":"","ast-main-header-display":"","ast-hfb-above-header-display":"","ast-hfb-below-header-display":"","ast-hfb-mobile-header-display":"","site-post-title":"","ast-breadcrumbs-content":"","ast-featured-img":"","footer-sml-layout":"","theme-transparent-header-meta":"default","adv-header-id-meta":"","stick-header-meta":"","header-above-stick-meta":"","header-main-stick-meta":"","header-below-stick-meta":"","astra-migrate-meta-layouts":"set","ast-page-background-enabled":"default","ast-page-background-meta":{"desktop":{"background-color":"var(--ast-global-color-4)","background-image":"","background-repeat":"repeat","background-position":"center center","background-size":"auto","background-attachment":"scroll","background-type":"","background-media":"","overlay-type":"","overlay-color":"","overlay-opacity":"","overlay-gradient":""},"tablet":{"background-color":"","background-image":"","background-repeat":"repeat","background-position":"center center","background-size":"auto","background-attachment":"scroll","background-type":"","background-media":"","overlay-type":"","overlay-color":"","overlay-opacity":"","overlay-gradient":""},"mobile":{"background-color":"","background-image":"","background-repeat":"repeat","background-position":"center center","background-size":"auto","background-attachment":"scroll","background-type":"","background-media":"","overlay-type":"","overlay-color":"","overlay-opacity":"","overlay-gradient":""}},"ast-content-background-meta":{"desktop":{"background-color":"var(--ast-global-color-5)","background-image":"","background-repeat":"repeat","background-position":"center center","background-size":"auto","background-attachment":"scroll","background-type":"","background-media":"","overlay-type":"","overlay-color":"","overlay-opacity":"","overlay-gradient":""},"tablet":{"background-color":"var(--ast-global-color-5)","background-image":"","background-repeat":"repeat","background-position":"center center","background-size":"auto","background-attachment":"scroll","background-type":"","background-media":"","overlay-type":"","overlay-color":"","overlay-opacity":"","overlay-gradient":""},"mobile":{"background-color":"var(--ast-global-color-5)","background-image":"","background-repeat":"repeat","background-position":"center center","background-size":"auto","background-attachment":"scroll","background-type":"","background-media":"","overlay-type":"","overlay-color":"","overlay-opacity":"","overlay-gradient":""}}},"product_brand":[],"product_cat":[80],"product_tag":[426,191,294,425,428,427,442],"class_list":{"0":"post-3635","1":"product","2":"type-product","3":"status-publish","4":"has-post-thumbnail","6":"product_cat-detske-dres-dortmund","7":"product_tag-detsky-dres-borussia-dortmund-2025-26","8":"product_tag-detsky-dres-s-vlastnym-menom-a-cislom","9":"product_tag-detsky-futbalovy-dres-2025-26","10":"product_tag-detsky-futbalovy-komplet-borussia-dortmund","11":"product_tag-detsky-futbalovy-komplet-bundesliga","12":"product_tag-futbalovy-dres-pre-deti-bvb","13":"product_tag-niklas-sule-dres","14":"desktop-align-left","15":"tablet-align-left","16":"mobile-align-left","18":"first","19":"instock","20":"shipping-taxable","21":"purchasable","22":"product-type-variable"},"_links":{"self":[{"href":"https:\/\/www.drespredeti.com\/nl\/wp-json\/wp\/v2\/product\/3635","targetHints":{"allow":["GET"]}}],"collection":[{"href":"https:\/\/www.drespredeti.com\/nl\/wp-json\/wp\/v2\/product"}],"about":[{"href":"https:\/\/www.drespredeti.com\/nl\/wp-json\/wp\/v2\/types\/product"}],"replies":[{"embeddable":true,"href":"https:\/\/www.drespredeti.com\/nl\/wp-json\/wp\/v2\/comments?post=3635"}],"wp:featuredmedia":[{"embeddable":true,"href":"https:\/\/www.drespredeti.com\/nl\/wp-json\/wp\/v2\/media\/3637"}],"wp:attachment":[{"href":"https:\/\/www.drespredeti.com\/nl\/wp-json\/wp\/v2\/media?parent=3635"}],"wp:term":[{"taxonomy":"product_brand","embeddable":true,"href":"https:\/\/www.drespredeti.com\/nl\/wp-json\/wp\/v2\/product_brand?post=3635"},{"taxonomy":"product_cat","embeddable":true,"href":"https:\/\/www.drespredeti.com\/nl\/wp-json\/wp\/v2\/product_cat?post=3635"},{"taxonomy":"product_tag","embeddable":true,"href":"https:\/\/www.drespredeti.com\/nl\/wp-json\/wp\/v2\/product_tag?post=3635"}],"curies":[{"name":"wp","href":"https:\/\/api.w.org\/{rel}","templated":true}]}}