{"id":3573,"date":"2026-01-31T06:59:55","date_gmt":"2026-01-31T05:59:55","guid":{"rendered":"https:\/\/www.futbalovedresysk.com\/?post_type=product&#038;p=3573"},"modified":"2026-01-31T06:59:56","modified_gmt":"2026-01-31T05:59:56","slug":"detsky-futbalovy-komplet-borussia-dortmund-felix-nmecha-8-2025-26-prec","status":"publish","type":"product","link":"https:\/\/www.drespredeti.com\/nl\/detsky-futbalovy-komplet-borussia-dortmund-felix-nmecha-8-2025-26-prec\/","title":{"rendered":"Kinder voetbaloutfit Borussia Dortmund Felix Nmecha #8 2025-26 Uit"},"content":{"rendered":"<h3>Kindervoetbaloutfit Borussia Dortmund Felix Nmecha #8 2025\/26 Uit \u2013 Shirt + Broek<\/h3>\n<p>Kindervoetbaloutfit Borussia Dortmund Felix Nmecha #8 2025\/26 Uit is de ideale keuze voor jonge fans van BVB, die hun favoriete club in een stijlvolle away-jas willen steunen. Deze Kindervoetbaloutfit Borussia Dortmund is ge\u00efnspireerd op het offici\u00eble away-design van het seizoen 2025\/26 en biedt een authentieke uitstraling van speler Felix Nmecha met nummer 8.<\/p>\n<p>De set bevat een voetbalshirt en een short gemaakt van kwalitatieve, lichte en ademende polyester, dat comfort waarborgt tijdens training, wedstrijd en dagelijks gebruik. Het materiaal is snel droog, duurzaam en geschikt voor actieve kinderen. Een ergonomische pasvorm biedt bewegingsvrijheid en comfort de hele dag.<\/p>\n<p>Ve\u013ekou v\u00fdhodou je mo\u017enos\u0165 prisp\u00f4sobenia \u2013 vlastn\u00e9 meno a \u010d\u00edslo, v\u010faka \u010domu sa z detsk\u00e9ho dresu st\u00e1va jedine\u010dn\u00fd k\u00fasok. \u010ci u\u017e ide o dar\u010dek alebo ka\u017edodenn\u00e9 nosenie, detske futbalove dresy komplet Borussia Dortmund sp\u013a\u0148a vysok\u00e9 n\u00e1roky na kvalitu, dizajn aj funk\u010dnos\u0165.<\/p>\n<p>Tento Detsk\u00fd futbalov\u00fd komplet Borussia Dortmund je ur\u010den\u00fd pre deti, ktor\u00e9 miluj\u00fa futbal, Bundesligu a chc\u00fa sa c\u00edti\u0165 ako skuto\u010dn\u00ed profesion\u00e1li na ihrisku aj mimo neho.<\/p>","protected":false},"excerpt":{"rendered":"<p>Detsk\u00fd futbalov\u00fd komplet Borussia Dortmund Felix Nmecha #8 2025\/26 Pre\u010d \u2013 Dres + \u0160ortky Detsk\u00fd futbalov\u00fd komplet Borussia Dortmund Felix Nmecha #8 2025\/26 Pre\u010d je ide\u00e1lnou vo\u013ebou pre mlad\u00fdch fan\u00fa\u0161ikov BVB, ktor\u00ed chc\u00fa podporova\u0165 svoj ob\u013e\u00faben\u00fd klub v \u0161t\u00fdlovom vonkaj\u0161om drese. Tento Detsk\u00fd futbalov\u00fd komplet Borussia Dortmund je in\u0161pirovan\u00fd ofici\u00e1lnym pre\u010d (away) dizajnom sez\u00f3ny 2025\/26 [&hellip;]<\/p>","protected":false},"featured_media":3575,"comment_status":"open","ping_status":"closed","template":"","meta":{"site-sidebar-layout":"default","site-content-layout":"","ast-site-content-layout":"default","site-content-style":"default","site-sidebar-style":"default","ast-global-header-display":"","ast-banner-title-visibility":"","ast-main-header-display":"","ast-hfb-above-header-display":"","ast-hfb-below-header-display":"","ast-hfb-mobile-header-display":"","site-post-title":"","ast-breadcrumbs-content":"","ast-featured-img":"","footer-sml-layout":"","theme-transparent-header-meta":"default","adv-header-id-meta":"","stick-header-meta":"","header-above-stick-meta":"","header-main-stick-meta":"","header-below-stick-meta":"","astra-migrate-meta-layouts":"set","ast-page-background-enabled":"default","ast-page-background-meta":{"desktop":{"background-color":"var(--ast-global-color-4)","background-image":"","background-repeat":"repeat","background-position":"center center","background-size":"auto","background-attachment":"scroll","background-type":"","background-media":"","overlay-type":"","overlay-color":"","overlay-opacity":"","overlay-gradient":""},"tablet":{"background-color":"","background-image":"","background-repeat":"repeat","background-position":"center center","background-size":"auto","background-attachment":"scroll","background-type":"","background-media":"","overlay-type":"","overlay-color":"","overlay-opacity":"","overlay-gradient":""},"mobile":{"background-color":"","background-image":"","background-repeat":"repeat","background-position":"center center","background-size":"auto","background-attachment":"scroll","background-type":"","background-media":"","overlay-type":"","overlay-color":"","overlay-opacity":"","overlay-gradient":""}},"ast-content-background-meta":{"desktop":{"background-color":"var(--ast-global-color-5)","background-image":"","background-repeat":"repeat","background-position":"center center","background-size":"auto","background-attachment":"scroll","background-type":"","background-media":"","overlay-type":"","overlay-color":"","overlay-opacity":"","overlay-gradient":""},"tablet":{"background-color":"var(--ast-global-color-5)","background-image":"","background-repeat":"repeat","background-position":"center center","background-size":"auto","background-attachment":"scroll","background-type":"","background-media":"","overlay-type":"","overlay-color":"","overlay-opacity":"","overlay-gradient":""},"mobile":{"background-color":"var(--ast-global-color-5)","background-image":"","background-repeat":"repeat","background-position":"center center","background-size":"auto","background-attachment":"scroll","background-type":"","background-media":"","overlay-type":"","overlay-color":"","overlay-opacity":"","overlay-gradient":""}}},"product_brand":[],"product_cat":[80],"product_tag":[426,191,294,425,428,434,427],"class_list":{"0":"post-3573","1":"product","2":"type-product","3":"status-publish","4":"has-post-thumbnail","6":"product_cat-detske-dres-dortmund","7":"product_tag-detsky-dres-borussia-dortmund-2025-26","8":"product_tag-detsky-dres-s-vlastnym-menom-a-cislom","9":"product_tag-detsky-futbalovy-dres-2025-26","10":"product_tag-detsky-futbalovy-komplet-borussia-dortmund","11":"product_tag-detsky-futbalovy-komplet-bundesliga","12":"product_tag-felix-nmecha-dres","13":"product_tag-futbalovy-dres-pre-deti-bvb","14":"desktop-align-left","15":"tablet-align-left","16":"mobile-align-left","18":"first","19":"instock","20":"shipping-taxable","21":"purchasable","22":"product-type-variable"},"_links":{"self":[{"href":"https:\/\/www.drespredeti.com\/nl\/wp-json\/wp\/v2\/product\/3573","targetHints":{"allow":["GET"]}}],"collection":[{"href":"https:\/\/www.drespredeti.com\/nl\/wp-json\/wp\/v2\/product"}],"about":[{"href":"https:\/\/www.drespredeti.com\/nl\/wp-json\/wp\/v2\/types\/product"}],"replies":[{"embeddable":true,"href":"https:\/\/www.drespredeti.com\/nl\/wp-json\/wp\/v2\/comments?post=3573"}],"wp:featuredmedia":[{"embeddable":true,"href":"https:\/\/www.drespredeti.com\/nl\/wp-json\/wp\/v2\/media\/3575"}],"wp:attachment":[{"href":"https:\/\/www.drespredeti.com\/nl\/wp-json\/wp\/v2\/media?parent=3573"}],"wp:term":[{"taxonomy":"product_brand","embeddable":true,"href":"https:\/\/www.drespredeti.com\/nl\/wp-json\/wp\/v2\/product_brand?post=3573"},{"taxonomy":"product_cat","embeddable":true,"href":"https:\/\/www.drespredeti.com\/nl\/wp-json\/wp\/v2\/product_cat?post=3573"},{"taxonomy":"product_tag","embeddable":true,"href":"https:\/\/www.drespredeti.com\/nl\/wp-json\/wp\/v2\/product_tag?post=3573"}],"curies":[{"name":"wp","href":"https:\/\/api.w.org\/{rel}","templated":true}]}}