{"id":3532,"date":"2026-01-31T06:33:11","date_gmt":"2026-01-31T05:33:11","guid":{"rendered":"https:\/\/www.futbalovedresysk.com\/?post_type=product&#038;p=3532"},"modified":"2026-01-31T06:33:12","modified_gmt":"2026-01-31T05:33:12","slug":"detsky-futbalovy-komplet-borussia-dortmund-julian-brandt-10-2025-26-prec","status":"publish","type":"product","link":"https:\/\/www.drespredeti.com\/nl\/detsky-futbalovy-komplet-borussia-dortmund-julian-brandt-10-2025-26-prec\/","title":{"rendered":"Kinder voetbaloutfit Borussia Dortmund Julian Brandt #10 2025-26 Uit"},"content":{"rendered":"<h3>Kindervoetbalset Borussia Dortmund Julian Brandt #10 2025\/26 Intersher \u2013 Trui + Broek<\/h3>\n<p>Kindervoetbalset Borussia Dortmund Julian Brandt #10 2025\/26 Intersher is de ideale keuze voor jonge fans van BVB die hun favoriete club in een stijlvolle uitvoersdraag dragen ondersteunen. Dit kindervoetbalshirt compleet Borussia Dortmund is ge\u00efnspireerd op het offici\u00eble uit-design van seizoen 2025\/26 en brengt een authentieke look van speler Julian Brandt met nummer 10.<\/p>\n<p>De set bevat een voetbalshirt en een short gemaakt van kwalitatieve, lichte en ademende polyester, dat comfort waarborgt tijdens training, wedstrijd en dagelijks gebruik. Het materiaal is snel droog, duurzaam en geschikt voor actieve kinderen. Een ergonomische pasvorm biedt bewegingsvrijheid en comfort de hele dag.<\/p>\n<p>Ve\u013ekou v\u00fdhodou je mo\u017enos\u0165 prisp\u00f4sobenia \u2013 vlastn\u00e9 meno a \u010d\u00edslo, v\u010faka \u010domu sa z detsk\u00e9ho dresu st\u00e1va jedine\u010dn\u00fd k\u00fasok. \u010ci u\u017e ide o dar\u010dek alebo ka\u017edodenn\u00e9 nosenie, detske futbalove dresy komplet Borussia Dortmund sp\u013a\u0148a vysok\u00e9 n\u00e1roky na kvalitu, dizajn aj funk\u010dnos\u0165.<\/p>\n<p>Tento Detsk\u00fd futbalov\u00fd komplet Borussia Dortmund je ur\u010den\u00fd pre deti, ktor\u00e9 miluj\u00fa futbal, Bundesligu a chc\u00fa sa c\u00edti\u0165 ako skuto\u010dn\u00ed profesion\u00e1li na ihrisku aj mimo neho.<\/p>","protected":false},"excerpt":{"rendered":"<p>Kindervoetbalset Borussia Dortmund Julian Brandt #10 2025\/26 Uit \u2013 Shirt + Broekjes Kindervoetbalset Borussia Dortmund Julian Brandt #10 2025\/26 Uit is de ideale keuze voor jonge BVB-fans die hun favoriete club in stijl willen ondersteunen in een stoer uittenue. Dit kindershirt- en broekset Borussia Dortmund is ge\u00efnspireerd op het offici\u00eble uit-design van het seizoen [\u2026]<\/p>","protected":false},"featured_media":3534,"comment_status":"open","ping_status":"closed","template":"","meta":{"site-sidebar-layout":"default","site-content-layout":"","ast-site-content-layout":"default","site-content-style":"default","site-sidebar-style":"default","ast-global-header-display":"","ast-banner-title-visibility":"","ast-main-header-display":"","ast-hfb-above-header-display":"","ast-hfb-below-header-display":"","ast-hfb-mobile-header-display":"","site-post-title":"","ast-breadcrumbs-content":"","ast-featured-img":"","footer-sml-layout":"","theme-transparent-header-meta":"default","adv-header-id-meta":"","stick-header-meta":"","header-above-stick-meta":"","header-main-stick-meta":"","header-below-stick-meta":"","astra-migrate-meta-layouts":"set","ast-page-background-enabled":"default","ast-page-background-meta":{"desktop":{"background-color":"var(--ast-global-color-4)","background-image":"","background-repeat":"repeat","background-position":"center center","background-size":"auto","background-attachment":"scroll","background-type":"","background-media":"","overlay-type":"","overlay-color":"","overlay-opacity":"","overlay-gradient":""},"tablet":{"background-color":"","background-image":"","background-repeat":"repeat","background-position":"center center","background-size":"auto","background-attachment":"scroll","background-type":"","background-media":"","overlay-type":"","overlay-color":"","overlay-opacity":"","overlay-gradient":""},"mobile":{"background-color":"","background-image":"","background-repeat":"repeat","background-position":"center center","background-size":"auto","background-attachment":"scroll","background-type":"","background-media":"","overlay-type":"","overlay-color":"","overlay-opacity":"","overlay-gradient":""}},"ast-content-background-meta":{"desktop":{"background-color":"var(--ast-global-color-5)","background-image":"","background-repeat":"repeat","background-position":"center center","background-size":"auto","background-attachment":"scroll","background-type":"","background-media":"","overlay-type":"","overlay-color":"","overlay-opacity":"","overlay-gradient":""},"tablet":{"background-color":"var(--ast-global-color-5)","background-image":"","background-repeat":"repeat","background-position":"center center","background-size":"auto","background-attachment":"scroll","background-type":"","background-media":"","overlay-type":"","overlay-color":"","overlay-opacity":"","overlay-gradient":""},"mobile":{"background-color":"var(--ast-global-color-5)","background-image":"","background-repeat":"repeat","background-position":"center center","background-size":"auto","background-attachment":"scroll","background-type":"","background-media":"","overlay-type":"","overlay-color":"","overlay-opacity":"","overlay-gradient":""}}},"product_brand":[],"product_cat":[80],"product_tag":[426,191,294,425,428,427,430],"class_list":{"0":"post-3532","1":"product","2":"type-product","3":"status-publish","4":"has-post-thumbnail","6":"product_cat-detske-dres-dortmund","7":"product_tag-detsky-dres-borussia-dortmund-2025-26","8":"product_tag-detsky-dres-s-vlastnym-menom-a-cislom","9":"product_tag-detsky-futbalovy-dres-2025-26","10":"product_tag-detsky-futbalovy-komplet-borussia-dortmund","11":"product_tag-detsky-futbalovy-komplet-bundesliga","12":"product_tag-futbalovy-dres-pre-deti-bvb","13":"product_tag-julian-brandt-dres","14":"desktop-align-left","15":"tablet-align-left","16":"mobile-align-left","18":"first","19":"instock","20":"shipping-taxable","21":"purchasable","22":"product-type-variable"},"_links":{"self":[{"href":"https:\/\/www.drespredeti.com\/nl\/wp-json\/wp\/v2\/product\/3532","targetHints":{"allow":["GET"]}}],"collection":[{"href":"https:\/\/www.drespredeti.com\/nl\/wp-json\/wp\/v2\/product"}],"about":[{"href":"https:\/\/www.drespredeti.com\/nl\/wp-json\/wp\/v2\/types\/product"}],"replies":[{"embeddable":true,"href":"https:\/\/www.drespredeti.com\/nl\/wp-json\/wp\/v2\/comments?post=3532"}],"wp:featuredmedia":[{"embeddable":true,"href":"https:\/\/www.drespredeti.com\/nl\/wp-json\/wp\/v2\/media\/3534"}],"wp:attachment":[{"href":"https:\/\/www.drespredeti.com\/nl\/wp-json\/wp\/v2\/media?parent=3532"}],"wp:term":[{"taxonomy":"product_brand","embeddable":true,"href":"https:\/\/www.drespredeti.com\/nl\/wp-json\/wp\/v2\/product_brand?post=3532"},{"taxonomy":"product_cat","embeddable":true,"href":"https:\/\/www.drespredeti.com\/nl\/wp-json\/wp\/v2\/product_cat?post=3532"},{"taxonomy":"product_tag","embeddable":true,"href":"https:\/\/www.drespredeti.com\/nl\/wp-json\/wp\/v2\/product_tag?post=3532"}],"curies":[{"name":"wp","href":"https:\/\/api.w.org\/{rel}","templated":true}]}}