{"id":3504,"date":"2026-01-21T10:27:48","date_gmt":"2026-01-21T09:27:48","guid":{"rendered":"https:\/\/www.futbalovedresysk.com\/?post_type=product&#038;p=3504"},"modified":"2026-01-21T10:27:49","modified_gmt":"2026-01-21T09:27:49","slug":"detsky-futbalovy-dres-bayern-munich-kim-min-jae-3-2025-26-prec-komplety","status":"publish","type":"product","link":"https:\/\/www.drespredeti.com\/nl\/detsky-futbalovy-dres-bayern-munich-kim-min-jae-3-2025-26-prec-komplety\/","title":{"rendered":"Kindervoetbalshirt Bayern M\u00fcnchen Kim Min-jae #3 2025-26 Uit Sets"},"content":{"rendered":"<h3>Kindervoetbalshirt Bayern M\u00fcnchen 2025\/26 Voorraad Compleet Kim Min-jae #3<\/h3>\n<p>Kindervoetbalshirt Bayern M\u00fcnchen Kim Min-jae #3 2025-26 Voorraad Compleets ontworpen voor jonge fans die de solide defensie en speelintelligentie van Kim Min-jae bewonderen. Dit kinderverzamelingspakket in away (Voorraad) ontwerp van het seizoen 2025\/26 combineert moderne clubstijl, functionaliteit en comfort voor dagelijks gebruik en training.<\/p>\n<p><strong>Materiaal &amp; comfort<\/strong><\/p>\n<p>Kinder voetbalshirt Bayern M\u00fcnchen is gemaakt van lichtgewicht en ademend polyester, dat:<\/p>\n<ul>\n<li>effectief zweet afvoert<\/li>\n<li>snel droogt<\/li>\n<li>vriendelijk is voor de kinderhuid<\/li>\n<li>Het compleet (shirt + short) zorgt voor bewegingsvrijheid en comfort, zelfs bij langdurig dragen.<\/li>\n<\/ul>\n<p><strong>Personalisatie \u2013 eigen naam en nummer<\/strong><\/p>\n<p>Naast de versie Kim Min-jae #3 bieden we ook de mogelijkheid tot eigen bedrukking van naam en nummer.<\/p>\n<p>V\u010faka tomu sa Detsk\u00e9 Futbalov\u00e9 dresy Bayern Munich st\u00e1va jedine\u010dn\u00fdm k\u00faskom, ide\u00e1lnym ako dar\u010dek pre die\u0165a.<\/p>\n<p><strong>Waarom kiezen voor dit kindershirt van Bayern M\u00fcnchen?<\/strong><\/p>\n<ul>\n<li>Ademend, licht en duurzaam materiaal<\/li>\n<li>Geschikt voor sport en dagelijks draagbaar<\/li>\n<li>Mogelijkheid tot personalisatie van naam en nummer<\/li>\n<li>Ideaal voor jonge fans<\/li>\n<\/ul>\n<p>Als u op zoek bent naar een kwalitatief en stijlvol Kindervoetbalshirt Bayern M\u00fcnchen, de Kim Min-jae #3 Voorraad Compleet 2025\/26 is een betrouwbare keuze die clubidentiteit, comfort en lange levensduur combineert.<\/p>","protected":false},"excerpt":{"rendered":"<p>Detsk\u00fd futbalov\u00fd dres Bayern M\u00fcnchen 2025\/26 Pre\u010d kompleta Kim Min-jae #3 Detsk\u00fd futbalov\u00fd dres Bayern M\u00fcnchen Kim Min-jae #3 2025-26 Pre\u010d komplety s\u00fa navrhnut\u00e9 pre mlad\u00fdch fan\u00fa\u0161ikov, ktor\u00ed obdivuj\u00fa pevn\u00fa obranu a hern\u00fa inteligenciu Kima Min-jaeho. Tento detsk\u00fd futbalov\u00fd komplet v away (Pre\u010d) dizajne sez\u00f3ny 2025\/26 sp\u00e1ja modern\u00fd klubov\u00fd \u0161t\u00fdl, funk\u010dnos\u0165 a pohodlie pre ka\u017edodenn\u00e9 [\u2026]<\/p>","protected":false},"featured_media":3506,"comment_status":"open","ping_status":"closed","template":"","meta":{"site-sidebar-layout":"default","site-content-layout":"","ast-site-content-layout":"default","site-content-style":"default","site-sidebar-style":"default","ast-global-header-display":"","ast-banner-title-visibility":"","ast-main-header-display":"","ast-hfb-above-header-display":"","ast-hfb-below-header-display":"","ast-hfb-mobile-header-display":"","site-post-title":"","ast-breadcrumbs-content":"","ast-featured-img":"","footer-sml-layout":"","theme-transparent-header-meta":"default","adv-header-id-meta":"","stick-header-meta":"","header-above-stick-meta":"","header-main-stick-meta":"","header-below-stick-meta":"","astra-migrate-meta-layouts":"set","ast-page-background-enabled":"default","ast-page-background-meta":{"desktop":{"background-color":"var(--ast-global-color-4)","background-image":"","background-repeat":"repeat","background-position":"center center","background-size":"auto","background-attachment":"scroll","background-type":"","background-media":"","overlay-type":"","overlay-color":"","overlay-opacity":"","overlay-gradient":""},"tablet":{"background-color":"","background-image":"","background-repeat":"repeat","background-position":"center center","background-size":"auto","background-attachment":"scroll","background-type":"","background-media":"","overlay-type":"","overlay-color":"","overlay-opacity":"","overlay-gradient":""},"mobile":{"background-color":"","background-image":"","background-repeat":"repeat","background-position":"center center","background-size":"auto","background-attachment":"scroll","background-type":"","background-media":"","overlay-type":"","overlay-color":"","overlay-opacity":"","overlay-gradient":""}},"ast-content-background-meta":{"desktop":{"background-color":"var(--ast-global-color-5)","background-image":"","background-repeat":"repeat","background-position":"center center","background-size":"auto","background-attachment":"scroll","background-type":"","background-media":"","overlay-type":"","overlay-color":"","overlay-opacity":"","overlay-gradient":""},"tablet":{"background-color":"var(--ast-global-color-5)","background-image":"","background-repeat":"repeat","background-position":"center center","background-size":"auto","background-attachment":"scroll","background-type":"","background-media":"","overlay-type":"","overlay-color":"","overlay-opacity":"","overlay-gradient":""},"mobile":{"background-color":"var(--ast-global-color-5)","background-image":"","background-repeat":"repeat","background-position":"center center","background-size":"auto","background-attachment":"scroll","background-type":"","background-media":"","overlay-type":"","overlay-color":"","overlay-opacity":"","overlay-gradient":""}}},"product_brand":[],"product_cat":[75],"product_tag":[295,296,294,292,170,293,311],"class_list":{"0":"post-3504","1":"product","2":"type-product","3":"status-publish","4":"has-post-thumbnail","6":"product_cat-detske-dres-bayern-munich","7":"product_tag-bayern-munich-detsky-dres","8":"product_tag-bayern-munich-dres-s-menom-a-cislom","9":"product_tag-detsky-futbalovy-dres-2025-26","10":"product_tag-detsky-futbalovy-dres-bayern-munich","11":"product_tag-detsky-futbalovy-komplet","12":"product_tag-detsky-futbalovy-komplet-bayern-munich","13":"product_tag-kim-min-jae-dres","14":"desktop-align-left","15":"tablet-align-left","16":"mobile-align-left","18":"first","19":"instock","20":"shipping-taxable","21":"purchasable","22":"product-type-variable"},"_links":{"self":[{"href":"https:\/\/www.drespredeti.com\/nl\/wp-json\/wp\/v2\/product\/3504","targetHints":{"allow":["GET"]}}],"collection":[{"href":"https:\/\/www.drespredeti.com\/nl\/wp-json\/wp\/v2\/product"}],"about":[{"href":"https:\/\/www.drespredeti.com\/nl\/wp-json\/wp\/v2\/types\/product"}],"replies":[{"embeddable":true,"href":"https:\/\/www.drespredeti.com\/nl\/wp-json\/wp\/v2\/comments?post=3504"}],"wp:featuredmedia":[{"embeddable":true,"href":"https:\/\/www.drespredeti.com\/nl\/wp-json\/wp\/v2\/media\/3506"}],"wp:attachment":[{"href":"https:\/\/www.drespredeti.com\/nl\/wp-json\/wp\/v2\/media?parent=3504"}],"wp:term":[{"taxonomy":"product_brand","embeddable":true,"href":"https:\/\/www.drespredeti.com\/nl\/wp-json\/wp\/v2\/product_brand?post=3504"},{"taxonomy":"product_cat","embeddable":true,"href":"https:\/\/www.drespredeti.com\/nl\/wp-json\/wp\/v2\/product_cat?post=3504"},{"taxonomy":"product_tag","embeddable":true,"href":"https:\/\/www.drespredeti.com\/nl\/wp-json\/wp\/v2\/product_tag?post=3504"}],"curies":[{"name":"wp","href":"https:\/\/api.w.org\/{rel}","templated":true}]}}