{"id":3360,"date":"2026-01-21T10:13:08","date_gmt":"2026-01-21T09:13:08","guid":{"rendered":"https:\/\/www.futbalovedresysk.com\/?post_type=product&#038;p=3360"},"modified":"2026-01-21T10:13:09","modified_gmt":"2026-01-21T09:13:09","slug":"detske-futbalove-dresy-bayern-munich-joshua-kimmich-6-2025-26-domaci-komplety","status":"publish","type":"product","link":"https:\/\/www.drespredeti.com\/nl\/detske-futbalove-dresy-bayern-munich-joshua-kimmich-6-2025-26-domaci-komplety\/","title":{"rendered":"Detsk\u00e9 futbalov\u00e9 dresy Bayern M\u00fcnchen Joshua Kimmich #6 2025-26 Dom\u00e1ce Komplety"},"content":{"rendered":"<h3>Kinder voetbalshirts Bayern M\u00fcnchen 2025\/26 Thuis Compleet Joshua Kimmich #6<\/h3>\n<p>Detsk\u00e9 Futbalov\u00e9 dresy Bayern Munich Dayot Upamecano #2 2025-26 Dom\u00e1ci Komplety je ur\u010den\u00fd pre deti, Navrhnut\u00e9 \u0161peci\u00e1lne pre deti, ktor\u00e9 fandia Bayernu Mn\u00edchov.. Dom\u00e1ci dizajn sez\u00f3ny 2025\/26 nadv\u00e4zuje na tradi\u010dn\u00e9 klubov\u00e9 farby a modern\u00e9 prvky, v\u010faka \u010domu p\u00f4sob\u00ed autenticky a \u0161portovo. Tento Detsk\u00fd Futbalov\u00fd dres Bayern Munich je vhodn\u00fd na tr\u00e9ning, hru na ihrisku aj be\u017en\u00e9 nosenie.<\/p>\n<p><strong>Kinder voetbaltruien Bayern M\u00fcnchen zijn gemaakt van kwalitatief, lichte polyester, die:<\/strong><\/p>\n<ul>\n<li>effectief vochtafvoerend<\/li>\n<li>snellere droogt zelfs na intensieve beweging<\/li>\n<li>het voelt prettig aan en is geschikt voor gevoelige kinderhuid<\/li>\n<\/ul>\n<p>De set bevat een shirt en een korte broek die vrije beweging tijdens sporten mogelijk maken. Hechte naden en hoogwaardige print zorgen voor lange levensduur, zelfs bij vaak wassen.<\/p>\n<p><strong>Naam en nummer \u2013 personalisatie<\/strong><\/p>\n<p>Naast de versie Joshua Kimmich #6 is het mogelijk om het Kinder Voetbalshirt Bayern M\u00fcnchen naar wens aan te passen. Wij bieden de mogelijkheid tot eigen bedrukking van naam en nummer, waardoor het shirt een persoonlijk en uniek stuk wordt voor elk kind.<\/p>\n<p><strong>Waarom deze thuisoutfit kiezen?<\/strong><\/p>\n<ul>\n<li>Ademend en comfortabel materiaal<\/li>\n<li>Geschikt voor sport, training en vrije tijd<\/li>\n<li>Mogelijkheid tot eigen naam en nummer<\/li>\n<\/ul>\n<p><strong>Ideaal cadeau voor jonge fans<\/strong><\/p>\n<p>Als u op zoek bent naar een betrouwbare en stijlvolle Kinder Voetbalshirts Bayern M\u00fcnchen, thuis complete Joshua Kimmich #6 2025\/26 biedt de ideale combinatie van clubidentiteit, comfort en kwaliteit. Dit Kinder Voetbalshirt Bayern M\u00fcnchen ondersteunt het plezier van voetbal en laat kinderen zich voelen als onderdeel van het team.<\/p>","protected":false},"excerpt":{"rendered":"<p>Duitse voetbalshirts Bayern M\u00fcnchen 2025\/26 Thuis Complete Joshua Kimmich #6 Kinder Voetbalshirts Bayern M\u00fcnchen Joshua Kimmich #6 2025-26 Thuis Sets zijn bedoeld voor kinderen, Speciaal ontworpen voor kinderen die Bayern M\u00fcnchen steunen. Het thuiss ontwerp van het seizoen 2025\/26 sluit aan bij de traditionele clubkleuren en moderne elementen, waardoor het authentiek en sportief oogt. Deze Kinder Voetbalset [\u2026]<\/p>","protected":false},"featured_media":3362,"comment_status":"open","ping_status":"closed","template":"","meta":{"site-sidebar-layout":"default","site-content-layout":"","ast-site-content-layout":"default","site-content-style":"default","site-sidebar-style":"default","ast-global-header-display":"","ast-banner-title-visibility":"","ast-main-header-display":"","ast-hfb-above-header-display":"","ast-hfb-below-header-display":"","ast-hfb-mobile-header-display":"","site-post-title":"","ast-breadcrumbs-content":"","ast-featured-img":"","footer-sml-layout":"","theme-transparent-header-meta":"default","adv-header-id-meta":"","stick-header-meta":"","header-above-stick-meta":"","header-main-stick-meta":"","header-below-stick-meta":"","astra-migrate-meta-layouts":"set","ast-page-background-enabled":"default","ast-page-background-meta":{"desktop":{"background-color":"var(--ast-global-color-4)","background-image":"","background-repeat":"repeat","background-position":"center center","background-size":"auto","background-attachment":"scroll","background-type":"","background-media":"","overlay-type":"","overlay-color":"","overlay-opacity":"","overlay-gradient":""},"tablet":{"background-color":"","background-image":"","background-repeat":"repeat","background-position":"center center","background-size":"auto","background-attachment":"scroll","background-type":"","background-media":"","overlay-type":"","overlay-color":"","overlay-opacity":"","overlay-gradient":""},"mobile":{"background-color":"","background-image":"","background-repeat":"repeat","background-position":"center center","background-size":"auto","background-attachment":"scroll","background-type":"","background-media":"","overlay-type":"","overlay-color":"","overlay-opacity":"","overlay-gradient":""}},"ast-content-background-meta":{"desktop":{"background-color":"var(--ast-global-color-5)","background-image":"","background-repeat":"repeat","background-position":"center center","background-size":"auto","background-attachment":"scroll","background-type":"","background-media":"","overlay-type":"","overlay-color":"","overlay-opacity":"","overlay-gradient":""},"tablet":{"background-color":"var(--ast-global-color-5)","background-image":"","background-repeat":"repeat","background-position":"center center","background-size":"auto","background-attachment":"scroll","background-type":"","background-media":"","overlay-type":"","overlay-color":"","overlay-opacity":"","overlay-gradient":""},"mobile":{"background-color":"var(--ast-global-color-5)","background-image":"","background-repeat":"repeat","background-position":"center center","background-size":"auto","background-attachment":"scroll","background-type":"","background-media":"","overlay-type":"","overlay-color":"","overlay-opacity":"","overlay-gradient":""}}},"product_brand":[],"product_cat":[75],"product_tag":[295,296,294,292,170,293,302],"class_list":{"0":"post-3360","1":"product","2":"type-product","3":"status-publish","4":"has-post-thumbnail","6":"product_cat-detske-dres-bayern-munich","7":"product_tag-bayern-munich-detsky-dres","8":"product_tag-bayern-munich-dres-s-menom-a-cislom","9":"product_tag-detsky-futbalovy-dres-2025-26","10":"product_tag-detsky-futbalovy-dres-bayern-munich","11":"product_tag-detsky-futbalovy-komplet","12":"product_tag-detsky-futbalovy-komplet-bayern-munich","13":"product_tag-joshua-kimmich-dres","14":"desktop-align-left","15":"tablet-align-left","16":"mobile-align-left","18":"first","19":"instock","20":"shipping-taxable","21":"purchasable","22":"product-type-variable"},"_links":{"self":[{"href":"https:\/\/www.drespredeti.com\/nl\/wp-json\/wp\/v2\/product\/3360","targetHints":{"allow":["GET"]}}],"collection":[{"href":"https:\/\/www.drespredeti.com\/nl\/wp-json\/wp\/v2\/product"}],"about":[{"href":"https:\/\/www.drespredeti.com\/nl\/wp-json\/wp\/v2\/types\/product"}],"replies":[{"embeddable":true,"href":"https:\/\/www.drespredeti.com\/nl\/wp-json\/wp\/v2\/comments?post=3360"}],"wp:featuredmedia":[{"embeddable":true,"href":"https:\/\/www.drespredeti.com\/nl\/wp-json\/wp\/v2\/media\/3362"}],"wp:attachment":[{"href":"https:\/\/www.drespredeti.com\/nl\/wp-json\/wp\/v2\/media?parent=3360"}],"wp:term":[{"taxonomy":"product_brand","embeddable":true,"href":"https:\/\/www.drespredeti.com\/nl\/wp-json\/wp\/v2\/product_brand?post=3360"},{"taxonomy":"product_cat","embeddable":true,"href":"https:\/\/www.drespredeti.com\/nl\/wp-json\/wp\/v2\/product_cat?post=3360"},{"taxonomy":"product_tag","embeddable":true,"href":"https:\/\/www.drespredeti.com\/nl\/wp-json\/wp\/v2\/product_tag?post=3360"}],"curies":[{"name":"wp","href":"https:\/\/api.w.org\/{rel}","templated":true}]}}