{"id":310,"date":"2026-01-12T07:26:35","date_gmt":"2026-01-12T06:26:35","guid":{"rendered":"https:\/\/www.futbalovedresysk.com\/?post_type=product&#038;p=310"},"modified":"2026-01-12T07:58:50","modified_gmt":"2026-01-12T06:58:50","slug":"detsky-barcelona-paez-gavi-6-tretina-2025-26-futbalovy-komplet","status":"publish","type":"product","link":"https:\/\/www.drespredeti.com\/nl\/detsky-barcelona-paez-gavi-6-tretina-2025-26-futbalovy-komplet\/","title":{"rendered":"Kinder Barcelona Paez Gavi #6 Derde 2025-26 voetbalset"},"content":{"rendered":"<h3>Detsk\u00fd Barcelona Paez Gavi #6 Derde 2025-26 \u2013 \u0434\u0435\u0442\u0441\u043a\u0438\u0439 voetbalset met naam<\/h3>\n<p>Wij presenteren de \u0434\u0435\u0442\u0441\u043a\u0438\u0439 voetbalset Barcelona Paez Gavi #6 Derde 2025-26, ontworpen voor jonge fans die luisteren naar de nieuwe generatie voetbaltalenten. De set bevat een korte mouwen shirt en shorts in het derde ontwerp van de club voor het huidige seizoen.<\/p>\n<ul>\n<li>Derde clubontwerp 2025-26: Verschillend, modern uiterlijk voor fans die iets bijzonder willen.<\/li>\n<li>Draagcomfort: Materiaal is licht, ademend en geschikt voor actief bewegen en dagelijks gebruik.<\/li>\n<li>Verwerkingskwaliteit: Bestemd voor kinderen \u2013 stevige naden en kleuren die hun uiterlijk behouden na herhaaldelijk wassen.<\/li>\n<li><strong>Mogelijkheid tot aanpassing op verzoek<\/strong>: Uit te breiden met eigen naam en nummer, waardoor elke set een persoonlijk karakter krijgt.<\/li>\n<li>Spelersidentiteit: Nummer Paez Gavi #6 staat voor creativiteit, moed en modern aanvallend voetbal.<\/li>\n<\/ul>\n<p>Deze jeugd Barcelona derde voetbalset is de ideale keuze voor kinderen die hun stijl willen uiten, hun favoriete speler willen ondersteunen en zich tegelijkertijd comfortabel willen voelen bij elk spel.<\/p>","protected":false},"excerpt":{"rendered":"<p>Detsk\u00fd Barcelona Paez Gavi #6 Tretina 2025-26 \u2013 detsk\u00fd futbalov\u00fd komplet s menom Predstavujeme detsk\u00fd futbalov\u00fd komplet Barcelona Paez Gavi #6 Tretina 2025-26, navrhnut\u00fd pre mlad\u00fdch fan\u00fa\u0161ikov, ktor\u00ed sleduj\u00fa nov\u00fa gener\u00e1ciu futbalov\u00fdch talentov. S\u00faprava obsahuje dres s kr\u00e1tkym ruk\u00e1vom a \u0161ortky v tre\u0165om dizajne klubu pre aktu\u00e1lnu sez\u00f3nu. Tret\u00ed klubov\u00fd dizajn 2025-26: Odli\u0161n\u00fd, modern\u00fd vzh\u013ead [\u2026]<\/p>","protected":false},"featured_media":312,"comment_status":"open","ping_status":"closed","template":"","meta":{"site-sidebar-layout":"default","site-content-layout":"","ast-site-content-layout":"default","site-content-style":"default","site-sidebar-style":"default","ast-global-header-display":"","ast-banner-title-visibility":"","ast-main-header-display":"","ast-hfb-above-header-display":"","ast-hfb-below-header-display":"","ast-hfb-mobile-header-display":"","site-post-title":"","ast-breadcrumbs-content":"","ast-featured-img":"","footer-sml-layout":"","theme-transparent-header-meta":"default","adv-header-id-meta":"","stick-header-meta":"","header-above-stick-meta":"","header-main-stick-meta":"","header-below-stick-meta":"","astra-migrate-meta-layouts":"set","ast-page-background-enabled":"default","ast-page-background-meta":{"desktop":{"background-color":"var(--ast-global-color-4)","background-image":"","background-repeat":"repeat","background-position":"center center","background-size":"auto","background-attachment":"scroll","background-type":"","background-media":"","overlay-type":"","overlay-color":"","overlay-opacity":"","overlay-gradient":""},"tablet":{"background-color":"","background-image":"","background-repeat":"repeat","background-position":"center center","background-size":"auto","background-attachment":"scroll","background-type":"","background-media":"","overlay-type":"","overlay-color":"","overlay-opacity":"","overlay-gradient":""},"mobile":{"background-color":"","background-image":"","background-repeat":"repeat","background-position":"center center","background-size":"auto","background-attachment":"scroll","background-type":"","background-media":"","overlay-type":"","overlay-color":"","overlay-opacity":"","overlay-gradient":""}},"ast-content-background-meta":{"desktop":{"background-color":"var(--ast-global-color-5)","background-image":"","background-repeat":"repeat","background-position":"center center","background-size":"auto","background-attachment":"scroll","background-type":"","background-media":"","overlay-type":"","overlay-color":"","overlay-opacity":"","overlay-gradient":""},"tablet":{"background-color":"var(--ast-global-color-5)","background-image":"","background-repeat":"repeat","background-position":"center center","background-size":"auto","background-attachment":"scroll","background-type":"","background-media":"","overlay-type":"","overlay-color":"","overlay-opacity":"","overlay-gradient":""},"mobile":{"background-color":"var(--ast-global-color-5)","background-image":"","background-repeat":"repeat","background-position":"center center","background-size":"auto","background-attachment":"scroll","background-type":"","background-media":"","overlay-type":"","overlay-color":"","overlay-opacity":"","overlay-gradient":""}}},"product_brand":[],"product_cat":[70],"product_tag":[141,137,133,139,140,155,138],"class_list":{"0":"post-310","1":"product","2":"type-product","3":"status-publish","4":"has-post-thumbnail","6":"product_cat-detske-dres-barcelona","7":"product_tag-barcelona-dres-2025-26","8":"product_tag-detsky-barcelona","9":"product_tag-detsky-futbalovy-dres","10":"product_tag-dres-s-vlastnym-menom","11":"product_tag-futbalovy-dres-pre-deti","12":"product_tag-paez-gavi-dres","13":"product_tag-personalizovany-dres","14":"desktop-align-left","15":"tablet-align-left","16":"mobile-align-left","18":"first","19":"instock","20":"shipping-taxable","21":"purchasable","22":"product-type-variable"},"_links":{"self":[{"href":"https:\/\/www.drespredeti.com\/nl\/wp-json\/wp\/v2\/product\/310","targetHints":{"allow":["GET"]}}],"collection":[{"href":"https:\/\/www.drespredeti.com\/nl\/wp-json\/wp\/v2\/product"}],"about":[{"href":"https:\/\/www.drespredeti.com\/nl\/wp-json\/wp\/v2\/types\/product"}],"replies":[{"embeddable":true,"href":"https:\/\/www.drespredeti.com\/nl\/wp-json\/wp\/v2\/comments?post=310"}],"wp:featuredmedia":[{"embeddable":true,"href":"https:\/\/www.drespredeti.com\/nl\/wp-json\/wp\/v2\/media\/312"}],"wp:attachment":[{"href":"https:\/\/www.drespredeti.com\/nl\/wp-json\/wp\/v2\/media?parent=310"}],"wp:term":[{"taxonomy":"product_brand","embeddable":true,"href":"https:\/\/www.drespredeti.com\/nl\/wp-json\/wp\/v2\/product_brand?post=310"},{"taxonomy":"product_cat","embeddable":true,"href":"https:\/\/www.drespredeti.com\/nl\/wp-json\/wp\/v2\/product_cat?post=310"},{"taxonomy":"product_tag","embeddable":true,"href":"https:\/\/www.drespredeti.com\/nl\/wp-json\/wp\/v2\/product_tag?post=310"}],"curies":[{"name":"wp","href":"https:\/\/api.w.org\/{rel}","templated":true}]}}