{"id":306,"date":"2026-01-12T07:26:23","date_gmt":"2026-01-12T06:26:23","guid":{"rendered":"https:\/\/www.futbalovedresysk.com\/?post_type=product&#038;p=306"},"modified":"2026-01-12T07:59:21","modified_gmt":"2026-01-12T06:59:21","slug":"detsky-barcelona-paez-gavi-6-vonkajsi-2025-26-futbalovy-dres","status":"publish","type":"product","link":"https:\/\/www.drespredeti.com\/nl\/detsky-barcelona-paez-gavi-6-vonkajsi-2025-26-futbalovy-dres\/","title":{"rendered":"Kinder Barcelona Paez Gavi #6 Uit 2025-26 Voetbalshirt"},"content":{"rendered":"<h3>Kinder Barcelona Paez Gavi #6 Buiten 2025-26 \u2013 voetbalshirt met personalisatie<\/h3>\n<p>Dit kindersportshirt Barcelona Paez Gavi #6 Buiten 2025-26 is bedoeld voor jonge fans die hun club ook buiten het thuisveld willen ondersteunen. Het buitenontwerp van het seizoen 2025-26 brengt een frisse look en modern vakmanschap, geschikt voor sport en dagelijks dragen.<\/p>\n<ul>\n<li><strong>Buitenontwerp van Barcelona 2025-26<\/strong>: Unieke kleursamenstelling onderscheidt het shirt van de thuisversies.<\/li>\n<li><strong>Praktisch en comfortabel<\/strong>: Het shirt is gemaakt van licht materiaal dat aangenaam draagt en vrije beweging mogelijk maakt.<\/li>\n<li><strong>Klaar voor dagelijks gebruik<\/strong>: Hoogwaardige afwerking zorgt voor lange levensduur, ook bij vaak wassen.<\/li>\n<li><strong>Aangepast naar wens<\/strong>: Mogelijkheid om een eigen naam en nummer toe te voegen, zodat het shirt een persoonlijk tintje krijgt.<\/li>\n<li><strong>Jonge voetbalster\/voetballer<\/strong>: Het nummer Paez Gavi #6 staat symbool voor creativiteit, snelheid en moed op het veld.<\/li>\n<\/ul>\n<p>Kinder Barcelona buitenshirt Paez Gavi #6 2025-26 is een geweldige keuze voor kinderen die clubtrots, moderne stijl en persoonlijke aanpassingen in \u00e9\u00e9n stuk willen combineren.<\/p>","protected":false},"excerpt":{"rendered":"<p>Detsk\u00fd Barcelona Paez Gavi #6 Vonkaj\u0161\u00ed 2025-26 \u2013 futbalov\u00fd dres s personaliz\u00e1ciou Tento detsk\u00fd futbalov\u00fd dres Barcelona Paez Gavi #6 Vonkaj\u0161\u00ed 2025-26 je ur\u010den\u00fd pre mlad\u00fdch fan\u00fa\u0161ikov, ktor\u00ed chc\u00fa podpori\u0165 svoj klub aj mimo dom\u00e1ceho ihriska. Vonkaj\u0161\u00ed dizajn sez\u00f3ny 2025-26 prin\u00e1\u0161a svie\u017ei vzh\u013ead a modern\u00e9 spracovanie vhodn\u00e9 na \u0161port aj be\u017en\u00e9 nosenie. Vonkaj\u0161\u00ed dizajn Barcelony [\u2026]<\/p>","protected":false},"featured_media":308,"comment_status":"open","ping_status":"closed","template":"","meta":{"site-sidebar-layout":"default","site-content-layout":"","ast-site-content-layout":"default","site-content-style":"default","site-sidebar-style":"default","ast-global-header-display":"","ast-banner-title-visibility":"","ast-main-header-display":"","ast-hfb-above-header-display":"","ast-hfb-below-header-display":"","ast-hfb-mobile-header-display":"","site-post-title":"","ast-breadcrumbs-content":"","ast-featured-img":"","footer-sml-layout":"","theme-transparent-header-meta":"default","adv-header-id-meta":"","stick-header-meta":"","header-above-stick-meta":"","header-main-stick-meta":"","header-below-stick-meta":"","astra-migrate-meta-layouts":"set","ast-page-background-enabled":"default","ast-page-background-meta":{"desktop":{"background-color":"var(--ast-global-color-4)","background-image":"","background-repeat":"repeat","background-position":"center center","background-size":"auto","background-attachment":"scroll","background-type":"","background-media":"","overlay-type":"","overlay-color":"","overlay-opacity":"","overlay-gradient":""},"tablet":{"background-color":"","background-image":"","background-repeat":"repeat","background-position":"center center","background-size":"auto","background-attachment":"scroll","background-type":"","background-media":"","overlay-type":"","overlay-color":"","overlay-opacity":"","overlay-gradient":""},"mobile":{"background-color":"","background-image":"","background-repeat":"repeat","background-position":"center center","background-size":"auto","background-attachment":"scroll","background-type":"","background-media":"","overlay-type":"","overlay-color":"","overlay-opacity":"","overlay-gradient":""}},"ast-content-background-meta":{"desktop":{"background-color":"var(--ast-global-color-5)","background-image":"","background-repeat":"repeat","background-position":"center center","background-size":"auto","background-attachment":"scroll","background-type":"","background-media":"","overlay-type":"","overlay-color":"","overlay-opacity":"","overlay-gradient":""},"tablet":{"background-color":"var(--ast-global-color-5)","background-image":"","background-repeat":"repeat","background-position":"center center","background-size":"auto","background-attachment":"scroll","background-type":"","background-media":"","overlay-type":"","overlay-color":"","overlay-opacity":"","overlay-gradient":""},"mobile":{"background-color":"var(--ast-global-color-5)","background-image":"","background-repeat":"repeat","background-position":"center center","background-size":"auto","background-attachment":"scroll","background-type":"","background-media":"","overlay-type":"","overlay-color":"","overlay-opacity":"","overlay-gradient":""}}},"product_brand":[],"product_cat":[70],"product_tag":[141,137,133,139,140,155,138],"class_list":{"0":"post-306","1":"product","2":"type-product","3":"status-publish","4":"has-post-thumbnail","6":"product_cat-detske-dres-barcelona","7":"product_tag-barcelona-dres-2025-26","8":"product_tag-detsky-barcelona","9":"product_tag-detsky-futbalovy-dres","10":"product_tag-dres-s-vlastnym-menom","11":"product_tag-futbalovy-dres-pre-deti","12":"product_tag-paez-gavi-dres","13":"product_tag-personalizovany-dres","14":"desktop-align-left","15":"tablet-align-left","16":"mobile-align-left","18":"first","19":"instock","20":"shipping-taxable","21":"purchasable","22":"product-type-variable"},"_links":{"self":[{"href":"https:\/\/www.drespredeti.com\/nl\/wp-json\/wp\/v2\/product\/306","targetHints":{"allow":["GET"]}}],"collection":[{"href":"https:\/\/www.drespredeti.com\/nl\/wp-json\/wp\/v2\/product"}],"about":[{"href":"https:\/\/www.drespredeti.com\/nl\/wp-json\/wp\/v2\/types\/product"}],"replies":[{"embeddable":true,"href":"https:\/\/www.drespredeti.com\/nl\/wp-json\/wp\/v2\/comments?post=306"}],"wp:featuredmedia":[{"embeddable":true,"href":"https:\/\/www.drespredeti.com\/nl\/wp-json\/wp\/v2\/media\/308"}],"wp:attachment":[{"href":"https:\/\/www.drespredeti.com\/nl\/wp-json\/wp\/v2\/media?parent=306"}],"wp:term":[{"taxonomy":"product_brand","embeddable":true,"href":"https:\/\/www.drespredeti.com\/nl\/wp-json\/wp\/v2\/product_brand?post=306"},{"taxonomy":"product_cat","embeddable":true,"href":"https:\/\/www.drespredeti.com\/nl\/wp-json\/wp\/v2\/product_cat?post=306"},{"taxonomy":"product_tag","embeddable":true,"href":"https:\/\/www.drespredeti.com\/nl\/wp-json\/wp\/v2\/product_tag?post=306"}],"curies":[{"name":"wp","href":"https:\/\/api.w.org\/{rel}","templated":true}]}}