{"id":3027,"date":"2026-01-24T14:19:27","date_gmt":"2026-01-24T13:19:27","guid":{"rendered":"https:\/\/www.futbalovedresysk.com\/?post_type=product&#038;p=3027"},"modified":"2026-01-24T14:19:28","modified_gmt":"2026-01-24T13:19:28","slug":"futbalove-dresy-pre-deti-atletico-madrid-2025-26-prec-komplety","status":"publish","type":"product","link":"https:\/\/www.drespredeti.com\/nl\/futbalove-dresy-pre-deti-atletico-madrid-2025-26-prec-komplety\/","title":{"rendered":"Voetbalshirts voor kinderen Atletico Madrid 2025-26 Uitset Sets"},"content":{"rendered":"<h3>Voetbalshirts voor kinderen Atletico Madrid Uit Voorraad 2025-26 compleet<\/h3>\n<p>Voor jonge fans die Atletico Madrid ook op de tegenstander velden aanmoedigen, is er Kinder voetbalshirts Atletico Madrid Uit Voor voor seizoen 2025\/26. Dit kindervoetbaloutfit is gebaseerd op het moderne buitenontwerp van de club en combineert stijl, functionaliteit en comfort die zijn aangepast aan kinderen.<\/p>\n<p><strong>Kinder voetbalshirt geschikt voor spelen en aanmoedigen<\/strong><\/p>\n<p>Voetbalshirts voor kinderen Atletico Madrid Uit Voor wordt geleverd als een complete set die bevat:<\/p>\n<ul>\n<li>kinder voetbalshirt met korte mouwen<\/li>\n<li>lichtgewicht en rekbare korte<\/li>\n<li>sportieve pasvorm ontworpen voor kindergebeweging<\/li>\n<\/ul>\n<p>De set is geschikt voor trainingen, schoolwedstrijden en dagelijks dragen voor kleine voetbalfanaten.<\/p>\n<p><strong>Comfortabel materiaal en kwaliteitsafwerking<\/strong><\/p>\n<p>Bij de productie van voetbaljassen voor kinderen Atletico Madrid Pre\u010d ligt de nadruk op kindergek comfort:<\/p>\n<ul>\n<li>ademende en lichte stof<\/li>\n<li>sneldrogend materiaal geschikt voor sport<\/li>\n<li>duurzame naam- en nummerdruk<\/li>\n<li>aangename huidgevoel<\/li>\n<\/ul>\n<p>Daardoor blijft het shirt ook bij intensieve beweging comfortabel.<\/p>\n<p><strong>Mogelijkheid tot eigen naam en nummer<\/strong><\/p>\n<p>Het Kindervoetbalshirt Atletico Madrid Pre\u010d kan besteld worden met:<\/p>\n<ul>\n<li>de naam van het kind<\/li>\n<li>het eigen nummer naar keuze<\/li>\n<\/ul>\n<p>Gepersonaliseerd shirt helpt kinderen zich echte voetballers te voelen en is een uitstekende keuze om te geven.<\/p>\n<p><strong>Geweldig cadeau voor kinderen \u2013 fans van Atl\u00e9tico Madrid<\/strong><\/p>\n<p>Of het nu gaat om een verjaardag, feestdagen of voetbalbeloning, Het Kindervoetbalshirt Atletico Madrid Pre\u010d is praktisch en tegelijk stijlvol als cadeau. Het combineert clubkleuren, modern ontwerp en de mogelijkheid tot maatwerk.<\/p>\n<p><strong>Beschikbare maten voor kinderen<\/strong><\/p>\n<ul>\n<li style=\"list-style-type: none;\">\n<ul>\n<li style=\"list-style-type: none;\">\n<ul>\n<li>meerdere kindermaten<\/li>\n<li>geschikt voor jongens en meisjes<\/li>\n<\/ul>\n<\/li>\n<\/ul>\n<ul>\n<li>eenvoudige afstemming op leeftijd en lengte<\/li>\n<\/ul>\n<\/li>\n<\/ul>","protected":false},"excerpt":{"rendered":"<p>Futbalov\u00e9 dresy pre deti Atletico Madrid Pre\u010d 2025-26 komplet Pre mlad\u00fdch fan\u00fa\u0161ikov, ktor\u00ed fandia Atl\u00e9ticu Madrid aj na ihrisk\u00e1ch s\u00faperov, je tu Futbalov\u00e9 dresy pre deti Atletico Madrid Pre\u010d pre sez\u00f3nu 2025\/26. Tento detsk\u00fd futbalov\u00fd komplet vych\u00e1dza z modern\u00e9ho vonkaj\u0161ieho dizajnu klubu a sp\u00e1ja \u0161t\u00fdl, funk\u010dnos\u0165 a pohodlie prisp\u00f4soben\u00e9 de\u0165om. Detsk\u00fd futbalov\u00fd komplet vhodn\u00fd na [&hellip;]<\/p>","protected":false},"featured_media":3029,"comment_status":"open","ping_status":"closed","template":"","meta":{"site-sidebar-layout":"default","site-content-layout":"","ast-site-content-layout":"default","site-content-style":"default","site-sidebar-style":"default","ast-global-header-display":"","ast-banner-title-visibility":"","ast-main-header-display":"","ast-hfb-above-header-display":"","ast-hfb-below-header-display":"","ast-hfb-mobile-header-display":"","site-post-title":"","ast-breadcrumbs-content":"","ast-featured-img":"","footer-sml-layout":"","theme-transparent-header-meta":"default","adv-header-id-meta":"","stick-header-meta":"","header-above-stick-meta":"","header-main-stick-meta":"","header-below-stick-meta":"","astra-migrate-meta-layouts":"set","ast-page-background-enabled":"default","ast-page-background-meta":{"desktop":{"background-color":"var(--ast-global-color-4)","background-image":"","background-repeat":"repeat","background-position":"center center","background-size":"auto","background-attachment":"scroll","background-type":"","background-media":"","overlay-type":"","overlay-color":"","overlay-opacity":"","overlay-gradient":""},"tablet":{"background-color":"","background-image":"","background-repeat":"repeat","background-position":"center center","background-size":"auto","background-attachment":"scroll","background-type":"","background-media":"","overlay-type":"","overlay-color":"","overlay-opacity":"","overlay-gradient":""},"mobile":{"background-color":"","background-image":"","background-repeat":"repeat","background-position":"center center","background-size":"auto","background-attachment":"scroll","background-type":"","background-media":"","overlay-type":"","overlay-color":"","overlay-opacity":"","overlay-gradient":""}},"ast-content-background-meta":{"desktop":{"background-color":"var(--ast-global-color-5)","background-image":"","background-repeat":"repeat","background-position":"center center","background-size":"auto","background-attachment":"scroll","background-type":"","background-media":"","overlay-type":"","overlay-color":"","overlay-opacity":"","overlay-gradient":""},"tablet":{"background-color":"var(--ast-global-color-5)","background-image":"","background-repeat":"repeat","background-position":"center center","background-size":"auto","background-attachment":"scroll","background-type":"","background-media":"","overlay-type":"","overlay-color":"","overlay-opacity":"","overlay-gradient":""},"mobile":{"background-color":"var(--ast-global-color-5)","background-image":"","background-repeat":"repeat","background-position":"center center","background-size":"auto","background-attachment":"scroll","background-type":"","background-media":"","overlay-type":"","overlay-color":"","overlay-opacity":"","overlay-gradient":""}}},"product_brand":[],"product_cat":[76],"product_tag":[294,356,358,355,357],"class_list":{"0":"post-3027","1":"product","2":"type-product","3":"status-publish","4":"has-post-thumbnail","6":"product_cat-detske-dres-atletico-madrid","7":"product_tag-detsky-futbalovy-dres-2025-26","8":"product_tag-detsky-futbalovy-komplet-atletico-madrid","9":"product_tag-detsky-futbalovy-set-atletico-madrid","10":"product_tag-futbalovy-dres-detsky-atletico-madrid","11":"product_tag-futbalovy-dres-pre-deti-s-vlastnym-menom","12":"desktop-align-left","13":"tablet-align-left","14":"mobile-align-left","16":"first","17":"instock","18":"shipping-taxable","19":"purchasable","20":"product-type-variable"},"_links":{"self":[{"href":"https:\/\/www.drespredeti.com\/nl\/wp-json\/wp\/v2\/product\/3027","targetHints":{"allow":["GET"]}}],"collection":[{"href":"https:\/\/www.drespredeti.com\/nl\/wp-json\/wp\/v2\/product"}],"about":[{"href":"https:\/\/www.drespredeti.com\/nl\/wp-json\/wp\/v2\/types\/product"}],"replies":[{"embeddable":true,"href":"https:\/\/www.drespredeti.com\/nl\/wp-json\/wp\/v2\/comments?post=3027"}],"wp:featuredmedia":[{"embeddable":true,"href":"https:\/\/www.drespredeti.com\/nl\/wp-json\/wp\/v2\/media\/3029"}],"wp:attachment":[{"href":"https:\/\/www.drespredeti.com\/nl\/wp-json\/wp\/v2\/media?parent=3027"}],"wp:term":[{"taxonomy":"product_brand","embeddable":true,"href":"https:\/\/www.drespredeti.com\/nl\/wp-json\/wp\/v2\/product_brand?post=3027"},{"taxonomy":"product_cat","embeddable":true,"href":"https:\/\/www.drespredeti.com\/nl\/wp-json\/wp\/v2\/product_cat?post=3027"},{"taxonomy":"product_tag","embeddable":true,"href":"https:\/\/www.drespredeti.com\/nl\/wp-json\/wp\/v2\/product_tag?post=3027"}],"curies":[{"name":"wp","href":"https:\/\/api.w.org\/{rel}","templated":true}]}}