{"id":3019,"date":"2026-01-13T02:53:09","date_gmt":"2026-01-13T01:53:09","guid":{"rendered":"https:\/\/www.futbalovedresysk.com\/?post_type=product&#038;p=3019"},"modified":"2026-01-13T02:53:10","modified_gmt":"2026-01-13T01:53:10","slug":"detske-futbalove-dresy-liverpool-federico-chiesa-14-2025-26-tretina-komplety","status":"publish","type":"product","link":"https:\/\/www.drespredeti.com\/nl\/detske-futbalove-dresy-liverpool-federico-chiesa-14-2025-26-tretina-komplety\/","title":{"rendered":"Liverpool jeugdvoetbalshirts Federico Chiesa #14 2025-26 Reserve Kleedkamers"},"content":{"rendered":"<h3>Detsk\u00e9 futbalov\u00e9 dresy Liverpool Federico Chiesa #14 2025\/26 \u2013 tret\u00ed komplet<\/h3>\n<p>Deze Detsk\u00e9 voetbalshirts Liverpool in derde versie voor seizoen 2025\/26 brengen een moderne clublook in kinderversie. Ge\u00efnspireerd op het offici\u00eble derdeshirt van Liverpool FC, bedoeld voor jonge fans die de dynamische speelstijl van Federico Chiesa (#14) bewonderen.<\/p>\n<p>De jeugdvoetbalset is ontworpen met nadruk op functionaliteit en comfort. Licht sportmateriaal zorgt voor een goede luchtdoorlatendheid en comfortabel dragen tijdens het spelen en in vrije tijd. De set bevat een shirt en bijpassende korte broek, waardoor hij ideaal is voor training, wedstrijden of recreatieve sport.<\/p>\n<p><strong>Productkenmerken<\/strong><\/p>\n<ul>\n<li>Liverpool jeugd voetbalshirts \u2013 derde set 2025\/26<\/li>\n<li>Replica met de naam Federico Chiesa en nummer 14<\/li>\n<li>Volledig jeugdvoetbalset (shirt + korte broek)<\/li>\n<li>Priedu\u0161n\u00fd a r\u00fdchloschn\u00faci materi\u00e1l<\/li>\n<li>Geschikt voor sport en dagelijks dragen<\/li>\n<li>Geweldige keuze voor jonge Liverpool FC-fans<\/li>\n<li><strong>Mogelijkheid tot eigen naam en nummer<\/strong><\/li>\n<\/ul>","protected":false},"excerpt":{"rendered":"<p>Detsk\u00e9 futbalov\u00e9 dresy Liverpool Federico Chiesa #14 2025\/26 \u2013 tret\u00ed komplet Tieto Detsk\u00e9 futbalov\u00e9 dresy Liverpool v tretej verzii pre sez\u00f3nu 2025\/26 prin\u00e1\u0161aj\u00fa modern\u00fd klubov\u00fd vzh\u013ead v detskom vyhotoven\u00ed. In\u0161pirovan\u00e9 ofici\u00e1lnym tret\u00edm dresom Liverpool FC, s\u00fa ur\u010den\u00e9 pre mlad\u00fdch fan\u00fa\u0161ikov, ktor\u00ed obdivuj\u00fa dynamick\u00fd \u0161t\u00fdl hry Federica Chiesu (#14). Detsk\u00fd futbalov\u00fd komplet je navrhnut\u00fd s d\u00f4razom [\u2026]<\/p>","protected":false},"featured_media":3021,"comment_status":"open","ping_status":"closed","template":"","meta":{"site-sidebar-layout":"default","site-content-layout":"","ast-site-content-layout":"default","site-content-style":"default","site-sidebar-style":"default","ast-global-header-display":"","ast-banner-title-visibility":"","ast-main-header-display":"","ast-hfb-above-header-display":"","ast-hfb-below-header-display":"","ast-hfb-mobile-header-display":"","site-post-title":"","ast-breadcrumbs-content":"","ast-featured-img":"","footer-sml-layout":"","theme-transparent-header-meta":"default","adv-header-id-meta":"","stick-header-meta":"","header-above-stick-meta":"","header-main-stick-meta":"","header-below-stick-meta":"","astra-migrate-meta-layouts":"set","ast-page-background-enabled":"default","ast-page-background-meta":{"desktop":{"background-color":"var(--ast-global-color-4)","background-image":"","background-repeat":"repeat","background-position":"center center","background-size":"auto","background-attachment":"scroll","background-type":"","background-media":"","overlay-type":"","overlay-color":"","overlay-opacity":"","overlay-gradient":""},"tablet":{"background-color":"","background-image":"","background-repeat":"repeat","background-position":"center center","background-size":"auto","background-attachment":"scroll","background-type":"","background-media":"","overlay-type":"","overlay-color":"","overlay-opacity":"","overlay-gradient":""},"mobile":{"background-color":"","background-image":"","background-repeat":"repeat","background-position":"center center","background-size":"auto","background-attachment":"scroll","background-type":"","background-media":"","overlay-type":"","overlay-color":"","overlay-opacity":"","overlay-gradient":""}},"ast-content-background-meta":{"desktop":{"background-color":"var(--ast-global-color-5)","background-image":"","background-repeat":"repeat","background-position":"center center","background-size":"auto","background-attachment":"scroll","background-type":"","background-media":"","overlay-type":"","overlay-color":"","overlay-opacity":"","overlay-gradient":""},"tablet":{"background-color":"var(--ast-global-color-5)","background-image":"","background-repeat":"repeat","background-position":"center center","background-size":"auto","background-attachment":"scroll","background-type":"","background-media":"","overlay-type":"","overlay-color":"","overlay-opacity":"","overlay-gradient":""},"mobile":{"background-color":"var(--ast-global-color-5)","background-image":"","background-repeat":"repeat","background-position":"center center","background-size":"auto","background-attachment":"scroll","background-type":"","background-media":"","overlay-type":"","overlay-color":"","overlay-opacity":"","overlay-gradient":""}}},"product_brand":[],"product_cat":[74],"product_tag":[130,168,170,177,169,138],"class_list":{"0":"post-3019","1":"product","2":"type-product","3":"status-publish","4":"has-post-thumbnail","6":"product_cat-detske-dres-liverpool","7":"product_tag-detske-futbalove-dresy","8":"product_tag-detske-futbalove-dresy-liverpool","9":"product_tag-detsky-futbalovy-komplet","10":"product_tag-federico-chiesa-dres","11":"product_tag-liverpool-dres-pre-deti","12":"product_tag-personalizovany-dres","13":"desktop-align-left","14":"tablet-align-left","15":"mobile-align-left","17":"first","18":"instock","19":"shipping-taxable","20":"purchasable","21":"product-type-variable"},"_links":{"self":[{"href":"https:\/\/www.drespredeti.com\/nl\/wp-json\/wp\/v2\/product\/3019","targetHints":{"allow":["GET"]}}],"collection":[{"href":"https:\/\/www.drespredeti.com\/nl\/wp-json\/wp\/v2\/product"}],"about":[{"href":"https:\/\/www.drespredeti.com\/nl\/wp-json\/wp\/v2\/types\/product"}],"replies":[{"embeddable":true,"href":"https:\/\/www.drespredeti.com\/nl\/wp-json\/wp\/v2\/comments?post=3019"}],"wp:featuredmedia":[{"embeddable":true,"href":"https:\/\/www.drespredeti.com\/nl\/wp-json\/wp\/v2\/media\/3021"}],"wp:attachment":[{"href":"https:\/\/www.drespredeti.com\/nl\/wp-json\/wp\/v2\/media?parent=3019"}],"wp:term":[{"taxonomy":"product_brand","embeddable":true,"href":"https:\/\/www.drespredeti.com\/nl\/wp-json\/wp\/v2\/product_brand?post=3019"},{"taxonomy":"product_cat","embeddable":true,"href":"https:\/\/www.drespredeti.com\/nl\/wp-json\/wp\/v2\/product_cat?post=3019"},{"taxonomy":"product_tag","embeddable":true,"href":"https:\/\/www.drespredeti.com\/nl\/wp-json\/wp\/v2\/product_tag?post=3019"}],"curies":[{"name":"wp","href":"https:\/\/api.w.org\/{rel}","templated":true}]}}